{"id":9879,"date":"2021-10-31T10:35:58","date_gmt":"2021-10-31T09:35:58","guid":{"rendered":"https:\/\/tena.yoga\/online-yoga\/"},"modified":"2026-03-25T22:11:28","modified_gmt":"2026-03-25T21:11:28","slug":"online-yoga","status":"publish","type":"page","link":"https:\/\/tena.yoga\/sr\/online-yoga\/","title":{"rendered":"\u0408\u043e\u0433\u0430 \u043e\u043d\u043b\u0430\u0458\u043d"},"content":{"rendered":"\n<div style=\"height:20px\" aria-hidden=\"true\" class=\"wp-block-spacer\"><\/div>\n\n\n\n<p class=\"has-text-align-center\"><strong>\u0410\u043a\u043e \u043d\u0435\u043c\u0430\u0442\u0435 \u0432\u0440\u0435\u043c\u0435\u043d\u0430 \u0434\u0430 \u0438\u0434\u0435\u0442\u0435 \u043d\u0430 \u0458\u043e\u0433\u0443, \u043f\u0440\u0438\u0458\u0430\u0432\u0438\u0442\u0435 \u0441\u0435 \u043e\u043d\u043b\u0430\u0458\u043d \u0438 \u0458\u043e\u0433\u0430 \u0434\u043e\u043b\u0430\u0437\u0438 \u0434\u043e \u0432\u0430\u0441 &#8211; \u0443\u0436\u0438\u0432\u043e \u0438\u043b\u0438 \u043f\u043e \u043f\u043e\u0442\u0440\u0435\u0431\u0438!<\/strong><\/p>\n\n\n\n<div style=\"height:60px\" aria-hidden=\"true\" class=\"wp-block-spacer\"><\/div>\n\n\n\n<div class=\"wp-block-columns is-layout-flex wp-container-core-columns-is-layout-28f84493 wp-block-columns-is-layout-flex\">\n<div class=\"wp-block-column is-layout-flow wp-block-column-is-layout-flow\">\n<blockquote class=\"wp-block-quote is-layout-flow wp-block-quote-is-layout-flow\">\n<p class=\"wp-block-heading text-uppercase\">\u0408\u0430 \u0441\u0430\u043c \u043d\u0430 \u043e\u0441\u0442\u0440\u0432\u0443 <a href=\"https:\/\/tena.yoga\/sr\/programi\/bisevo-yoga-healing-space\/\" data-type=\"programi\" data-id=\"13606\">\u0411\u0438\u0448\u0435\u0432\u043e<\/a>, \u0430 \u0442\u0438?<\/p>\n<\/blockquote>\n\n\n\n<p>\u0414\u0440\u0443\u0436\u0438\u043c\u043e \u0441\u0435 \u0437\u0430\u0458\u0435\u0434\u043d\u043e \u0443 \u0432\u0438\u0440\u0442\u0443\u0435\u043b\u043d\u043e\u043c \u0441\u0432\u0435\u0442\u0443 \u043a\u043e\u0458\u0438 \u043d\u0430\u0441 \u043f\u043e\u0432\u0435\u0437\u0443\u0458\u0435 \u0433\u0434\u0435 \u0433\u043e\u0434 \u0434\u0430 \u0441\u0435 \u043d\u0430\u043b\u0430\u0437\u0438\u043c\u043e. \u0421\u0440\u0435\u045b\u043d\u0430 \u0441\u0430\u043c \u0448\u0442\u043e \u0458\u0435 \u043c\u043e\u0433\u0443\u045b\u0435 \u0436\u0438\u0432\u0435\u0442\u0438 \u0442\u0430\u043a\u043e \u0434\u0430\u043b\u0435\u043a\u043e \u0438 \u201e\u0440\u0430\u0434\u0438\u0442\u0438 \u0458\u043e\u0433\u0443\u201c \u0441\u0430 \u0441\u0432\u0438\u043c\u0430 \u0432\u0430\u043c\u0430, \u0438\u0437 \u0441\u0432\u0438\u0445 \u043a\u0440\u0430\u0458\u0435\u0432\u0430. \u041e\u043d\u043b\u0430\u0458\u043d \u0458\u043e\u0433\u0430 \u0458\u0435 \u0431\u0430\u0448 \u043a\u0430\u043e \u0443 \u0441\u0442\u0443\u0434\u0438\u0458\u0443: \u0437\u0430\u0458\u0435\u0434\u043d\u043e \u043f\u0440\u043e\u043b\u0430\u0437\u0438\u043c\u043e \u043a\u0440\u043e\u0437 \u0441\u0432\u0430\u043a\u0438 \u0447\u0430\u0441, \u0441\u0442\u0438\u0447\u0435\u043c\u043e \u043f\u0440\u0438\u0458\u0430\u0442\u0435\u0459\u0435 \u0438 \u043e\u0441\u0442\u0430\u0458\u0435\u043c\u043e \u043f\u043e\u0432\u0435\u0437\u0430\u043d\u0438. <strong>\u041f\u0440\u0438\u0434\u0440\u0443\u0436\u0438\u0442\u0435 \u0441\u0435 \u043c\u043e\u043c \u043c\u0435\u0441\u0435\u0447\u043d\u043e\u043c \u043f\u0440\u043e\u0433\u0440\u0430\u043c\u0443 \u0432\u043e\u0452\u0435\u043d\u0438\u0445 \u0447\u0430\u0441\u043e\u0432\u0430, \u0432\u0435\u0436\u0431\u0430\u0458\u0442\u0435 \u0443\u0436\u0438\u0432\u043e \u043f\u0440\u0435\u043c\u0430 <a href=\"https:\/\/tena.yoga\/sr\/raspored-casova\/\" data-type=\"page\" data-id=\"10259\">\u0440\u0430\u0441\u043f\u043e\u0440\u0435\u0434\u0443<\/a> \u0438\u043b\u0438 \u0443\u0437 \u0441\u043d\u0438\u043c\u0430\u043a \u043a\u043e\u0458\u0438 \u0432\u0430\u043c \u0441\u0442\u0438\u0436\u0435 \u043d\u0430 \u0438\u043c\u0435\u0458\u043b \u043d\u0430\u043a\u043e\u043d \u0447\u0430\u0441\u0430.<\/strong> \u0421\u0432\u0430\u043a\u043e\u0433 \u043c\u0435\u0441\u0435\u0446\u0430 \u043e\u0431\u0440\u0430\u0452\u0443\u0458\u0435\u043c\u043e \u0434\u0440\u0443\u0433\u0443 \u0442\u0435\u043c\u0443 \u0458\u043e\u0433\u0435 \u043a\u043e\u0458\u0443 \u043f\u0440\u0430\u0442\u0435 \u0441\u0432\u0438 \u0447\u0430\u0441\u043e\u0432\u0438 \u0443 \u0442\u043e\u043c \u043c\u0435\u0441\u0435\u0446\u0443.<\/p>\n<\/div>\n\n\n\n<div class=\"wp-block-column is-layout-flow wp-block-column-is-layout-flow\"><div class=\"wp-block-image\">\n<figure class=\"aligncenter size-full is-resized\"><img decoding=\"async\" width=\"423\" height=\"451\" src=\"https:\/\/tena.yoga\/wp-content\/uploads\/2025\/01\/maca_vjezba_yogu-02.webp\" alt=\"Online yoga illustration\" class=\"wp-image-6225\" style=\"width:280px\"\/><\/figure>\n<\/div><\/div>\n<\/div>\n\n\n\n<div style=\"height:30px\" aria-hidden=\"true\" class=\"wp-block-spacer\"><\/div>\n\n\n\n<div class=\"wp-block-columns mycss is-layout-flex wp-container-core-columns-is-layout-28f84493 wp-block-columns-is-layout-flex\">\n<div class=\"wp-block-column is-layout-flow wp-block-column-is-layout-flow\">\n<div style=\"height:10px\" aria-hidden=\"true\" class=\"wp-block-spacer\"><\/div>\n\n\n<div class=\"wp-block-image\">\n<figure class=\"aligncenter size-full is-resized\"><img decoding=\"async\" width=\"417\" height=\"431\" src=\"https:\/\/tena.yoga\/wp-content\/uploads\/2025\/01\/online_kamera_zoom-02.webp\" alt=\"Online yoga illustration\" class=\"wp-image-6227\" style=\"width:280px\"\/><\/figure>\n<\/div><\/div>\n\n\n\n<div class=\"wp-block-column is-layout-flow wp-block-column-is-layout-flow\">\n<p><strong>\u010clanske pogodnosti mojeg programa online yoge<\/strong><br>&#8211; Podr\u0161ka uz vodstvo i savjetovanje.<br>&#8211; Upute za vo\u0111enje <a href=\"https:\/\/tena.yoga\/sr\/blog\/mindful-dnevnik\/\" data-type=\"link\" data-id=\"https:\/\/tena.yoga\/blog\/mindful-dnevnik\/\"><em>Mindful<\/em> dnevnika<\/a> kao integriranog dijela redovne prakse koje ti sti\u017eu na mail.<br>&#8211; Pra\u0107enje izazova <a href=\"https:\/\/tena.yoga\/sr\/online-yoga\/godisnji-program-online-joge\/\" data-type=\"page\" data-id=\"3550\">mjese\u010dne teme<\/a>.<br>&#8211; Motivacija za <em><a href=\"https:\/\/tena.yoga\/sr\/blog\/category\/zivotni-stil\/\" data-type=\"category\" data-id=\"38\">Yogijski lifestlye<\/a><\/em> koji&nbsp;zaokru\u017euje <br>i spaja sve \u0161to te zanima.<br>&#8211; <em>Live chat<\/em> preko <em>Zoom<\/em>-a &#8211; online dru\u017eenje jednom mjese\u010dno.<br>&#8211; Poticanje na&nbsp;u\u010denje, smjernice na izvore znanja.<br>&#8211; Inspiracija za dosljednost i upornost.<br>&#8211; Poklon snimke samo za \u010dlanove.<\/p>\n\n\n\n<p><a href=\"https:\/\/tena.yoga\/sr\/online-yoga\/\" data-type=\"link\" data-id=\"https:\/\/tena.yoga\/clanstvo\/online-yoga\/\">PRIDRU\u017dI SE<\/a><\/p>\n<\/div>\n<\/div>\n\n\n\n<div style=\"height:30px\" aria-hidden=\"true\" class=\"wp-block-spacer\"><\/div>\n\n\n\n<div class=\"wp-block-columns is-layout-flex wp-container-core-columns-is-layout-28f84493 wp-block-columns-is-layout-flex\">\n<div class=\"wp-block-column is-layout-flow wp-block-column-is-layout-flow\">\n<p><strong>Dobrobiti yoge online<br><\/strong>&#8211; Yoga je uvijek s tobom, na telefonu, tabletu ili laptopu, <strong>u\u017eivo ili na zahtjev<\/strong>.<br>&#8211; Tijekom godine kroz <a href=\"https:\/\/tena.yoga\/sr\/online-yoga\/godisnji-program-online-joge\/\" data-type=\"page\" data-id=\"3550\">mjese\u010dne teme<\/a> vje\u017ebamo cijelo tijelo.<br>&#8211; Nadogra\u0111ujemo smislene i povezane cjeline iz sata u sat. <br>&#8211; U svojem domu mo\u017ee\u0161 \u201cvje\u017ebati u pid\u017eami\u201d, kada ti pa\u0161e.<br>&#8211; Mo\u017ee\u0161 produ\u017eiti <em>Shavasanu<\/em>, samo ugasi <em>Zoom<\/em> i opusti se.<br>&#8211; Popri\u010dajmo, pitaj me \u0161to te zanima prije ili nakon sata.<br>&#8211; Na mail uz snimke sati \u0161aljem ti podr\u0161ku i motivaciju za praksu te smjernice za vo\u0111enje <a href=\"https:\/\/tena.yoga\/sr\/blog\/mindful-dnevnik\/\" data-type=\"link\" data-id=\"https:\/\/tena.yoga\/blog\/mindful-dnevnik\/\"><em>Mindful<\/em> dnevnika<\/a>.<\/p>\n\n\n\n<p><a href=\"https:\/\/tena.yoga\/sr\/blog\/onlajn-joga-kao-prava-majndful-praksa\/\" data-type=\"link\" data-id=\"https:\/\/tena.yoga\/blog\/online-yoga-kao-prava-mindful-praksa\/\">ONLINE YOGA KAO PRAVA MINDFUL PRAKSA<\/a><\/p>\n<\/div>\n\n\n\n<div class=\"wp-block-column is-layout-flow wp-block-column-is-layout-flow\"><div class=\"wp-block-image\">\n<figure class=\"aligncenter size-full is-resized\"><a href=\"https:\/\/tena.yoga\/wp-content\/uploads\/2024\/12\/reverse_warrior_pose-02.png\"><img decoding=\"async\" width=\"869\" height=\"898\" src=\"https:\/\/tena.yoga\/wp-content\/uploads\/2024\/12\/reverse_warrior_pose-02.png\" alt=\"Online yoga illustration\" class=\"wp-image-5390\" style=\"width:300px\" srcset=\"https:\/\/tena.yoga\/wp-content\/uploads\/2024\/12\/reverse_warrior_pose-02.png 869w, https:\/\/tena.yoga\/wp-content\/uploads\/2024\/12\/reverse_warrior_pose-02-600x620.png 600w\" sizes=\"(max-width: 869px) 100vw, 869px\" \/><\/a><\/figure>\n<\/div><\/div>\n<\/div>\n\n\n\n<div style=\"height:80px\" aria-hidden=\"true\" class=\"wp-block-spacer\"><\/div>\n\n\n\n<div class=\"wp-block-columns is-layout-flex wp-container-core-columns-is-layout-28f84493 wp-block-columns-is-layout-flex\">\n<div class=\"wp-block-column is-layout-flow wp-block-column-is-layout-flow\" style=\"flex-basis:10%\"><\/div>\n\n\n\n<div class=\"wp-block-column is-layout-flow wp-block-column-is-layout-flow\" style=\"flex-basis:80%\">\n<h2 class=\"wp-block-heading has-text-align-center\">\u0421\u0430\u0434\u0440\u0436\u0430\u0458 \u043c\u0435\u0441\u0435\u0447\u043d\u043e\u0433 \u043f\u0430\u043a\u0435\u0442\u0430<\/h2>\n\n\n\n<div style=\"height:30px\" aria-hidden=\"true\" class=\"wp-block-spacer\"><\/div>\n<\/div>\n\n\n\n<div class=\"wp-block-column is-layout-flow wp-block-column-is-layout-flow\" style=\"flex-basis:10%\"><\/div>\n<\/div>\n\n\n<div class=\"wp-block-image\">\n<figure class=\"aligncenter size-full is-resized\"><img decoding=\"async\" width=\"1890\" height=\"1306\" src=\"https:\/\/tena.yoga\/wp-content\/uploads\/2025\/08\/mjesecni_program_sati-01.webp\" alt=\"Online yoga illustration\" class=\"wp-image-8752\" style=\"width:650px\" srcset=\"https:\/\/tena.yoga\/wp-content\/uploads\/2025\/08\/mjesecni_program_sati-01.webp 1890w, https:\/\/tena.yoga\/wp-content\/uploads\/2025\/08\/mjesecni_program_sati-01-1024x708.webp 1024w, https:\/\/tena.yoga\/wp-content\/uploads\/2025\/08\/mjesecni_program_sati-01-1536x1061.webp 1536w, https:\/\/tena.yoga\/wp-content\/uploads\/2025\/08\/mjesecni_program_sati-01-600x415.webp 600w\" sizes=\"(max-width: 1890px) 100vw, 1890px\" \/><\/figure>\n<\/div>\n\n\n<div style=\"height:80px\" aria-hidden=\"true\" class=\"wp-block-spacer\"><\/div>\n\n\n\n<div class=\"wp-block-columns is-layout-flex wp-container-core-columns-is-layout-28f84493 wp-block-columns-is-layout-flex\">\n<div class=\"wp-block-column is-layout-flow wp-block-column-is-layout-flow\" style=\"flex-basis:20%\">\n<p><strong>1. Uvodno predavanje i sat yoge.<\/strong> Prvu subotu u mjesecu od 10 &#8211; 11:15h imamo radionicu s kojom otvaramo <a href=\"https:\/\/tena.yoga\/sr\/online-yoga\/godisnji-program-online-joge\/\" data-type=\"page\" data-id=\"3550\">temu mjeseca<\/a> i postavljamo temu za <a href=\"https:\/\/tena.yoga\/sr\/blog\/mindful-dnevnik\/\" data-type=\"post\" data-id=\"8644\"><em>Mindful<\/em> dnenvik<\/a>.<\/p>\n<\/div>\n\n\n\n<div class=\"wp-block-column is-layout-flow wp-block-column-is-layout-flow\" style=\"flex-basis:20%\">\n<p><strong>2. Dva sata <a href=\"https:\/\/tena.yoga\/sr\/programi\/jutarnji-casovi-onlajn-joge\/\" data-type=\"programi\" data-id=\"158\">jutarnje online yoge<\/a> tjedno<\/strong>. Ponedjeljkom i srijedom od 8 &#8211; 8:40h. Snimke sati uz motivacijske tekstove i upute za pisanje Midful dnenvika sti\u017eu ti na mail.<\/p>\n<\/div>\n\n\n\n<div class=\"wp-block-column is-layout-flow wp-block-column-is-layout-flow\" style=\"flex-basis:20%\">\n<p><strong>3. Sati <a href=\"https:\/\/tena.yoga\/sr\/programi\/mindful-slow-flow-joga\/\" data-type=\"programi\" data-id=\"159\"><em>Mindful slow flow<\/em> yoge<\/a>.<\/strong> Prva dva petka nakon uvodne radionice od 10 &#8211; 10:40h imamo restorativni, meditativni sat Mindful yoge koji prati mjese\u010dnu temu.<\/p>\n<\/div>\n\n\n\n<div class=\"wp-block-column is-layout-flow wp-block-column-is-layout-flow\" style=\"flex-basis:20%\">\n<p><strong>4. 10-minutni sat za razbuditi se s yogom.<\/strong> Svaki mjesec \u0161aljem vam snimku kratkog sata za zapo\u010deti svako jutro s yogom i postavljanjem namjere.<\/p>\n<\/div>\n\n\n\n<div class=\"wp-block-column is-layout-flow wp-block-column-is-layout-flow\" style=\"flex-basis:20%\">\n<p><strong>5. Live chat &#8211;<\/strong> online dru\u017eenje posljednji \u010detvrtak u mjesecu na kojem zaokru\u017eujemo temu, usvajamo ideje i imamo priliku podijeliti iskustva. <\/p>\n<\/div>\n<\/div>\n\n\n\n<div style=\"height:10px\" aria-hidden=\"true\" class=\"wp-block-spacer\"><\/div>\n\n\n\n<div class=\"wp-block-columns is-layout-flex wp-container-core-columns-is-layout-28f84493 wp-block-columns-is-layout-flex\">\n<div class=\"wp-block-column is-layout-flow wp-block-column-is-layout-flow\" style=\"flex-basis:10%\"><\/div>\n\n\n\n<div class=\"wp-block-column is-layout-flow wp-block-column-is-layout-flow\" style=\"flex-basis:80%\">\n<h5 class=\"wp-block-heading has-text-align-center has-white-background-color has-background\"><a href=\"https:\/\/tena.yoga\/clanstvo\/zdrava-baza\/\">MJESE\u010cNA \u010cLANARINA ZA ONLINE YOGU<\/a><\/h5>\n<\/div>\n\n\n\n<div class=\"wp-block-column is-layout-flow wp-block-column-is-layout-flow\" style=\"flex-basis:10%\"><\/div>\n<\/div>\n\n\n\n<div class=\"wp-block-buttons is-content-justification-center is-layout-flex wp-container-core-buttons-is-layout-a89b3969 wp-block-buttons-is-layout-flex\">\n<div class=\"wp-block-button is-style-outline is-style-outline--1\"><a class=\"wp-block-button__link has-text-align-center wp-element-button\" href=\"https:\/\/tena.yoga\/sr\/pridruzi-se\/\">PRIDRU\u017dI SE<\/a><\/div>\n<\/div>\n\n\n\n<div style=\"height:30px\" aria-hidden=\"true\" class=\"wp-block-spacer\"><\/div>\n\n\n<div class=\"wp-block-image\">\n<figure class=\"aligncenter size-large is-resized\"><a href=\"https:\/\/youtu.be\/lfKmSnjYGUg?si=D-Vrnb2EKtVJW3ev\"><img decoding=\"async\" width=\"1024\" height=\"576\" src=\"https:\/\/tena.yoga\/wp-content\/uploads\/2025\/08\/dobrodosli_na_yogu-1024x576.webp\" alt=\"\" class=\"wp-image-8748\" style=\"width:400px\" srcset=\"https:\/\/tena.yoga\/wp-content\/uploads\/2025\/08\/dobrodosli_na_yogu-1024x576.webp 1024w, https:\/\/tena.yoga\/wp-content\/uploads\/2025\/08\/dobrodosli_na_yogu-600x338.webp 600w, https:\/\/tena.yoga\/wp-content\/uploads\/2025\/08\/dobrodosli_na_yogu.webp 1280w\" sizes=\"(max-width: 1024px) 100vw, 1024px\" \/><\/a><\/figure>\n<\/div>\n\n\n<div style=\"height:70px\" aria-hidden=\"true\" class=\"wp-block-spacer\"><\/div>\n\n\n\n<div class=\"wp-block-columns is-layout-flex wp-container-core-columns-is-layout-28f84493 wp-block-columns-is-layout-flex\">\n<div class=\"wp-block-column is-layout-flow wp-block-column-is-layout-flow\">\n<h5 class=\"wp-block-heading has-text-align-left\">TENA YOGA METODA <\/h5>\n\n\n\n<p><strong>Moj pristup podu\u010davanju dinami\u010dne i restorativne yoge koji se bazira na terapijskim i mindful na\u010delima, a provodi se s veseljem.<\/strong><br>Metoda izdvaja principe koje je vrijedno provoditi kako bi praksa bila smislen put ka zdravlju. Principi su jednostavni i njihova primjena je izravan trud prema najve\u0107oj vrijednosti koju mo\u017eemo dobiti od yoge. Osnova je Somatska yoga, a metoda radi na bu\u0111enju \u017eivotne energije (<em>Prane<\/em>).&nbsp;<a href=\"https:\/\/tena.yoga\/sr\/o-meni\/tena-joga-metoda\/\" data-type=\"page\" data-id=\"5009\">SAZNAJ VI\u0160E&#8230;<\/a><\/p>\n<\/div>\n\n\n\n<div class=\"wp-block-column is-layout-flow wp-block-column-is-layout-flow\"><\/div>\n<\/div>\n\n\n\n<div class=\"wp-block-columns is-layout-flex wp-container-core-columns-is-layout-28f84493 wp-block-columns-is-layout-flex\">\n<div class=\"wp-block-column is-layout-flow wp-block-column-is-layout-flow\"><div class=\"wp-block-image\">\n<figure class=\"aligncenter size-full is-resized\"><img decoding=\"async\" width=\"417\" height=\"431\" src=\"https:\/\/tena.yoga\/wp-content\/uploads\/2025\/01\/urdhva_dhanurasana-02.webp\" alt=\"Online yoga illustration\" class=\"wp-image-6230\" style=\"width:250px\"\/><\/figure>\n<\/div><\/div>\n\n\n\n<div class=\"wp-block-column is-layout-flow wp-block-column-is-layout-flow\">\n<h5 class=\"wp-block-heading\">Moje ime je Tena<\/h5>\n\n\n\n<p><strong>Po struci sam akademska umjetnica, a poziv mi je istra\u017eivanje prirode tijela i uma \u0161to ve\u0107 godinama studiram kroz yogu i Budino u\u010denje.<\/strong><br>Znanost i umjetnost u mojem su \u017eivotu usko vezane jer za biti stru\u010dna u podu\u010davanju yoge jednako mi je va\u017eno znanje kao i njegova kreativna primjena. Tvoja sam prijateljica i nemam potrebu da te uvjeravam u vrijednosti koje podu\u010davam, kod mene je sve jasno i bez dogme, a na tebi je da uzme\u0161 i primijeni\u0161 \u0161to ti koristi te da ulo\u017ei\u0161 svoj trud za rezultat. <a href=\"https:\/\/tena.yoga\/sr\/o-meni\/\" data-type=\"link\" data-id=\"https:\/\/tena.yoga\/o-meni\/\">VI\u0160E O MENI&#8230;<\/a><\/p>\n<\/div>\n<\/div>\n\n\n\n<div style=\"height:60px\" aria-hidden=\"true\" class=\"wp-block-spacer\"><\/div>\n\n\n\n<h2 class=\"wp-block-heading has-text-align-center\">\u0422\u0435\u043c\u0435 \u0437\u0430 \u043e\u043d\u043b\u0430\u0458\u043d \u0458\u043e\u0433\u0443 \u043f\u043e \u043c\u0435\u0441\u0435\u0446\u0438\u043c\u0430<\/h2>\n","protected":false},"excerpt":{"rendered":"<p>Online sati yoge odvijaju se u\u017eivo prema rasporedu, vje\u017ebajte samnom live ili uz snimku koja vam sti\u017ee na mail nakon sata.<\/p>\n","protected":false},"author":1,"featured_media":9867,"parent":0,"menu_order":0,"comment_status":"closed","ping_status":"closed","template":"","meta":{"_sitemap_exclude":false,"_sitemap_priority":"","_sitemap_frequency":"","footnotes":""},"class_list":["post-9879","page","type-page","status-publish","has-post-thumbnail","hentry"],"_links":{"self":[{"href":"https:\/\/tena.yoga\/sr\/wp-json\/wp\/v2\/pages\/9879","targetHints":{"allow":["GET"]}}],"collection":[{"href":"https:\/\/tena.yoga\/sr\/wp-json\/wp\/v2\/pages"}],"about":[{"href":"https:\/\/tena.yoga\/sr\/wp-json\/wp\/v2\/types\/page"}],"author":[{"embeddable":true,"href":"https:\/\/tena.yoga\/sr\/wp-json\/wp\/v2\/users\/1"}],"replies":[{"embeddable":true,"href":"https:\/\/tena.yoga\/sr\/wp-json\/wp\/v2\/comments?post=9879"}],"version-history":[{"count":4,"href":"https:\/\/tena.yoga\/sr\/wp-json\/wp\/v2\/pages\/9879\/revisions"}],"predecessor-version":[{"id":15640,"href":"https:\/\/tena.yoga\/sr\/wp-json\/wp\/v2\/pages\/9879\/revisions\/15640"}],"wp:featuredmedia":[{"embeddable":true,"href":"https:\/\/tena.yoga\/sr\/wp-json\/wp\/v2\/media\/9867"}],"wp:attachment":[{"href":"https:\/\/tena.yoga\/sr\/wp-json\/wp\/v2\/media?parent=9879"}],"curies":[{"name":"wp","href":"https:\/\/api.w.org\/{rel}","templated":true}]}}