{"id":10704,"date":"2023-11-21T08:30:04","date_gmt":"2023-11-21T07:30:04","guid":{"rendered":"https:\/\/tena.yoga\/kosarica\/"},"modified":"2026-03-24T07:31:53","modified_gmt":"2026-03-24T06:31:53","slug":"korpa","status":"publish","type":"page","link":"https:\/\/tena.yoga\/sr\/korpa\/","title":{"rendered":"\u041a\u043e\u0440\u043f\u0430"},"content":{"rendered":"\n<p>Svaki paket sistematski obra\u0111uje jednu temu i kreativno rije\u0161ava izazove koje adresira. Sati su dizajnirani da ih mo\u017ee\u0161 lako pratiti, tehni\u010dki su jasni i potkrijepljeni motiviraju\u0107im uputama za meditativan,\u00a0<em>mindful<\/em>\u00a0odnos. Vrhunska yoga je pred tobom, ulo\u017ei trud i daj najbolje od sebe za uspjeh, zdravlje i u\u017eitak.\u00a0<em>Yogiraj<\/em>\u00a0u svojem ritmu i po\u010dasti se s ovim\u00a0<em>mindful<\/em>\u00a0poslasticama.<\/p>\n","protected":false},"excerpt":{"rendered":"<p>Svaki paket sistematski obra\u0111uje jednu temu i kreativno rije\u0161ava izazove koje adresira. Sati su dizajnirani da ih mo\u017ee\u0161 lako pratiti,<\/p>\n","protected":false},"author":1,"featured_media":0,"parent":0,"menu_order":0,"comment_status":"closed","ping_status":"closed","template":"","meta":{"_sitemap_exclude":false,"_sitemap_priority":"","_sitemap_frequency":"","footnotes":""},"class_list":["post-10704","page","type-page","status-publish","hentry"],"_links":{"self":[{"href":"https:\/\/tena.yoga\/sr\/wp-json\/wp\/v2\/pages\/10704","targetHints":{"allow":["GET"]}}],"collection":[{"href":"https:\/\/tena.yoga\/sr\/wp-json\/wp\/v2\/pages"}],"about":[{"href":"https:\/\/tena.yoga\/sr\/wp-json\/wp\/v2\/types\/page"}],"author":[{"embeddable":true,"href":"https:\/\/tena.yoga\/sr\/wp-json\/wp\/v2\/users\/1"}],"replies":[{"embeddable":true,"href":"https:\/\/tena.yoga\/sr\/wp-json\/wp\/v2\/comments?post=10704"}],"version-history":[{"count":1,"href":"https:\/\/tena.yoga\/sr\/wp-json\/wp\/v2\/pages\/10704\/revisions"}],"predecessor-version":[{"id":15431,"href":"https:\/\/tena.yoga\/sr\/wp-json\/wp\/v2\/pages\/10704\/revisions\/15431"}],"wp:attachment":[{"href":"https:\/\/tena.yoga\/sr\/wp-json\/wp\/v2\/media?parent=10704"}],"curies":[{"name":"wp","href":"https:\/\/api.w.org\/{rel}","templated":true}]}}