{"id":10690,"date":"2025-01-25T15:30:32","date_gmt":"2025-01-25T14:30:32","guid":{"rendered":"https:\/\/tena.yoga\/odrzivost-i-drustvena-odgovornost\/"},"modified":"2026-03-21T19:46:49","modified_gmt":"2026-03-21T18:46:49","slug":"odrzivost-i-drustvena-odgovornost","status":"publish","type":"page","link":"https:\/\/tena.yoga\/sr\/odrzivost-i-drustvena-odgovornost\/","title":{"rendered":"\u041e\u0434\u0440\u0436\u0438\u0432\u043e\u0441\u0442 \u0438 \u0434\u0440\u0443\u0448\u0442\u0432\u0435\u043d\u0430 \u043e\u0434\u0433\u043e\u0432\u043e\u0440\u043d\u043e\u0441\u0442"},"content":{"rendered":"\n<div style=\"height:10px\" aria-hidden=\"true\" class=\"wp-block-spacer\"><\/div>\n\n<div class=\"wp-block-columns is-layout-flex wp-container-core-columns-is-layout-28f84493 wp-block-columns-is-layout-flex\">\n<div class=\"wp-block-column is-layout-flow wp-block-column-is-layout-flow\" style=\"flex-basis:10%\"><\/div>\n\n\n\n<div class=\"wp-block-column is-layout-flow wp-block-column-is-layout-flow\" style=\"flex-basis:80%\">\n<p class=\"has-text-align-center\">Posve\u0107ena sam <a href=\"https:\/\/tena.yoga\/sr\/blog\/gdje-pocinje-ekologija\/\" data-type=\"link\" data-id=\"https:\/\/tena.yoga\/blog\/gdje-pocinje-ekologija\/\">okoli\u0161noj odr\u017eivosti<\/a> i dru\u0161tvenoj odgovornosti kroz razli\u010dite inicijative.<\/p>\n\n\n\n<div style=\"height:30px\" aria-hidden=\"true\" class=\"wp-block-spacer\"><\/div>\n\n\n\n<h4 class=\"wp-block-heading has-text-align-left\">Smanjenje otpada<\/h4>\n\n\n\n<ul class=\"wp-block-list\">\n<li><strong>Nabava namirnica u rinfuzi<\/strong>: Rezidenti su educirani o va\u017enosti smanjenja otpada te se poti\u010du na nabavu namirnica i higijenskih potrep\u0161tina u velikim pakiranjima ili rinfuzi.<\/li>\n\n\n\n<li><strong>Razdvajanje otpada<\/strong>: U nedostatku organiziranog sustava odvojenog prikupljanja otpada na otoku, sami preuzimamo odgovornost za odvajanje i odno\u0161enje u Komi\u017eu.<\/li>\n\n\n\n<li><strong>Odgovorno zbrinjavanje otpada i ponovna upotreba<\/strong>: Papir odvajamo i spaljujemo, biootpad kompostiramo, hranu koja nam ostane odnosimo macama, a povratna ambala\u017ea vra\u0107amo u Komi\u017eu. Plasti\u010dne posude i konzerve ponovno koristimo za sadnice ili pohranu.<\/li>\n\n\n\n<li><strong>Ekolo\u0161ki prihvatljivi proizvodi<\/strong>: Koristimo ure\u0111aje s eko certifikatom i biorazgradiva sredstva za \u010di\u0161\u0107enje.<\/li>\n\n\n\n<li><strong>Ku\u0107anski ure\u0111aji koji \u0161tede energiju:<\/strong> Koristimo ure\u0111aje s ve\u0107om energetskom u\u010dinkovitosti koji imaju manju potro\u0161nju energije.<\/li>\n<\/ul>\n\n\n\n<div style=\"height:10px\" aria-hidden=\"true\" class=\"wp-block-spacer\"><\/div>\n\n\n\n<div class=\"wp-block-columns is-layout-flex wp-container-core-columns-is-layout-28f84493 wp-block-columns-is-layout-flex\">\n<div class=\"wp-block-column is-layout-flow wp-block-column-is-layout-flow\">\n<figure class=\"wp-block-image size-large\"><a href=\"https:\/\/tena.yoga\/wp-content\/uploads\/2024\/11\/eko_plaza_2.jpg\"><img decoding=\"async\" src=\"https:\/\/tena.yoga\/wp-content\/uploads\/2024\/11\/eko_plaza_2-1024x768.jpg.webp\" alt=\"\"\/><\/a><\/figure>\n<\/div>\n\n\n\n<div class=\"wp-block-column is-layout-flow wp-block-column-is-layout-flow\">\n<figure class=\"wp-block-image size-large\"><a href=\"https:\/\/tena.yoga\/wp-content\/uploads\/2025\/04\/smece_na_plazi.webp\"><img decoding=\"async\" width=\"1024\" height=\"768\" src=\"https:\/\/tena.yoga\/wp-content\/uploads\/2025\/04\/smece_na_plazi-1024x768.webp\" alt=\"\" class=\"wp-image-7271\" srcset=\"https:\/\/tena.yoga\/wp-content\/uploads\/2025\/04\/smece_na_plazi-1024x768.webp 1024w, https:\/\/tena.yoga\/wp-content\/uploads\/2025\/04\/smece_na_plazi-600x450.webp 600w, https:\/\/tena.yoga\/wp-content\/uploads\/2025\/04\/smece_na_plazi-1536x1152.webp 1536w, https:\/\/tena.yoga\/wp-content\/uploads\/2025\/04\/smece_na_plazi.webp 1920w\" sizes=\"(max-width: 1024px) 100vw, 1024px\" \/><\/a><\/figure>\n<\/div>\n<\/div>\n\n\n\n<div style=\"height:30px\" aria-hidden=\"true\" class=\"wp-block-spacer\"><\/div>\n\n\n\n<h4 class=\"wp-block-heading has-text-align-left\">\u010ci\u0161\u0107enje okoli\u0161a<\/h4>\n\n\n\n<ul class=\"wp-block-list\">\n<li><strong>Redovite akcije \u010di\u0161\u0107enja pla\u017ee<\/strong>: Nakon oluja obilazimo pla\u017eu Porat i uklanjamo otpad koji donese more.<\/li>\n\n\n\n<li><strong>Odr\u017eavanje pje\u0161a\u010dkih staza i zaraslih puteva<\/strong>.<\/li>\n\n\n\n<li><strong>\u010ci\u0161\u0107enje zapu\u0161tenog sme\u0107a u \u0161umama<\/strong>: Tijekom \u0161etnji otokom prikupljajamo nemarno odba\u010deni otpad. <\/li>\n<\/ul>\n\n\n\n<div style=\"height:30px\" aria-hidden=\"true\" class=\"wp-block-spacer\"><\/div>\n\n\n\n<h4 class=\"wp-block-heading has-text-align-left\">Odr\u017eavanje vrta i sadnja bilja<\/h4>\n\n\n\n<ul class=\"wp-block-list\">\n<li><strong>Sadnja i zalijevanje<\/strong>: U vrtu sadimo raznovrsno bilja i drve\u0107e, \u0161to pridonosi o\u010duvanju okoli\u0161a i stvaranju ugodnog prostora za budu\u0107e generacije.<\/li>\n\n\n\n<li><strong>Okopavanje vrta:<\/strong> plijevljenjem korova mo\u017eemo sprije\u010diti otimanje hranjivih tvari i vode biljkama koje sadimo.<\/li>\n\n\n\n<li><strong>Terasiranje i gradnja novih suhozida<\/strong> za sadnju maslina.<\/li>\n\n\n\n<li><strong>Branje samoniklog bilja.<\/strong><\/li>\n\n\n\n<li><strong>Njegovanje lokalnih, autohtonih biljaka.<\/strong><\/li>\n<\/ul>\n\n\n\n<div style=\"height:10px\" aria-hidden=\"true\" class=\"wp-block-spacer\"><\/div>\n\n\n\n<div class=\"wp-block-columns is-layout-flex wp-container-core-columns-is-layout-28f84493 wp-block-columns-is-layout-flex\">\n<div class=\"wp-block-column is-layout-flow wp-block-column-is-layout-flow\">\n<figure class=\"wp-block-image size-large\"><a href=\"https:\/\/tena.yoga\/wp-content\/uploads\/2025\/04\/nikola_karijola.webp\"><img decoding=\"async\" width=\"1024\" height=\"768\" src=\"https:\/\/tena.yoga\/wp-content\/uploads\/2025\/04\/nikola_karijola-1024x768.webp\" alt=\"\" class=\"wp-image-7274\" srcset=\"https:\/\/tena.yoga\/wp-content\/uploads\/2025\/04\/nikola_karijola-1024x768.webp 1024w, https:\/\/tena.yoga\/wp-content\/uploads\/2025\/04\/nikola_karijola-600x450.webp 600w, https:\/\/tena.yoga\/wp-content\/uploads\/2025\/04\/nikola_karijola-1536x1152.webp 1536w, https:\/\/tena.yoga\/wp-content\/uploads\/2025\/04\/nikola_karijola.webp 1920w\" sizes=\"(max-width: 1024px) 100vw, 1024px\" \/><\/a><\/figure>\n<\/div>\n\n\n\n<div class=\"wp-block-column is-layout-flow wp-block-column-is-layout-flow\">\n<figure class=\"wp-block-image size-large\"><a href=\"https:\/\/tena.yoga\/wp-content\/uploads\/2023\/07\/vadimo_krumpire-scaled.webp\"><img decoding=\"async\" width=\"1024\" height=\"768\" src=\"https:\/\/tena.yoga\/wp-content\/uploads\/2023\/07\/vadimo_krumpire-1024x768.webp\" alt=\"\" class=\"wp-image-2876\" srcset=\"https:\/\/tena.yoga\/wp-content\/uploads\/2023\/07\/vadimo_krumpire-1024x768.webp 1024w, https:\/\/tena.yoga\/wp-content\/uploads\/2023\/07\/vadimo_krumpire-scaled-600x450.webp 600w, https:\/\/tena.yoga\/wp-content\/uploads\/2023\/07\/vadimo_krumpire-1536x1152.webp 1536w, https:\/\/tena.yoga\/wp-content\/uploads\/2023\/07\/vadimo_krumpire-2048x1536.webp 2048w, https:\/\/tena.yoga\/wp-content\/uploads\/2023\/07\/vadimo_krumpire-scaled.webp 1920w\" sizes=\"(max-width: 1024px) 100vw, 1024px\" \/><\/a><\/figure>\n<\/div>\n<\/div>\n\n\n\n<figure class=\"wp-block-image size-large\"><a href=\"https:\/\/tena.yoga\/wp-content\/uploads\/2022\/07\/samoniklo_bilje.jpg\"><img decoding=\"async\" src=\"https:\/\/tena.yoga\/wp-content\/uploads\/2022\/07\/samoniklo_bilje-1024x768.jpg.webp\" alt=\"\"\/><\/a><\/figure>\n\n\n\n<div style=\"height:30px\" aria-hidden=\"true\" class=\"wp-block-spacer\"><\/div>\n\n\n\n<h4 class=\"wp-block-heading\">Fokus na vegetarijanskoj prehrani<\/h4>\n\n\n\n<p class=\"has-text-align-center\"><a href=\"https:\/\/tena.yoga\/sr\/blog\/category\/jogijska-dijeta\/\" data-type=\"link\" data-id=\"https:\/\/tena.yoga\/blog\/category\/jogijska-prehrana\/\">Jogijska prehrana<\/a><\/p>\n\n\n\n<div style=\"height:10px\" aria-hidden=\"true\" class=\"wp-block-spacer\"><\/div>\n\n\n\n<div class=\"wp-block-columns is-layout-flex wp-container-core-columns-is-layout-28f84493 wp-block-columns-is-layout-flex\">\n<div class=\"wp-block-column is-layout-flow wp-block-column-is-layout-flow\">\n<figure class=\"wp-block-image size-large\"><a href=\"https:\/\/tena.yoga\/wp-content\/uploads\/2025\/03\/S_slanutak_servirano_tanjuri.webp\"><img decoding=\"async\" width=\"1024\" height=\"768\" src=\"https:\/\/tena.yoga\/wp-content\/uploads\/2025\/03\/S_slanutak_servirano_tanjuri-1024x768.webp\" alt=\"\" class=\"wp-image-7194\" srcset=\"https:\/\/tena.yoga\/wp-content\/uploads\/2025\/03\/S_slanutak_servirano_tanjuri-1024x768.webp 1024w, https:\/\/tena.yoga\/wp-content\/uploads\/2025\/03\/S_slanutak_servirano_tanjuri-600x450.webp 600w, https:\/\/tena.yoga\/wp-content\/uploads\/2025\/03\/S_slanutak_servirano_tanjuri-1536x1152.webp 1536w, https:\/\/tena.yoga\/wp-content\/uploads\/2025\/03\/S_slanutak_servirano_tanjuri.webp 1920w\" sizes=\"(max-width: 1024px) 100vw, 1024px\" \/><\/a><\/figure>\n<\/div>\n\n\n\n<div class=\"wp-block-column is-layout-flow wp-block-column-is-layout-flow\">\n<figure class=\"wp-block-image size-large\"><a href=\"https:\/\/tena.yoga\/wp-content\/uploads\/2024\/04\/food_serving_japan.jpg\"><img decoding=\"async\" width=\"1024\" height=\"768\" src=\"https:\/\/tena.yoga\/wp-content\/uploads\/2024\/04\/food_serving_japan-1024x768.webp\" alt=\"\" class=\"wp-image-4229\" srcset=\"https:\/\/tena.yoga\/wp-content\/uploads\/2024\/04\/food_serving_japan-1024x768.webp 1024w, https:\/\/tena.yoga\/wp-content\/uploads\/2024\/04\/food_serving_japan-600x450.jpg 600w, https:\/\/tena.yoga\/wp-content\/uploads\/2024\/04\/food_serving_japan-1536x1152.webp 1536w, https:\/\/tena.yoga\/wp-content\/uploads\/2024\/04\/food_serving_japan.jpg 1920w\" sizes=\"(max-width: 1024px) 100vw, 1024px\" \/><\/a><\/figure>\n<\/div>\n<\/div>\n\n\n\n<div style=\"height:30px\" aria-hidden=\"true\" class=\"wp-block-spacer\"><\/div>\n\n\n\n<h4 class=\"wp-block-heading has-text-align-left\">Briga o lokalnoj zajednici<\/h4>\n\n\n\n<ul class=\"wp-block-list\">\n<li><strong>Edukacija o odr\u017eivom razvoju<\/strong>: u suradnji s <a href=\"https:\/\/bisevo.hr\" data-type=\"link\" data-id=\"https:\/\/bisevo.hr\">udrugom Bi\u0161evo<\/a> organiziram radionice i edukativne programe za mlade u lokalnoj zajednici, s naglaskom na globalne ciljeve odr\u017eivog razvoja, poti\u010du\u0107i <a href=\"https:\/\/tena.yoga\/sr\/blog\/zdravo-kriticko-razmisljanje\/\" data-type=\"link\" data-id=\"https:\/\/tena.yoga\/blog\/zdravo-kriticko-razmisljanje\/\">kriti\u010dko razmi\u0161ljanje<\/a> i osobnu odgovornost.<\/li>\n\n\n\n<li><strong>O\u010duvanje biolo\u0161ke raznolikosti<\/strong>: Savjesnim definiranjem ciljeva i pa\u017eljivom provedbom projekata, podr\u017eavam o\u010duvanje biolo\u0161ke raznolikosti otoka Bi\u0161eva, suprotstavljaju\u0107i se negativnim utjecajima masovnog turizma.<\/li>\n\n\n\n<li><strong>O\u010duvanje tradicijskih znanja i vje\u0161tina: <\/strong>nastojim dokumentirati ugro\u017eenu nematerijalnu kulturnu ba\u0161tinu \u010diji je kontinuitet preno\u0161enja s generacije na generaciju prekinut.<\/li>\n<\/ul>\n<\/div>\n\n\n\n<div class=\"wp-block-column is-layout-flow wp-block-column-is-layout-flow\" style=\"flex-basis:10%\"><\/div>\n<\/div>\n","protected":false},"excerpt":{"rendered":"<p>Posve\u0107ena sam okoli\u0161noj odr\u017eivosti i dru\u0161tvenoj odgovornosti kroz razli\u010dite inicijative. Smanjenje otpada \u010ci\u0161\u0107enje okoli\u0161a Odr\u017eavanje vrta i sadnja bilja Fokus<\/p>\n","protected":false},"author":1,"featured_media":10594,"parent":0,"menu_order":0,"comment_status":"closed","ping_status":"closed","template":"","meta":{"_sitemap_exclude":false,"_sitemap_priority":"","_sitemap_frequency":"","footnotes":""},"class_list":["post-10690","page","type-page","status-publish","has-post-thumbnail","hentry"],"_links":{"self":[{"href":"https:\/\/tena.yoga\/sr\/wp-json\/wp\/v2\/pages\/10690","targetHints":{"allow":["GET"]}}],"collection":[{"href":"https:\/\/tena.yoga\/sr\/wp-json\/wp\/v2\/pages"}],"about":[{"href":"https:\/\/tena.yoga\/sr\/wp-json\/wp\/v2\/types\/page"}],"author":[{"embeddable":true,"href":"https:\/\/tena.yoga\/sr\/wp-json\/wp\/v2\/users\/1"}],"replies":[{"embeddable":true,"href":"https:\/\/tena.yoga\/sr\/wp-json\/wp\/v2\/comments?post=10690"}],"version-history":[{"count":3,"href":"https:\/\/tena.yoga\/sr\/wp-json\/wp\/v2\/pages\/10690\/revisions"}],"predecessor-version":[{"id":14519,"href":"https:\/\/tena.yoga\/sr\/wp-json\/wp\/v2\/pages\/10690\/revisions\/14519"}],"wp:featuredmedia":[{"embeddable":true,"href":"https:\/\/tena.yoga\/sr\/wp-json\/wp\/v2\/media\/10594"}],"wp:attachment":[{"href":"https:\/\/tena.yoga\/sr\/wp-json\/wp\/v2\/media?parent=10690"}],"curies":[{"name":"wp","href":"https:\/\/api.w.org\/{rel}","templated":true}]}}