{"id":11614,"date":"2025-03-11T09:39:07","date_gmt":"2025-03-11T08:39:07","guid":{"rendered":"https:\/\/tena.yoga\/sati-yoge-paket\/poklon-bon\/"},"modified":"2026-03-27T06:43:50","modified_gmt":"2026-03-27T05:43:50","slug":"darilni-bon","status":"publish","type":"product","link":"https:\/\/tena.yoga\/sl\/sati-yoge-paket\/darilni-bon\/","title":{"rendered":"Darilni bon"},"content":{"rendered":"\n<div style=\"height:40px\" aria-hidden=\"true\" class=\"wp-block-spacer\"><\/div>\n\n\n\n<h2 class=\"wp-block-heading has-text-align-center\">Izberite darilni bon<\/h2>\n\n\n\n<div style=\"height:20px\" aria-hidden=\"true\" class=\"wp-block-spacer\"><\/div>\n\n\n\n<div class=\"wp-block-columns is-layout-flex wp-container-core-columns-is-layout-28f84493 wp-block-columns-is-layout-flex\">\n<div class=\"wp-block-column is-layout-flow wp-block-column-is-layout-flow\" style=\"flex-basis:10%\"><\/div>\n\n\n\n<div class=\"wp-block-column is-layout-flow wp-block-column-is-layout-flow\" style=\"flex-basis:80%\">\n<ul class=\"wp-block-list\">\n<li>Mese\u010dni spletni paket joge<\/li>\n\n\n\n<li>Mese\u010dni paket joge za nose\u010dnice<\/li>\n\n\n\n<li>Paket po va\u0161i izbiri iz trgovine joge v vrednosti 50 ali 60 evrov<\/li>\n\n\n\n<li>Zasebna ura joge s posvetovanjem<\/li>\n\n\n\n<li>Udele\u017eba na te\u010daju \u010duje\u010dnosti<\/li>\n<\/ul>\n\n\n\n<div style=\"height:10px\" aria-hidden=\"true\" class=\"wp-block-spacer\"><\/div>\n\n\n\n<p>Podarite svojim najdra\u017ejim najbolj\u0161e darilo \u2013 motivacijo za za\u010detek vadbe in obnovitev prakse joge in meditacije. Darilni bon za spletno jogo in meditacijo je \u010dudovito, prakti\u010dno darilo za vsakogar, ki ga \u017eelite obogatiti z najve\u010djo vrednoto \u2013 lastnim zdravjem in veseljem. Podarite jim en mesec rednega spletnega programa joge ali paket posnetkov te\u010dajev joge iz trgovine z jogo. Lahko jim podarite te\u010daj \u010duje\u010dnosti, ki ga redno organiziram, ali zasebno uro joge s posvetovanji.<\/p>\n\n\n\n<p>Razveselite svoje najdra\u017eje z jogo in meditacijo z mano, ki ju prilagodim samo vam.<br>Kontaktirajte me na info@tena.yoga in ustvarila vam bom darilni bon z va\u0161imi imeni in osebnim sporo\u010dilom, ki ga boste podarili.<\/p>\n<\/div>\n\n\n\n<div class=\"wp-block-column is-layout-flow wp-block-column-is-layout-flow\" style=\"flex-basis:10%\"><\/div>\n<\/div>\n\n\n\n<div style=\"height:30px\" aria-hidden=\"true\" class=\"wp-block-spacer\"><\/div>\n\n\n\n<figure class=\"wp-block-gallery has-nested-images columns-4 is-cropped wp-block-gallery-1 is-layout-flex wp-block-gallery-is-layout-flex\">\n<figure class=\"wp-block-image size-large\"><a href=\"https:\/\/tena.yoga\/wp-content\/uploads\/2025\/03\/Poklon_BON_mjesecni_paket_tena-04.webp\"><img decoding=\"async\" width=\"886\" height=\"886\" data-id=\"6732\" src=\"https:\/\/tena.yoga\/wp-content\/uploads\/2025\/03\/Poklon_BON_mjesecni_paket_tena-04.webp\" alt=\"\" class=\"wp-image-6732\" srcset=\"https:\/\/tena.yoga\/wp-content\/uploads\/2025\/03\/Poklon_BON_mjesecni_paket_tena-04.webp 886w, https:\/\/tena.yoga\/wp-content\/uploads\/2025\/03\/Poklon_BON_mjesecni_paket_tena-04-300x300.webp 300w, https:\/\/tena.yoga\/wp-content\/uploads\/2025\/03\/Poklon_BON_mjesecni_paket_tena-04-100x100.webp 100w, https:\/\/tena.yoga\/wp-content\/uploads\/2025\/03\/Poklon_BON_mjesecni_paket_tena-04-600x600.webp 600w, https:\/\/tena.yoga\/wp-content\/uploads\/2025\/03\/Poklon_BON_mjesecni_paket_tena-04-150x150.webp 150w\" sizes=\"(max-width: 886px) 100vw, 886px\" \/><\/a><\/figure>\n\n\n\n<figure class=\"wp-block-image size-large\"><a href=\"https:\/\/tena.yoga\/wp-content\/uploads\/2025\/03\/Poklon_BON_prenatal_yoga-03.webp\"><img decoding=\"async\" width=\"886\" height=\"886\" data-id=\"6730\" src=\"https:\/\/tena.yoga\/wp-content\/uploads\/2025\/03\/Poklon_BON_prenatal_yoga-03.webp\" alt=\"\" class=\"wp-image-6730\" srcset=\"https:\/\/tena.yoga\/wp-content\/uploads\/2025\/03\/Poklon_BON_prenatal_yoga-03.webp 886w, https:\/\/tena.yoga\/wp-content\/uploads\/2025\/03\/Poklon_BON_prenatal_yoga-03-300x300.webp 300w, https:\/\/tena.yoga\/wp-content\/uploads\/2025\/03\/Poklon_BON_prenatal_yoga-03-100x100.webp 100w, https:\/\/tena.yoga\/wp-content\/uploads\/2025\/03\/Poklon_BON_prenatal_yoga-03-600x600.webp 600w, https:\/\/tena.yoga\/wp-content\/uploads\/2025\/03\/Poklon_BON_prenatal_yoga-03-150x150.webp 150w\" sizes=\"(max-width: 886px) 100vw, 886px\" \/><\/a><\/figure>\n\n\n\n<figure class=\"wp-block-image size-large\"><a href=\"https:\/\/tena.yoga\/wp-content\/uploads\/2025\/03\/Poklon_BON_mindfulness_tecaj-05.webp\"><img decoding=\"async\" width=\"886\" height=\"886\" data-id=\"6734\" src=\"https:\/\/tena.yoga\/wp-content\/uploads\/2025\/03\/Poklon_BON_mindfulness_tecaj-05.webp\" alt=\"\" class=\"wp-image-6734\" srcset=\"https:\/\/tena.yoga\/wp-content\/uploads\/2025\/03\/Poklon_BON_mindfulness_tecaj-05.webp 886w, https:\/\/tena.yoga\/wp-content\/uploads\/2025\/03\/Poklon_BON_mindfulness_tecaj-05-300x300.webp 300w, https:\/\/tena.yoga\/wp-content\/uploads\/2025\/03\/Poklon_BON_mindfulness_tecaj-05-100x100.webp 100w, https:\/\/tena.yoga\/wp-content\/uploads\/2025\/03\/Poklon_BON_mindfulness_tecaj-05-600x600.webp 600w, https:\/\/tena.yoga\/wp-content\/uploads\/2025\/03\/Poklon_BON_mindfulness_tecaj-05-150x150.webp 150w\" sizes=\"(max-width: 886px) 100vw, 886px\" \/><\/a><\/figure>\n\n\n\n<figure class=\"wp-block-image size-large\"><a href=\"https:\/\/tena.yoga\/wp-content\/uploads\/2025\/03\/Poklon_BON_privatni_sat_tena-02.webp\"><img decoding=\"async\" width=\"886\" height=\"886\" data-id=\"6728\" src=\"https:\/\/tena.yoga\/wp-content\/uploads\/2025\/03\/Poklon_BON_privatni_sat_tena-02.webp\" alt=\"\" class=\"wp-image-6728\" srcset=\"https:\/\/tena.yoga\/wp-content\/uploads\/2025\/03\/Poklon_BON_privatni_sat_tena-02.webp 886w, https:\/\/tena.yoga\/wp-content\/uploads\/2025\/03\/Poklon_BON_privatni_sat_tena-02-300x300.webp 300w, https:\/\/tena.yoga\/wp-content\/uploads\/2025\/03\/Poklon_BON_privatni_sat_tena-02-100x100.webp 100w, https:\/\/tena.yoga\/wp-content\/uploads\/2025\/03\/Poklon_BON_privatni_sat_tena-02-600x600.webp 600w, https:\/\/tena.yoga\/wp-content\/uploads\/2025\/03\/Poklon_BON_privatni_sat_tena-02-150x150.webp 150w\" sizes=\"(max-width: 886px) 100vw, 886px\" \/><\/a><\/figure>\n<\/figure>\n","protected":false},"excerpt":{"rendered":"<p>Darilni bon za spletno jogo in meditacijo je prakti\u010dno darilo za vse, ki \u017eelijo obogatiti svoje zdravje in veselje.<\/p>\n","protected":false},"featured_media":11612,"template":"","meta":{"_sitemap_exclude":false,"_sitemap_priority":"","_sitemap_frequency":""},"product_cat":[517,525,518],"product_tag":[527],"class_list":{"0":"post-11614","1":"product","2":"type-product","3":"status-publish","4":"has-post-thumbnail","6":"product_cat-cujecnost","7":"product_cat-joga-za-nosecnice","8":"product_cat-spletna-joga","9":"product_tag-poklon-bon","11":"first","12":"instock","13":"shipping-taxable","14":"purchasable","15":"product-type-variable"},"_links":{"self":[{"href":"https:\/\/tena.yoga\/sl\/wp-json\/wp\/v2\/product\/11614","targetHints":{"allow":["GET"]}}],"collection":[{"href":"https:\/\/tena.yoga\/sl\/wp-json\/wp\/v2\/product"}],"about":[{"href":"https:\/\/tena.yoga\/sl\/wp-json\/wp\/v2\/types\/product"}],"wp:featuredmedia":[{"embeddable":true,"href":"https:\/\/tena.yoga\/sl\/wp-json\/wp\/v2\/media\/11612"}],"wp:attachment":[{"href":"https:\/\/tena.yoga\/sl\/wp-json\/wp\/v2\/media?parent=11614"}],"wp:term":[{"taxonomy":"product_cat","embeddable":true,"href":"https:\/\/tena.yoga\/sl\/wp-json\/wp\/v2\/product_cat?post=11614"},{"taxonomy":"product_tag","embeddable":true,"href":"https:\/\/tena.yoga\/sl\/wp-json\/wp\/v2\/product_tag?post=11614"}],"curies":[{"name":"wp","href":"https:\/\/api.w.org\/{rel}","templated":true}]}}