{"id":10834,"date":"2024-12-03T09:56:50","date_gmt":"2024-12-03T08:56:50","guid":{"rendered":"https:\/\/tena.yoga\/online-yoga\/besplatna-online-yoga-i-meditacija\/"},"modified":"2026-03-29T17:07:08","modified_gmt":"2026-03-29T15:07:08","slug":"brezplacna-spletna-joga-in-meditacija","status":"publish","type":"page","link":"https:\/\/tena.yoga\/sl\/online-yoga\/brezplacna-spletna-joga-in-meditacija\/","title":{"rendered":"Brezpla\u010dna spletna joga in meditacija"},"content":{"rendered":"\n<div style=\"height:50px\" aria-hidden=\"true\" class=\"wp-block-spacer\"><\/div>\n\n\n\n<div class=\"wp-block-columns is-layout-flex wp-container-core-columns-is-layout-28f84493 wp-block-columns-is-layout-flex\">\n<div class=\"wp-block-column is-layout-flow wp-block-column-is-layout-flow\" style=\"flex-basis:10%\"><\/div>\n\n\n\n<div class=\"wp-block-column is-layout-flow wp-block-column-is-layout-flow\" style=\"flex-basis:80%\">\n<p>Znanje in izku\u0161nje z jogo in meditacijo, ki sem jih gradila vrsto let, so brezpla\u010dno na voljo na mojem <a href=\"https:\/\/www.youtube.com\/@TenaRebernjakYogaTeacher\/\">YouTube kanalu<\/a> v obliki tematskih seznamov predvajanja videoposnetkov. Naro\u010dite se, vadite doma in se u\u010dite, vzemite tisto, kar vam koristi, in delite s prijatelji.<\/p>\n\n\n\n<p>Z veseljem vas vabim, da se pridru\u017eite mojemu mese\u010dnemu <a href=\"https:\/\/tena.yoga\/sl\/online-yoga\/\" data-type=\"page\" data-id=\"9881\">spletnemu programu joge<\/a>, kjer se redno dru\u017eimo in vadimo.<\/p>\n\n\n\n<div class=\"wp-block-columns is-layout-flex wp-container-core-columns-is-layout-28f84493 wp-block-columns-is-layout-flex\">\n<div class=\"wp-block-column alignleft04 is-layout-flow wp-block-column-is-layout-flow\" style=\"flex-basis:10%\"><div class=\"wp-block-image alignleft04\">\n<figure class=\"alignright size-full is-resized\"><img decoding=\"async\" width=\"96\" height=\"96\" src=\"https:\/\/tena.yoga\/wp-content\/uploads\/2024\/12\/playlist-videos-icon.png\" alt=\"\" class=\"wp-image-5339\" style=\"object-fit:cover;width:32px;height:32px\"\/><\/figure>\n<\/div><\/div>\n\n\n\n<div class=\"wp-block-column is-layout-flow wp-block-column-is-layout-flow\" style=\"flex-basis:90%\">\n<p class=\"has-cyan-bluish-gray-color has-text-color has-link-color wp-elements-e2fc137d482cc48d7fdb8b52716ffd7d\">Nasvet: Do seznama predvajanja lahko dostopate tako, da s kazalcem mi\u0161ke premaknete veliko fotografijo in nato kliknete ikono, ki se prika\u017ee v zgornjem desnem kotu.<\/p>\n<\/div>\n<\/div>\n<\/div>\n\n\n\n<div class=\"wp-block-column is-layout-flow wp-block-column-is-layout-flow\" style=\"flex-basis:10%\"><\/div>\n<\/div>\n\n\n\n<div style=\"height:15px\" aria-hidden=\"true\" class=\"wp-block-spacer\"><\/div>\n\n\n\n<div class=\"container px-0 container px-md-4\">\n        <div class=\"row\">\n          <div class=\"col-md-10 offset-md-1 px-0\">\n            \n<div class=\"col-12 sidebar mb-5\">\n  <h2>Seznam predvajanja 1: 40-minutna joga terapija<\/h2>\n <p>40-minutni te\u010daji joge, ki vsaki\u010d s terapevtskim pristopom obravnavajo drugo temo in drug del telesa.<\/p>\n\n<p>Poudarek je na metodah, ki posebej pomagajo re\u0161iti te\u017eavo ali delajo z dolo\u010denim delom telesa. Z gibi, dihanjem, osredoto\u010danjem na dolo\u010den del, raztezanjem in so\u010dutnim odnosom se lahko zavestno in namensko dotikamo svojega telesa ter treniramo mi\u0161ice in tkiva, ki nas dr\u017eijo ujete v bole\u010dini in nelagodju. Moto je &#8220;zavestno, jasno, odlo\u010dno in z razumevanjem&#8221;, tako se izvajajo ti te\u010daji joge.<\/p>\n\n<p>Terapevtski pristop prepozna kompleksnost vsake zdravstvene te\u017eave in se ji loteva celostno &#8211; celovito z uporabo jogijskih metod.<\/p>\n\n<p>Na teh te\u010dajih joge se raztezamo, dihamo in umirjamo svoje misli, da smo pripravljeni na izzive dneva. S 40 minutami joge bomo pridobili potrpe\u017eljivost in disciplino za vadbo ter premagali lenobo in utrujenost na dnevni bazi.<\/p>\n  <div class=\"mt-3\">\n    <div class=\"ypt_wrapper\">\n      <div class=\"video embed-container\">\n        <div id=\"ytpl-player2\" data-pl=\"PLVtxJMCbUbpN71Cbhpvu_7zOgzJQqh8M5\">\n        <\/div>\n      <\/div>\n      <div>\n        <h3 class=\"ytpl-title\"><\/h3>\n        <div class=\"ytpl-desc\"><\/div>\n      <\/div>\n      <div class=\"ytpl-flexslider\">\n        <ul class=\"ytpl--thumbs slides\"><\/ul>\n      <\/div>\n    <\/div>\n  <\/div>\n<\/div>\n\n<div class=\"col-12 sidebar mb-5\">\n  <h2>Seznam predvajanja 2: 5\u201315-minutni spletni te\u010daji joge<\/h2>\n      <p>V\u010dasih je le 15 ali 20 minut vse, kar imamo, in to je dovolj, da po\u017eenemo energijo, odpravimo zakisanost ali utrujenost. Ta seznam predvajanja je poln kratkih, a u\u010dinkovitih te\u010dajev, ki jih lahko IGRATE kadar koli in iz njih izvle\u010dete najve\u010d. Vadite med svojimi vsakodnevnimi aktivnostmi. Te\u010daji so terapevtski in obravnavajo specifi\u010dne teme.<\/p>\n  <div class=\"mt-3\">\n    <div class=\"ypt_wrapper\">\n      <div class=\"video embed-container\">\n        <div id=\"ytpl-player1\" data-pl=\"PLVtxJMCbUbpP40BzpR1dKfhOIruqWa6sg\">\n        <\/div>\n      <\/div>\n      <div>\n        <h3 class=\"ytpl-title\"><\/h3>\n        <div class=\"ytpl-desc\"><\/div>\n      <\/div>\n      <div class=\"ytpl-flexslider\">\n        <ul class=\"ytpl--thumbs slides\"><\/ul>\n      <\/div>\n    <\/div>\n  <\/div>\n<\/div>\n\n<div class=\"col-12 sidebar mb-5\">\n  <h2>Seznam predvajanja 3: Joga \u010duje\u010dega po\u010dasnega pretoka<\/h2>\n  <p><a href=\"https:\/\/tena.yoga\/sl\/programi\/mindful-slow-flow-joga\/\"><em>\u010cuje\u010di po\u010dasni tok<\/em><\/a> je te\u010daj s po\u010dasnim ritmom in meditativnim zna\u010dajem.\nZ gibanjem in zadr\u017eevanjem preprostih telesnih polo\u017eajev se zavedamo sedanjega trenutka, svojega stanja, svoje notranje atmosfere.<\/p>\n\n<p>Te\u010daj je sestavljen iz po\u010dasnih gibov, ki jim \u017eelimo zavestno slediti od za\u010detka do konca in jih izvajati tako, kot je za nas v tistem trenutku naravno in potrebno. Ozave\u0161\u010damo in poglobimo svoj dih, kar spodbuja izmenjavo energije v telesu.\n<a href=\"https:\/\/tena.yoga\/sl\/programi\/meditacija-cujecnosti\/\">Meditacija<\/a> \u010duje\u010dnosti diha je ena najbolj raz\u0161irjenih meditacijskih tehnik, zato je zdru\u017eevanje pozornosti na dih osnova tega pristopa k telesu.<\/p>\n<p>Med te\u010dajem se bomo ve\u010dkrat spomnili, kje to\u010dno smo in kak\u0161en odnos ustvarjamo do sedanje izku\u0161nje. Po zavestnih gibih dlje \u010dasa ostanemo v ve\u010d krep\u010dilnih polo\u017eajih. V\u010dasih ti polo\u017eaji niso izklju\u010dno udobni, zato se zavemo upora, ki se lahko pojavi, z namenom, da ga sprostimo.<\/p>\n\n<p>Telesni ob\u010dutki so polje, skozi katerega se u\u010dimo razumeti reakcije in navade uma.<\/p>\n  <div class=\"mt-3\">\n    <div class=\"ypt_wrapper\">\n      <div class=\"video embed-container\">\n        <div id=\"ytpl-player3\" data-pl=\"PLVtxJMCbUbpMkthR1vlAl7Rga5RuJ-evO\">\n        <\/div>\n      <\/div>\n      <div>\n        <h3 class=\"ytpl-title\"><\/h3>\n        <div class=\"ytpl-desc\"><\/div>\n      <\/div>\n      <div class=\"ytpl-flexslider\">\n        <ul class=\"ytpl--thumbs slides\"><\/ul>\n      <\/div>\n    <\/div>\n  <\/div>\n<\/div>\n\n<div class=\"col-12 sidebar mb-5\">\n  <h2>Playlist 4: Yoga za mentalno zdravlje<\/h2>\n  <p>U ovoj su playlisti sa\u017eeti sati koji se izravno ili posredno bave mentalnim zdravljem. Kroz <a href=\"https:\/\/tena.yoga\/sl\/blog\/mindfulness-za-pocetnike\/\"><em>Mindful pristup<\/em><\/a> u radu s tijelom vje\u017ebamo osjetiti prostor oko sebe, umanjiti sres, otvoriti srce te time prona\u0107i mogu\u0107nost da do\u017eivimo iz drugog o\u010di\u0161ta ono \u0161to nas ti\u0161ti. Dobro se razgibamo i otvorimo novi prostor vjere i snage za vlastito mentalno zdravlje.<\/p>\n\n<p>Tijelo je polje u kojem se odvija na\u0161a anksioznost ili stres pa je time i polje u kojem ista pro\u0111e. Mi se vra\u0107amo u tijelo i mijenjamo energiju, umanjujemo napetosti i di\u0161emo kako bi ozdravili i tijelo i du\u0161u.<\/p>\n  <div class=\"mt-3\">\n    <div class=\"ypt_wrapper\">\n      <div class=\"video embed-container\">\n        <div id=\"ytpl-player4\" data-pl=\"PLVtxJMCbUbpOYfH6n7lzjnQxST0THYhLt\">\n        <\/div>\n      <\/div>\n      <div>\n        <h3 class=\"ytpl-title\"><\/h3>\n        <div class=\"ytpl-desc\"><\/div>\n      <\/div>\n      <div class=\"ytpl-flexslider\">\n        <ul class=\"ytpl--thumbs slides\"><\/ul>\n      <\/div>\n    <\/div>\n  <\/div>\n<\/div>\n \n<div class=\"col-12 sidebar mb-5\">\n  <h2>Playlist 5: Mindfulness<\/h2>\n  <p>Meditacijom treniramo svijest o tome \u0161to mislimo i koje stanje je prisutno te mogu\u0107nost izbora \u017eelimo li to nastaviti generirati ili ne.<\/p>\n\n<p><a href=\"https:\/\/tena.yoga\/programi\/mindfulness-tecaj\/\"><em>Mindfulness<\/em><\/a> (pomnost) je prirodna sposobnost svakog \u010dovjeka da bude svjestan onoga \u0161to se doga\u0111a u sada\u0161njem trenutku i da isto mo\u017ee prihvatiti sa suosje\u0107anjem, na miran na\u010din. To je stanje svijesti u kojem um ne osu\u0111uje niti se opire onome \u0161to prepoznaje i \u0161to trenutno jest te ima dovoljno kapaciteta procijeniti kako se ispravno postaviti. Dva su klju\u010dna elementa mindfulnessa, svijest\/budnost i suosje\u0107anje\/prihva\u0107anje.<\/p>\n\n<p>Biti mindful i imati te kvalitete uma nije slu\u010dajnost, to je svjestan odabir svakoga od nas. Iz tog razloga, da bi se uop\u0107e mogli sjetiti sada\u0161njeg trenutka, potrebno je redovito \u201ctrenirati\u201d kroz formalnu i neformalnu meditacijsku praksu.<\/p>\n<p>Kao \u0161to znamo mi djelujemo prema obrascima i navikama (svjesnim i nesvjesnim) koje smo stekli kroz mnoge godine, zato kada krenemo meditirati mi &#8220;treniramo&#8221; na\u0161 um da sve \u010de\u0161\u0107e odlu\u010duje biti u direktnom iskustvu sa tjelesnim senzacijama, osje\u0107ajima i mislima te da vidi jesu li nam ranije steknute navike zaista korisne.<\/p>  \n  <div class=\"mt-3\">\n    <div class=\"ypt_wrapper\">\n      <div class=\"video embed-container\">\n        <div id=\"ytpl-player5\" data-pl=\"PLVtxJMCbUbpMNVJHPWlyQ3u_CiK-hGH6p\">\n        <\/div>\n      <\/div>\n      <div>\n        <h3 class=\"ytpl-title\"><\/h3>\n        <div class=\"ytpl-desc\"><\/div>\n      <\/div>\n      <div class=\"ytpl-flexslider\">\n        <ul class=\"ytpl--thumbs slides\"><\/ul>\n      <\/div>\n    <\/div>\n  <\/div>\n<\/div>\n\n<div class=\"col-12 sidebar mb-5\">\n  <h2>Playlist 6: Yoga sad i Mali buda<\/h2>\n  <p>Praksa yoge i meditacije su nam hrana, daju nam veselje i smisao za sve ostalo te kapacitet da budemo dobro s drugim ljudima. Zato je to vrijeme jako va\u017eno, to je poriv na\u0161eg bi\u0107a da ostanemo zdravog duha u zdravom tijelu, \u0161to je osnovno.<\/p>\n<p>S obzirom da je u nekim fazama te\u0161ko odvojiti mirnih sat vremena i organizirati se voljela bih vas motivirati da yogu i mindfulness ukomponirate u svakodnevni \u017eivot i svakodnevne radnje. <\/p> \n<p>To ideja Sad yoga projekta.<\/p> \n\n<p>Bitno je dobro namjestiti namjeru iz koje djelujemo pa \u0107e i jedna minuta imati 100%-tnu vrijednost.<\/p> \n\n<p>Prvi korak je otpustiti ideje kako bi stvari trebale biti da bi bile dovoljno dobre, da si prestanemo stavljati zelenu kva\u010dicu kada ispunimo svoja o\u010dekivanja, ne mora biti sve ili ni\u0161ta.<\/p> \n<p>Drugo je vidjeti svoje obaveze kao vrijeme za sebe. Dok perem su\u0111e ili vje\u0161am ve\u0161, osvijestim kako sam namjestila tijelo, kako di\u0161em, kakav mi je izraz lica, s kime se sva\u0111am u glavi, \u0161to se doga\u0111a? Pitam se &#8220;kako mogu promijeniti svoje stanje i biti opu\u0161tena, otvorena da s lako\u0107om radim to \u0161to radim&#8221;?<\/p> \n<p>Ideja je prebaciti sliku o praksi yoge od &#8220;mojih sat vremena u paralelnom svemiru&#8221; u sada i ovdje, u sve \u0161to radimo, stalno. Ionako nema drugog, boljeg vremena da budemo mindful nego \u0161to je ovaj sada\u0161nji trenutak.<\/p>  \n  <div class=\"mt-3\">\n    <div class=\"ypt_wrapper\">\n      <div class=\"video embed-container\">\n        <div id=\"ytpl-player6\" data-pl=\"PLVtxJMCbUbpNNyD5USZhJNQM-iFcJLG2S\">\n        <\/div>\n      <\/div>\n      <div>\n        <h3 class=\"ytpl-title\"><\/h3>\n        <div class=\"ytpl-desc\"><\/div>\n      <\/div>\n      <div class=\"ytpl-flexslider\">\n        <ul class=\"ytpl--thumbs slides\"><\/ul>\n      <\/div>\n    <\/div>\n  <\/div>\n<\/div>\n\n<div class=\"col-12 sidebar mb-5\">\n  <h2>Playlist 7: Prenatal online Yoga &#8211; yoga za trudnice<\/h2>\n  <p><a href=\"https:\/\/tena.yoga\/sl\/programi\/spletna-joga-za-nosecnice\/\">Program prenatal yoge<\/a> namijenjen je trudnicama (i onima koji se tako osje\u0107aju).<\/p>  \n\n<p>Pridru\u017eite mi se neovisno o stadiju trudno\u0107e i prethodnom iskustvu s yogom. Redovni sati yoge u trajanju od sat vremena obuhva\u0107aju duboko disanje i vje\u017ebe disanja, vje\u017ebe snage prilago\u0111ene drugom stanju, vje\u017ebe istezanja, vrijeme za opu\u0161tanje, samomasa\u017eu i meditaciju. <\/p>  \n\n<p>Sati obra\u0111uju teme koje su \u010desti problemi u trudno\u0107i kao \u0161to su bol u donjim le\u0111ima, zatvor i pojava hemeroida, zatvaranje prsa prema naprijed, umor, anksioznost i sl. Kroz sate prolaziti \u0107emo yogijske prakse kojima se pripremamo za porod i povezujemo sa svojom bebom.<\/p>  \n\n<p>Zdrava i vitalna trudno\u0107a je klju\u010d za zdravu majku koja ima snage i energije za porod i potrebe svoje nove bebe. <\/p>  \n  <div class=\"mt-3\">\n    <div class=\"ypt_wrapper\">\n      <div class=\"video embed-container\">\n        <div id=\"ytpl-player7\" data-pl=\"PLVtxJMCbUbpNlH7OPipz8LCt_pNw9Q5Vq\">\n        <\/div>\n      <\/div>\n      <div>\n        <h3 class=\"ytpl-title\"><\/h3>\n        <div class=\"ytpl-desc\"><\/div>\n      <\/div>\n      <div class=\"ytpl-flexslider\">\n        <ul class=\"ytpl--thumbs slides\"><\/ul>\n      <\/div>\n    <\/div>\n  <\/div>\n<\/div>\n \n<div class=\"col-12 sidebar mb-5\">\n  <h2>Playlist 8: Osnove yoge za potpune po\u010detnike<\/h2>\n  <p>Na yogu su dobrodo\u0161li svi bez obzira na dob, sposobnosti, zdravlje, \u017eivotni stil&#8230;\nNikad ju nije kasno zapo\u010deti prakticirati jer nudi brojne alate, tehnike i znanja koji poma\u017eu u postizanju kvalitetnijeg na\u010dina \u017eivota i psihofizi\u010dkog zdravlja.<\/p>\n<p>Na po\u010detku u\u010dimo razli\u010dite osnovne stoje\u0107e, sjede\u0107e i le\u017ee\u0107e yoga polo\u017eaje (Asane), po\u010dinjemo raditi s dahom te se duboko opu\u0161tamo. Fizi\u010dke dobrobiti redovnog prakticiranja yoge su mnogobrojne: vitalna kralje\u017enica, pobolj\u0161an rad svih sustava u organizmu (cirkulacija i probava), lak\u0161e disanje, bolji rad srca, sna\u017eniji mi\u0161i\u0107i, bolja koncentracija, uravnote\u017eenost te ve\u0107i osje\u0107aj mira i sre\u0107e.<\/p>  \n  <div class=\"mt-3\">\n    <div class=\"ypt_wrapper\">\n      <div class=\"video embed-container\">\n        <div id=\"ytpl-player8\" data-pl=\"PLVtxJMCbUbpNliE_8QCvoSX0GvsVto9XN\">\n        <\/div>\n      <\/div>\n      <div>\n        <h3 class=\"ytpl-title\"><\/h3>\n        <div class=\"ytpl-desc\"><\/div>\n      <\/div>\n      <div class=\"ytpl-flexslider\">\n        <ul class=\"ytpl--thumbs slides\"><\/ul>\n      <\/div>\n    <\/div>\n  <\/div>\n<\/div>\n\n<div class=\"col-12 sidebar mb-5\">\n  <h2>Playlist 9: Mindfulness<\/h2>\n  <p>Meditacijom treniramo svijest o tome \u0161to mislimo i koje stanje je prisutno te mogu\u0107nost izbora \u017eelimo li to nastaviti generirati ili ne.<\/p>\n\n <p>Mindfulness (pomnost) je prirodna sposobnost svakog \u010dovjeka da bude svjestan onoga \u0161to se doga\u0111a u sada\u0161njem trenutku i da isto mo\u017ee prihvatiti sa suosje\u0107anjem, na miran na\u010din. To je stanje svijesti u kojem um ne osu\u0111uje niti se opire onome \u0161to prepoznaje i \u0161to trenutno jest te ima dovoljno kapaciteta procijeniti kako se ispravno postaviti. Dva su klju\u010dna elementa mindfulnessa, svijest\/budnost i suosje\u0107anje\/prihva\u0107anje.<\/p>\n\n <p>Biti mindful i imati te kvalitete uma nije slu\u010dajnost, to je svjestan odabir svakoga od nas. Iz tog razloga, da bi se uop\u0107e mogli sjetiti sada\u0161njeg trenutka, potrebno je redovito \u201ctrenirati\u201d kroz formalnu i neformalnu meditacijsku praksu.<\/p>\n <p>Kao \u0161to znamo mi djelujemo prema obrascima i navikama (svjesnim i nesvjesnim) koje smo stekli kroz mnoge godine, zato kada krenemo meditirati mi &#8220;treniramo&#8221; na\u0161 um da sve \u010de\u0161\u0107e odlu\u010duje biti u direktnom iskustvu sa tjelesnim senzacijama, osje\u0107ajima i mislima te da vidi jesu li nam ranije steknute navike zaista korisne.<\/p>  \n  <div class=\"mt-3\">\n    <div class=\"ypt_wrapper\">\n      <div class=\"video embed-container\">\n        <div id=\"ytpl-player9\" data-pl=\"PLVtxJMCbUbpMNVJHPWlyQ3u_CiK-hGH6p\">\n        <\/div>\n      <\/div>\n      <div>\n        <h3 class=\"ytpl-title\"><\/h3>\n        <div class=\"ytpl-desc\"><\/div>\n      <\/div>\n      <div class=\"ytpl-flexslider\">\n        <ul class=\"ytpl--thumbs slides\"><\/ul>\n      <\/div>\n    <\/div>\n  <\/div>\n<\/div>\n \n<div class=\"col-12 sidebar mb-5\">\n  <h2>Playlist 10: Mindful Slow Flow yoga<\/h2>\n  <p>Mindful Slow Flow je sat laganog ritma i meditativnog karaktera.\nOsvje\u0161tavamo sada\u0161nji trenutak, svoje stanje, svoju unutarnju atmosferu kroz pokret i zadr\u017eavanje jednostavnih tjelesnih polo\u017eaja.<\/p>\n<p>Sat se sastoji od sporih pokreta koje \u017eelimo svjesno pratiti od po\u010detka do kraja i izvesti ih onako kako nam je u tom trenutku prirodno i potrebno. Osvje\u0161tavamo i produbljujemo dah \u010dime poti\u010demo izmjenu energije u tijelu.\nMeditacija pomnosti na dah jedna je od najra\u0161irenijih meditacijskih tehnika, pa je zato pridru\u017eivanje pa\u017enje dahu osnova ovakvog pristupa tijelu.<\/p> \n<p>U toku sata vi\u0161e puta \u0107emo se prisjetiti to\u010dno gdje smo i kakav odnos stvaramo prema sada\u0161njem iskustvu. Nakon svjesnih pokreta zadr\u017eavamo se u nekoliko restorativnih polo\u017eaja dulje vremena. Ponekad ti polo\u017eaji nisu isklju\u010divo ugodni pa osvje\u0161tavamo otpor koji mo\u017ee nastati s namjerom da ga otpustimo. \nTjelesne senzacije su polje kroz koje u\u010dimo razumjeti reakcije i navike uma.<\/p>  \n  <div class=\"mt-3\">\n    <div class=\"ypt_wrapper\">\n      <div class=\"video embed-container\">\n        <div id=\"ytpl-player10\" data-pl=\"PLVtxJMCbUbpMkthR1vlAl7Rga5RuJ-evO\">\n        <\/div>\n      <\/div>\n      <div>\n        <h3 class=\"ytpl-title\"><\/h3>\n        <div class=\"ytpl-desc\"><\/div>\n      <\/div>\n      <div class=\"ytpl-flexslider\">\n        <ul class=\"ytpl--thumbs slides\"><\/ul>\n      <\/div>\n    <\/div>\n  <\/div>\n<\/div>\n \n<div class=\"col-12 sidebar mb-5\">\n  <h2>Playlist 11: Yoga za dobro jutro<\/h2>\n  <p>Kratki sati yoge koji su namjenjeni da ih odvje\u017ebate ujutro za bu\u0111enje tijela, uspostavljanje kontakta sa svojim osje\u0107ajima i postavljanje namjera za dan ispred nas.<\/p>  \n  <div class=\"mt-3\">\n    <div class=\"ypt_wrapper\">\n      <div class=\"video embed-container\">\n        <div id=\"ytpl-player11\" data-pl=\"PLVtxJMCbUbpP-Bj5HkeJqOu_KjR6a8MPA\">\n        <\/div>\n      <\/div>\n      <div>\n        <h3 class=\"ytpl-title\"><\/h3>\n        <div class=\"ytpl-desc\"><\/div>\n      <\/div>\n      <div class=\"ytpl-flexslider\">\n        <ul class=\"ytpl--thumbs slides\"><\/ul>\n      <\/div>\n    <\/div>\n  <\/div>\n<\/div>\n\n          <\/div>\n<\/div>\n     <\/div>\n","protected":false},"excerpt":{"rendered":"<p>Znanje in izku\u0161nje z jogo in meditacijo, ki sem jih gradila vrsto let, so brezpla\u010dno na voljo na mojem YouTube<\/p>\n","protected":false},"author":1,"featured_media":0,"parent":9881,"menu_order":0,"comment_status":"closed","ping_status":"closed","template":"","meta":{"_sitemap_exclude":false,"_sitemap_priority":"","_sitemap_frequency":"","footnotes":""},"class_list":["post-10834","page","type-page","status-publish","hentry"],"_links":{"self":[{"href":"https:\/\/tena.yoga\/sl\/wp-json\/wp\/v2\/pages\/10834","targetHints":{"allow":["GET"]}}],"collection":[{"href":"https:\/\/tena.yoga\/sl\/wp-json\/wp\/v2\/pages"}],"about":[{"href":"https:\/\/tena.yoga\/sl\/wp-json\/wp\/v2\/types\/page"}],"author":[{"embeddable":true,"href":"https:\/\/tena.yoga\/sl\/wp-json\/wp\/v2\/users\/1"}],"replies":[{"embeddable":true,"href":"https:\/\/tena.yoga\/sl\/wp-json\/wp\/v2\/comments?post=10834"}],"version-history":[{"count":5,"href":"https:\/\/tena.yoga\/sl\/wp-json\/wp\/v2\/pages\/10834\/revisions"}],"predecessor-version":[{"id":16601,"href":"https:\/\/tena.yoga\/sl\/wp-json\/wp\/v2\/pages\/10834\/revisions\/16601"}],"up":[{"embeddable":true,"href":"https:\/\/tena.yoga\/sl\/wp-json\/wp\/v2\/pages\/9881"}],"wp:attachment":[{"href":"https:\/\/tena.yoga\/sl\/wp-json\/wp\/v2\/media?parent=10834"}],"curies":[{"name":"wp","href":"https:\/\/api.w.org\/{rel}","templated":true}]}}