{"id":10757,"date":"2024-11-19T08:38:07","date_gmt":"2024-11-19T07:38:07","guid":{"rendered":"https:\/\/tena.yoga\/o-meni\/tena-yoga-metoda\/"},"modified":"2026-03-27T07:38:42","modified_gmt":"2026-03-27T06:38:42","slug":"tena-yoga-metoda","status":"publish","type":"page","link":"https:\/\/tena.yoga\/sl\/o-meni\/tena-yoga-metoda\/","title":{"rendered":"Metoda Tena joge"},"content":{"rendered":"\n<div style=\"height:60px\" aria-hidden=\"true\" class=\"wp-block-spacer\"><\/div>\n\n\n\n<div class=\"wp-block-columns is-layout-flex wp-container-core-columns-is-layout-28f84493 wp-block-columns-is-layout-flex\">\n<div class=\"wp-block-column is-layout-flow wp-block-column-is-layout-flow\">\n<p><strong>Metoda Tena joge je moj pristop k pou\u010devanju dinami\u010dne in restorativne joge, ki temelji na terapevtskih in \u010duje\u010dih na\u010delih ter se izvaja natan\u010dno in z veseljem.<br><\/strong>Metoda poudarja na\u010dela, ki jih je vredno izvajati, da bi bila praksa smiselna pot do zdravja. Na\u010dela so preprosta in njihova uporaba je neposreden napor za doseganje najve\u010dje vrednosti, ki jo lahko dobimo od joge.<\/p>\n\n\n\n<p>Osnova metode je <strong>somatska joga<\/strong> &#8211; povezovanje pozornosti s telesnimi ob\u010dutki, poslu\u0161anje govorice telesa in uravnavanje \u010dustev skozi telo. Metoda deluje na prebujanju \u017eivljenjske energije (Prane) skozi na\u010din gibanja in dihanja. To ni moj izum, temve\u010d povzetek bogatega \u010dlove\u0161kega znanja, ki ga prena\u0161am preprosto in varno.<\/p>\n\n\n\n<p>Vi\u0161e o znanju i iskustvima iz kojih je proiza\u0161la metoda pro\u010ditaj na stranici <a href=\"https:\/\/tena.yoga\/sl\/o-meni\/\" data-type=\"page\" data-id=\"10164\">O meni<\/a>.<\/p>\n<\/div>\n\n\n\n<div class=\"wp-block-column is-layout-flow wp-block-column-is-layout-flow\">\n<div style=\"height:30px\" aria-hidden=\"true\" class=\"wp-block-spacer\"><\/div>\n\n\n<div class=\"wp-block-image\">\n<figure class=\"aligncenter size-full is-resized\"><a href=\"https:\/\/tena.yoga\/wp-content\/uploads\/2025\/11\/biram_sto_vjezbam.webp\"><img decoding=\"async\" width=\"1920\" height=\"1920\" src=\"https:\/\/tena.yoga\/wp-content\/uploads\/2025\/11\/biram_sto_vjezbam.webp\" alt=\"\" class=\"wp-image-9225\" style=\"width:370px;height:auto\" srcset=\"https:\/\/tena.yoga\/wp-content\/uploads\/2025\/11\/biram_sto_vjezbam.webp 1920w, https:\/\/tena.yoga\/wp-content\/uploads\/2025\/11\/biram_sto_vjezbam-1024x1024.webp 1024w, https:\/\/tena.yoga\/wp-content\/uploads\/2025\/11\/biram_sto_vjezbam-150x150.webp 150w, https:\/\/tena.yoga\/wp-content\/uploads\/2025\/11\/biram_sto_vjezbam-1536x1536.webp 1536w, https:\/\/tena.yoga\/wp-content\/uploads\/2025\/11\/biram_sto_vjezbam-300x300.webp 300w, https:\/\/tena.yoga\/wp-content\/uploads\/2025\/11\/biram_sto_vjezbam-600x600.webp 600w, https:\/\/tena.yoga\/wp-content\/uploads\/2025\/11\/biram_sto_vjezbam-100x100.webp 100w\" sizes=\"(max-width: 1920px) 100vw, 1920px\" \/><\/a><\/figure>\n<\/div><\/div>\n<\/div>\n\n\n\n<div style=\"height:20px\" aria-hidden=\"true\" class=\"wp-block-spacer\"><\/div>\n\n\n\n<div class=\"wp-block-columns is-layout-flex wp-container-core-columns-is-layout-28f84493 wp-block-columns-is-layout-flex\">\n<div class=\"wp-block-column is-layout-flow wp-block-column-is-layout-flow\">\n<div style=\"height:20px\" aria-hidden=\"true\" class=\"wp-block-spacer\"><\/div>\n\n\n<div class=\"wp-block-image\">\n<figure class=\"aligncenter size-large is-resized\"><a href=\"https:\/\/tena.yoga\/wp-content\/uploads\/2025\/11\/w2.webp\"><img decoding=\"async\" width=\"1024\" height=\"650\" src=\"https:\/\/tena.yoga\/wp-content\/uploads\/2025\/11\/w2-1024x650.webp\" alt=\"\" class=\"wp-image-9216\" style=\"width:400px\" srcset=\"https:\/\/tena.yoga\/wp-content\/uploads\/2025\/11\/w2-1024x650.webp 1024w, https:\/\/tena.yoga\/wp-content\/uploads\/2025\/11\/w2-600x381.webp 600w, https:\/\/tena.yoga\/wp-content\/uploads\/2025\/11\/w2.webp 1207w\" sizes=\"(max-width: 1024px) 100vw, 1024px\" \/><\/a><\/figure>\n<\/div><\/div>\n\n\n\n<div class=\"wp-block-column is-layout-flow wp-block-column-is-layout-flow\">\n<p>Telo komunicira z nami v razponu od napetosti do sprostitve. Tudi \u010dustva segajo od zategnjenosti do odprtosti in jih \u010dutimo v telesu. Z razumevanjem tega jezika lahko zavestno uravnavamo svoja stanja. Naravna inteligenca telesa si prizadeva za zdravje in vrnitev v ravnovesje. <strong>Telo se pozdravi takoj, ko mu zagotovimo prave pogoje, in na to te\u017enjo se lahko zanesemo. <\/strong>Pravi pogoji se nana\u0161ajo na dve na\u010deli: za\u010dnite delati tisto, kar je koristno, in prenehajte delati tisto, kar povzro\u010da slaba in bole\u010da stanja (telesa in duha).<\/p>\n\n\n\n<blockquote class=\"wp-block-quote is-layout-flow wp-block-quote-is-layout-flow\">\n<p>Zdravje je fluidnost, lahkotnost izmenjave prejemanja in odpu\u0161\u010danja.<\/p>\n<\/blockquote>\n<\/div>\n<\/div>\n\n\n\n<div style=\"height:20px\" aria-hidden=\"true\" class=\"wp-block-spacer\"><\/div>\n\n\n\n<div class=\"wp-block-columns is-layout-flex wp-container-core-columns-is-layout-28f84493 wp-block-columns-is-layout-flex\">\n<div class=\"wp-block-column is-layout-flow wp-block-column-is-layout-flow\">\n<p>Vodim vas skozi preproste in razumljive te\u010daje joge, pri \u010demer vam poka\u017eem in razlo\u017eim, kako se postaviti in kam usmeriti svojo pozornost, da dose\u017eete \u017eeleni u\u010dinek vadbe. V okviru spletnega programa joge ponujam smernice za pisanje <a href=\"https:\/\/tena.yoga\/sl\/blog\/zavesten-dnevnik\/\" data-type=\"post\" data-id=\"13280\">dnevnika \u010duje\u010dnosti<\/a>, ki nam pomaga imeti jasno vizijo, kje smo v svoji praksi in kak\u0161en je na\u0161 odnos do vzorcev, v katere zlahka upademo. Med te\u010daji predstavljam <a href=\"https:\/\/tena.yoga\/sl\/blog\/kaj-je-cujecnost-in-zakaj-meditirati-osnove-cujecnosti\/\" data-type=\"post\" data-id=\"15518\">na\u010dela \u010duje\u010dnosti<\/a>, ki sledijo mese\u010dni temi in ki smo jih vabljeni, da jih uporabljamo v vsakdanjem \u017eivljenju.<\/p>\n\n\n\n<p><strong>Kaj lahko pridobite z rednim &#8220;vajenjem joge&#8221; z mano?<\/strong><\/p>\n\n\n\n<ul class=\"wp-block-list\">\n<li>Ostanite aktivni in motivirani.<\/li>\n\n\n\n<li>Pridobite mo\u010d in gibljivost.<\/li>\n\n\n\n<li>Prebudite vse organe in sisteme.<\/li>\n\n\n\n<li>Razumite svoj um z ljubeznijo.<\/li>\n\n\n\n<li>Imejte voljo, ljubezen in energijo za vsakodnevna opravila.<\/li>\n\n\n\n<li>V vsakodnevna dejanja vnesite svojo budisti\u010dno naravo.<\/li>\n\n\n\n<li>Imejte smisel v vsakdanjem \u017eivljenju.<\/li>\n\n\n\n<li>Sledite svoji duhovni poti.<\/li>\n\n\n\n<li>Poi\u0161\u010dite mir in dom v sebi za vse valove \u017eivljenja.<\/li>\n\n\n\n<li><a href=\"https:\/\/tena.yoga\/sl\/online-yoga\/izkusnje-udelezencev\/\" data-type=\"link\" data-id=\"https:\/\/tena.yoga\/sl\/online-yoga\/izkusnje-udelezencev\/\">Izku\u0161nje udele\u017eencev<\/a><\/li>\n<\/ul>\n<\/div>\n\n\n\n<div class=\"wp-block-column is-layout-flow wp-block-column-is-layout-flow\">\n<blockquote class=\"wp-block-quote is-layout-flow wp-block-quote-is-layout-flow\">\n<p><\/p>\n<\/blockquote>\n\n\n\n<div style=\"height:20px\" aria-hidden=\"true\" class=\"wp-block-spacer\"><\/div>\n\n\n<div class=\"wp-block-image\">\n<figure class=\"aligncenter size-full is-resized\"><a href=\"https:\/\/tena.yoga\/wp-content\/uploads\/2024\/12\/Tena_metoda_foto.jpg\"><img decoding=\"async\" width=\"880\" height=\"880\" src=\"https:\/\/tena.yoga\/wp-content\/uploads\/2024\/12\/Tena_metoda_foto.jpg\" alt=\"\" class=\"wp-image-5355\" style=\"width:370px\" srcset=\"https:\/\/tena.yoga\/wp-content\/uploads\/2024\/12\/Tena_metoda_foto.jpg 880w, https:\/\/tena.yoga\/wp-content\/uploads\/2024\/12\/Tena_metoda_foto-300x300.jpg 300w, https:\/\/tena.yoga\/wp-content\/uploads\/2024\/12\/Tena_metoda_foto-100x100.jpg 100w, https:\/\/tena.yoga\/wp-content\/uploads\/2024\/12\/Tena_metoda_foto-600x600.jpg 600w, https:\/\/tena.yoga\/wp-content\/uploads\/2024\/12\/Tena_metoda_foto-150x150.jpg 150w\" sizes=\"(max-width: 880px) 100vw, 880px\" \/><\/a><\/figure>\n<\/div><\/div>\n<\/div>\n\n\n\n<div style=\"height:20px\" aria-hidden=\"true\" class=\"wp-block-spacer\"><\/div>\n\n\n\n<div class=\"wp-block-columns is-layout-flex wp-container-core-columns-is-layout-28f84493 wp-block-columns-is-layout-flex\">\n<div class=\"wp-block-column is-layout-flow wp-block-column-is-layout-flow\" style=\"flex-basis:10%\"><\/div>\n\n\n\n<div class=\"wp-block-column is-layout-flow wp-block-column-is-layout-flow\" style=\"flex-basis:80%\">\n<blockquote class=\"wp-block-quote is-layout-flow wp-block-quote-is-layout-flow\">\n<p>Moj namen je, da vas motiviram, da vzljubite gibanje, u\u017eivate v prebujanju telesa in z lahkoto ohranjate svoje zdravje.<\/p>\n<\/blockquote>\n<\/div>\n\n\n\n<div class=\"wp-block-column is-layout-flow wp-block-column-is-layout-flow\" style=\"flex-basis:10%\"><\/div>\n<\/div>\n\n\n<div class=\"wp-block-image\">\n<figure class=\"aligncenter size-large is-resized\"><a href=\"https:\/\/tena.yoga\/wp-content\/uploads\/2025\/11\/w1bb.webp\"><img decoding=\"async\" width=\"942\" height=\"1024\" src=\"https:\/\/tena.yoga\/wp-content\/uploads\/2025\/11\/w1bb-942x1024.webp\" alt=\"\" class=\"wp-image-9268\" style=\"width:280px\" srcset=\"https:\/\/tena.yoga\/wp-content\/uploads\/2025\/11\/w1bb-942x1024.webp 942w, https:\/\/tena.yoga\/wp-content\/uploads\/2025\/11\/w1bb-600x652.webp 600w, https:\/\/tena.yoga\/wp-content\/uploads\/2025\/11\/w1bb.webp 1126w\" sizes=\"(max-width: 942px) 100vw, 942px\" \/><\/a><\/figure>\n<\/div>\n\n\n<div style=\"height:70px\" aria-hidden=\"true\" class=\"wp-block-spacer\"><\/div>\n\n\n\n<h2 class=\"wp-block-heading has-text-align-center\">NA\u010cELA metode tena joge<\/h2>\n\n\n\n<div style=\"height:40px\" aria-hidden=\"true\" class=\"wp-block-spacer\"><\/div>\n\n\n\n<h5 class=\"wp-block-heading\">1. NA\u010cELO &#8211; pokon\u010dnost brez napora<\/h5>\n\n\n\n<div class=\"wp-block-columns is-layout-flex wp-container-core-columns-is-layout-28f84493 wp-block-columns-is-layout-flex\">\n<div class=\"wp-block-column is-layout-flow wp-block-column-is-layout-flow\" style=\"flex-basis:33.33%\">\n<div style=\"height:20px\" aria-hidden=\"true\" class=\"wp-block-spacer\"><\/div>\n\n\n<div class=\"wp-block-image\">\n<figure class=\"aligncenter size-large is-resized\"><a href=\"https:\/\/tena.yoga\/wp-content\/uploads\/2024\/12\/1_uspravnost.jpg\"><img decoding=\"async\" width=\"1024\" height=\"1024\" src=\"https:\/\/tena.yoga\/wp-content\/uploads\/2024\/12\/1_uspravnost-1024x1024.jpg\" alt=\"\" class=\"wp-image-5294\" style=\"width:300px\" srcset=\"https:\/\/tena.yoga\/wp-content\/uploads\/2024\/12\/1_uspravnost-1024x1024.jpg 1024w, https:\/\/tena.yoga\/wp-content\/uploads\/2024\/12\/1_uspravnost-300x300.jpg 300w, https:\/\/tena.yoga\/wp-content\/uploads\/2024\/12\/1_uspravnost-100x100.jpg 100w, https:\/\/tena.yoga\/wp-content\/uploads\/2024\/12\/1_uspravnost-600x600.jpg 600w, https:\/\/tena.yoga\/wp-content\/uploads\/2024\/12\/1_uspravnost-150x150.jpg 150w, https:\/\/tena.yoga\/wp-content\/uploads\/2024\/12\/1_uspravnost.jpg 1451w\" sizes=\"(max-width: 1024px) 100vw, 1024px\" \/><\/a><\/figure>\n<\/div><\/div>\n\n\n\n<div class=\"wp-block-column is-layout-flow wp-block-column-is-layout-flow\" style=\"flex-basis:66.66%\">\n<p><strong>Hrbtenica je os telesa, ki nas dr\u017ei pokonci, periferija pa po\u010diva na tej osrednji opori in se spro\u0161\u010da.<\/strong> Joga asane so tradicionalno zasnovane tako, da prilagajajo nagib medenice in hrbtenice skozi razli\u010dne polo\u017eaje, tako da lahko v meditaciji sedimo enostavno, dlje \u010dasa in mirno.<\/p>\n\n\n\n<p>To na\u010delo temelji na fiziolo\u0161ki delitvi med faznimi in toni\u010dnimi mi\u0161icami, ker so posturalne mi\u0161ice (ki nas predvsem dr\u017eijo pokonci) ponavadi v kr\u010du, \u010de jih ne uporabljamo pravilno in \u010de so pasivne. To telo zaklene v fetalni polo\u017eaj, skraj\u0161a sprednji del telesa in prepre\u010di pokon\u010dno dr\u017eo. Z delom na podalj\u0161evanju sprednjega dela in krepitvi zadnjega dela telesa ter obravnavo teh mi\u0161i\u010dnih skupin brez napora stojimo pokonci.<\/p>\n\n\n\n<p>Prav tako, ko izgubimo mo\u010d in integriteto sredi\u0161\u010da telesa, periferija za\u010dne prevzemati to funkcijo, kar pomeni, da so mi\u0161ice, ki nimajo dolgotrajnih tkiv, v nenehni napetosti in za\u010dnejo ustvarjati stres (na primer trapezna mi\u0161ica). Ko imamo dobro razmerje med mo\u010djo in spro\u0161\u010denostjo, svoje telo uporabljamo na najbolj\u0161i na\u010din in smo naju\u010dinkovitej\u0161i.<\/p>\n\n\n\n<blockquote class=\"wp-block-quote is-layout-flow wp-block-quote-is-layout-flow\">\n<p>Ko okrepimo svoj center, se zlahka dr\u017eimo pokonci in imamo odprto dr\u017eo.<\/p>\n<\/blockquote>\n<\/div>\n<\/div>\n\n\n\n<div style=\"height:40px\" aria-hidden=\"true\" class=\"wp-block-spacer\"><\/div>\n\n\n\n<h5 class=\"wp-block-heading\">2. NA\u010cELO &#8211; Zavesten odnos<\/h5>\n\n\n\n<div class=\"wp-block-columns is-layout-flex wp-container-core-columns-is-layout-28f84493 wp-block-columns-is-layout-flex\">\n<div class=\"wp-block-column is-layout-flow wp-block-column-is-layout-flow\" style=\"flex-basis:33.33%\">\n<div style=\"height:20px\" aria-hidden=\"true\" class=\"wp-block-spacer\"><\/div>\n\n\n<div class=\"wp-block-image\">\n<figure class=\"aligncenter size-large is-resized\"><a href=\"https:\/\/tena.yoga\/wp-content\/uploads\/2024\/12\/2_mindful_omjer.jpg\"><img decoding=\"async\" width=\"1024\" height=\"1024\" src=\"https:\/\/tena.yoga\/wp-content\/uploads\/2024\/12\/2_mindful_omjer-1024x1024.jpg\" alt=\"\" class=\"wp-image-5302\" style=\"width:300px\" srcset=\"https:\/\/tena.yoga\/wp-content\/uploads\/2024\/12\/2_mindful_omjer-1024x1024.jpg 1024w, https:\/\/tena.yoga\/wp-content\/uploads\/2024\/12\/2_mindful_omjer-300x300.jpg 300w, https:\/\/tena.yoga\/wp-content\/uploads\/2024\/12\/2_mindful_omjer-100x100.jpg 100w, https:\/\/tena.yoga\/wp-content\/uploads\/2024\/12\/2_mindful_omjer-600x600.jpg 600w, https:\/\/tena.yoga\/wp-content\/uploads\/2024\/12\/2_mindful_omjer-150x150.jpg 150w, https:\/\/tena.yoga\/wp-content\/uploads\/2024\/12\/2_mindful_omjer.jpg 1451w\" sizes=\"(max-width: 1024px) 100vw, 1024px\" \/><\/a><\/figure>\n<\/div><\/div>\n\n\n\n<div class=\"wp-block-column is-layout-flow wp-block-column-is-layout-flow\" style=\"flex-basis:66.66%\">\n<p><strong>To na\u010delo temelji na temeljih \u010duje\u010dnosti, ki so dobro ravnovesje med budnostjo in spro\u0161\u010denostjo.<\/strong> Dolo\u010deni deli telesa v asani vzpostavljajo mirno mo\u010d in stabilnost, so osnova, na kateri se preostali del telesa sprosti in raz\u0161iri, tako da dihamo z lahkoto. V \u010duje\u010dem odnosu se zavedamo, da lahko hkrati do\u017eivimo ve\u010d izku\u0161enj, na primer te\u017eo mo\u010di in lahkotnost odprtosti. Prav s tem, kako porazdelimo mo\u010d in spro\u0161\u010denost v telesu, prilagodimo odnos bli\u017enjih ob\u010dutkov in imamo lahkotno izku\u0161njo asane.<\/p>\n\n\n\n<p>Pri vseh spremembah med prakso si prizadevamo ohranjati \u0161iroko, a popolnoma prisotno pozornost s telesnimi ob\u010dutki. \u010ce se na\u0161a pozornost zo\u017ei, preverimo, kaj jo je odvra\u010dalo in ali jo lahko ponovno raz\u0161irimo, da bi izkusili isto iz \u0161ir\u0161ega prostora.<\/p>\n\n\n\n<p>Ker smo se zavestno odlo\u010dili, da bomo vstopili v polo\u017eaj, smo odlo\u010deni, da ga bomo zadr\u017eali z veseljem, da bomo dali vse od sebe in uravnote\u017eili razmerje med mo\u010djo, raztezanjem in sprostitvijo. Pri izvajanju tega na\u010dela se zavedamo razlik, na primer mirne dr\u017ee nog in lahkotnosti gibanja trupa in rok ali mo\u010dnega trebuha, a spro\u0161\u010denih obraznih mi\u0161ic.<\/p>\n\n\n\n<blockquote class=\"wp-block-quote is-layout-flow wp-block-quote-is-layout-flow\">\n<p>\u0160irjenje prostora okoli izku\u0161nje in dobro ravnovesje med mo\u010djo in lahkotnostjo nam zagotavljata temelje za zavesten odnos do vsakega stanja.<\/p>\n<\/blockquote>\n<\/div>\n<\/div>\n\n\n\n<div style=\"height:40px\" aria-hidden=\"true\" class=\"wp-block-spacer\"><\/div>\n\n\n\n<h5 class=\"wp-block-heading\">3. NA\u010cELO &#8211; Jasen namen<\/h5>\n\n\n\n<div class=\"wp-block-columns is-layout-flex wp-container-core-columns-is-layout-28f84493 wp-block-columns-is-layout-flex\">\n<div class=\"wp-block-column is-layout-flow wp-block-column-is-layout-flow\" style=\"flex-basis:33.33%\">\n<div style=\"height:20px\" aria-hidden=\"true\" class=\"wp-block-spacer\"><\/div>\n\n\n<div class=\"wp-block-image\">\n<figure class=\"aligncenter size-large is-resized\"><a href=\"https:\/\/tena.yoga\/wp-content\/uploads\/2024\/12\/3_jasna_namjera.jpg\"><img decoding=\"async\" width=\"1024\" height=\"1024\" src=\"https:\/\/tena.yoga\/wp-content\/uploads\/2024\/12\/3_jasna_namjera-1024x1024.jpg\" alt=\"\" class=\"wp-image-5310\" style=\"width:300px\" srcset=\"https:\/\/tena.yoga\/wp-content\/uploads\/2024\/12\/3_jasna_namjera-1024x1024.jpg 1024w, https:\/\/tena.yoga\/wp-content\/uploads\/2024\/12\/3_jasna_namjera-300x300.jpg 300w, https:\/\/tena.yoga\/wp-content\/uploads\/2024\/12\/3_jasna_namjera-100x100.jpg 100w, https:\/\/tena.yoga\/wp-content\/uploads\/2024\/12\/3_jasna_namjera-600x600.jpg 600w, https:\/\/tena.yoga\/wp-content\/uploads\/2024\/12\/3_jasna_namjera-150x150.jpg 150w, https:\/\/tena.yoga\/wp-content\/uploads\/2024\/12\/3_jasna_namjera.jpg 1451w\" sizes=\"(max-width: 1024px) 100vw, 1024px\" \/><\/a><\/figure>\n<\/div><\/div>\n\n\n\n<div class=\"wp-block-column is-layout-flow wp-block-column-is-layout-flow\" style=\"flex-basis:66.66%\">\n<p><strong>Jasno vemo, kaj je na\u0161 namen, zakaj zavzemamo dolo\u010den polo\u017eaj, in se postavimo natan\u010dno tako, da ciljamo na to specifi\u010dno podro\u010dje.<\/strong> \u010ce na primer stojimo v rotacijskem polo\u017eaju in imamo potegnjeno medenico, zo\u017een spodnji trebu\u0161ni prostor, globoko dihamo in stiskamo trebu\u0161ne mi\u0161ice \u2013 izvajamo vajo za aktivacijo trebuha. \u010ce imamo v istem polo\u017eaju potegnjeno medenico in ravno hrbtenico ter dihamo &#8220;gor in dol&#8221; vzdol\u017e nje, izvajamo vajo za rotacijo hrbtnih mi\u0161ic.<\/p>\n\n\n\n<blockquote class=\"wp-block-quote is-layout-flow wp-block-quote-is-layout-flow\">\n<p>Klju\u010d do \u017eelenega u\u010dinka je v nameri, ki stoji za na\u0161im polo\u017eajem, in v tem, kako dihamo v tem polo\u017eaju.<\/p>\n<\/blockquote>\n\n\n\n<p>Jasen namen pomeni tudi zavedanje, zakaj se poglabljamo v dolo\u010den polo\u017eaj, ali se silimo, ker mislimo, da moramo nekaj dose\u010di, ali pa spo\u0161tujemo govorico telesa in ji damo mo\u017enost, da se sama odpre in prilagodi. <strong>Tukaj se na\u0161i nameni razlikujejo med pravilnimi in napa\u010dnimi.<\/strong><\/p>\n\n\n\n<p>Med vadbo se lahko zavedamo lenobe, dolg\u010dasa, bole\u010dine, \u010dustvenih reakcij, kompleksov in vtisov v telesu, vendar se trudimo, da se nanje ne odzovemo. Pravilen namen je, da med vadbo vadimo ne\u0161kodovanje, potrpe\u017eljivost in so\u010dutje do tega, kar \u010dutimo med vadbo, prav v stiku z neprijetnimi ob\u010dutki.<\/p>\n\n\n\n<blockquote class=\"wp-block-quote is-layout-flow wp-block-quote-is-layout-flow\">\n<p>Vadimo z jasnostjo in odlo\u010dnostjo, da dose\u017eemo \u017eeleni u\u010dinek.<\/p>\n<\/blockquote>\n<\/div>\n<\/div>\n\n\n\n<div style=\"height:40px\" aria-hidden=\"true\" class=\"wp-block-spacer\"><\/div>\n\n\n\n<h5 class=\"wp-block-heading\">4. NA\u010cELO &#8211; Zavedajte se, odprite se, zadihajte<\/h5>\n\n\n\n<div class=\"wp-block-columns is-layout-flex wp-container-core-columns-is-layout-28f84493 wp-block-columns-is-layout-flex\">\n<div class=\"wp-block-column is-layout-flow wp-block-column-is-layout-flow\" style=\"flex-basis:33.33%\">\n<div style=\"height:20px\" aria-hidden=\"true\" class=\"wp-block-spacer\"><\/div>\n\n\n<div class=\"wp-block-image\">\n<figure class=\"aligncenter size-large is-resized\"><a href=\"https:\/\/tena.yoga\/wp-content\/uploads\/2024\/12\/4_osvijesti_otvori_prodisi.jpg\"><img decoding=\"async\" width=\"1024\" height=\"1024\" src=\"https:\/\/tena.yoga\/wp-content\/uploads\/2024\/12\/4_osvijesti_otvori_prodisi-1024x1024.jpg\" alt=\"\" class=\"wp-image-5308\" style=\"width:300px\" srcset=\"https:\/\/tena.yoga\/wp-content\/uploads\/2024\/12\/4_osvijesti_otvori_prodisi-1024x1024.jpg 1024w, https:\/\/tena.yoga\/wp-content\/uploads\/2024\/12\/4_osvijesti_otvori_prodisi-300x300.jpg 300w, https:\/\/tena.yoga\/wp-content\/uploads\/2024\/12\/4_osvijesti_otvori_prodisi-100x100.jpg 100w, https:\/\/tena.yoga\/wp-content\/uploads\/2024\/12\/4_osvijesti_otvori_prodisi-600x600.jpg 600w, https:\/\/tena.yoga\/wp-content\/uploads\/2024\/12\/4_osvijesti_otvori_prodisi-150x150.jpg 150w, https:\/\/tena.yoga\/wp-content\/uploads\/2024\/12\/4_osvijesti_otvori_prodisi.jpg 1451w\" sizes=\"(max-width: 1024px) 100vw, 1024px\" \/><\/a><\/figure>\n<\/div><\/div>\n\n\n\n<div class=\"wp-block-column is-layout-flow wp-block-column-is-layout-flow\" style=\"flex-basis:66.66%\">\n<p><strong>Na\u010delo temelji na osnovah terapevtske joge.<\/strong> Najprej se moramo zavedati bole\u010dega in problemati\u010dnega (napetega ali preve\u010d ohlapnega) dela telesa in nanj usmeriti svojo pozornost. Nato ga je treba po potrebi aktivirati, raztegniti ali okrepiti ter dihati \u00bbskozi\u00ab njega. Ko uporabljamo ta tri na\u010dela in hkrati namensko aktiviramo dolo\u010den del telesa s potrpe\u017eljivostjo in spo\u0161tovanjem do problema, ohranjamo najvarnej\u0161i odnos in ustvarjamo pogoje, da telesna inteligenca spodbudi naravo zdravljenja.<\/p>\n\n\n\n<p>V ta del telesa usmerimo miren, globok vdih, kar ni le metafora, ampak dobesedno, saj z vsakim vdihom na\u0161e telo prejme kisik do vseh celic in lahko resni\u010dno \u00bbdihamo v boke\u00ab. Do problema zavzamemo so\u010duten odnos, ne hitimo in izvajamo prakso, pri kateri spodbujamo naravno inteligenco telesa, da se samo pozdravi.<\/p>\n\n\n\n<blockquote class=\"wp-block-quote is-layout-flow wp-block-quote-is-layout-flow\">\n<p>Potrpe\u017eljivo pustimo, da se telo umiri in da dih prodre globoko.<\/p>\n<\/blockquote>\n<\/div>\n<\/div>\n\n\n\n<div style=\"height:20px\" aria-hidden=\"true\" class=\"wp-block-spacer\"><\/div>\n\n\n\n<div class=\"wp-block-columns is-layout-flex wp-container-core-columns-is-layout-28f84493 wp-block-columns-is-layout-flex\">\n<div class=\"wp-block-column is-layout-flow wp-block-column-is-layout-flow\" style=\"flex-basis:10%\"><\/div>\n\n\n\n<div class=\"wp-block-column is-layout-flow wp-block-column-is-layout-flow\" style=\"flex-basis:80%\">\n<p class=\"has-text-align-center\">Narava na\u0161ega telesa stremi k zdravju, na ta zakon se lahko zanesemo.<br><em>Ko zagotovimo prave pogoje, se telo s prakso zavestnega gibanja zdravi iz jedra.<\/em><\/p>\n<\/div>\n\n\n\n<div class=\"wp-block-column is-layout-flow wp-block-column-is-layout-flow\" style=\"flex-basis:10%\"><\/div>\n<\/div>\n\n\n\n<div style=\"height:30px\" aria-hidden=\"true\" class=\"wp-block-spacer\"><\/div>\n\n\n\n<div class=\"wp-block-buttons is-content-justification-center is-layout-flex wp-container-core-buttons-is-layout-a89b3969 wp-block-buttons-is-layout-flex\">\n<div class=\"wp-block-button is-style-outline is-style-outline--1\"><a class=\"wp-block-button__link has-text-align-center wp-element-button\" href=\"https:\/\/tena.yoga\/sl\/pridruzi-se-mi\/\">PRIDRU\u017dI SE MI<\/a><\/div>\n<\/div>\n\n\n\n<div style=\"height:50px\" aria-hidden=\"true\" class=\"wp-block-spacer\"><\/div>\n","protected":false},"excerpt":{"rendered":"<p>Metoda Tena joge je moj pristop k pou\u010devanju dinami\u010dne in restorativne joge, ki temelji na terapevtskih in \u010duje\u010dih na\u010delih ter<\/p>\n","protected":false},"author":1,"featured_media":10629,"parent":10164,"menu_order":0,"comment_status":"closed","ping_status":"closed","template":"","meta":{"_sitemap_exclude":false,"_sitemap_priority":"","_sitemap_frequency":"","footnotes":""},"class_list":["post-10757","page","type-page","status-publish","has-post-thumbnail","hentry"],"_links":{"self":[{"href":"https:\/\/tena.yoga\/sl\/wp-json\/wp\/v2\/pages\/10757","targetHints":{"allow":["GET"]}}],"collection":[{"href":"https:\/\/tena.yoga\/sl\/wp-json\/wp\/v2\/pages"}],"about":[{"href":"https:\/\/tena.yoga\/sl\/wp-json\/wp\/v2\/types\/page"}],"author":[{"embeddable":true,"href":"https:\/\/tena.yoga\/sl\/wp-json\/wp\/v2\/users\/1"}],"replies":[{"embeddable":true,"href":"https:\/\/tena.yoga\/sl\/wp-json\/wp\/v2\/comments?post=10757"}],"version-history":[{"count":5,"href":"https:\/\/tena.yoga\/sl\/wp-json\/wp\/v2\/pages\/10757\/revisions"}],"predecessor-version":[{"id":16192,"href":"https:\/\/tena.yoga\/sl\/wp-json\/wp\/v2\/pages\/10757\/revisions\/16192"}],"up":[{"embeddable":true,"href":"https:\/\/tena.yoga\/sl\/wp-json\/wp\/v2\/pages\/10164"}],"wp:featuredmedia":[{"embeddable":true,"href":"https:\/\/tena.yoga\/sl\/wp-json\/wp\/v2\/media\/10629"}],"wp:attachment":[{"href":"https:\/\/tena.yoga\/sl\/wp-json\/wp\/v2\/media?parent=10757"}],"curies":[{"name":"wp","href":"https:\/\/api.w.org\/{rel}","templated":true}]}}