{"id":10708,"date":"2022-02-13T09:11:08","date_gmt":"2022-02-13T08:11:08","guid":{"rendered":"https:\/\/tena.yoga\/uvjeti-koristenja\/"},"modified":"2026-04-03T13:22:41","modified_gmt":"2026-04-03T11:22:41","slug":"uvjeti-koristenja","status":"publish","type":"page","link":"https:\/\/tena.yoga\/sl\/uvjeti-koristenja\/","title":{"rendered":"Pogoji uporabe"},"content":{"rendered":"\n<div class=\"wp-block-columns is-layout-flex wp-container-core-columns-is-layout-28f84493 wp-block-columns-is-layout-flex\">\n<div class=\"wp-block-column is-layout-flow wp-block-column-is-layout-flow\" style=\"flex-basis:10%\"><\/div>\n\n\n\n<div class=\"wp-block-column is-layout-flow wp-block-column-is-layout-flow\" style=\"flex-basis:80%\">\n<div style=\"height:50px\" aria-hidden=\"true\" class=\"wp-block-spacer\"><\/div>\n\n\n\n<p><strong>Z vpisom v moj program joge sprejemate naslednje pogoje:<\/strong><\/p>\n\n\n\n<ul class=\"wp-block-list\">\n<li>Razumete, da so lahko te\u010daji v programu Tena Yoga fizi\u010dno in psihi\u010dno naporni, in potrjujete, da se udele\u017eujete prostovoljno, na lastno odgovornost in se zavedate tveganja po\u0161kodb.<\/li>\n\n\n\n<li>Sprejemate pogoj, da vi, va\u0161i sorodniki ali zakoniti zastopniki ne boste to\u017eili mene in programa Tena Yoga, sodelavcev ali \u010dlanov zaradi kakr\u0161nih koli po\u0161kodb, ne\u017eelenega du\u0161evnega stanja, izgubljene lastnine, materialne \u0161kode ali ne\u017eelene smrti, ne glede na vzrok.<\/li>\n\n\n\n<li>Strinjate se in privolite, da program Tena Yoga zbira osebne podatke o vas kot \u010dlanu: ime in priimek, OIB, naslov, leto rojstva in kontaktne podatke. Kako in kako dolgo hranim va\u0161e podatke, je podrobneje opisano na strani <a href=\"https:\/\/tena.yoga\/sl\/izjava-o-privatnosti\/\" data-type=\"page\" data-id=\"10295\">Izjava o zasebnosti<\/a>.<\/li>\n\n\n\n<li>Strinjate se, da bodo zgornji osebni podatki uporabljeni za namene evidenc in poslovnih knjig programa Tena Yoga.<\/li>\n\n\n\n<li>Sprejemate cilje in program dela ter izjavljate, da boste ravnali v skladu z njimi.<\/li>\n<\/ul>\n\n\n\n<div style=\"height:20px\" aria-hidden=\"true\" class=\"wp-block-spacer\"><\/div>\n\n\n\n<p><strong>Pogoji za sodelovanje v programu Tena joge:<\/strong><\/p>\n\n\n\n<ul class=\"wp-block-list\">\n<li>Pred poukom ne u\u017eivajte alkohola ali drog. Pridr\u017eujem si pravico, da vas odstranim iz pouka, \u010de se ne morete udele\u017eiti ali \u010de motite delo skupine.<\/li>\n\n\n\n<li>\u010ce imate kakr\u0161ne koli resne po\u0161kodbe ali bolezni, me prosim obvestite pred poukom.<\/li>\n\n\n\n<li>Ne odgovarjam za morebitne po\u0161kodbe ali nesre\u010de, pouka se udele\u017eujete na lastno odgovornost.<\/li>\n\n\n\n<li>\u010ce imate kakr\u0161na koli vpra\u0161anja, jih vpra\u0161ajte na koncu pouka ali pi\u0161ite po e-po\u0161ti, med poukom pa sledite mojim navodilom.<\/li>\n\n\n\n<li>Spo\u0161tujte ti\u0161ino skupine in vodstva.<\/li>\n<\/ul>\n\n\n\n<div style=\"height:20px\" aria-hidden=\"true\" class=\"wp-block-spacer\"><\/div>\n\n\n\n<h2 class=\"wp-block-heading has-text-align-center\">Hvala!<\/h2>\n\n\n\n<p class=\"has-text-align-center\">Se vidimo na spletu, Tena<\/p>\n\n\n\n<div style=\"height:30px\" aria-hidden=\"true\" class=\"wp-block-spacer\"><\/div>\n\n\n<div class=\"wp-block-image\">\n<figure class=\"aligncenter size-large is-resized\"><a href=\"https:\/\/tena.yoga\/wp-content\/uploads\/2023\/03\/transformation_yoga.png\"><img decoding=\"async\" width=\"1024\" height=\"290\" src=\"https:\/\/tena.yoga\/wp-content\/uploads\/2023\/03\/transformation_yoga-1024x290.png\" alt=\"\" class=\"wp-image-2400\" style=\"width:450px;height:undefinedpx\" srcset=\"https:\/\/tena.yoga\/wp-content\/uploads\/2023\/03\/transformation_yoga-1024x290.png 1024w, https:\/\/tena.yoga\/wp-content\/uploads\/2023\/03\/transformation_yoga-600x170.png 600w, https:\/\/tena.yoga\/wp-content\/uploads\/2023\/03\/transformation_yoga-1536x435.png 1536w, https:\/\/tena.yoga\/wp-content\/uploads\/2023\/03\/transformation_yoga.png 1920w\" sizes=\"(max-width: 1024px) 100vw, 1024px\" \/><\/a><\/figure>\n<\/div><\/div>\n\n\n\n<div class=\"wp-block-column is-layout-flow wp-block-column-is-layout-flow\" style=\"flex-basis:10%\"><\/div>\n<\/div>\n","protected":false},"excerpt":{"rendered":"<p>Z vpisom v moj program joge sprejemate naslednje pogoje: Pogoji za sodelovanje v programu Tena joge: Hvala! Se vidimo na<\/p>\n","protected":false},"author":1,"featured_media":0,"parent":0,"menu_order":0,"comment_status":"closed","ping_status":"closed","template":"","meta":{"_sitemap_exclude":false,"_sitemap_priority":"","_sitemap_frequency":"","footnotes":""},"class_list":["post-10708","page","type-page","status-publish","hentry"],"_links":{"self":[{"href":"https:\/\/tena.yoga\/sl\/wp-json\/wp\/v2\/pages\/10708","targetHints":{"allow":["GET"]}}],"collection":[{"href":"https:\/\/tena.yoga\/sl\/wp-json\/wp\/v2\/pages"}],"about":[{"href":"https:\/\/tena.yoga\/sl\/wp-json\/wp\/v2\/types\/page"}],"author":[{"embeddable":true,"href":"https:\/\/tena.yoga\/sl\/wp-json\/wp\/v2\/users\/1"}],"replies":[{"embeddable":true,"href":"https:\/\/tena.yoga\/sl\/wp-json\/wp\/v2\/comments?post=10708"}],"version-history":[{"count":2,"href":"https:\/\/tena.yoga\/sl\/wp-json\/wp\/v2\/pages\/10708\/revisions"}],"predecessor-version":[{"id":16812,"href":"https:\/\/tena.yoga\/sl\/wp-json\/wp\/v2\/pages\/10708\/revisions\/16812"}],"wp:attachment":[{"href":"https:\/\/tena.yoga\/sl\/wp-json\/wp\/v2\/media?parent=10708"}],"curies":[{"name":"wp","href":"https:\/\/api.w.org\/{rel}","templated":true}]}}