{"id":10699,"date":"2024-08-18T08:26:49","date_gmt":"2024-08-18T06:26:49","guid":{"rendered":"https:\/\/tena.yoga\/impresum\/"},"modified":"2026-03-21T19:38:40","modified_gmt":"2026-03-21T18:38:40","slug":"impresum","status":"publish","type":"page","link":"https:\/\/tena.yoga\/sl\/impresum\/","title":{"rendered":"Impresum"},"content":{"rendered":"\n<div style=\"height:50px\" aria-hidden=\"true\" class=\"wp-block-spacer\"><\/div>\n\n\n\n<p class=\"has-text-align-center\"><strong>\u00a9 Tena yoga, podjetje za storitve in pou\u010devanje joge v lasti Tene Rebernjak<\/strong><\/p>\n\n\n\n<p>Tena Yoga, proizvodno podjetje, je registrirano v evidenci odobritev v skladu z Zakonom o obrti pod registracijsko \u0161tevilko 99072068 pri Upravnem oddelku za gospodarstvo, sklade EU in kmetijstvo Vis, Splitsko-dalmatinska \u017eupanija.<\/p>\n\n\n\n<p>Moji ra\u010duni so opro\u0161\u010deni DDV v skladu z dolo\u010dbami 90. \u010dlena, 2. odstavka Zakona o davku na dodano vrednost (Uradni list 73\/13).<\/p>\n\n\n\n<p class=\"has-text-align-center\">IBAN: HR4123600003234735456 \/ SWIFT: ZABAHR2X<\/p>\n\n\n\n<p class=\"has-text-align-center\">OIB lastnika: 47245449060<\/p>\n\n\n\n<p class=\"has-text-align-center\">Sede\u017e<br>Trg kralja Tomislava 3, 21485 Komi\u017ea (Hrva\u0161ka)<\/p>\n\n\n\n<p class=\"has-text-align-center\"><strong>Razvoj in vzdr\u017eevanje spletne strani:<br><\/strong>Stjepan Tafra (stjepantafra.com)<\/p>\n\n\n\n<p class=\"has-text-align-center\"><strong>Urejanje videa:<br><\/strong>Tena Rebernjak<\/p>\n\n\n\n<p class=\"has-text-align-center\"><strong>Besedila:<br><\/strong>Tena Rebernjak<\/p>\n\n\n\n<p class=\"has-text-align-center\"><strong>Urednik:<br><\/strong>Tena Rebernjak<\/p>\n\n\n\n<p class=\"has-text-align-center\"><strong>Fotografije:<br><\/strong>Stjepan Tafra (stjepantafra.com), Carlo Kova\u010dec (fin.hr), Toni Leki\u0107, arhiv Divya joga studia<\/p>\n\n\n\n<p class=\"has-text-align-center\"><strong>Oblikovanje vizualne identitete:<br><\/strong>Tena Rebernjak<\/p>\n\n\n\n<p class=\"has-text-align-center\">Izjava o trajnosti in dru\u017ebeni odgovornosti<\/p>\n\n\n\n<div style=\"height:146px\" aria-hidden=\"true\" class=\"wp-block-spacer\"><\/div>\n","protected":false},"excerpt":{"rendered":"<p>\u00a9 Tena yoga, podjetje za storitve in pou\u010devanje joge v lasti Tene Rebernjak Tena Yoga, proizvodno podjetje, je registrirano v<\/p>\n","protected":false},"author":1,"featured_media":0,"parent":0,"menu_order":0,"comment_status":"closed","ping_status":"closed","template":"","meta":{"_sitemap_exclude":false,"_sitemap_priority":"","_sitemap_frequency":"","footnotes":""},"class_list":["post-10699","page","type-page","status-publish","hentry"],"_links":{"self":[{"href":"https:\/\/tena.yoga\/sl\/wp-json\/wp\/v2\/pages\/10699","targetHints":{"allow":["GET"]}}],"collection":[{"href":"https:\/\/tena.yoga\/sl\/wp-json\/wp\/v2\/pages"}],"about":[{"href":"https:\/\/tena.yoga\/sl\/wp-json\/wp\/v2\/types\/page"}],"author":[{"embeddable":true,"href":"https:\/\/tena.yoga\/sl\/wp-json\/wp\/v2\/users\/1"}],"replies":[{"embeddable":true,"href":"https:\/\/tena.yoga\/sl\/wp-json\/wp\/v2\/comments?post=10699"}],"version-history":[{"count":1,"href":"https:\/\/tena.yoga\/sl\/wp-json\/wp\/v2\/pages\/10699\/revisions"}],"predecessor-version":[{"id":14513,"href":"https:\/\/tena.yoga\/sl\/wp-json\/wp\/v2\/pages\/10699\/revisions\/14513"}],"wp:attachment":[{"href":"https:\/\/tena.yoga\/sl\/wp-json\/wp\/v2\/media?parent=10699"}],"curies":[{"name":"wp","href":"https:\/\/api.w.org\/{rel}","templated":true}]}}