{"id":10696,"date":"2025-01-09T05:22:03","date_gmt":"2025-01-09T04:22:03","guid":{"rendered":"https:\/\/tena.yoga\/politika-kolacica\/"},"modified":"2026-04-03T13:20:21","modified_gmt":"2026-04-03T11:20:21","slug":"politika-kolacica","status":"publish","type":"page","link":"https:\/\/tena.yoga\/sl\/politika-kolacica\/","title":{"rendered":"Pravilnik o pi\u0161kotkih"},"content":{"rendered":"\n<div style=\"height:50px\" aria-hidden=\"true\" class=\"wp-block-spacer\"><\/div>\n\n\n\n<div class=\"wp-block-columns is-layout-flex wp-container-core-columns-is-layout-28f84493 wp-block-columns-is-layout-flex\">\n<div class=\"wp-block-column is-layout-flow wp-block-column-is-layout-flow\" style=\"flex-basis:15%\"><\/div>\n\n\n\n<div class=\"wp-block-column privatnost-izjava is-layout-flow wp-block-column-is-layout-flow\" style=\"flex-basis:70%\">\n<p>To spletno mesto uporablja analiti\u010dne tehnologije.<\/p>\n\n\n\n<p>Pi\u0161kotki so majhne besedilne datoteke, ki vsebujejo majhne koli\u010dine informacij in se namestijo na va\u0161o napravo. Va\u0161 internetni brskalnik te pi\u0161kotke po\u0161lje nazaj na spletno mesto vsaki\u010d, ko obi\u0161\u010dete spletno mesto, da lahko spletno mesto prepozna va\u0161o napravo.<\/p>\n\n\n\n<p>Seznam pi\u0161kotkov, ki so trenutno name\u0161\u010deni na va\u0161em ra\u010dunalniku:<\/p>\n\n\n<ul style=\"list-style: none;\"><li>1. wp-wpml_current_language : sl<\/li><\/ul>\n\n\n\n<p><strong>Pi\u0161kotek ne bo dostopal do nobenih drugih informacij, razen do podatkov, ki jih posredujete ob obisku tega spletnega mesta.<\/strong><\/p>\n\n\n\n<p>Kontaktni podatki<\/p>\n\n\n\n<p>Tena Rebernjak (to sem jaz &#8211; avtorica tega spletnega mesta) je odgovorna za zagotavljanje skladnosti z ustreznimi zakoni o varstvu podatkov.<\/p>\n\n\n\n<p>\u010ce imate kakr\u0161na koli vpra\u0161anja ali pomisleke, me kontaktirajte po e-po\u0161ti: info@tena.yoga.<\/p>\n<\/div>\n\n\n\n<div class=\"wp-block-column is-layout-flow wp-block-column-is-layout-flow\" style=\"flex-basis:15%\"><\/div>\n<\/div>\n","protected":false},"excerpt":{"rendered":"<p>To spletno mesto uporablja analiti\u010dne tehnologije. Pi\u0161kotki so majhne besedilne datoteke, ki vsebujejo majhne koli\u010dine informacij in se namestijo na<\/p>\n","protected":false},"author":1,"featured_media":0,"parent":0,"menu_order":0,"comment_status":"closed","ping_status":"closed","template":"","meta":{"_sitemap_exclude":false,"_sitemap_priority":"","_sitemap_frequency":"","footnotes":""},"class_list":["post-10696","page","type-page","status-publish","hentry"],"_links":{"self":[{"href":"https:\/\/tena.yoga\/sl\/wp-json\/wp\/v2\/pages\/10696","targetHints":{"allow":["GET"]}}],"collection":[{"href":"https:\/\/tena.yoga\/sl\/wp-json\/wp\/v2\/pages"}],"about":[{"href":"https:\/\/tena.yoga\/sl\/wp-json\/wp\/v2\/types\/page"}],"author":[{"embeddable":true,"href":"https:\/\/tena.yoga\/sl\/wp-json\/wp\/v2\/users\/1"}],"replies":[{"embeddable":true,"href":"https:\/\/tena.yoga\/sl\/wp-json\/wp\/v2\/comments?post=10696"}],"version-history":[{"count":2,"href":"https:\/\/tena.yoga\/sl\/wp-json\/wp\/v2\/pages\/10696\/revisions"}],"predecessor-version":[{"id":16811,"href":"https:\/\/tena.yoga\/sl\/wp-json\/wp\/v2\/pages\/10696\/revisions\/16811"}],"wp:attachment":[{"href":"https:\/\/tena.yoga\/sl\/wp-json\/wp\/v2\/media?parent=10696"}],"curies":[{"name":"wp","href":"https:\/\/api.w.org\/{rel}","templated":true}]}}