{"id":10691,"date":"2025-01-25T15:30:32","date_gmt":"2025-01-25T14:30:32","guid":{"rendered":"https:\/\/tena.yoga\/odrzivost-i-drustvena-odgovornost\/"},"modified":"2026-04-03T13:14:24","modified_gmt":"2026-04-03T11:14:24","slug":"trajnost-in-druzbena-odgovornost","status":"publish","type":"page","link":"https:\/\/tena.yoga\/sl\/trajnost-in-druzbena-odgovornost\/","title":{"rendered":"Trajnost in dru\u017ebena odgovornost"},"content":{"rendered":"\n<div style=\"height:10px\" aria-hidden=\"true\" class=\"wp-block-spacer\"><\/div>\n\n\n\n<div class=\"wp-block-columns is-layout-flex wp-container-core-columns-is-layout-28f84493 wp-block-columns-is-layout-flex\">\n<div class=\"wp-block-column is-layout-flow wp-block-column-is-layout-flow\" style=\"flex-basis:10%\"><\/div>\n\n\n\n<div class=\"wp-block-column is-layout-flow wp-block-column-is-layout-flow\" style=\"flex-basis:80%\">\n<p class=\"has-text-align-center\">Predana sem <a href=\"https:\/\/tena.yoga\/sl\/blog\/kje-se-zacne-ekologija\/\" data-type=\"link\" data-id=\"https:\/\/tena.yoga\/blog\/gdje-pocinje-ekologija\/\">okoljski trajnosti<\/a> in dru\u017ebeni odgovornosti prek razli\u010dnih pobud.<\/p>\n\n\n\n<div style=\"height:30px\" aria-hidden=\"true\" class=\"wp-block-spacer\"><\/div>\n\n\n\n<h4 class=\"wp-block-heading has-text-align-left\">Zmanj\u0161evanje odpadkov<\/h4>\n\n\n\n<ul class=\"wp-block-list\">\n<li><strong>Nabava \u017eivil v razsutem stanju:<\/strong> Prebivalce ozave\u0161\u010damo o pomenu zmanj\u0161evanja odpadkov in jih spodbujamo k nabavi \u017eivil in higienskih pripomo\u010dkov v velikih pakiranjih ali v razsutem stanju.<\/li>\n\n\n\n<li><strong>Lo\u010devanje odpadkov<\/strong>: Ker na otoku ni organiziranega sistema lo\u010denega zbiranja odpadkov, prevzemamo odgovornost za lo\u010devanje in odvoz v Komi\u017e.<\/li>\n\n\n\n<li><strong>Odgovorno odstranjevanje in ponovna uporaba odpadkov: <\/strong>Lo\u010dujemo in se\u017eigamo papir, kompostiramo biolo\u0161ke odpadke, hrano, ki nam ostane, odnesemo ma\u010dkam, povratno embala\u017eo pa vrnemo v Komi\u017eo. Plasti\u010dne posode in plo\u010devinke ponovno uporabljamo za sadike ali shranjevanje.<\/li>\n\n\n\n<li><strong>Ekolo\u0161ko sprejemljivi izdelki: <\/strong>Uporabljamo ekolo\u0161ko certificirane naprave in biorazgradljiva \u010distila.<\/li>\n\n\n\n<li><strong>Gospodinjski aparati, ki var\u010dujejo z energijo: <\/strong>Uporabljamo naprave z ve\u010djo energetsko u\u010dinkovitostjo, ki imajo ni\u017ejo porabo energije.<\/li>\n<\/ul>\n\n\n\n<div style=\"height:10px\" aria-hidden=\"true\" class=\"wp-block-spacer\"><\/div>\n\n\n\n<div class=\"wp-block-columns is-layout-flex wp-container-core-columns-is-layout-28f84493 wp-block-columns-is-layout-flex\">\n<div class=\"wp-block-column is-layout-flow wp-block-column-is-layout-flow\">\n<figure class=\"wp-block-image size-large\"><a href=\"https:\/\/tena.yoga\/wp-content\/uploads\/2024\/11\/eko_plaza_2.jpg\"><img decoding=\"async\" src=\"https:\/\/tena.yoga\/wp-content\/uploads\/2024\/11\/eko_plaza_2-1024x768.jpg.webp\" alt=\"\"\/><\/a><\/figure>\n<\/div>\n\n\n\n<div class=\"wp-block-column is-layout-flow wp-block-column-is-layout-flow\">\n<figure class=\"wp-block-image size-large\"><a href=\"https:\/\/tena.yoga\/wp-content\/uploads\/2025\/04\/smece_na_plazi.webp\"><img decoding=\"async\" width=\"1024\" height=\"768\" src=\"https:\/\/tena.yoga\/wp-content\/uploads\/2025\/04\/smece_na_plazi-1024x768.webp\" alt=\"\" class=\"wp-image-7271\" srcset=\"https:\/\/tena.yoga\/wp-content\/uploads\/2025\/04\/smece_na_plazi-1024x768.webp 1024w, https:\/\/tena.yoga\/wp-content\/uploads\/2025\/04\/smece_na_plazi-600x450.webp 600w, https:\/\/tena.yoga\/wp-content\/uploads\/2025\/04\/smece_na_plazi-1536x1152.webp 1536w, https:\/\/tena.yoga\/wp-content\/uploads\/2025\/04\/smece_na_plazi.webp 1920w\" sizes=\"(max-width: 1024px) 100vw, 1024px\" \/><\/a><\/figure>\n<\/div>\n<\/div>\n\n\n\n<div style=\"height:30px\" aria-hidden=\"true\" class=\"wp-block-spacer\"><\/div>\n\n\n\n<h4 class=\"wp-block-heading has-text-align-left\">\u010ci\u0161\u010denje okolja<\/h4>\n\n\n\n<ul class=\"wp-block-list\">\n<li>Redno \u010di\u0161\u010denje pla\u017e: Po nevihtah obi\u0161\u010demo pla\u017eo Porat in odstranimo odpadke, ki jih prinese morje.<\/li>\n\n\n\n<li>Vzdr\u017eevanje pohodni\u0161kih poti in zara\u0161\u010denih poti.<\/li>\n\n\n\n<li>\u010ci\u0161\u010denje zanemarjenih smeti v gozdovih: Med sprehodi po otoku zbiramo brezskrbno odvr\u017eene odpadke.<\/li>\n<\/ul>\n\n\n\n<div style=\"height:30px\" aria-hidden=\"true\" class=\"wp-block-spacer\"><\/div>\n\n\n\n<h4 class=\"wp-block-heading has-text-align-left\">Vzdr\u017eevanje vrta in sajenje rastlin<\/h4>\n\n\n\n<ul class=\"wp-block-list\">\n<li>Sajenje in zalivanje: Na vrtu sadimo razli\u010dne rastline in drevesa, kar prispeva k ohranjanju okolja in ustvarjanju prijetnega prostora za prihodnje generacije.<\/li>\n\n\n\n<li>Kopanje vrta: s plevenjem lahko prepre\u010dimo, da bi rastline, ki jih sadimo, odvzemale hranila in vodo.<\/li>\n\n\n\n<li>Terasiranje in gradnja novih suhozidov za sajenje oljk.<\/li>\n\n\n\n<li>Nabiranje divjih rastlin.<\/li>\n\n\n\n<li>Gojenje lokalnih, avtohtonih rastlin.<\/li>\n<\/ul>\n\n\n\n<div style=\"height:10px\" aria-hidden=\"true\" class=\"wp-block-spacer\"><\/div>\n\n\n\n<div class=\"wp-block-columns is-layout-flex wp-container-core-columns-is-layout-28f84493 wp-block-columns-is-layout-flex\">\n<div class=\"wp-block-column is-layout-flow wp-block-column-is-layout-flow\">\n<figure class=\"wp-block-image size-large\"><a href=\"https:\/\/tena.yoga\/wp-content\/uploads\/2025\/04\/nikola_karijola.webp\"><img decoding=\"async\" width=\"1024\" height=\"768\" src=\"https:\/\/tena.yoga\/wp-content\/uploads\/2025\/04\/nikola_karijola-1024x768.webp\" alt=\"\" class=\"wp-image-7274\" srcset=\"https:\/\/tena.yoga\/wp-content\/uploads\/2025\/04\/nikola_karijola-1024x768.webp 1024w, https:\/\/tena.yoga\/wp-content\/uploads\/2025\/04\/nikola_karijola-600x450.webp 600w, https:\/\/tena.yoga\/wp-content\/uploads\/2025\/04\/nikola_karijola-1536x1152.webp 1536w, https:\/\/tena.yoga\/wp-content\/uploads\/2025\/04\/nikola_karijola.webp 1920w\" sizes=\"(max-width: 1024px) 100vw, 1024px\" \/><\/a><\/figure>\n<\/div>\n\n\n\n<div class=\"wp-block-column is-layout-flow wp-block-column-is-layout-flow\">\n<figure class=\"wp-block-image size-large\"><a href=\"https:\/\/tena.yoga\/wp-content\/uploads\/2023\/07\/vadimo_krumpire-scaled.webp\"><img decoding=\"async\" width=\"1024\" height=\"768\" src=\"https:\/\/tena.yoga\/wp-content\/uploads\/2023\/07\/vadimo_krumpire-1024x768.webp\" alt=\"\" class=\"wp-image-2876\" srcset=\"https:\/\/tena.yoga\/wp-content\/uploads\/2023\/07\/vadimo_krumpire-1024x768.webp 1024w, https:\/\/tena.yoga\/wp-content\/uploads\/2023\/07\/vadimo_krumpire-scaled-600x450.webp 600w, https:\/\/tena.yoga\/wp-content\/uploads\/2023\/07\/vadimo_krumpire-1536x1152.webp 1536w, https:\/\/tena.yoga\/wp-content\/uploads\/2023\/07\/vadimo_krumpire-2048x1536.webp 2048w, https:\/\/tena.yoga\/wp-content\/uploads\/2023\/07\/vadimo_krumpire-scaled.webp 1920w\" sizes=\"(max-width: 1024px) 100vw, 1024px\" \/><\/a><\/figure>\n<\/div>\n<\/div>\n\n\n\n<figure class=\"wp-block-image size-large\"><a href=\"https:\/\/tena.yoga\/wp-content\/uploads\/2022\/07\/samoniklo_bilje.jpg\"><img decoding=\"async\" src=\"https:\/\/tena.yoga\/wp-content\/uploads\/2022\/07\/samoniklo_bilje-1024x768.jpg.webp\" alt=\"\"\/><\/a><\/figure>\n\n\n\n<div style=\"height:30px\" aria-hidden=\"true\" class=\"wp-block-spacer\"><\/div>\n\n\n\n<h4 class=\"wp-block-heading\">Osredoto\u010dite se na vegetarijansko prehrano<\/h4>\n\n\n\n<p class=\"has-text-align-center\"><a href=\"https:\/\/tena.yoga\/sl\/blog\/category\/jogijska-dieta\/\" data-type=\"link\" data-id=\"https:\/\/tena.yoga\/blog\/category\/jogijska-prehrana\/\">Jogijska dieta<\/a><\/p>\n\n\n\n<div style=\"height:10px\" aria-hidden=\"true\" class=\"wp-block-spacer\"><\/div>\n\n\n\n<div class=\"wp-block-columns is-layout-flex wp-container-core-columns-is-layout-28f84493 wp-block-columns-is-layout-flex\">\n<div class=\"wp-block-column is-layout-flow wp-block-column-is-layout-flow\">\n<figure class=\"wp-block-image size-large\"><a href=\"https:\/\/tena.yoga\/wp-content\/uploads\/2025\/03\/S_slanutak_servirano_tanjuri.webp\"><img decoding=\"async\" width=\"1024\" height=\"768\" src=\"https:\/\/tena.yoga\/wp-content\/uploads\/2025\/03\/S_slanutak_servirano_tanjuri-1024x768.webp\" alt=\"\" class=\"wp-image-7194\" srcset=\"https:\/\/tena.yoga\/wp-content\/uploads\/2025\/03\/S_slanutak_servirano_tanjuri-1024x768.webp 1024w, https:\/\/tena.yoga\/wp-content\/uploads\/2025\/03\/S_slanutak_servirano_tanjuri-600x450.webp 600w, https:\/\/tena.yoga\/wp-content\/uploads\/2025\/03\/S_slanutak_servirano_tanjuri-1536x1152.webp 1536w, https:\/\/tena.yoga\/wp-content\/uploads\/2025\/03\/S_slanutak_servirano_tanjuri.webp 1920w\" sizes=\"(max-width: 1024px) 100vw, 1024px\" \/><\/a><\/figure>\n<\/div>\n\n\n\n<div class=\"wp-block-column is-layout-flow wp-block-column-is-layout-flow\">\n<figure class=\"wp-block-image size-large\"><a href=\"https:\/\/tena.yoga\/wp-content\/uploads\/2024\/04\/food_serving_japan.jpg\"><img decoding=\"async\" width=\"1024\" height=\"768\" src=\"https:\/\/tena.yoga\/wp-content\/uploads\/2024\/04\/food_serving_japan-1024x768.webp\" alt=\"\" class=\"wp-image-4229\" srcset=\"https:\/\/tena.yoga\/wp-content\/uploads\/2024\/04\/food_serving_japan-1024x768.webp 1024w, https:\/\/tena.yoga\/wp-content\/uploads\/2024\/04\/food_serving_japan-600x450.jpg 600w, https:\/\/tena.yoga\/wp-content\/uploads\/2024\/04\/food_serving_japan-1536x1152.webp 1536w, https:\/\/tena.yoga\/wp-content\/uploads\/2024\/04\/food_serving_japan.jpg 1920w\" sizes=\"(max-width: 1024px) 100vw, 1024px\" \/><\/a><\/figure>\n<\/div>\n<\/div>\n\n\n\n<div style=\"height:30px\" aria-hidden=\"true\" class=\"wp-block-spacer\"><\/div>\n\n\n\n<h4 class=\"wp-block-heading has-text-align-left\">Skrb za lokalno skupnost<\/h4>\n\n\n\n<ul class=\"wp-block-list\">\n<li>Izobra\u017eevanje o trajnostnem razvoju: v sodelovanju z dru\u0161tvom Bi\u0161evo organiziram delavnice in izobra\u017eevalne programe za mlade v lokalni skupnosti, s poudarkom na globalnih ciljih trajnostnega razvoja, spodbujam kriti\u010dno mi\u0161ljenje in osebno odgovornost.<\/li>\n\n\n\n<li>Ohranjanje biotske raznovrstnosti: Z vestnim opredeljevanjem ciljev in skrbnim izvajanjem projektov podpiram ohranjanje biotske raznovrstnosti otoka Bi\u0161evo, pri \u010demer nasprotujem negativnim vplivom mno\u017ei\u010dnega turizma.<\/li>\n\n\n\n<li>Ohranjanje tradicionalnega znanja in ve\u0161\u010din: Prizadevam si za dokumentiranje ogro\u017eene nematerialne kulturne dedi\u0161\u010dine, katere kontinuiteta prenosa iz roda v rod je prekinjena.<\/li>\n<\/ul>\n<\/div>\n\n\n\n<div class=\"wp-block-column is-layout-flow wp-block-column-is-layout-flow\" style=\"flex-basis:10%\"><\/div>\n<\/div>\n","protected":false},"excerpt":{"rendered":"<p>Predana sem okoljski trajnosti in dru\u017ebeni odgovornosti prek razli\u010dnih pobud. Zmanj\u0161evanje odpadkov \u010ci\u0161\u010denje okolja Vzdr\u017eevanje vrta in sajenje rastlin Osredoto\u010dite<\/p>\n","protected":false},"author":1,"featured_media":10599,"parent":0,"menu_order":0,"comment_status":"closed","ping_status":"closed","template":"","meta":{"_sitemap_exclude":false,"_sitemap_priority":"","_sitemap_frequency":"","footnotes":""},"class_list":["post-10691","page","type-page","status-publish","has-post-thumbnail","hentry"],"_links":{"self":[{"href":"https:\/\/tena.yoga\/sl\/wp-json\/wp\/v2\/pages\/10691","targetHints":{"allow":["GET"]}}],"collection":[{"href":"https:\/\/tena.yoga\/sl\/wp-json\/wp\/v2\/pages"}],"about":[{"href":"https:\/\/tena.yoga\/sl\/wp-json\/wp\/v2\/types\/page"}],"author":[{"embeddable":true,"href":"https:\/\/tena.yoga\/sl\/wp-json\/wp\/v2\/users\/1"}],"replies":[{"embeddable":true,"href":"https:\/\/tena.yoga\/sl\/wp-json\/wp\/v2\/comments?post=10691"}],"version-history":[{"count":4,"href":"https:\/\/tena.yoga\/sl\/wp-json\/wp\/v2\/pages\/10691\/revisions"}],"predecessor-version":[{"id":16809,"href":"https:\/\/tena.yoga\/sl\/wp-json\/wp\/v2\/pages\/10691\/revisions\/16809"}],"wp:featuredmedia":[{"embeddable":true,"href":"https:\/\/tena.yoga\/sl\/wp-json\/wp\/v2\/media\/10599"}],"wp:attachment":[{"href":"https:\/\/tena.yoga\/sl\/wp-json\/wp\/v2\/media?parent=10691"}],"curies":[{"name":"wp","href":"https:\/\/api.w.org\/{rel}","templated":true}]}}