{"id":10687,"date":"2025-04-30T07:39:28","date_gmt":"2025-04-30T05:39:28","guid":{"rendered":"https:\/\/tena.yoga\/bisevski-dnevnik\/"},"modified":"2026-03-27T07:39:33","modified_gmt":"2026-03-27T06:39:33","slug":"bisevskijev-dnevnik","status":"publish","type":"page","link":"https:\/\/tena.yoga\/sl\/bisevskijev-dnevnik\/","title":{"rendered":"Bi\u0161evskijev dnevnik"},"content":{"rendered":"\n<div class=\"wp-block-columns is-layout-flex wp-container-core-columns-is-layout-28f84493 wp-block-columns-is-layout-flex\">\n<div class=\"wp-block-column is-layout-flow wp-block-column-is-layout-flow\" style=\"flex-basis:10%\"><\/div>\n\n\n\n<div class=\"wp-block-column is-layout-flow wp-block-column-is-layout-flow\" style=\"flex-basis:80%\">\n<div style=\"height:30px\" aria-hidden=\"true\" class=\"wp-block-spacer\"><\/div>\n\n\n\n<p>\u017divljenje na otoku Bi\u0161evo je bogato s slikovitimi in nepri\u010dakovanimi trenutki. Narava nas nagrajuje, a nam poka\u017ee, da se z njo ne da pogajati, da je iskrena in odlo\u010dna. S svojo mo\u010djo in prisotnostjo nas u\u010di, da je vsakdanja resni\u010dnost posebna in edinstvena. V tem dnevniku spontano posredujem nekaj podob, posebnosti, misli, \u010dustev in vrednosti na\u0161ega \u017eivljenja na Bi\u0161evu.<\/p>\n<\/div>\n\n\n\n<div class=\"wp-block-column is-layout-flow wp-block-column-is-layout-flow\" style=\"flex-basis:10%\"><\/div>\n<\/div>\n","protected":false},"excerpt":{"rendered":"<p>\u017divljenje na otoku Bi\u0161evo je bogato s slikovitimi in nepri\u010dakovanimi trenutki. Narava nas nagrajuje, a nam poka\u017ee, da se z<\/p>\n","protected":false},"author":1,"featured_media":10584,"parent":0,"menu_order":0,"comment_status":"closed","ping_status":"closed","template":"","meta":{"_sitemap_exclude":false,"_sitemap_priority":"","_sitemap_frequency":"","footnotes":""},"class_list":["post-10687","page","type-page","status-publish","has-post-thumbnail","hentry"],"_links":{"self":[{"href":"https:\/\/tena.yoga\/sl\/wp-json\/wp\/v2\/pages\/10687","targetHints":{"allow":["GET"]}}],"collection":[{"href":"https:\/\/tena.yoga\/sl\/wp-json\/wp\/v2\/pages"}],"about":[{"href":"https:\/\/tena.yoga\/sl\/wp-json\/wp\/v2\/types\/page"}],"author":[{"embeddable":true,"href":"https:\/\/tena.yoga\/sl\/wp-json\/wp\/v2\/users\/1"}],"replies":[{"embeddable":true,"href":"https:\/\/tena.yoga\/sl\/wp-json\/wp\/v2\/comments?post=10687"}],"version-history":[{"count":3,"href":"https:\/\/tena.yoga\/sl\/wp-json\/wp\/v2\/pages\/10687\/revisions"}],"predecessor-version":[{"id":16193,"href":"https:\/\/tena.yoga\/sl\/wp-json\/wp\/v2\/pages\/10687\/revisions\/16193"}],"wp:featuredmedia":[{"embeddable":true,"href":"https:\/\/tena.yoga\/sl\/wp-json\/wp\/v2\/media\/10584"}],"wp:attachment":[{"href":"https:\/\/tena.yoga\/sl\/wp-json\/wp\/v2\/media?parent=10687"}],"curies":[{"name":"wp","href":"https:\/\/api.w.org\/{rel}","templated":true}]}}