{"id":10309,"date":"2021-10-31T10:35:08","date_gmt":"2021-10-31T09:35:08","guid":{"rendered":"https:\/\/tena.yoga\/pocetna\/"},"modified":"2026-03-28T18:24:51","modified_gmt":"2026-03-28T17:24:51","slug":"pocetna","status":"publish","type":"page","link":"https:\/\/tena.yoga\/sl\/","title":{"rendered":"Po\u010detna stranica"},"content":{"rendered":"\n<p class=\"has-text-align-center\">Pridru\u017eite se spletnemu programu joge, kjer vas <a href=\"https:\/\/tena.yoga\/sl\/online-yoga\/letni-spletni-program-joge\/\" data-type=\"link\" data-id=\"https:\/\/tena.yoga\/sl\/online-yoga\/letni-spletni-program-joge\/\">mesec za mesecem<\/a> vodim skozi obse\u017ene te\u010daje joge in vas navdihujem za pisanje <a href=\"https:\/\/tena.yoga\/sl\/blog\/zavesten-dnevnik\/\" data-type=\"link\" data-id=\"https:\/\/tena.yoga\/sl\/blog\/zavesten-dnevnik\/\">dnevnika \u010duje\u010dnosti<\/a>.<\/p>\n\n\n\n<p class=\"has-text-align-center\"><strong>Vadite jogo od doma, ostanite motivirani in ohranjajte svoje zdravje na naraven na\u010din.<\/strong><\/p>\n\n\n\n<div style=\"height:8px\" aria-hidden=\"true\" class=\"wp-block-spacer\"><\/div>\n\n\n\n<h3 class=\"wp-block-heading has-text-align-center\"><a href=\"https:\/\/tena.yoga\/sl\/pridruzi-se-mi\/\" data-type=\"link\" data-id=\"https:\/\/tena.yoga\/online-yoga\/godisnji_plan_rada\/online-yoga-program-za-kolovoz\/\">PRIJAVITE SE<\/a> NA SPLETNO JOGO<\/h3>\n","protected":false},"excerpt":{"rendered":"<p>Pridru\u017eite se spletnemu programu joge, kjer vas mesec za mesecem vodim skozi obse\u017ene te\u010daje joge in vas navdihujem za pisanje<\/p>\n","protected":false},"author":1,"featured_media":0,"parent":0,"menu_order":0,"comment_status":"closed","ping_status":"closed","template":"","meta":{"_sitemap_exclude":false,"_sitemap_priority":"","_sitemap_frequency":"","footnotes":""},"class_list":["post-10309","page","type-page","status-publish","hentry"],"_links":{"self":[{"href":"https:\/\/tena.yoga\/sl\/wp-json\/wp\/v2\/pages\/10309","targetHints":{"allow":["GET"]}}],"collection":[{"href":"https:\/\/tena.yoga\/sl\/wp-json\/wp\/v2\/pages"}],"about":[{"href":"https:\/\/tena.yoga\/sl\/wp-json\/wp\/v2\/types\/page"}],"author":[{"embeddable":true,"href":"https:\/\/tena.yoga\/sl\/wp-json\/wp\/v2\/users\/1"}],"replies":[{"embeddable":true,"href":"https:\/\/tena.yoga\/sl\/wp-json\/wp\/v2\/comments?post=10309"}],"version-history":[{"count":5,"href":"https:\/\/tena.yoga\/sl\/wp-json\/wp\/v2\/pages\/10309\/revisions"}],"predecessor-version":[{"id":16292,"href":"https:\/\/tena.yoga\/sl\/wp-json\/wp\/v2\/pages\/10309\/revisions\/16292"}],"wp:attachment":[{"href":"https:\/\/tena.yoga\/sl\/wp-json\/wp\/v2\/media?parent=10309"}],"curies":[{"name":"wp","href":"https:\/\/api.w.org\/{rel}","templated":true}]}}