{"id":10295,"date":"2021-09-28T10:40:00","date_gmt":"2021-09-28T08:40:00","guid":{"rendered":"https:\/\/tena.yoga\/izjava-o-privatnosti\/"},"modified":"2026-03-21T19:45:30","modified_gmt":"2026-03-21T18:45:30","slug":"izjava-o-privatnosti","status":"publish","type":"page","link":"https:\/\/tena.yoga\/sl\/izjava-o-privatnosti\/","title":{"rendered":"Za\u0161\u010dita zasebnosti"},"content":{"rendered":"\n<div style=\"height:50px\" aria-hidden=\"true\" class=\"wp-block-spacer\"><\/div>\n\n\n\n<div class=\"wp-block-columns is-layout-flex wp-container-core-columns-is-layout-28f84493 wp-block-columns-is-layout-flex\">\n<div class=\"wp-block-column is-layout-flow wp-block-column-is-layout-flow\" style=\"flex-basis:15%\"><\/div>\n\n\n\n<div class=\"wp-block-column privatnost-izjava is-layout-flow wp-block-column-is-layout-flow\" style=\"flex-basis:70%\">\n<p>Zavezan sem k varovanju va\u0161e zasebnosti in osebnih podatkov ter nikoli ne bom zlorabil va\u0161ega zaupanja.<\/p>\n\n\n\n<p>Ta izjava o zasebnosti pojasnjuje:<\/p>\n\n\n\n<p>katere informacije se zbirajo<\/p>\n\n\n\n<p>kako se informacije shranjujejo<\/p>\n\n\n\n<p>kako se informacije uporabljajo<\/p>\n\n\n\n<p>katere pravice imate<\/p>\n\n\n\n<p>kako uveljavljati svoje pravice<\/p>\n\n\n\n<p>Kaj so osebni podatki?<\/p>\n\n\n\n<p>&#8220;Osebni podatki so vse informacije, ki se nana\u0161ajo na dolo\u010denega ali dolo\u010dljivega posameznika. Razli\u010dni podatki, ki se lahko skupaj zberejo in privedejo do identifikacije dolo\u010dene osebe, prav tako predstavljajo osebne podatke.&#8221;<\/p>\n\n\n\n<p>Ve\u010d informacij najdete na tej povezavi.<\/p>\n\n\n\n<p>Katere podatke zbiram?<\/p>\n\n\n\n<p>Ko stopite v stik z mano:<\/p>\n\n\n\n<p>Osebni podatki, ki jih posredujete o sebi (na primer va\u0161e ime in kontaktni podatki, npr. e-po\u0161ta)<\/p>\n\n\n\n<p>Svoje ime in e-po\u0161tni naslov delite z mano, ko pustite komentar na objavi v spletnem dnevniku ali oddate izpolnjen kontaktni obrazec ali prijavo. Ne zahtevam nobenih drugih podrobnosti. Kaj boste posredovali, je odvisno od vas.<\/p>\n\n\n\n<p>Razkrijete lahko podatke o svojem podjetju \u2013 vendar to niso osebni podatki, ki se za namene GDPR uporabljajo le za osebne podatke posameznikov.<\/p>\n\n\n\n<p>Ko me tretja oseba kontaktira v va\u0161em imenu:<\/p>\n\n\n\n<p>Osebni podatki, ki jih posreduje tretja oseba, kot so va\u0161e ime, kontaktni podatki in posebne okoli\u0161\u010dine.<\/p>\n\n\n\n<p>Ko obi\u0161\u010dete to spletno mesto ali komunicirate s tem spletnim mestom ali z mano prek dru\u017ebenih medijev:<\/p>\n\n\n\n<p>Va\u0161 IP-naslov ter nastavitve in mo\u017enosti brskanja;<\/p>\n\n\n\n<p>\u010ce mi zaupate sodelovanje:<\/p>\n\n\n\n<p>Va\u0161e ime in e-po\u0161tni naslov. Za izstavitev ra\u010duna vas bom vpra\u0161al tudi za va\u0161 obi\u010dajni po\u0161tni naslov. Glede na nalogo lahko razkrijete razli\u010dne druge podatke, vendar se to razlikuje od stranke do stranke in ne velja za vse. Kar razkrijete, je va\u0161a izbira.<\/p>\n\n\n\n<p>Kako zbiram podatke?<\/p>\n\n\n\n<p>Va\u0161i osebni podatki se lahko zbirajo iz ve\u010d virov. To vklju\u010duje:<\/p>\n\n\n\n<p>Ko obi\u0161\u010dete to spletno mesto, vklju\u010dno z uporabo pi\u0161kotkov.<\/p>\n\n\n\n<p>Ko se obrnete na to spletno mesto ali komunicirate z njim prek e-po\u0161te ali dru\u017ebenih medijev;<\/p>\n\n\n\n<p>Iz obrazcev, ki jih lahko izpolnite;<\/p>\n\n\n\n<p>Iz javnih virov podatkov (npr. kontaktni podatki, ki ste jih izbrali za objavo na svojem spletnem mestu ali dru\u017ebenih omre\u017ejih)<\/p>\n\n\n\n<p>Od organizacij\/organov, s katerimi ste povezani, ko mi posredujejo va\u0161e podatke<\/p>\n\n\n\n<p>Zakaj jih zbiram?<\/p>\n\n\n\n<p>Soglasje<\/p>\n\n\n\n<p>V zvezi z novicami so podatki, ki jih hranim, osnovani na va\u0161em soglasju. Na primer, v zvezi z novicami ste navedli svoj e-po\u0161tni naslov in nato potrdili (strinjali se), da se shrani in uporabi kot osnova za obdelavo va\u0161ega vira bloga prek Google Feedburnerja in po\u0161iljanje e-po\u0161tnih sporo\u010dil z novicami.<\/p>\n\n\n\n<p>\u010ce ste dali soglasje za obdelavo svojih podatkov, ga lahko kadar koli prekli\u010dete.<\/p>\n\n\n\n<p>Zakoniti interes<\/p>\n\n\n\n<p>Imam zakoniti interes za omogo\u010danje objave spletnega mesta in razumevanje, kako se uporablja. V zvezi s tehni\u010dnimi in statisti\u010dnimi podatki: zbrani podatki vklju\u010dujejo podatke o va\u0161i uporabi tega spletnega mesta, npr. katere strani obi\u0161\u010dete in kako dolgo ga obi\u0161\u010dete; katere brskalnike uporabljate, va\u0161 IP-naslov. Ne zbiram informacij, ki bi identificirale katero koli osebo. Odlo\u010dil\/a sem se, da NE bom zbiral\/a demografskih podatkov prek Google Analytics.<\/p>\n\n\n\n<p>Informacije zbiram tudi iz legitimnega interesa, da zagotovim to\u010dne podatke o javno razkritih informacijah o vas. Za popravek kakr\u0161nih koli informacij ali zahtevo za njihov umik iz pregleda me lahko kadar koli kontaktirate.<\/p>\n\n\n\n<p>Pogodbena nujnost<\/p>\n\n\n\n<p>Informacije v zvezi s katero koli poslovno transakcijo izhajajo iz pogodbene nujnosti, npr. da tako vi kot jaz izpolnimo obveznosti, dolo\u010dene v pogojih poslovanja dobavitelja ali kateri koli morebitni pogodbi. (Primeri tak\u0161nih transakcij se obi\u010dajno zgodijo, ker ste za mene izvedeli prek tega spletnega mesta, ne zaradi ponudbe na tem spletnem mestu)<\/p>\n\n\n\n<p>Kako uporabljam va\u0161e podatke?<\/p>\n\n\n\n<p>Va\u0161e podatke obdelujem za:<\/p>\n\n\n\n<p>Bele\u017ebo vso korespondenco ali izdelke, ki jih prejmem, in ustrezen odziv;<\/p>\n\n\n\n<p>Po\u0161iljanje informacij v zvezi z novicami;<\/p>\n\n\n\n<p>Sklepanje pogodb z uporabniki; in\/ali<\/p>\n\n\n\n<p>Vzdr\u017eevanje odnosov s posamezniki in organizacijami ter ob\u010dasno po\u0161iljanje sporo\u010dil.<\/p>\n\n\n\n<p>Kako za\u0161\u010ditim va\u0161e podatke?<\/p>\n\n\n\n<p>Va\u0161i osebni podatki so shranjeni na ve\u010d na\u010dinov:<\/p>\n\n\n\n<p>V varno shranjenih papirnatih datotekah;<\/p>\n\n\n\n<p>V programskih sistemih, ki delujejo na moji strojni opremi Apple ali na spletni programski opremi, ki jo zagotavlja tretji ponudnik (npr. Google Mail)<\/p>\n\n\n\n<p>\u010ce se prijavite za prejemanje novic, bodo va\u0161i podatki shranjeni na varnem stre\u017eniku in bodo deljeni z Mailchimpom samo za samodejno obdelavo vira novic.<\/p>\n\n\n\n<p>S kom delim va\u0161e podatke?<\/p>\n\n\n\n<p>Va\u0161e podatke lahko delim s tretjimi osebami in\/ali od njih prejemam informacije:<\/p>\n\n\n\n<p>storitev mojega spletnega mesta v povezavi z uporabo kontaktnega obrazca in za upravljanje pi\u0161kotkov na tem spletnem mestu;<\/p>\n\n\n\n<p>statisti\u010dne storitve (Google Analytics) v zvezi z razumevanjem \u00bbmakro\u00ab ravni virov prometa na spletnem mestu in strani, ki vas najbolj zanimajo.<\/p>\n\n\n\n<p>Ponudniki dru\u017ebenih medijev, npr. Facebook in Instagram \u2013 za poudarjanje javnih novice<\/p>\n\n\n\n<p>Zavezan sem k varovanju va\u0161e zasebnosti.<\/p>\n\n\n\n<p>Va\u0161ega e-po\u0161tnega naslova v nobenem primeru ne bom najemal, spreminjal ali delil brez va\u0161ega soglasja.<\/p>\n\n\n\n<p>Zelo ob\u010dasno se zgodi, da ljudje prosijo za stik z drugo osebo. Namesto da jim posredujem svoj e-po\u0161tni naslov, jih obvestim, da bom njihovo zahtevo posredoval vam in vam prepustil odlo\u010ditev, kako se boste odzvali.<\/p>\n\n\n\n<p>Kako za\u0161\u010ditim va\u0161e podatke?<\/p>\n\n\n\n<p>Varnost va\u0161ih podatkov jemljem zelo resno. Do va\u0161ih podatkov ne morejo dostopati tretje osebe, razen tistih, ki zagotavljajo spodaj navedene storitve.<\/p>\n\n\n\n<p>Za obdelavo va\u0161ih podatkov v mojem imenu za namene e-po\u0161tne korespondence, zagotavljanja spletnega mesta in dru\u017ebenih medijev najemam ugledne ponudnike storitev. Vsi so zavezani k obveznostim zaupnosti in so zakonsko dol\u017eni izvajati ustrezne tehni\u010dne in organizacijske ukrepe za zagotavljanje varnosti podatkov v skladu z ustrezno zakonodajo.<\/p>\n\n\n\n<p>Kako dolgo hranim va\u0161e podatke?<\/p>\n\n\n\n<p>Ni\u010d se ne hrani za nedolo\u010den \u010das. Va\u0161i osebni podatki so pod nadzorom.<\/p>\n\n\n\n<p>Korespondenca: Ob\u010dasno izbri\u0161em stike in povezana e-po\u0161tna sporo\u010dila.<\/p>\n\n\n\n<p>Kontaktni obrazec: \u010ce komentar na blogu ni objavljen ali je obrazec poslan brez pomena, se izbri\u0161e.<\/p>\n\n\n\n<p>Osebni podatki in poslovna korespondenca v zvezi z vsemi poslovnimi pogodbami, ki vklju\u010dujejo pla\u010dilo, se hranijo vsaj \u0161est let po koncu dav\u010dnega leta.<\/p>\n\n\n\n<p>Katere pravice imate v zvezi z va\u0161imi podatki?<\/p>\n\n\n\n<p>V zvezi z va\u0161imi osebnimi podatki imate dolo\u010dene pravice. To so:<\/p>\n\n\n\n<p>Pravica do potrditve, da obdelujemo va\u0161e osebne podatke (glejte postopek zahteve za dostop posameznika);<\/p>\n\n\n\n<p>Pravica do dostopa do va\u0161ih podatkov (glejte postopek zahteve za dostop posameznika);<\/p>\n\n\n\n<p>Pravica do popravka va\u0161ih osebnih podatkov, \u010de so nepopolni ali neto\u010dni;<\/p>\n\n\n\n<p>Pravica do odstranitve ali izbrisa va\u0161ih osebnih podatkov v dolo\u010denih okoli\u0161\u010dinah, na primer, \u010de ste preklicali svoje soglasje za njihovo obdelavo in nimam druge podlage za njihovo obdelavo;<\/p>\n\n\n\n<p>Pravica do omejitve obdelave va\u0161ih osebnih podatkov v dolo\u010denih okoli\u0161\u010dinah;<\/p>\n\n\n\n<p>Pravica do ugovora zoper dolo\u010deno obdelavo, vklju\u010dno s pravico do ugovora, kadar va\u0161e podatke obdelujem na podlagi svojega zakonitega interesa;<\/p>\n\n\n\n<p>\u010ce ste dali soglasje za obdelavo, pravica do preklica soglasja za obdelavo va\u0161ih podatkov (brez vpliva na zakonitost obdelave na podlagi soglasja pred njegovim preklicem); in<\/p>\n\n\n\n<p>Pravica, da zahtevate, da vam ne po\u0161iljam tr\u017eenjskih e-po\u0161tnih sporo\u010dil.<\/p>\n\n\n\n<p>Upo\u0161tevajte, da zgornje pravice niso absolutne in da se zahteve lahko zavrnejo, \u010de veljajo izjeme.<\/p>\n\n\n\n<p>Kako sodelujem s storitvami tretjih oseb<\/p>\n\n\n\n<p>Kontaktni obrazci<\/p>\n\n\n\n<p>Uporaba obrazcev: E-po\u0161tni naslovi se lahko zbirajo prek tega spletnega mesta \u2013 prek kontaktnega obrazca.<\/p>\n\n\n\n<p>Uporabljajo se SAMO za korespondenco v zvezi s stranjo, na kateri posredujete svoj e-po\u0161tni naslov \u2013 s predlogom ali poizvedbo.<\/p>\n\n\n\n<p>E-po\u0161tna sporo\u010dila, poslana prek obrazcev, se mi samodejno posredujejo na navedeni e-po\u0161tni naslov. Za korespondenco uporabljam Google Mail.<\/p>\n\n\n\n<p>E-po\u0161tni naslovi<\/p>\n\n\n\n<p>Moja politika zasebnosti glede e-po\u0161tnih naslovov je preprosta. Spodnje povezave se nana\u0161ajo na politike zasebnosti storitev, ki jih uporabljam, ko mi posredujete svoj e-po\u0161tni naslov.<\/p>\n\n\n\n<p>Moja politika zasebnosti glede e-po\u0161tnih naslovov je preprosta.<\/p>\n\n\n\n<p>Va\u0161i osebni podatki so varni in za\u0161\u010diteni.<\/p>\n\n\n\n<p>Va\u0161 e-po\u0161tni naslov se vedno uporablja samo za namen, za katerega ste se strinjali, da ga boste uporabljali,<\/p>\n\n\n\n<p>Va\u0161ega e-po\u0161tnega naslova nikoli ne bom posredoval nikomur drugemu (VENDAR glejte spodaj) ali kateri koli drugi organizaciji.<\/p>\n\n\n\n<p>Spodaj si oglejte, kako to spletno mesto obdeluje va\u0161e osebne podatke.<\/p>\n\n\n\n<p>To pomeni, da va\u0161ih osebnih podatkov in e-po\u0161tnega naslova nikoli ne bomo prodali, oddali v najem ali zakup nobeni drugi stranki.<\/p>\n\n\n\n<p>Tr\u017eenje: Ne bom vas kontaktiral v tr\u017eenjske namene ali za promocijo novih posodobitev spletnega mesta. Za to uporabljam dru\u017ebena omre\u017eja, kot sta Facebook in Instagram. Izberete lahko, ali boste uporabljali dru\u017ebena omre\u017eja ali ne.<\/p>\n\n\n\n<p>Stiki Google Mail<\/p>\n\n\n\n<p>E-po\u0161tne naslove osebnih stikov, ki so mi pisali, shranjujem v Stikih Google Mail \u2013 ker je to e-po\u0161tna storitev, ki jo uporabljam.<\/p>\n\n\n\n<p>\u010ce ne \u017eelite, da se va\u0161 e-po\u0161tni naslov shrani (in morate to le povedati), bom e-po\u0161to izbrisal, ko vam jo po\u0161ljem. To pomeni, da vas ne bom prepoznal, \u010de boste ponovno pisali neposredno na moj e-po\u0161tni naslov, in se ne bom spomnil nobene prej\u0161nje zgodovine ali prej\u0161nje korespondence. Redno bri\u0161em e-po\u0161to ljudi, ki jih ne poznam, pri \u010demer predlagana korespondenca ni uporabna.<\/p>\n\n\n\n<p>Tehni\u010dni\/statisti\u010dni podatki<\/p>\n\n\n\n<p>Zagotovljena vam je tudi va\u0161a zasebnost glede podatkov, zbranih za statisti\u010dne namene \u2013 vendar sem v zvezi s tem odvisen od politik zasebnosti tretjih oseb.<\/p>\n\n\n\n<p>Vse statisti\u010dne podatke, zbrane prek te spletne strani, sprva zbirajo, shranjujejo in analizirajo tretje osebe.<\/p>\n\n\n\n<p>Pi\u0161kotki bele\u017eijo podatke o va\u0161em IP-naslovu, tehni\u010dne podatke o va\u0161em ra\u010dunalniku in podatke o tem, katere strani si ogledujete na tej spletni strani in kako ste do njih dostopali. Meni ali zbiralcem statisti\u010dnih podatkov ne povedo, kdo je ta oseba ali karkoli drugega o osebi, ki si ogleduje stran.<\/p>\n\n\n\n<p>Podatki pi\u0161kotkov mi pomagajo razumeti, katere strani so najbolj priljubljene in kako je nekdo pri\u0161el na spletno mesto, npr. s foruma o jogi ali prek iskanja v Googlu. Prav tako mi povedo, katero obliko zapisa ve\u010dina ljudi uporablja za ogled spletnega mesta, kar pomaga pri te\u017eavah z oblikovanjem in dostopnostjo (na primer \u2013 dostop do spletnega mesta prek mobilnih naprav postaja vse bolj priljubljen, zaradi \u010desar \u017eelim preveriti, kako je spletno mesto videti v mobilnem pogledu).<\/p>\n\n\n\n<p>Vse podatke, zbrane prek tega spletnega mesta, sprva zbirajo, shranjujejo in analizirajo tretje osebe. Spodaj si oglejte ve\u010d podrobnosti o zbiranju tehni\u010dnih\/statisti\u010dnih podatkov.<\/p>\n\n\n\n<p>Google Analytics shranjuje podatke o:<\/p>\n\n\n\n<p>straneh, ki jih obi\u0161\u010dete na tem spletnem mestu, in koliko \u010dasa pre\u017eivite na vsaki strani<br>kako ste pri\u0161li na spletno mesto<br>na kaj kliknete med obiskom strani<br>lokaciji, ki ustvari obisk (na splo\u0161no, npr. mesto)<br>Va\u0161i osebni podatki (npr. va\u0161e ime ali naslov) niso shranjeni, zato teh podatkov ni mogo\u010de uporabiti za identifikacijo va\u0161e identitete. Google tudi ne sme uporabljati ali deliti analiti\u010dnih podatkov.<br>Nekatere podatke lahko prenesem na svoj ra\u010dunalnik. Vsi zbrani podatki so anonimni in se zbirajo izklju\u010dno za statisti\u010dne namene, za izbolj\u0161anje ponujene storitve in se na noben na\u010din ne uporabljajo za identifikacijo posameznikov.<\/p>\n\n\n\n<p>Kontaktni podatki<br>Tena Rebernjak (to sem jaz &#8211; avtorica tega spletnega mesta) je odgovorna za zagotavljanje skladnosti z ustreznimi zakoni o varstvu podatkov.<\/p>\n\n\n\n<p>\u010ce imate kakr\u0161na koli vpra\u0161anja ali pomisleke, me kontaktirajte po e-po\u0161ti: info@tena.yoga.<\/p>\n<\/div>\n\n\n\n<div class=\"wp-block-column is-layout-flow wp-block-column-is-layout-flow\" style=\"flex-basis:15%\"><\/div>\n<\/div>\n","protected":false},"excerpt":{"rendered":"<p>Zavezan sem k varovanju va\u0161e zasebnosti in osebnih podatkov ter nikoli ne bom zlorabil va\u0161ega zaupanja. Ta izjava o zasebnosti<\/p>\n","protected":false},"author":1,"featured_media":0,"parent":0,"menu_order":0,"comment_status":"closed","ping_status":"closed","template":"","meta":{"_sitemap_exclude":false,"_sitemap_priority":"","_sitemap_frequency":"","footnotes":""},"class_list":["post-10295","page","type-page","status-publish","hentry"],"_links":{"self":[{"href":"https:\/\/tena.yoga\/sl\/wp-json\/wp\/v2\/pages\/10295","targetHints":{"allow":["GET"]}}],"collection":[{"href":"https:\/\/tena.yoga\/sl\/wp-json\/wp\/v2\/pages"}],"about":[{"href":"https:\/\/tena.yoga\/sl\/wp-json\/wp\/v2\/types\/page"}],"author":[{"embeddable":true,"href":"https:\/\/tena.yoga\/sl\/wp-json\/wp\/v2\/users\/1"}],"replies":[{"embeddable":true,"href":"https:\/\/tena.yoga\/sl\/wp-json\/wp\/v2\/comments?post=10295"}],"version-history":[{"count":2,"href":"https:\/\/tena.yoga\/sl\/wp-json\/wp\/v2\/pages\/10295\/revisions"}],"predecessor-version":[{"id":14515,"href":"https:\/\/tena.yoga\/sl\/wp-json\/wp\/v2\/pages\/10295\/revisions\/14515"}],"wp:attachment":[{"href":"https:\/\/tena.yoga\/sl\/wp-json\/wp\/v2\/media?parent=10295"}],"curies":[{"name":"wp","href":"https:\/\/api.w.org\/{rel}","templated":true}]}}