{"id":10261,"date":"2021-10-31T10:39:13","date_gmt":"2021-10-31T09:39:13","guid":{"rendered":"https:\/\/tena.yoga\/raspored-online-yoge\/"},"modified":"2026-03-23T08:17:15","modified_gmt":"2026-03-23T07:17:15","slug":"spletni-urnik-joge","status":"publish","type":"page","link":"https:\/\/tena.yoga\/sl\/spletni-urnik-joge\/","title":{"rendered":"Spletni urnik joge"},"content":{"rendered":"\n<div style=\"height:40px\" aria-hidden=\"true\" class=\"wp-block-spacer\"><\/div>\n\n\n\n<p class=\"has-text-align-center\">Uvodna delavnica na temo meseca spletne joge je prvo soboto v mesecu. Redne <a href=\"https:\/\/tena.yoga\/sl\/programi\/jutranji-spletni-tecaji-joge\/\" data-type=\"programi\" data-id=\"11603\">jutranje ure joge<\/a> potekajo ob ponedeljkih in sredah od 8. ure zjutraj in trajajo 40 minut. Ure <a href=\"https:\/\/tena.yoga\/sl\/programi\/mindful-slow-flow-joga\/\" data-type=\"programi\" data-id=\"11602\">mindful joge<\/a> potekajo dva petka na mesec od 10. ure zjutraj in trajajo 40 minut. Dru\u017eenje v \u017eivo je zadnji \u010detrtek v mesecu. Datume spletnih ur joge za teko\u010di mesec lahko prenesete tudi v <a href=\"#\">PDF formatu<\/a>.<\/p>\n\n\n\n<p class=\"has-text-align-center\">Posnetki vadb iz preteklih mesecev so na voljo v <a href=\"https:\/\/tena.yoga\/sl\/yoga-shop\/\" data-type=\"page\" data-id=\"10271\">trgovini<\/a>.<\/p>\n\n\n\n<div class=\"wp-block-columns is-layout-flex wp-container-core-columns-is-layout-28f84493 wp-block-columns-is-layout-flex\">\n<div class=\"wp-block-column is-layout-flow wp-block-column-is-layout-flow\" style=\"flex-basis:15%\"><\/div>\n\n\n\n<div class=\"wp-block-column is-layout-flow wp-block-column-is-layout-flow\" style=\"flex-basis:70%\"><\/div>\n\n\n\n<div class=\"wp-block-column is-layout-flow wp-block-column-is-layout-flow\" style=\"flex-basis:15%\"><\/div>\n<\/div>\n\n\n\n<section class=\"text-center\" style=\" padding-top: .5rem;    padding-bottom: 20px;\">\n        <div id=\"calendar\"><\/div>\n      <\/section>\n\n\n\n<p class=\"has-text-align-right text-uppercase has-cyan-bluish-gray-color has-text-color\" style=\"font-size:11px\">* Raspored je slo\u017een za dva mjeseca unaprijed.<\/p>\n\n\n\n<div style=\"height:50px\" aria-hidden=\"true\" class=\"wp-block-spacer\"><\/div>\n","protected":false},"excerpt":{"rendered":"<p>Uvodna delavnica na temo meseca spletne joge je prvo soboto v mesecu. Redne jutranje ure joge potekajo ob ponedeljkih in<\/p>\n","protected":false},"author":1,"featured_media":0,"parent":0,"menu_order":0,"comment_status":"closed","ping_status":"closed","template":"","meta":{"_sitemap_exclude":false,"_sitemap_priority":"","_sitemap_frequency":"","footnotes":""},"class_list":["post-10261","page","type-page","status-publish","hentry"],"_links":{"self":[{"href":"https:\/\/tena.yoga\/sl\/wp-json\/wp\/v2\/pages\/10261","targetHints":{"allow":["GET"]}}],"collection":[{"href":"https:\/\/tena.yoga\/sl\/wp-json\/wp\/v2\/pages"}],"about":[{"href":"https:\/\/tena.yoga\/sl\/wp-json\/wp\/v2\/types\/page"}],"author":[{"embeddable":true,"href":"https:\/\/tena.yoga\/sl\/wp-json\/wp\/v2\/users\/1"}],"replies":[{"embeddable":true,"href":"https:\/\/tena.yoga\/sl\/wp-json\/wp\/v2\/comments?post=10261"}],"version-history":[{"count":3,"href":"https:\/\/tena.yoga\/sl\/wp-json\/wp\/v2\/pages\/10261\/revisions"}],"predecessor-version":[{"id":15240,"href":"https:\/\/tena.yoga\/sl\/wp-json\/wp\/v2\/pages\/10261\/revisions\/15240"}],"wp:attachment":[{"href":"https:\/\/tena.yoga\/sl\/wp-json\/wp\/v2\/media?parent=10261"}],"curies":[{"name":"wp","href":"https:\/\/api.w.org\/{rel}","templated":true}]}}