{"id":5990,"date":"2024-05-05T07:33:15","date_gmt":"2024-05-05T05:33:15","guid":{"rendered":"https:\/\/tena.yoga\/sati-yoge-paket\/pranicni-dani\/"},"modified":"2025-01-03T08:40:20","modified_gmt":"2025-01-03T07:40:20","slug":"pranic-days","status":"publish","type":"product","link":"https:\/\/tena.yoga\/en\/yoga-classes-package\/pranic-days\/","title":{"rendered":"Pranic days"},"content":{"rendered":"\n<div class=\"wp-block-columns is-layout-flex wp-container-core-columns-is-layout-28f84493 wp-block-columns-is-layout-flex\">\n<div class=\"wp-block-column is-layout-flow wp-block-column-is-layout-flow\" style=\"flex-basis:10%\"><\/div>\n\n\n\n<div class=\"wp-block-column is-layout-flow wp-block-column-is-layout-flow\" style=\"flex-basis:80%\">\n<p>Everyday breathing is the mechanical movement of air, but yogic breathing is the movement of life energy &#8211; Prana. When we breathe deeply, calmly and with full attention, using the abdominal cavity, the breathing process becomes a meditation in which our consciousness revives the flow of breath, its quality and the feeling of breath in the body. When we breathe in this way and while we move, Prana travels to the parts of the body that are emphasized by movement or yoga position (asana). This is a therapeutic aspect of yoga that consists of three principles &#8211; to become aware, to open (stretch) and to breathe that part. According to this principle, we manage to feel and breathe through the memories, events and traumas that the body has written in the tissues of a certain part of the body because we know that the body remembers (Body keeps the score). This month we breathe calmly and steadily through all the positions and movements we go through.<\/p>\n\n\n\n<p>Mindfulness: We work on the quality of breath with which we build our safe space, it is a breath that nurtures, has patience and brings true compassion. Nurturing breath is our safest tool for dealing with challenges and stress. Yoga is a natural remedy for stress, more about it on the blog: The Natural Way to a Stress-Free Life.<\/p>\n\n\n\n<p>Yoga therapy for:<\/p>\n\n\n\n<p>nervous system regulation<\/p>\n\n\n\n<ul class=\"wp-block-list\">\n<li>stress<\/li>\n\n\n\n<li>expanding lung capacity<\/li>\n\n\n\n<li>chest and shoulders<\/li>\n\n\n\n<li>anxiety and panic attacks<\/li>\n\n\n\n<li>depression<\/li>\n\n\n\n<li>poor concentration<\/li>\n\n\n\n<li>insomnia<\/li>\n\n\n\n<li>breathing therapy<\/li>\n<\/ul>\n<\/div>\n\n\n\n<div class=\"wp-block-column is-layout-flow wp-block-column-is-layout-flow\" style=\"flex-basis:10%\"><\/div>\n<\/div>\n\n\n\n<div style=\"height:50px\" aria-hidden=\"true\" class=\"wp-block-spacer\"><\/div>\n\n\n\n<h3 class=\"wp-block-heading has-text-align-center\">Sadr\u017eaj paketa snimki<\/h3>\n\n\n\n<div style=\"height:50px\" aria-hidden=\"true\" class=\"wp-block-spacer\"><\/div>\n\n\n\n<div class=\"wp-block-columns is-layout-flex wp-container-core-columns-is-layout-28f84493 wp-block-columns-is-layout-flex\">\n<div class=\"wp-block-column is-layout-flow wp-block-column-is-layout-flow\" style=\"flex-basis:32%\">\n<figure class=\"wp-block-image size-large\"><a href=\"https:\/\/tena.yoga\/wp-content\/uploads\/2024\/05\/TEMA_mjeseca_travanj.jpg\"><img decoding=\"async\" width=\"1024\" height=\"576\" src=\"https:\/\/tena.yoga\/wp-content\/uploads\/2024\/05\/TEMA_mjeseca_travanj-1024x576.webp\" alt=\"\" class=\"wp-image-4305\" srcset=\"https:\/\/tena.yoga\/wp-content\/uploads\/2024\/05\/TEMA_mjeseca_travanj-1024x576.webp 1024w, https:\/\/tena.yoga\/wp-content\/uploads\/2024\/05\/TEMA_mjeseca_travanj-600x338.jpg 600w, https:\/\/tena.yoga\/wp-content\/uploads\/2024\/05\/TEMA_mjeseca_travanj-1536x864.webp 1536w, https:\/\/tena.yoga\/wp-content\/uploads\/2024\/05\/TEMA_mjeseca_travanj-2048x1152.webp 2048w, https:\/\/tena.yoga\/wp-content\/uploads\/2024\/05\/TEMA_mjeseca_travanj.jpg 1920w\" sizes=\"(max-width: 1024px) 100vw, 1024px\" \/><\/a><\/figure>\n\n\n\n<div style=\"height:10px\" aria-hidden=\"true\" class=\"wp-block-spacer\"><\/div>\n\n\n\n<h6 class=\"wp-block-heading\">UVODNO PREDAVANJE I SAT YOGE NA TEMU MJESECA &#8211; 75 MIN<\/h6>\n\n\n\n<h4 class=\"wp-block-heading\">PRANA U MENI<\/h4>\n\n\n\n<p>\u0160to je Prana i kako je budimo u tijelu. \u0160to sprje\u010dava na\u0161e tijelo da u njemu Prana slobodno te\u010de?&nbsp;Objasnili smo mehaniku disanja i logiku respiratornih mi\u0161i\u0107a koji trebaju biti podatni da se mogu opustiti i dati prostora punom dahu da se slobodno kre\u0107e. Nakon toga kratko smo se dotaknuli namjere, naravno kao i u svemu, a pogotovo kod disanja jo\u0161 je i va\u017enije da smo jasni iz \u010dega djelujemo, jer ja\u010danjem &#8220;ega&#8221; &#8211; \u017eelje za postizanjem i&nbsp;averzije da sada nije dobro, idemo dalje od yoge i mira. Jedino s iskrenim mirnim bivanjem sa sobom i pu\u0161tanjem daha da slobodno pulsira mi dajemo zdravlje svojem tijelu. <\/p>\n\n\n\n<p><strong>Dah je most izme\u0111u uma i tijela te najfiniji alat s kojim kalibriramo finu energiju tijela i uma. <\/strong><\/p>\n\n\n\n<p>Zato u yogi rad s dahom dolazi nakon dosta asana prakse &#8211; tek onda kada je tijelo mekano, mi\u0161i\u0107i vitalni i \u017eiv\u010dani sustav spreman.<\/p>\n<\/div>\n\n\n\n<div class=\"wp-block-column is-layout-flow wp-block-column-is-layout-flow\" style=\"flex-basis:2%\"><\/div>\n\n\n\n<div class=\"wp-block-column is-layout-flow wp-block-column-is-layout-flow\" style=\"flex-basis:32%\">\n<figure class=\"wp-block-image size-large\"><a href=\"https:\/\/tena.yoga\/wp-content\/uploads\/2024\/05\/1_sloboda_plucima.jpg\"><img decoding=\"async\" width=\"1024\" height=\"576\" src=\"https:\/\/tena.yoga\/wp-content\/uploads\/2024\/05\/1_sloboda_plucima-1024x576.webp\" alt=\"\" class=\"wp-image-4307\" srcset=\"https:\/\/tena.yoga\/wp-content\/uploads\/2024\/05\/1_sloboda_plucima-1024x576.webp 1024w, https:\/\/tena.yoga\/wp-content\/uploads\/2024\/05\/1_sloboda_plucima-600x338.jpg 600w, https:\/\/tena.yoga\/wp-content\/uploads\/2024\/05\/1_sloboda_plucima-1536x864.webp 1536w, https:\/\/tena.yoga\/wp-content\/uploads\/2024\/05\/1_sloboda_plucima-2048x1152.webp 2048w, https:\/\/tena.yoga\/wp-content\/uploads\/2024\/05\/1_sloboda_plucima.jpg 1920w\" sizes=\"(max-width: 1024px) 100vw, 1024px\" \/><\/a><\/figure>\n\n\n\n<div style=\"height:10px\" aria-hidden=\"true\" class=\"wp-block-spacer\"><\/div>\n\n\n\n<h6 class=\"wp-block-heading\">40 MIN<\/h6>\n\n\n\n<h4 class=\"wp-block-heading\">1. SLOBODA PLU\u0106IMA<\/h4>\n\n\n\n<p>U nastavku otvaranja teme mjeseca ovaj je sat lagan i opu\u0161ten, cilja na \u0161irenje i osloba\u0111anje prsnog ko\u0161a kako bi se dah sam udomio. Radili smo pokrete koji razgibavaju ramena i torakalnu kralje\u017enicu. Nekoliko&nbsp;inverzija tipa down dog i <em>Prasarite<\/em> isto s naglaskom na to da osjetimo slobodu prsa. Istezali smo se bo\u010dno, a u <em>Kapiasanama<\/em> otvarali prema naprijed i na kraju opustili.&nbsp;<br>Sjetili smo se da sada kada radimo s dahom, radimo potpuno bez postizanja, bez bu\u0111enja \u017eudnji i averzija. <\/p>\n\n\n\n<p><strong>Povratak dahu je savr\u0161ena meditacija jer nemamo \u017eelju da dah do\u0111e niti averziju \u0161to je tu.<\/strong> <\/p>\n\n\n\n<p>Zato se otvaramo jednoj drugoj dimenziji na\u0161eg postojanja &#8211; postojanju bez ega, bez &#8220;ja&#8221; moram, \u0161to zna\u010di i bez na\u0161ih napora, borbi i o\u010dekivanja&#8230;<\/p>\n<\/div>\n\n\n\n<div class=\"wp-block-column is-layout-flow wp-block-column-is-layout-flow\" style=\"flex-basis:2%\"><\/div>\n\n\n\n<div class=\"wp-block-column is-layout-flow wp-block-column-is-layout-flow\" style=\"flex-basis:32%\">\n<figure class=\"wp-block-image size-large\"><a href=\"https:\/\/tena.yoga\/wp-content\/uploads\/2024\/05\/11_4_masaza_dijafragme.jpg\"><img decoding=\"async\" width=\"1024\" height=\"576\" src=\"https:\/\/tena.yoga\/wp-content\/uploads\/2024\/05\/11_4_masaza_dijafragme-1024x576.webp\" alt=\"\" class=\"wp-image-4309\" srcset=\"https:\/\/tena.yoga\/wp-content\/uploads\/2024\/05\/11_4_masaza_dijafragme-1024x576.webp 1024w, https:\/\/tena.yoga\/wp-content\/uploads\/2024\/05\/11_4_masaza_dijafragme-600x338.jpg 600w, https:\/\/tena.yoga\/wp-content\/uploads\/2024\/05\/11_4_masaza_dijafragme-1536x864.webp 1536w, https:\/\/tena.yoga\/wp-content\/uploads\/2024\/05\/11_4_masaza_dijafragme-2048x1152.webp 2048w, https:\/\/tena.yoga\/wp-content\/uploads\/2024\/05\/11_4_masaza_dijafragme.jpg 1920w\" sizes=\"(max-width: 1024px) 100vw, 1024px\" \/><\/a><\/figure>\n\n\n\n<div style=\"height:10px\" aria-hidden=\"true\" class=\"wp-block-spacer\"><\/div>\n\n\n\n<h6 class=\"wp-block-heading\">60 MIN<\/h6>\n\n\n\n<h4 class=\"wp-block-heading\">2. MASA\u017dA DIJAFRAGME<\/h4>\n\n\n\n<p><strong>Kao i svaki mi\u0161i\u0107, dijafragma voli masa\u017eu.<\/strong> Kao prvo masirali smo ju u le\u017ee\u0107em polo\u017eaju na trbuhu, u kojem di\u0161u\u0107i u dubinu spu\u0161tamo je u abdomen i di\u017eemo natrag gore. Na taj princip dodali smo i pulsacije za masa\u017eu. Nakon toga radili smo pozdrave suncu s dodatnim elementom iz tradicionalnog <em>Hatha<\/em> pozdrava suncu a to je polo\u017eaj koljena &#8211; prsa &#8211; brada u kojem posebno otvaramo prsa. Sat nastavlja raditi razgibavanje prsnog ko\u0161a i masa\u017eu respiratornih mi\u0161i\u0107a cijelo vrijeme naravno i s dubokim ugodnim dahom koji budi unutarnju energiju.&nbsp;Pred kraj vra\u0107amo se na trbuh gdje imamo ponavljanje masa\u017ee dijafragme, radimo zabavno rolanje po podu, vidjet \u0107ete i &nbsp;s trakicom otvaranje u <em>Dhanurasane<\/em>. Na kraju se opustimo, u\u0111emo u svoj mir i vratimo u \u0161iroku svijest koja vidi gr\u010d i lako ga pusti da pro\u0111e.&nbsp;<\/p>\n<\/div>\n<\/div>\n\n\n\n<div style=\"height:30px\" aria-hidden=\"true\" class=\"wp-block-spacer\"><\/div>\n\n\n\n<div class=\"wp-block-columns is-layout-flex wp-container-core-columns-is-layout-28f84493 wp-block-columns-is-layout-flex\">\n<div class=\"wp-block-column is-layout-flow wp-block-column-is-layout-flow\" style=\"flex-basis:32%\">\n<figure class=\"wp-block-image size-large\"><a href=\"https:\/\/tena.yoga\/wp-content\/uploads\/2024\/05\/15_4_zaroniti.jpg\"><img decoding=\"async\" width=\"1024\" height=\"576\" src=\"https:\/\/tena.yoga\/wp-content\/uploads\/2024\/05\/15_4_zaroniti-1024x576.webp\" alt=\"\" class=\"wp-image-4311\" srcset=\"https:\/\/tena.yoga\/wp-content\/uploads\/2024\/05\/15_4_zaroniti-1024x576.webp 1024w, https:\/\/tena.yoga\/wp-content\/uploads\/2024\/05\/15_4_zaroniti-600x338.jpg 600w, https:\/\/tena.yoga\/wp-content\/uploads\/2024\/05\/15_4_zaroniti-1536x864.webp 1536w, https:\/\/tena.yoga\/wp-content\/uploads\/2024\/05\/15_4_zaroniti-2048x1152.webp 2048w, https:\/\/tena.yoga\/wp-content\/uploads\/2024\/05\/15_4_zaroniti.jpg 1920w\" sizes=\"(max-width: 1024px) 100vw, 1024px\" \/><\/a><\/figure>\n\n\n\n<div style=\"height:10px\" aria-hidden=\"true\" class=\"wp-block-spacer\"><\/div>\n\n\n\n<h6 class=\"wp-block-heading\">40 MIN<\/h6>\n\n\n\n<h4 class=\"wp-block-heading\">3. ZARONITI<\/h4>\n\n\n\n<p>Bez puno pri\u010de nastojali smo danas zaroniti u ritam pokreta i pulsaciju daha. Za po\u010detak radili smo praksu trodijelnog disanja u kojoj punimo donji trbuh, pa dijafragmu pa prsa i na taj se na\u010din spojimo s osje\u0107ajem pulsiranja daha, \u0161irenja i skupljanja te tako\u0111er uspostavljamo put daha uzdu\u017e trupa. Tu smo koncentraciju prenijeli na ostale pokrete i polo\u017eaje i povezali se sa sobom na neposredan na\u010din. Sat je lagan i ugodan, nagla\u0161ava istezanje i otvaranje bo\u010dnih strana uz dodatnu masa\u017eu u twistovima i par backbend polo\u017eaja.&nbsp;<\/p>\n<\/div>\n\n\n\n<div class=\"wp-block-column is-layout-flow wp-block-column-is-layout-flow\" style=\"flex-basis:2%\"><\/div>\n\n\n\n<div class=\"wp-block-column is-layout-flow wp-block-column-is-layout-flow\" style=\"flex-basis:32%\">\n<figure class=\"wp-block-image size-large\"><a href=\"https:\/\/tena.yoga\/wp-content\/uploads\/2024\/05\/18_4_pod_rebrima-1.jpg\"><img decoding=\"async\" width=\"1024\" height=\"576\" src=\"https:\/\/tena.yoga\/wp-content\/uploads\/2024\/05\/18_4_pod_rebrima-1-1024x576.webp\" alt=\"\" class=\"wp-image-4321\" srcset=\"https:\/\/tena.yoga\/wp-content\/uploads\/2024\/05\/18_4_pod_rebrima-1-1024x576.webp 1024w, https:\/\/tena.yoga\/wp-content\/uploads\/2024\/05\/18_4_pod_rebrima-1-600x338.jpg 600w, https:\/\/tena.yoga\/wp-content\/uploads\/2024\/05\/18_4_pod_rebrima-1-1536x864.webp 1536w, https:\/\/tena.yoga\/wp-content\/uploads\/2024\/05\/18_4_pod_rebrima-1-2048x1152.webp 2048w, https:\/\/tena.yoga\/wp-content\/uploads\/2024\/05\/18_4_pod_rebrima-1.jpg 1920w\" sizes=\"(max-width: 1024px) 100vw, 1024px\" \/><\/a><\/figure>\n\n\n\n<div style=\"height:10px\" aria-hidden=\"true\" class=\"wp-block-spacer\"><\/div>\n\n\n\n<h6 class=\"wp-block-heading\">60 MIN<\/h6>\n\n\n\n<h4 class=\"wp-block-heading\">4. POD REBRIMA<\/h4>\n\n\n\n<p>Dana\u0161nji se sat direktno i posredno bavi otvaranjem prostora pod rebrima, ulaskom pa\u017enjom pod rebra, u taj dio dijafragme i organa koji su tu. U na\u0161oj namjeri ovaj mjesec da pripremimo tkiva&nbsp;prsnog ko\u0161a za lak\u0161e i ugodnije puno disanje jako je va\u017eno &#8220;odlijepiti&#8221; \u0161to se stisne pod rebrima. Zato smo istezali, otvarali i okretali naopa\u010dke da damo priliku da se taj dio razgiba. Sat je malo intenzivan jer smo radili dosta&nbsp;<em>back bendova<\/em>&nbsp;koji aktiviraju simpati\u010dki \u017eiv\u010dani sustav i alarmiraju da smo u maloj opasnosti, vi samo na\u0111ite mjeru gdje se jo\u0161 uvijek mo\u017ee ugodno disati i na taj na\u010din recite tijelu da je sve u redu i da smo tu jer \u017eelimo biti. Dah je most za komunikaciju s na\u0161im tijelom.&nbsp;<\/p>\n<\/div>\n\n\n\n<div class=\"wp-block-column is-layout-flow wp-block-column-is-layout-flow\" style=\"flex-basis:2%\"><\/div>\n\n\n\n<div class=\"wp-block-column is-layout-flow wp-block-column-is-layout-flow\" style=\"flex-basis:32%\">\n<figure class=\"wp-block-image size-large\"><a href=\"https:\/\/tena.yoga\/wp-content\/uploads\/2024\/05\/20_4_gdje_Sam_ja-1.jpg\"><img decoding=\"async\" width=\"1024\" height=\"576\" src=\"https:\/\/tena.yoga\/wp-content\/uploads\/2024\/05\/20_4_gdje_Sam_ja-1-1024x576.webp\" alt=\"\" class=\"wp-image-4324\" srcset=\"https:\/\/tena.yoga\/wp-content\/uploads\/2024\/05\/20_4_gdje_Sam_ja-1-1024x576.webp 1024w, https:\/\/tena.yoga\/wp-content\/uploads\/2024\/05\/20_4_gdje_Sam_ja-1-600x338.jpg 600w, https:\/\/tena.yoga\/wp-content\/uploads\/2024\/05\/20_4_gdje_Sam_ja-1-1536x864.webp 1536w, https:\/\/tena.yoga\/wp-content\/uploads\/2024\/05\/20_4_gdje_Sam_ja-1-2048x1152.webp 2048w, https:\/\/tena.yoga\/wp-content\/uploads\/2024\/05\/20_4_gdje_Sam_ja-1.jpg 1920w\" sizes=\"(max-width: 1024px) 100vw, 1024px\" \/><\/a><\/figure>\n\n\n\n<div style=\"height:10px\" aria-hidden=\"true\" class=\"wp-block-spacer\"><\/div>\n\n\n\n<h6 class=\"wp-block-heading\">MINDFUL SLOW FLOW &#8211; 40 MIN<\/h6>\n\n\n\n<h4 class=\"wp-block-heading\">5. GDJE SAM JA<\/h4>\n\n\n\n<p>Vra\u0107amo se sebi, u\u0111emo u sebe, natrag u onu osnovu bi\u0107a prije nego \u0161to smo postali sve ono \u0161to mislimo o sebi ili \u0161to drugi misle o nama. Vra\u0107amo se dahu kao osnovi na\u0161eg bi\u0107a, kroz njega opustimo se natrag sebi.&nbsp; <\/p>\n\n\n\n<p><strong>Pitamo svoje tijelo kako se mogu vratiti sebi prije nego \u0161to sam postala moja mi\u0161ljenja, predrasude, o\u010dekivanja, ideje, prije svih koncepata. <\/strong><\/p>\n\n\n\n<p>Neka pustimo da nam tijelo odgovori na pitanje tko sam ja prije svih averzija i \u017eudnji.&nbsp;Gdje sam ja prije svih stvorenih zaklju\u010daka. Zaklju\u010dci su krajnja to\u010dka jer ono \u0161to zaklju\u010dimo u to vjerujemo i stvaramo tu stvarnost. \u0160to mogu pustiti od tog nau\u010denog, a \u0161to me optere\u0107uje.&nbsp;&nbsp;<\/p>\n<\/div>\n<\/div>\n\n\n\n<div style=\"height:30px\" aria-hidden=\"true\" class=\"wp-block-spacer\"><\/div>\n\n\n\n<div class=\"wp-block-columns is-layout-flex wp-container-core-columns-is-layout-28f84493 wp-block-columns-is-layout-flex\">\n<div class=\"wp-block-column is-layout-flow wp-block-column-is-layout-flow\" style=\"flex-basis:32%\">\n<figure class=\"wp-block-image size-large\"><a href=\"https:\/\/tena.yoga\/wp-content\/uploads\/2024\/05\/22_4_mir_ispod_srca-1.jpg\"><img decoding=\"async\" width=\"1024\" height=\"576\" src=\"https:\/\/tena.yoga\/wp-content\/uploads\/2024\/05\/22_4_mir_ispod_srca-1-1024x576.webp\" alt=\"\" class=\"wp-image-4326\" srcset=\"https:\/\/tena.yoga\/wp-content\/uploads\/2024\/05\/22_4_mir_ispod_srca-1-1024x576.webp 1024w, https:\/\/tena.yoga\/wp-content\/uploads\/2024\/05\/22_4_mir_ispod_srca-1-600x338.jpg 600w, https:\/\/tena.yoga\/wp-content\/uploads\/2024\/05\/22_4_mir_ispod_srca-1-1536x864.webp 1536w, https:\/\/tena.yoga\/wp-content\/uploads\/2024\/05\/22_4_mir_ispod_srca-1-2048x1152.webp 2048w, https:\/\/tena.yoga\/wp-content\/uploads\/2024\/05\/22_4_mir_ispod_srca-1.jpg 1920w\" sizes=\"(max-width: 1024px) 100vw, 1024px\" \/><\/a><\/figure>\n\n\n\n<div style=\"height:10px\" aria-hidden=\"true\" class=\"wp-block-spacer\"><\/div>\n\n\n\n<h6 class=\"wp-block-heading\">40 MIN<\/h6>\n\n\n\n<h4 class=\"wp-block-heading\">6. MIR ISPOD SRCA<\/h4>\n\n\n\n<p>Danas nam je namjera bila u\u0107i malo dublje u prsa, prema spoju rebara i torakalne kralje\u017enice, prema tkivima koja su smje\u0161tena tu u dubini. Prvi dio sata proveli smo u stoje\u0107em razgibavanju kralje\u017enice u svim smjerovima, zatim pro\u0161li pozdrave suncu s dodatnim pulsacijama u kobrama i igranjem u delfin down dog varijantama. <\/p>\n\n\n\n<p><strong>Trudimo se u\u0107i duboko u prsni ko\u0161 i prodisati iz dubine pa namje\u0161tavamo tijelo da nam to omogu\u0107i. <\/strong><\/p>\n\n\n\n<p>Mo\u017eda \u0107e vam za jedan polo\u017eaj dobro do\u0107i trakica i svakako jastuk ili dekica, naravno da sve pre izazovno&nbsp;radite polako i odmorite kada treba.<\/p>\n<\/div>\n\n\n\n<div class=\"wp-block-column is-layout-flow wp-block-column-is-layout-flow\" style=\"flex-basis:2%\"><\/div>\n\n\n\n<div class=\"wp-block-column is-layout-flow wp-block-column-is-layout-flow\" style=\"flex-basis:32%\">\n<figure class=\"wp-block-image size-large\"><a href=\"https:\/\/tena.yoga\/wp-content\/uploads\/2024\/05\/25_4_puls_iz_mene-1.jpg\"><img decoding=\"async\" width=\"1024\" height=\"576\" src=\"https:\/\/tena.yoga\/wp-content\/uploads\/2024\/05\/25_4_puls_iz_mene-1-1024x576.webp\" alt=\"\" class=\"wp-image-4328\" srcset=\"https:\/\/tena.yoga\/wp-content\/uploads\/2024\/05\/25_4_puls_iz_mene-1-1024x576.webp 1024w, https:\/\/tena.yoga\/wp-content\/uploads\/2024\/05\/25_4_puls_iz_mene-1-600x338.jpg 600w, https:\/\/tena.yoga\/wp-content\/uploads\/2024\/05\/25_4_puls_iz_mene-1-1536x864.webp 1536w, https:\/\/tena.yoga\/wp-content\/uploads\/2024\/05\/25_4_puls_iz_mene-1-2048x1152.webp 2048w, https:\/\/tena.yoga\/wp-content\/uploads\/2024\/05\/25_4_puls_iz_mene-1.jpg 1920w\" sizes=\"(max-width: 1024px) 100vw, 1024px\" \/><\/a><\/figure>\n\n\n\n<div style=\"height:10px\" aria-hidden=\"true\" class=\"wp-block-spacer\"><\/div>\n\n\n\n<h6 class=\"wp-block-heading\">60 MIN<\/h6>\n\n\n\n<h4 class=\"wp-block-heading\">7. PULS IZ MENE<\/h4>\n\n\n\n<p>Krenuli smo s jednakom du\u017einom ritma daha u disanju od dlana na trbuhu do dlana na prsima. Takav na\u010din disanja uravnote\u017euje \u017eiv\u010dani sustav i slu\u017ei kao vrata za u\u0107i u sebe, za spustiti se u ovaj trenutak i u tijelo. Tako smo napravili super podlogu za sat koji je nastavio s malo zagrijavanja na sve 4, pozdravima&nbsp;suncu i nakon toga mirnim dr\u017eanjem stoje\u0107ih asana uz pomo\u0107 trakice. <\/p>\n\n\n\n<p><strong>Nastojali smo&nbsp;se dobro uzemljiti i iz dobre baze izvu\u0107i u svim smjerovima tako da pulsiramo u \u0161irinu. <\/strong><\/p>\n\n\n\n<p>Isti princip smo pro\u0161li i u sjede\u0107im polo\u017eajima te na kraju uz jo\u0161 mirnije i dublje disanje i u le\u017ee\u0107im&nbsp;twistovima.&nbsp;<\/p>\n<\/div>\n\n\n\n<div class=\"wp-block-column is-layout-flow wp-block-column-is-layout-flow\" style=\"flex-basis:2%\"><\/div>\n\n\n\n<div class=\"wp-block-column is-layout-flow wp-block-column-is-layout-flow\" style=\"flex-basis:32%\">\n<figure class=\"wp-block-image size-large\"><a href=\"https:\/\/tena.yoga\/wp-content\/uploads\/2024\/05\/29_4_svijetlo_lakoce.jpg\"><img decoding=\"async\" width=\"1024\" height=\"576\" src=\"https:\/\/tena.yoga\/wp-content\/uploads\/2024\/05\/29_4_svijetlo_lakoce-1024x576.webp\" alt=\"\" class=\"wp-image-4332\" srcset=\"https:\/\/tena.yoga\/wp-content\/uploads\/2024\/05\/29_4_svijetlo_lakoce-1024x576.webp 1024w, https:\/\/tena.yoga\/wp-content\/uploads\/2024\/05\/29_4_svijetlo_lakoce-600x338.jpg 600w, https:\/\/tena.yoga\/wp-content\/uploads\/2024\/05\/29_4_svijetlo_lakoce-1536x864.webp 1536w, https:\/\/tena.yoga\/wp-content\/uploads\/2024\/05\/29_4_svijetlo_lakoce-2048x1152.webp 2048w, https:\/\/tena.yoga\/wp-content\/uploads\/2024\/05\/29_4_svijetlo_lakoce.jpg 1920w\" sizes=\"(max-width: 1024px) 100vw, 1024px\" \/><\/a><\/figure>\n\n\n\n<div style=\"height:10px\" aria-hidden=\"true\" class=\"wp-block-spacer\"><\/div>\n\n\n\n<h6 class=\"wp-block-heading\">40 MIN<\/h6>\n\n\n\n<h4 class=\"wp-block-heading\">8. SVIJETLO LAKO\u0106E<\/h4>\n\n\n\n<p>Krenuli smo iz stoje\u0107eg polo\u017eaja i kroz par vje\u017ebica razgibali prsa, gornja le\u0111a i ramena. Nakon toga slijede pozdravi suncu s valovitim varijantama koji prate ritam dubokog daha. Naglasili smo dizanje i \u0161irenje ruku na udah zamahom iz kukova, tako da potisak za \u0161irinu pro\u0111e kao val kroz cijelo tijelo. Tako smo pulsirali i u asanama. U twistovima smo danas probali otvoriti prsni mi\u0161i\u0107, pod ramenom (jedan pa drugi) i gurnuti lopaticu iza prama sredini, to je u nekoliko polo\u017eaja ba\u0161 dostupno pa samo dajte priliku da se tijelo tu otvori. <\/p>\n<\/div>\n<\/div>\n\n\n\n<div style=\"height:30px\" aria-hidden=\"true\" class=\"wp-block-spacer\"><\/div>\n\n\n\n<div class=\"wp-block-columns is-layout-flex wp-container-core-columns-is-layout-28f84493 wp-block-columns-is-layout-flex\">\n<div class=\"wp-block-column is-layout-flow wp-block-column-is-layout-flow\" style=\"flex-basis:32%\">\n<figure class=\"wp-block-image size-large\"><a href=\"https:\/\/tena.yoga\/wp-content\/uploads\/2024\/05\/2_5_budinska_priroda.jpg\"><img decoding=\"async\" width=\"1024\" height=\"576\" src=\"https:\/\/tena.yoga\/wp-content\/uploads\/2024\/05\/2_5_budinska_priroda-1024x576.webp\" alt=\"\" class=\"wp-image-4330\" srcset=\"https:\/\/tena.yoga\/wp-content\/uploads\/2024\/05\/2_5_budinska_priroda-1024x576.webp 1024w, https:\/\/tena.yoga\/wp-content\/uploads\/2024\/05\/2_5_budinska_priroda-600x338.jpg 600w, https:\/\/tena.yoga\/wp-content\/uploads\/2024\/05\/2_5_budinska_priroda-1536x864.webp 1536w, https:\/\/tena.yoga\/wp-content\/uploads\/2024\/05\/2_5_budinska_priroda-2048x1152.webp 2048w, https:\/\/tena.yoga\/wp-content\/uploads\/2024\/05\/2_5_budinska_priroda.jpg 1920w\" sizes=\"(max-width: 1024px) 100vw, 1024px\" \/><\/a><\/figure>\n\n\n\n<div style=\"height:10px\" aria-hidden=\"true\" class=\"wp-block-spacer\"><\/div>\n\n\n\n<h6 class=\"wp-block-heading\">60 MIN<\/h6>\n\n\n\n<h4 class=\"wp-block-heading\">9. BUDINSKA PRIRODA<\/h4>\n\n\n\n<p>Ideja ovog mjeseca&nbsp;bila je vratiti se sebi u svoju primarnu prirodu, u jednostavnost mirnog disanja.&nbsp;U ono tko smo bili prije nego \u0161to smo izgradili koncepte, o\u010dekivanja i osude o sebi i okolini. <\/p>\n\n\n\n<p><strong>Mehanizam disanja je poveznica s ti\u0161inom ispod srca, mjestom gdje usredoto\u010dimo pa\u017enju. <\/strong><\/p>\n\n\n\n<p>Radili smo dosta na otvaranju prsa, masiranju rasporatornih mi\u0161i\u0107a da otpustimo mikro i makro gr\u010deve i stres u tom dijelu. Razgibavali&nbsp;smo ramena, kretali se ritmi\u010dno i pazili da nas dah vodi.&nbsp;Dana\u0161nji je sat svemu sa\u017eetak, nakon pozdrava suncu pro\u0161li smo par asana s vje\u017ebama mobilnosti za ramena, kao \u0161to su&nbsp;<em>Gomukhasana<\/em>&nbsp;ruke u ratniku i nakon toga jo\u0161 jednom na podu. Vje\u017ebe za le\u0111a na trbuhu, backbendove i&nbsp;<em>Dhanurasanu.<\/em><\/p>\n<\/div>\n\n\n\n<div class=\"wp-block-column is-layout-flow wp-block-column-is-layout-flow\" style=\"flex-basis:2%\"><\/div>\n\n\n\n<div class=\"wp-block-column is-layout-flow wp-block-column-is-layout-flow\" style=\"flex-basis:32%\">\n<div style=\"height:10px\" aria-hidden=\"true\" class=\"wp-block-spacer\"><\/div>\n\n\n\n<blockquote class=\"wp-block-quote is-layout-flow wp-block-quote-is-layout-flow\">\n<p>Stanje na\u0161eg daha je stanje tijela, a dahom ga&nbsp;reguliramo i balansiramo, zato di\u0161emo na na\u010din kao da se \u017eelimo otvoriti i predati.&nbsp;<\/p>\n<\/blockquote>\n<\/div>\n\n\n\n<div class=\"wp-block-column is-layout-flow wp-block-column-is-layout-flow\" style=\"flex-basis:2%\"><\/div>\n\n\n\n<div class=\"wp-block-column is-layout-flow wp-block-column-is-layout-flow\" style=\"flex-basis:32%\">\n<blockquote class=\"wp-block-quote is-layout-flow wp-block-quote-is-layout-flow\">\n<p>Na kraju se opustimo i jo\u0161 jednom sjetimo da nam ne treba ni\u0161ta drugo, sve je ve\u0107 tu, na\u0161e iskreno bi\u0107e, budinska priroda je neuni\u0161tiva, mo\u017eemo joj se uvijek vratiti.<\/p>\n<\/blockquote>\n<\/div>\n<\/div>\n","protected":false},"excerpt":{"rendered":"<p>Breathe deeply and calmly and activate the vital energy &#8211; Prana.<\/p>\n","protected":false},"featured_media":4335,"template":"","meta":{"_sitemap_exclude":false,"_sitemap_priority":"","_sitemap_frequency":""},"product_cat":[63,104,72,65,70],"product_tag":[108],"class_list":{"0":"post-5990","1":"product","2":"type-product","3":"status-publish","4":"has-post-thumbnail","6":"product_cat-antistress-en","7":"product_cat-online-yoga-en","8":"product_cat-restorative-yoga","9":"product_cat-yoga-for-mental-health","10":"product_cat-yogic-breathing","11":"product_tag-work-plan-2024","12":"pa_intenzitet-light","14":"first","15":"instock","16":"downloadable","17":"virtual","18":"sold-individually","19":"purchasable","20":"product-type-simple"},"_links":{"self":[{"href":"https:\/\/tena.yoga\/en\/wp-json\/wp\/v2\/product\/5990","targetHints":{"allow":["GET"]}}],"collection":[{"href":"https:\/\/tena.yoga\/en\/wp-json\/wp\/v2\/product"}],"about":[{"href":"https:\/\/tena.yoga\/en\/wp-json\/wp\/v2\/types\/product"}],"wp:featuredmedia":[{"embeddable":true,"href":"https:\/\/tena.yoga\/en\/wp-json\/wp\/v2\/media\/4335"}],"wp:attachment":[{"href":"https:\/\/tena.yoga\/en\/wp-json\/wp\/v2\/media?parent=5990"}],"wp:term":[{"taxonomy":"product_cat","embeddable":true,"href":"https:\/\/tena.yoga\/en\/wp-json\/wp\/v2\/product_cat?post=5990"},{"taxonomy":"product_tag","embeddable":true,"href":"https:\/\/tena.yoga\/en\/wp-json\/wp\/v2\/product_tag?post=5990"}],"curies":[{"name":"wp","href":"https:\/\/api.w.org\/{rel}","templated":true}]}}