{"id":5921,"date":"2024-03-01T14:46:08","date_gmt":"2024-03-01T13:46:08","guid":{"rendered":"https:\/\/tena.yoga\/sati-yoge-paket\/putem-trapeziusa\/"},"modified":"2025-01-03T08:02:33","modified_gmt":"2025-01-03T07:02:33","slug":"through-the-trapezius","status":"publish","type":"product","link":"https:\/\/tena.yoga\/en\/yoga-classes-package\/through-the-trapezius\/","title":{"rendered":"Through the trapezius"},"content":{"rendered":"\n<div class=\"wp-block-columns is-layout-flex wp-container-core-columns-is-layout-28f84493 wp-block-columns-is-layout-flex\">\n<div class=\"wp-block-column is-layout-flow wp-block-column-is-layout-flow\" style=\"flex-basis:10%\"><\/div>\n\n\n\n<div class=\"wp-block-column is-layout-flow wp-block-column-is-layout-flow\" style=\"flex-basis:80%\">\n<p>The trapezius triangle, the area from the back of the head through the cervical spine and along the thoracic spine to the shoulders, is a zone of muscles that automatically react to stress. The masseter muscle contracts under the influence of adrenaline, and in its wake &#8220;lifts&#8221; and stiffens the shoulders and neck &#8211; the trapezius path. Concentrated work and prolonged sitting can have a similar effect on this area of \u200b\u200bthe body, a feeling of being stiff, having pressure in the head and a heavy weight on our shoulders. This month, little elves release the trapezius path from tension, strengthen the muscles that lower the shoulder blades, and lengthen the pectoral muscles so that we can effortlessly stand upright and have healthy mobility of the cervical spine and upper back.<\/p>\n\n\n\n<p>Mindfulness: The burden we carry on our shoulders is a metaphor for what we have not let go of and is still weighing us down. It is as if we are carrying the burden of the past. That&#8217;s why this month, while working with this part of the body, we&#8217;re talking about the importance of letting go of resentments, grudges, and the past that stops us from moving forward and seeing situations in our lives with fresh eyes (beginners mind).<\/p>\n\n\n\n<p>Yoga therapy for:<\/p>\n\n\n\n<ul class=\"wp-block-list\">\n<li>cervical spine<\/li>\n\n\n\n<li>stiff neck<\/li>\n\n\n\n<li>shoulder girdle mobility<\/li>\n\n\n\n<li>strengthening upper back muscles<\/li>\n\n\n\n<li>hunched posture, closed chest<\/li>\n\n\n\n<li>kyphosis<\/li>\n\n\n\n<li>jaw muscles<\/li>\n\n\n\n<li>headache<\/li>\n\n\n\n<li>stress relief<\/li>\n<\/ul>\n<\/div>\n\n\n\n<div class=\"wp-block-column is-layout-flow wp-block-column-is-layout-flow\" style=\"flex-basis:10%\"><\/div>\n<\/div>\n\n\n\n<div style=\"height:50px\" aria-hidden=\"true\" class=\"wp-block-spacer\"><\/div>\n\n\n\n<h3 class=\"wp-block-heading has-text-align-center\">Sadr\u017eaj paketa snimki<\/h3>\n\n\n\n<div style=\"height:50px\" aria-hidden=\"true\" class=\"wp-block-spacer\"><\/div>\n\n\n\n<div class=\"wp-block-columns is-layout-flex wp-container-core-columns-is-layout-28f84493 wp-block-columns-is-layout-flex\">\n<div class=\"wp-block-column is-layout-flow wp-block-column-is-layout-flow\" style=\"flex-basis:32%\">\n<figure class=\"wp-block-image size-large\"><a href=\"https:\/\/tena.yoga\/wp-content\/uploads\/2024\/03\/TEMA_mjeseca_cover.jpg\"><img decoding=\"async\" width=\"1024\" height=\"576\" src=\"https:\/\/tena.yoga\/wp-content\/uploads\/2024\/03\/TEMA_mjeseca_cover-1024x576.webp\" alt=\"\" class=\"wp-image-3924\" srcset=\"https:\/\/tena.yoga\/wp-content\/uploads\/2024\/03\/TEMA_mjeseca_cover-1024x576.webp 1024w, https:\/\/tena.yoga\/wp-content\/uploads\/2024\/03\/TEMA_mjeseca_cover-600x338.jpg 600w, https:\/\/tena.yoga\/wp-content\/uploads\/2024\/03\/TEMA_mjeseca_cover-1536x864.webp 1536w, https:\/\/tena.yoga\/wp-content\/uploads\/2024\/03\/TEMA_mjeseca_cover-2048x1152.webp 2048w, https:\/\/tena.yoga\/wp-content\/uploads\/2024\/03\/TEMA_mjeseca_cover.jpg 1920w\" sizes=\"(max-width: 1024px) 100vw, 1024px\" \/><\/a><\/figure>\n\n\n\n<div style=\"height:10px\" aria-hidden=\"true\" class=\"wp-block-spacer\"><\/div>\n\n\n\n<h6 class=\"wp-block-heading\">UVODNO PREDAVANJE I SAT YOGE NA TEMU MJESECA &#8211; 75 MIN<\/h6>\n\n\n\n<h4 class=\"wp-block-heading\">USPRAVNOST = HUMANOST<\/h4>\n\n\n\n<p>Dr\u017eati se uspravno nije samo pitanje estetike ve\u0107 i otvorenosti na\u0161e energije. Kako se nosimo s problemima i situacijama koje su izazovnije, da li se zatvaramo kada nas je strah, koliko smo otvoreni za sve \u0161to \u017eivot nosi. <\/p>\n\n\n\n<p><strong>Ljubav koju kultiviramo u yogi nije romanti\u010dna i nije osje\u0107aj sre\u0107e to je upravo ta prisutnost sa svime. <\/strong><\/p>\n\n\n\n<p>Dozvoliti si dotaknuti bol, a ostati bistrog uma, da mo\u017eemo reagirati mudro. Tim stavom svojeg tijela u yogi u\u010dimo &#8220;nositi&#8221; \u017eivot. Uspravno dr\u017eanje vje\u017ebamo tako da izdu\u017eujemo prednje prsne mi\u0161i\u0107e, a ja\u010damo gornje le\u0111ne, rotiramo ramena prema iza i dolje, da se glava i vrat vrate u polo\u017eaj u kojem nema napetosti.<\/p>\n<\/div>\n\n\n\n<div class=\"wp-block-column is-layout-flow wp-block-column-is-layout-flow\" style=\"flex-basis:2%\"><\/div>\n\n\n\n<div class=\"wp-block-column is-layout-flow wp-block-column-is-layout-flow\" style=\"flex-basis:32%\">\n<figure class=\"wp-block-image size-large\"><a href=\"https:\/\/tena.yoga\/wp-content\/uploads\/2024\/03\/A_40min_vratavrata.jpg\"><img decoding=\"async\" width=\"1024\" height=\"576\" src=\"https:\/\/tena.yoga\/wp-content\/uploads\/2024\/03\/A_40min_vratavrata-1024x576.webp\" alt=\"\" class=\"wp-image-3973\" srcset=\"https:\/\/tena.yoga\/wp-content\/uploads\/2024\/03\/A_40min_vratavrata-1024x576.webp 1024w, https:\/\/tena.yoga\/wp-content\/uploads\/2024\/03\/A_40min_vratavrata-600x338.jpg 600w, https:\/\/tena.yoga\/wp-content\/uploads\/2024\/03\/A_40min_vratavrata-1536x864.webp 1536w, https:\/\/tena.yoga\/wp-content\/uploads\/2024\/03\/A_40min_vratavrata-2048x1152.webp 2048w, https:\/\/tena.yoga\/wp-content\/uploads\/2024\/03\/A_40min_vratavrata.jpg 1920w\" sizes=\"(max-width: 1024px) 100vw, 1024px\" \/><\/a><\/figure>\n\n\n\n<div style=\"height:10px\" aria-hidden=\"true\" class=\"wp-block-spacer\"><\/div>\n\n\n\n<h6 class=\"wp-block-heading\">40 MIN<\/h6>\n\n\n\n<h4 class=\"wp-block-heading\">1. VRATA VRATA<\/h4>\n\n\n\n<p>Otvaramo vrata na\u0161eg vrata. Ovaj sat posvetili smo produ\u017eivanju stra\u017enjih vratnih mi\u0161i\u0107a &#8211; osvje\u0161tavanju zone du\u017eine vratne kralje\u017enice. <\/p>\n\n\n\n<p><strong>Kao da dovodimo vi\u0161e&nbsp;<em>prane<\/em>, sjaja i prostora u taj dio tijela, kroz ciljane vje\u017ebe istezanja i namje\u0161tanja glave tako da se produ\u017euje ta strana. <\/strong><\/p>\n\n\n\n<p>Vje\u017ebe su lagane, u\u0111ite polako u polo\u017eaje da mo\u017eete osjetiti kako se produ\u017euju&nbsp;mi\u0161i\u0107i vrata i koliko vam je ugodno raditi s njima. Pro\u0161li smo nekoliko pozdrava suncu i par asana stalo se prisje\u0107aju\u0107i da izdu\u017eujemo kroz vrh glave, a bradu dr\u017eimo spu\u0161tenu prema grlu kako bi protegnuli vrat (pozitivno potegnuli). <\/p>\n\n\n\n<p><a href=\"https:\/\/youtu.be\/XxoYdJo0QiQ?si=xq_3evK1G5dEhfOV\" data-type=\"link\" data-id=\"https:\/\/youtu.be\/XxoYdJo0QiQ?si=xq_3evK1G5dEhfOV\">SAT SE NALAZI NA YOUTUBEU<\/a><\/p>\n<\/div>\n\n\n\n<div class=\"wp-block-column is-layout-flow wp-block-column-is-layout-flow\" style=\"flex-basis:2%\"><\/div>\n\n\n\n<div class=\"wp-block-column is-layout-flow wp-block-column-is-layout-flow\" style=\"flex-basis:32%\">\n<figure class=\"wp-block-image size-large\"><a href=\"https:\/\/tena.yoga\/wp-content\/uploads\/2024\/03\/8_2_cijeli_luk.jpg\"><img decoding=\"async\" width=\"1024\" height=\"576\" src=\"https:\/\/tena.yoga\/wp-content\/uploads\/2024\/03\/8_2_cijeli_luk-1024x576.webp\" alt=\"\" class=\"wp-image-3932\" srcset=\"https:\/\/tena.yoga\/wp-content\/uploads\/2024\/03\/8_2_cijeli_luk-1024x576.webp 1024w, https:\/\/tena.yoga\/wp-content\/uploads\/2024\/03\/8_2_cijeli_luk-600x338.jpg 600w, https:\/\/tena.yoga\/wp-content\/uploads\/2024\/03\/8_2_cijeli_luk-1536x864.webp 1536w, https:\/\/tena.yoga\/wp-content\/uploads\/2024\/03\/8_2_cijeli_luk-2048x1152.webp 2048w, https:\/\/tena.yoga\/wp-content\/uploads\/2024\/03\/8_2_cijeli_luk.jpg 1920w\" sizes=\"(max-width: 1024px) 100vw, 1024px\" \/><\/a><\/figure>\n\n\n\n<div style=\"height:10px\" aria-hidden=\"true\" class=\"wp-block-spacer\"><\/div>\n\n\n\n<h6 class=\"wp-block-heading\">60 MIN<\/h6>\n\n\n\n<h4 class=\"wp-block-heading\">2. CIJELI LUK<\/h4>\n\n\n\n<p>Na\u0161a je kralje\u017enica&nbsp;jedna cjelina, iako nam \u010desto prvo padne na pamet prsna i lumbalna, i vratna kralje\u017enica je nastavak tog lanca karika. Kako smo i danas radili na vratu i mi\u0161i\u0107ima stra\u017enje strane vrata sjetili smo se povezati cijeli luk le\u0111a u pokretima izvijanja. Radimo &#8220;peglanje vrata&#8221; zna\u010di produ\u017eivanje te stra\u017enje strane kao da smo se naslonili&nbsp;na zid i pritom produ\u017eili liniju vratne kralje\u017enice. Pro\u0161li smo pokrete rukama spojene dahom u kojima radimo taj smjer istezanja. Tako\u0111er u satu imamo dekompresiju vrata u nekoliko pretklona i &#8220;ljulju\u0161kanja&#8221; u kojima opu\u0161tamo glavu, a na taj na\u010din produ\u017eujemo vratnu kralje\u017enicu.<\/p>\n<\/div>\n<\/div>\n\n\n\n<div style=\"height:30px\" aria-hidden=\"true\" class=\"wp-block-spacer\"><\/div>\n\n\n\n<div class=\"wp-block-columns is-layout-flex wp-container-core-columns-is-layout-28f84493 wp-block-columns-is-layout-flex\">\n<div class=\"wp-block-column is-layout-flow wp-block-column-is-layout-flow\" style=\"flex-basis:32%\">\n<figure class=\"wp-block-image size-large\"><a href=\"https:\/\/tena.yoga\/wp-content\/uploads\/2024\/03\/10_2_mndfsf_srce.jpg\"><img decoding=\"async\" width=\"1024\" height=\"576\" src=\"https:\/\/tena.yoga\/wp-content\/uploads\/2024\/03\/10_2_mndfsf_srce-1024x576.webp\" alt=\"\" class=\"wp-image-3934\" srcset=\"https:\/\/tena.yoga\/wp-content\/uploads\/2024\/03\/10_2_mndfsf_srce-1024x576.webp 1024w, https:\/\/tena.yoga\/wp-content\/uploads\/2024\/03\/10_2_mndfsf_srce-600x338.jpg 600w, https:\/\/tena.yoga\/wp-content\/uploads\/2024\/03\/10_2_mndfsf_srce-1536x864.webp 1536w, https:\/\/tena.yoga\/wp-content\/uploads\/2024\/03\/10_2_mndfsf_srce-2048x1152.webp 2048w, https:\/\/tena.yoga\/wp-content\/uploads\/2024\/03\/10_2_mndfsf_srce.jpg 1920w\" sizes=\"(max-width: 1024px) 100vw, 1024px\" \/><\/a><\/figure>\n\n\n\n<div style=\"height:10px\" aria-hidden=\"true\" class=\"wp-block-spacer\"><\/div>\n\n\n\n<h6 class=\"wp-block-heading\">MINDFUL SLOW FLOW YOGA &#8211; 40 MIN<\/h6>\n\n\n\n<h4 class=\"wp-block-heading\">3. U SRCU SAM<\/h4>\n\n\n\n<p>U na\u0161em dana\u0161njem vremenu za opu\u0161tanje vi\u0161e smo se puta sjetili kako se vratiti svojim tjelesnim senzacijama i kako se opustiti da tijelu damo vrijeme i prostor da se samo otvori. <\/p>\n\n\n\n<p><strong>Vratili smo se u srce i disali iz prostora srca, tako da sve misli koje se pojave pro\u0111u kao dim, a mi smo i dalje u srcu. <\/strong><\/p>\n\n\n\n<p>Uz ugodno opu\u0161tanje i tra\u017eenje dobre mjere za svaki restorativni polo\u017eaj koji smo zauzeli stavili smo naglasak na otvaranje prsa i ramena. Opustili se na le\u0111ima, boku i na trbuhu u nekoliko poznatih polo\u017eaja.<\/p>\n<\/div>\n\n\n\n<div class=\"wp-block-column is-layout-flow wp-block-column-is-layout-flow\" style=\"flex-basis:2%\"><\/div>\n\n\n\n<div class=\"wp-block-column is-layout-flow wp-block-column-is-layout-flow\" style=\"flex-basis:32%\">\n<figure class=\"wp-block-image size-large\"><a href=\"https:\/\/tena.yoga\/wp-content\/uploads\/2024\/03\/12_2_pikseli_prsa.jpg\"><img decoding=\"async\" width=\"1024\" height=\"576\" src=\"https:\/\/tena.yoga\/wp-content\/uploads\/2024\/03\/12_2_pikseli_prsa-1024x576.webp\" alt=\"\" class=\"wp-image-3937\" srcset=\"https:\/\/tena.yoga\/wp-content\/uploads\/2024\/03\/12_2_pikseli_prsa-1024x576.webp 1024w, https:\/\/tena.yoga\/wp-content\/uploads\/2024\/03\/12_2_pikseli_prsa-600x338.jpg 600w, https:\/\/tena.yoga\/wp-content\/uploads\/2024\/03\/12_2_pikseli_prsa-1536x864.webp 1536w, https:\/\/tena.yoga\/wp-content\/uploads\/2024\/03\/12_2_pikseli_prsa-2048x1152.webp 2048w, https:\/\/tena.yoga\/wp-content\/uploads\/2024\/03\/12_2_pikseli_prsa.jpg 1920w\" sizes=\"(max-width: 1024px) 100vw, 1024px\" \/><\/a><\/figure>\n\n\n\n<div style=\"height:10px\" aria-hidden=\"true\" class=\"wp-block-spacer\"><\/div>\n\n\n\n<h6 class=\"wp-block-heading\"> 40 MIN<\/h6>\n\n\n\n<h4 class=\"wp-block-heading\">4. PIKSELI U PRSIMA<\/h4>\n\n\n\n<p>Ciljali smo u ovom satu gornje prsne mi\u0161i\u0107e. <\/p>\n\n\n\n<p><strong>Prvo smo se sjetili kako je otvoriti se prema budu\u0107nosti slobodni od o\u010dekivanja i predrasuda, kako se opustiti u osje\u0107aju &#8211; sada sam tu. <\/strong><\/p>\n\n\n\n<p>Radili smo ugodne pozdrave suncu i polako dodavali polo\u017eaje ruku koji povla\u010de ramena iza i dolje, a time produ\u017euju prednju stranu prsa i otvaraju nam ulaz malo dublje u prsni prostor.&nbsp;Radili smo s trakicama tako da nam snaga nogu pomogne povu\u0107i ruku iza, pa polako ulazite u polo\u017eaj i prona\u0111ite pravu dozu istezanja koja vam pa\u0161e.<\/p>\n<\/div>\n\n\n\n<div class=\"wp-block-column is-layout-flow wp-block-column-is-layout-flow\" style=\"flex-basis:2%\"><\/div>\n\n\n\n<div class=\"wp-block-column is-layout-flow wp-block-column-is-layout-flow\" style=\"flex-basis:32%\">\n<figure class=\"wp-block-image size-large\"><a href=\"https:\/\/tena.yoga\/wp-content\/uploads\/2024\/03\/15_2_krila_let.jpg\"><img decoding=\"async\" width=\"1024\" height=\"576\" src=\"https:\/\/tena.yoga\/wp-content\/uploads\/2024\/03\/15_2_krila_let-1024x576.webp\" alt=\"\" class=\"wp-image-3939\" srcset=\"https:\/\/tena.yoga\/wp-content\/uploads\/2024\/03\/15_2_krila_let-1024x576.webp 1024w, https:\/\/tena.yoga\/wp-content\/uploads\/2024\/03\/15_2_krila_let-600x338.jpg 600w, https:\/\/tena.yoga\/wp-content\/uploads\/2024\/03\/15_2_krila_let-1536x864.webp 1536w, https:\/\/tena.yoga\/wp-content\/uploads\/2024\/03\/15_2_krila_let-2048x1152.webp 2048w, https:\/\/tena.yoga\/wp-content\/uploads\/2024\/03\/15_2_krila_let.jpg 1920w\" sizes=\"(max-width: 1024px) 100vw, 1024px\" \/><\/a><\/figure>\n\n\n\n<div style=\"height:10px\" aria-hidden=\"true\" class=\"wp-block-spacer\"><\/div>\n\n\n\n<h6 class=\"wp-block-heading\">60 MIN<\/h6>\n\n\n\n<h4 class=\"wp-block-heading\">5. SNAGA KRILIMA ZA LET<\/h4>\n\n\n\n<p>Moto ovog sata je <strong>&#8220;Vjetar nam daje uzlet ali za let trebamo sna\u017ena krila&#8221;<\/strong>. <\/p>\n\n\n\n<p>Radili smo na dubinskom oja\u010davanju ramenog pojasa kroz vanjsku rotaciju ramena. Potra\u017eili smo jedno posebno namje\u0161tanje ramena u nekoliko polo\u017eaja, primarno u Delfin down dogu i varijacijama tog polo\u017eaja te u Garudasana rukama. Nakon zagrijavanja i nekoliko pozdrava suncu slijedi niz asana s pozicijama ruku i detaljima te rotacijama. \u0160irimo krila u dva polo\u017eaja pa pazite da ne poletite. Sat je u prvom dijelu sna\u017ean, a umiruje&nbsp;se u zadnjoj tre\u0107ini kada smo sjeli raditi yogu lica, to\u010dnije vje\u017ebe sa \u017evaka\u0107im mi\u0161i\u0107em.&nbsp;<\/p>\n<\/div>\n<\/div>\n\n\n\n<div style=\"height:30px\" aria-hidden=\"true\" class=\"wp-block-spacer\"><\/div>\n\n\n\n<div class=\"wp-block-columns is-layout-flex wp-container-core-columns-is-layout-28f84493 wp-block-columns-is-layout-flex\">\n<div class=\"wp-block-column is-layout-flow wp-block-column-is-layout-flow\" style=\"flex-basis:32%\">\n<figure class=\"wp-block-image size-large\"><a href=\"https:\/\/tena.yoga\/wp-content\/uploads\/2024\/03\/19_2_srce_split.jpg\"><img decoding=\"async\" width=\"1024\" height=\"576\" src=\"https:\/\/tena.yoga\/wp-content\/uploads\/2024\/03\/19_2_srce_split-1024x576.webp\" alt=\"\" class=\"wp-image-3941\" srcset=\"https:\/\/tena.yoga\/wp-content\/uploads\/2024\/03\/19_2_srce_split-1024x576.webp 1024w, https:\/\/tena.yoga\/wp-content\/uploads\/2024\/03\/19_2_srce_split-600x338.jpg 600w, https:\/\/tena.yoga\/wp-content\/uploads\/2024\/03\/19_2_srce_split-1536x864.webp 1536w, https:\/\/tena.yoga\/wp-content\/uploads\/2024\/03\/19_2_srce_split-2048x1152.webp 2048w, https:\/\/tena.yoga\/wp-content\/uploads\/2024\/03\/19_2_srce_split.jpg 1920w\" sizes=\"(max-width: 1024px) 100vw, 1024px\" \/><\/a><\/figure>\n\n\n\n<div style=\"height:10px\" aria-hidden=\"true\" class=\"wp-block-spacer\"><\/div>\n\n\n\n<h6 class=\"wp-block-heading\">40 MIN<\/h6>\n\n\n\n<h4 class=\"wp-block-heading\">6. NEISCRPNA SR\u010cANOST<\/h4>\n\n\n\n<p>Mi\u0161i\u0107ne stanice na\u0161eg sr\u010danog mi\u0161i\u0107a posebne su u odnosu na druge mi\u0161i\u0107e jer neprestano, cijeli \u017eivot rade akciju gr\u010d-opu\u0161tenost. To mogu zato jer se u tom kratkom periodu opu\u0161tanja znaju potpuno opustiti. <\/p>\n\n\n\n<p><strong>Na\u0161e je srce uvijek svje\u017ee, otvoreno i spremno, ne mo\u017ee se umoriti i odustati dok smo \u017eivi. <\/strong><\/p>\n\n\n\n<p>Mi mu se uvijek mo\u017eemo vratiti, nikada nismo pre ranjeni, krivi, umorni i nikad nije kasno za ljubav, oprost i &#8220;novi list&#8221; u \u017eivotu. Kada znamo da takav &#8220;mehanizam&#8221; nosimo u sebi znamo da je svaki trenutak u \u017eivotu nova, svje\u017ea prilika za pustiti o\u010dekivanja i predrasude (\u017eudnje i averzije) kroz koje gledamo svijet oko sebe i svoje odnose.&nbsp;Danas smo se pozabavili&nbsp;otvaranjem srca i dodirom s neiscrpnom sr\u010dano\u0161\u0107u koja je u nama.<\/p>\n<\/div>\n\n\n\n<div class=\"wp-block-column is-layout-flow wp-block-column-is-layout-flow\" style=\"flex-basis:2%\"><\/div>\n\n\n\n<div class=\"wp-block-column is-layout-flow wp-block-column-is-layout-flow\" style=\"flex-basis:32%\">\n<figure class=\"wp-block-image size-large\"><a href=\"https:\/\/tena.yoga\/wp-content\/uploads\/2024\/03\/22_2_pod_lopaticama.jpg\"><img decoding=\"async\" width=\"1024\" height=\"576\" src=\"https:\/\/tena.yoga\/wp-content\/uploads\/2024\/03\/22_2_pod_lopaticama-1024x576.webp\" alt=\"\" class=\"wp-image-3943\" srcset=\"https:\/\/tena.yoga\/wp-content\/uploads\/2024\/03\/22_2_pod_lopaticama-1024x576.webp 1024w, https:\/\/tena.yoga\/wp-content\/uploads\/2024\/03\/22_2_pod_lopaticama-600x338.jpg 600w, https:\/\/tena.yoga\/wp-content\/uploads\/2024\/03\/22_2_pod_lopaticama-1536x864.webp 1536w, https:\/\/tena.yoga\/wp-content\/uploads\/2024\/03\/22_2_pod_lopaticama-2048x1152.webp 2048w, https:\/\/tena.yoga\/wp-content\/uploads\/2024\/03\/22_2_pod_lopaticama.jpg 1920w\" sizes=\"(max-width: 1024px) 100vw, 1024px\" \/><\/a><\/figure>\n\n\n\n<div style=\"height:10px\" aria-hidden=\"true\" class=\"wp-block-spacer\"><\/div>\n\n\n\n<h6 class=\"wp-block-heading\">60 MIN<\/h6>\n\n\n\n<h4 class=\"wp-block-heading\">7. POD LOPATICAMA<\/h4>\n\n\n\n<p>Kada di\u0161emo uravnote\u017eenim ritmom dulje vremena (mo\u017ee biti ista duljina udaha i izdaha ali i ne mora), uravnote\u017eimo sr\u010danu frekvenciju &#8211; zamislite si pravilne amplitude EKG valova srca. <\/p>\n\n\n\n<p><strong>Uravnote\u017eimo svoje emotivno stanje, ritmi\u010dnim pokretom koji prati dah.<\/strong><\/p>\n\n\n\n<p>Koherenciju prenesemo na svoje tijelo te na koncu otpu\u0161tanjem misli i zaklju\u010daka red preslikamo i na um.&nbsp;Tako pripremljeni&nbsp;danas smo se fino razgibali sa \u0161irokim pokretima rukama i otvorenim sr\u010danim prostorom. Nakon pozdrava suncu i par asana koje su potra\u017eile&nbsp;prostor izme\u0111u lopatica suzili smo pa\u017enju na taj dio tijela. U drugom dijelu sata radimo nekoliko ciljanih restorativnih asana koje otvaraju i razgibavaju&nbsp;zonu&nbsp;ispod i izme\u0111u lopatica.&nbsp;<\/p>\n<\/div>\n\n\n\n<div class=\"wp-block-column is-layout-flow wp-block-column-is-layout-flow\" style=\"flex-basis:2%\"><\/div>\n\n\n\n<div class=\"wp-block-column is-layout-flow wp-block-column-is-layout-flow\" style=\"flex-basis:32%\">\n<figure class=\"wp-block-image size-large\"><a href=\"https:\/\/tena.yoga\/wp-content\/uploads\/2024\/03\/26_2_volim_leda.jpg\"><img decoding=\"async\" width=\"1024\" height=\"576\" src=\"https:\/\/tena.yoga\/wp-content\/uploads\/2024\/03\/26_2_volim_leda-1024x576.webp\" alt=\"\" class=\"wp-image-3945\" srcset=\"https:\/\/tena.yoga\/wp-content\/uploads\/2024\/03\/26_2_volim_leda-1024x576.webp 1024w, https:\/\/tena.yoga\/wp-content\/uploads\/2024\/03\/26_2_volim_leda-600x338.jpg 600w, https:\/\/tena.yoga\/wp-content\/uploads\/2024\/03\/26_2_volim_leda-1536x864.webp 1536w, https:\/\/tena.yoga\/wp-content\/uploads\/2024\/03\/26_2_volim_leda-2048x1152.webp 2048w, https:\/\/tena.yoga\/wp-content\/uploads\/2024\/03\/26_2_volim_leda.jpg 1920w\" sizes=\"(max-width: 1024px) 100vw, 1024px\" \/><\/a><\/figure>\n\n\n\n<div style=\"height:10px\" aria-hidden=\"true\" class=\"wp-block-spacer\"><\/div>\n\n\n\n<h6 class=\"wp-block-heading\">40 MIN<\/h6>\n\n\n\n<h4 class=\"wp-block-heading\">8. VOLIM LE\u0110A<\/h4>\n\n\n\n<p>u ovom satu ja\u010damo le\u0111ne mi\u0161i\u0107e ciljanim vje\u017ebama iz le\u017ee\u0107eg polo\u017eaja na trbuhu. Opet smo koristili polo\u017eaj &#8220;kaktus&#8221; ruke no ovaj put smo klizili lopaticama u smjerovima gore &#8211; dolje i unutra &#8211; van. Pro\u0161li smo malo zagrijavanja, prona\u0161li te pokrete rukama u ratnicima i onda ih ponovili&nbsp;potrbu\u0161ke na podu. Snaga le\u0111nih mi\u0161i\u0107a kao i ostalih mi\u0161i\u0107a ovisi o tome koliko ih \u010desto i na koji na\u010din koristimo. Ako vam ovi polo\u017eaji i pokretu budu izazovni, to je dobro, zna\u010di da ih trebate \u010de\u0161\u0107e raditi. Naravno, uvijek mo\u017eete malo usporiti i odmoriti koji krug. <\/p>\n\n\n\n<p><strong>Dah je energija koja nas iznutra usmjerava i onda se tijelo po njoj oblikuje.<\/strong><\/p>\n<\/div>\n<\/div>\n\n\n\n<div style=\"height:30px\" aria-hidden=\"true\" class=\"wp-block-spacer\"><\/div>\n\n\n\n<div class=\"wp-block-columns is-layout-flex wp-container-core-columns-is-layout-28f84493 wp-block-columns-is-layout-flex\">\n<div class=\"wp-block-column is-layout-flow wp-block-column-is-layout-flow\" style=\"flex-basis:32%\">\n<figure class=\"wp-block-image size-large\"><a href=\"https:\/\/tena.yoga\/wp-content\/uploads\/2024\/03\/29_2_prana.jpg\"><img decoding=\"async\" width=\"1024\" height=\"576\" src=\"https:\/\/tena.yoga\/wp-content\/uploads\/2024\/03\/29_2_prana-1024x576.webp\" alt=\"\" class=\"wp-image-3947\" srcset=\"https:\/\/tena.yoga\/wp-content\/uploads\/2024\/03\/29_2_prana-1024x576.webp 1024w, https:\/\/tena.yoga\/wp-content\/uploads\/2024\/03\/29_2_prana-600x338.jpg 600w, https:\/\/tena.yoga\/wp-content\/uploads\/2024\/03\/29_2_prana-1536x864.webp 1536w, https:\/\/tena.yoga\/wp-content\/uploads\/2024\/03\/29_2_prana-2048x1152.webp 2048w, https:\/\/tena.yoga\/wp-content\/uploads\/2024\/03\/29_2_prana.jpg 1920w\" sizes=\"(max-width: 1024px) 100vw, 1024px\" \/><\/a><\/figure>\n\n\n\n<div style=\"height:10px\" aria-hidden=\"true\" class=\"wp-block-spacer\"><\/div>\n\n\n\n<h6 class=\"wp-block-heading\">60 MIN<\/h6>\n\n\n\n<h4 class=\"wp-block-heading\">9. PRANA U PRSIMA<\/h4>\n\n\n\n<p>Pro\u0161li smo svega po malo \u0161to smo kroz mjesec radili, ideja je da sami znate koje su vam vje\u017ebe pasale i da ih znate pro\u0107i neovisno o yogi, kada vam treba kako bi rasteretili ramena i vrat. Va\u017eno je da znamo \u0161to s kojom vje\u017ebom radimo i gdje stavljamo pa\u017enju za najbolji u\u010dinak. Razumijevanje je na\u0161a velika mo\u0107 i snaga za promjenu. Produ\u017eivanje vrata, otvaranje prsa, ja\u010danje mi\u0161i\u0107e izme\u0111u lopatica, produ\u017eivanje prednjih prsnih, ja\u010danje mi\u0161i\u0107a unutar ramena, rotacije ramenima i razgibavanje ramena u obliku yoga asana. <\/p>\n<\/div>\n\n\n\n<div class=\"wp-block-column is-layout-flow wp-block-column-is-layout-flow\" style=\"flex-basis:2%\"><\/div>\n\n\n\n<div class=\"wp-block-column is-layout-flow wp-block-column-is-layout-flow\" style=\"flex-basis:32%\">\n<div style=\"height:10px\" aria-hidden=\"true\" class=\"wp-block-spacer\"><\/div>\n\n\n\n<blockquote class=\"wp-block-quote is-layout-flow wp-block-quote-is-layout-flow\">\n<p>Zdravije je biti opu\u0161ten i prisutan, kada dovedemo svoju prisutnost u svaku situaciju i svijest o tome iz kojih namjera djelujemo mi se najbolje \u0161titimo.<\/p>\n<\/blockquote>\n<\/div>\n\n\n\n<div class=\"wp-block-column is-layout-flow wp-block-column-is-layout-flow\" style=\"flex-basis:2%\"><\/div>\n\n\n\n<div class=\"wp-block-column is-layout-flow wp-block-column-is-layout-flow\" style=\"flex-basis:32%\">\n<div style=\"height:10px\" aria-hidden=\"true\" class=\"wp-block-spacer\"><\/div>\n\n\n\n<p>Za kraj popri\u010dali smo o va\u017enosti toga da vidimo svoje probleme &#8220;drugim o\u010dima&#8221; jer kada bi netko drugi pogledao ono \u0161to mi mislimo da je najte\u017ee na svijetu, uop\u0107e ne bi imao tu perspektivu. Tako mo\u017eemo i mi uvesti malo&nbsp;<em>Beginners mind<\/em>&nbsp;i bez da se unaprijed bojimo \u0161to \u0107e biti otvorimo se situaciji da do\u0111emo svje\u017ei i vidimo neoptere\u0107eni.&nbsp;<\/p>\n<\/div>\n<\/div>\n","protected":false},"excerpt":{"rendered":"<p>Releasing tension in the neck and shoulders, strengthening the upper back and shoulder muscles, neck mobility and upright posture.<\/p>\n","protected":false},"featured_media":3951,"template":"","meta":{"_sitemap_exclude":false,"_sitemap_priority":"","_sitemap_frequency":""},"product_cat":[104,64,67,70],"product_tag":[108],"class_list":{"0":"post-5921","1":"product","2":"type-product","3":"status-publish","4":"has-post-thumbnail","6":"product_cat-online-yoga-en","7":"product_cat-yoga-for-shoulders-and-chest","8":"product_cat-yoga-for-the-spine","9":"product_cat-yogic-breathing","10":"product_tag-work-plan-2024","11":"pa_intenzitet-intermediate","13":"first","14":"instock","15":"downloadable","16":"virtual","17":"sold-individually","18":"purchasable","19":"product-type-simple"},"_links":{"self":[{"href":"https:\/\/tena.yoga\/en\/wp-json\/wp\/v2\/product\/5921","targetHints":{"allow":["GET"]}}],"collection":[{"href":"https:\/\/tena.yoga\/en\/wp-json\/wp\/v2\/product"}],"about":[{"href":"https:\/\/tena.yoga\/en\/wp-json\/wp\/v2\/types\/product"}],"wp:featuredmedia":[{"embeddable":true,"href":"https:\/\/tena.yoga\/en\/wp-json\/wp\/v2\/media\/3951"}],"wp:attachment":[{"href":"https:\/\/tena.yoga\/en\/wp-json\/wp\/v2\/media?parent=5921"}],"wp:term":[{"taxonomy":"product_cat","embeddable":true,"href":"https:\/\/tena.yoga\/en\/wp-json\/wp\/v2\/product_cat?post=5921"},{"taxonomy":"product_tag","embeddable":true,"href":"https:\/\/tena.yoga\/en\/wp-json\/wp\/v2\/product_tag?post=5921"}],"curies":[{"name":"wp","href":"https:\/\/api.w.org\/{rel}","templated":true}]}}