{"id":3479,"date":"2023-10-31T07:01:19","date_gmt":"2023-10-31T06:01:19","guid":{"rendered":"https:\/\/tena.yoga\/?post_type=product&#038;p=3479"},"modified":"2025-01-02T21:29:45","modified_gmt":"2025-01-02T20:29:45","slug":"yoga-routine","status":"publish","type":"product","link":"https:\/\/tena.yoga\/en\/yoga-classes-package\/yoga-routine\/","title":{"rendered":"Yoga routine"},"content":{"rendered":"\n<div class=\"wp-block-columns is-layout-flex wp-container-core-columns-is-layout-28f84493 wp-block-columns-is-layout-flex\">\n<div class=\"wp-block-column is-layout-flow wp-block-column-is-layout-flow\" style=\"flex-basis:10%\"><\/div>\n\n\n\n<div class=\"wp-block-column is-layout-flow wp-block-column-is-layout-flow\" style=\"flex-basis:80%\">\n<p>The package includes a lecture with an introductory class + nine hours of yoga.<\/p>\n\n\n\n<p>Routine is a useful thing, it sets a schedule for obligations and free time. Our nervous system loves routine, the body knows when it is time to eat and looks for food at about the same time every day. The same goes for time to sleep, work, concentrate, exercise and more. We find our way in our routine, it is a familiar, productive terrain. It is important to put yoga in the regular flow of our routine. They say if you don&#8217;t have 10 minutes to meditate, meditate for an hour.<\/p>\n\n\n\n<p>The package is dedicated to establishing a routine with a morning yoga practice that is repeated, becomes familiar and safe and gives us an excellent base for all the daily challenges that come with returning to a schedule with other members of the community. Also, if you are a beginner in yoga, this is the right package to start with because we go over the basics.<\/p>\n\n\n\n<p>Topics covered:<\/p>\n\n\n\n<ul class=\"wp-block-list\">\n<li>basics of yoga and details of asanas<\/li>\n\n\n\n<li>salutation to the sun<\/li>\n\n\n\n<li>ashtanga yoga base<\/li>\n\n\n\n<li>rhythm of movement repetition<\/li>\n\n\n\n<li>a healthy yoga routine<\/li>\n\n\n\n<li>silence of mind<\/li>\n\n\n\n<li>coherent breathing<\/li>\n\n\n\n<li>meditation for better concentration<\/li>\n\n\n\n<li>affirmations for willpower<\/li>\n<\/ul>\n\n\n\n<p>The recordings were made during regular guided online yoga classes. The hours were recorded via the Zoom application in a resolution of up to 720p (oscillations in video quality are possible).<\/p>\n<\/div>\n\n\n\n<div class=\"wp-block-column is-layout-flow wp-block-column-is-layout-flow\" style=\"flex-basis:10%\"><\/div>\n<\/div>\n\n\n\n<h3 class=\"wp-block-heading has-text-align-center\">Sadr\u017eaj paketa snimki<\/h3>\n\n\n\n<div style=\"height:50px\" aria-hidden=\"true\" class=\"wp-block-spacer\"><\/div>\n\n\n\n<div class=\"wp-block-columns is-layout-flex wp-container-core-columns-is-layout-28f84493 wp-block-columns-is-layout-flex\">\n<div class=\"wp-block-column is-layout-flow wp-block-column-is-layout-flow\" style=\"flex-basis:32%\">\n<figure class=\"wp-block-image size-large\"><a href=\"https:\/\/tena.yoga\/wp-content\/uploads\/2023\/10\/TEMA_mjeseca_listopad.jpg\"><img decoding=\"async\" width=\"1024\" height=\"576\" src=\"https:\/\/tena.yoga\/wp-content\/uploads\/2023\/10\/TEMA_mjeseca_listopad-1024x576.webp\" alt=\"\" class=\"wp-image-3392\" srcset=\"https:\/\/tena.yoga\/wp-content\/uploads\/2023\/10\/TEMA_mjeseca_listopad-1024x576.webp 1024w, https:\/\/tena.yoga\/wp-content\/uploads\/2023\/10\/TEMA_mjeseca_listopad-600x338.jpg 600w, https:\/\/tena.yoga\/wp-content\/uploads\/2023\/10\/TEMA_mjeseca_listopad-1536x864.webp 1536w, https:\/\/tena.yoga\/wp-content\/uploads\/2023\/10\/TEMA_mjeseca_listopad-2048x1152.webp 2048w, https:\/\/tena.yoga\/wp-content\/uploads\/2023\/10\/TEMA_mjeseca_listopad.jpg 1920w\" sizes=\"(max-width: 1024px) 100vw, 1024px\" \/><\/a><\/figure>\n\n\n\n<div style=\"height:10px\" aria-hidden=\"true\" class=\"wp-block-spacer\"><\/div>\n\n\n\n<h4 class=\"wp-block-heading\">UVODNO PREDAVANJE I SAT YOGE NA TEMU<\/h4>\n\n\n\n<p>Ovim mjesecom otvaramo temu prave yogijske motivacije za redovnu praksu yoge. Ako radimo yogu zato da ispunimo neku formu ili obavezu vrlo \u0107emo lako upasti u taj&nbsp;<em>mindset<\/em>&nbsp;\u2013 da nije dobro kako je i da moramo \u201cto\u201d odraditi. Ali to nije yoga, nema ljubavi, davanja i veselja. Yogijska motivacija za praksu proizlazi iz&nbsp;<em>devotiona<\/em>&nbsp;\u2013 posve\u0107enosti i predanosi u srcu u kojem ka\u017eemo: \u201cneka dam najbolje od sebe kroz praksu za dobrodit svih \u017eivih bi\u0107a.\u201d Ritmi\u010dna rutina je povratak sebi svaki dan, stoga ovaj mjesec stavljamo zavjet da \u0107emo raditi svaki dan i svaki dan bar malo do\u0107i u dodir sa predajom i dosljedno\u0161\u0107u iz srca kroz vrijeme za yogu koje odvojimo.<\/p>\n<\/div>\n\n\n\n<div class=\"wp-block-column is-layout-flow wp-block-column-is-layout-flow\" style=\"flex-basis:2%\"><\/div>\n\n\n\n<div class=\"wp-block-column is-layout-flow wp-block-column-is-layout-flow\" style=\"flex-basis:32%\">\n<figure class=\"wp-block-image size-large\"><a href=\"https:\/\/tena.yoga\/wp-content\/uploads\/2023\/10\/9_10_vracamsebi.jpg\"><img decoding=\"async\" width=\"1024\" height=\"576\" src=\"https:\/\/tena.yoga\/wp-content\/uploads\/2023\/10\/9_10_vracamsebi-1024x576.webp\" alt=\"\" class=\"wp-image-3394\" srcset=\"https:\/\/tena.yoga\/wp-content\/uploads\/2023\/10\/9_10_vracamsebi-1024x576.webp 1024w, https:\/\/tena.yoga\/wp-content\/uploads\/2023\/10\/9_10_vracamsebi-600x338.jpg 600w, https:\/\/tena.yoga\/wp-content\/uploads\/2023\/10\/9_10_vracamsebi-1536x864.webp 1536w, https:\/\/tena.yoga\/wp-content\/uploads\/2023\/10\/9_10_vracamsebi-2048x1152.webp 2048w, https:\/\/tena.yoga\/wp-content\/uploads\/2023\/10\/9_10_vracamsebi.jpg 1920w\" sizes=\"(max-width: 1024px) 100vw, 1024px\" \/><\/a><\/figure>\n\n\n\n<div style=\"height:10px\" aria-hidden=\"true\" class=\"wp-block-spacer\"><\/div>\n\n\n\n<h4 class=\"wp-block-heading\">1. VRA\u0106AM SE SEBI<\/h4>\n\n\n\n<p>Mir koji nam donose red i ritam je povratak miru u sebi. U na\u0161e mjesto iskrenog iskustva, na\u0161 osje\u0107aj tijela. Danas smo lijepo i polako pro\u0161li yogu od razgibavanja i pozdrava suncu, preko par stoje\u0107ih asana do asana na podu i zaokru\u017eene prakse s odmorom u shavasani.&nbsp;Samo krenite i nemojte razmi\u0161ljati \u2013 osje\u0107ajte.<\/p>\n<\/div>\n\n\n\n<div class=\"wp-block-column is-layout-flow wp-block-column-is-layout-flow\" style=\"flex-basis:2%\"><\/div>\n\n\n\n<div class=\"wp-block-column is-layout-flow wp-block-column-is-layout-flow\" style=\"flex-basis:32%\">\n<figure class=\"wp-block-image size-large\"><a href=\"https:\/\/tena.yoga\/wp-content\/uploads\/2023\/10\/12_10_4_takta.jpg\"><img decoding=\"async\" width=\"1024\" height=\"576\" src=\"https:\/\/tena.yoga\/wp-content\/uploads\/2023\/10\/12_10_4_takta-1024x576.webp\" alt=\"\" class=\"wp-image-3396\" srcset=\"https:\/\/tena.yoga\/wp-content\/uploads\/2023\/10\/12_10_4_takta-1024x576.webp 1024w, https:\/\/tena.yoga\/wp-content\/uploads\/2023\/10\/12_10_4_takta-600x338.jpg 600w, https:\/\/tena.yoga\/wp-content\/uploads\/2023\/10\/12_10_4_takta-1536x864.webp 1536w, https:\/\/tena.yoga\/wp-content\/uploads\/2023\/10\/12_10_4_takta-2048x1152.webp 2048w, https:\/\/tena.yoga\/wp-content\/uploads\/2023\/10\/12_10_4_takta.jpg 1920w\" sizes=\"(max-width: 1024px) 100vw, 1024px\" \/><\/a><\/figure>\n\n\n\n<div style=\"height:10px\" aria-hidden=\"true\" class=\"wp-block-spacer\"><\/div>\n\n\n\n<h4 class=\"wp-block-heading\">2. \u010cETIRI TAKTA<\/h4>\n\n\n\n<p>Na\u0161 ritam za smirenje i red \u2013 isti omjer udaha i izdaha. Uravnote\u017eeno disanje je jednaka duljina udaha i izdaha koje smo potkrijepili s jednakom duljinom pokreta \u2013 sporo dizanje i spu\u0161tanje ruku. Krenuv\u0161i tako polako napunili smo pranom uspavane slojeve ispod ko\u017ee da s lako\u0107om probudimo pokret valovima kroz pozdrave suncu i Ashtanga slijed asana. Samo se sjetimo disati u redu i balansu \u0161to \u010de\u0161\u0107e u toku prakse. \u010cim umirimo srce ponovo se vratimo produljivanju disanja i u\u0111emo jo\u0161 dublje u sebe.<\/p>\n<\/div>\n<\/div>\n\n\n\n<div style=\"height:30px\" aria-hidden=\"true\" class=\"wp-block-spacer\"><\/div>\n\n\n\n<div class=\"wp-block-columns is-layout-flex wp-container-core-columns-is-layout-28f84493 wp-block-columns-is-layout-flex\">\n<div class=\"wp-block-column is-layout-flow wp-block-column-is-layout-flow\" style=\"flex-basis:32%\">\n<figure class=\"wp-block-image size-large\"><a href=\"https:\/\/tena.yoga\/wp-content\/uploads\/2023\/10\/14_10_mndfsf_medIred.jpg\"><img decoding=\"async\" width=\"1024\" height=\"576\" src=\"https:\/\/tena.yoga\/wp-content\/uploads\/2023\/10\/14_10_mndfsf_medIred-1024x576.webp\" alt=\"\" class=\"wp-image-3398\" srcset=\"https:\/\/tena.yoga\/wp-content\/uploads\/2023\/10\/14_10_mndfsf_medIred-1024x576.webp 1024w, https:\/\/tena.yoga\/wp-content\/uploads\/2023\/10\/14_10_mndfsf_medIred-600x338.jpg 600w, https:\/\/tena.yoga\/wp-content\/uploads\/2023\/10\/14_10_mndfsf_medIred-1536x864.webp 1536w, https:\/\/tena.yoga\/wp-content\/uploads\/2023\/10\/14_10_mndfsf_medIred-2048x1152.webp 2048w, https:\/\/tena.yoga\/wp-content\/uploads\/2023\/10\/14_10_mndfsf_medIred.jpg 1920w\" sizes=\"(max-width: 1024px) 100vw, 1024px\" \/><\/a><\/figure>\n\n\n\n<div style=\"height:10px\" aria-hidden=\"true\" class=\"wp-block-spacer\"><\/div>\n\n\n\n<h4 class=\"wp-block-heading\">3. MED I RED<\/h4>\n\n\n\n<p>Med jer hranimo tijelo ugodnim pokretima i&nbsp;<em>Pranom<\/em>, a&nbsp;red jer se kre\u0107emo ritmi\u010dno i sporo. Pomno vrijeme za nas same \u2013 ovim satom se nagradimo da pustimo sve nepotrebno&nbsp;iz tijela i \u017eivota te ostavimo otvoreni, miran prostor za novo. Radili smo malo na izvijanju prema iza jer su sati ovaj mjesec vi\u0161e bazirani na pretklonima, pa samo nje\u017eno. Za kraj dobro \u0107e do\u0107i jedna zarolana dekica ili jastu\u010di\u0107.<\/p>\n<\/div>\n\n\n\n<div class=\"wp-block-column is-layout-flow wp-block-column-is-layout-flow\" style=\"flex-basis:2%\"><\/div>\n\n\n\n<div class=\"wp-block-column is-layout-flow wp-block-column-is-layout-flow\" style=\"flex-basis:32%\">\n<figure class=\"wp-block-image size-large\"><a href=\"https:\/\/tena.yoga\/wp-content\/uploads\/2023\/10\/16_10_ritamoslobada.jpg\"><img decoding=\"async\" width=\"1024\" height=\"576\" src=\"https:\/\/tena.yoga\/wp-content\/uploads\/2023\/10\/16_10_ritamoslobada-1024x576.webp\" alt=\"\" class=\"wp-image-3400\" srcset=\"https:\/\/tena.yoga\/wp-content\/uploads\/2023\/10\/16_10_ritamoslobada-1024x576.webp 1024w, https:\/\/tena.yoga\/wp-content\/uploads\/2023\/10\/16_10_ritamoslobada-600x338.jpg 600w, https:\/\/tena.yoga\/wp-content\/uploads\/2023\/10\/16_10_ritamoslobada-1536x864.webp 1536w, https:\/\/tena.yoga\/wp-content\/uploads\/2023\/10\/16_10_ritamoslobada-2048x1152.webp 2048w, https:\/\/tena.yoga\/wp-content\/uploads\/2023\/10\/16_10_ritamoslobada.jpg 1920w\" sizes=\"(max-width: 1024px) 100vw, 1024px\" \/><\/a><\/figure>\n\n\n\n<div style=\"height:10px\" aria-hidden=\"true\" class=\"wp-block-spacer\"><\/div>\n\n\n\n<h4 class=\"wp-block-heading\">4. RITAM KOJI OSLOBA\u0110A<\/h4>\n\n\n\n<p>Na\u0161e tijelo ima svoje prirodne procese, prirodni ritam i logiku, na primjer ritam daha. Yoga je praksa koja te prirodne procese tijela potencira no mi ne izmi\u0161ljavamo ni\u0161ta novo. \u017delimo osjetiti tu unutarnju prirodu i nju naglasiti. Klju\u010d je u tom stavu, da produbimo i naglasimo prirodu tijela a ne da se trudimo biti ne\u0161to drugo ili raditi ne\u0161to \u201cna silu\u201d samo zato \u0161to mislimo da moramo ili da \u0107emo time ne\u0161to posti\u0107i. Danas smo se kretali tako da dah pokre\u0107e tijelo i da budemo u niti daha koja izrazi pokret \u2013 tijelo prati disanje. Zato smo malo vi\u0161e pulsirali, naglasili&nbsp;ritam i pazili da nema forsiranja, nema nikuda kuda bi trebali i\u0107i, nema postizanja.<\/p>\n<\/div>\n\n\n\n<div class=\"wp-block-column is-layout-flow wp-block-column-is-layout-flow\" style=\"flex-basis:2%\"><\/div>\n\n\n\n<div class=\"wp-block-column is-layout-flow wp-block-column-is-layout-flow\" style=\"flex-basis:32%\">\n<figure class=\"wp-block-image size-large\"><a href=\"https:\/\/tena.yoga\/wp-content\/uploads\/2023\/10\/19_10_znatistati.jpg\"><img decoding=\"async\" width=\"1024\" height=\"576\" src=\"https:\/\/tena.yoga\/wp-content\/uploads\/2023\/10\/19_10_znatistati-1024x576.webp\" alt=\"\" class=\"wp-image-3402\" srcset=\"https:\/\/tena.yoga\/wp-content\/uploads\/2023\/10\/19_10_znatistati-1024x576.webp 1024w, https:\/\/tena.yoga\/wp-content\/uploads\/2023\/10\/19_10_znatistati-600x338.jpg 600w, https:\/\/tena.yoga\/wp-content\/uploads\/2023\/10\/19_10_znatistati-1536x864.webp 1536w, https:\/\/tena.yoga\/wp-content\/uploads\/2023\/10\/19_10_znatistati-2048x1152.webp 2048w, https:\/\/tena.yoga\/wp-content\/uploads\/2023\/10\/19_10_znatistati.jpg 1920w\" sizes=\"(max-width: 1024px) 100vw, 1024px\" \/><\/a><\/figure>\n\n\n\n<div style=\"height:10px\" aria-hidden=\"true\" class=\"wp-block-spacer\"><\/div>\n\n\n\n<h4 class=\"wp-block-heading\">5. ZNATI STATI<\/h4>\n\n\n\n<p>Mindfulness meditacija ima dva osnovna koraka -osvijestiti i prihvatiti.&nbsp;Osvijestiti nije te\u0161ko, na primjer mogu vidjeti da sam isfrustrirana&nbsp;iako i taj korak mo\u017eemo vje\u017ebati.&nbsp;Prihvatiti zna\u010di stvarno pristati i osjetiti, a ne zavesti se mislima da sada tako ne bi trebalo biti ili kako bi bilo bolje da je druga\u010dije. Danas smo tako radili praksu \u2013 svaka asana je nova prilika za sjesti (metafori\u010dki ali i zapravo sjesti u sebe) i prihvatiti stanje bilo ono s kojim smo do\u0161li u praksu ili ono koje asana budi, &nbsp;svejedno je. Tako smo lijepo po redu i u miru prolazili&nbsp;malo po malo poznati redoslijed polo\u017eaja i sjeli u svako stanje.<\/p>\n<\/div>\n<\/div>\n\n\n\n<div style=\"height:30px\" aria-hidden=\"true\" class=\"wp-block-spacer\"><\/div>\n\n\n\n<div class=\"wp-block-columns is-layout-flex wp-container-core-columns-is-layout-28f84493 wp-block-columns-is-layout-flex\">\n<div class=\"wp-block-column is-layout-flow wp-block-column-is-layout-flow\" style=\"flex-basis:32%\">\n<figure class=\"wp-block-image size-large\"><a href=\"https:\/\/tena.yoga\/wp-content\/uploads\/2023\/10\/23_10_ritamsirine.jpg\"><img decoding=\"async\" width=\"1024\" height=\"576\" src=\"https:\/\/tena.yoga\/wp-content\/uploads\/2023\/10\/23_10_ritamsirine-1024x576.webp\" alt=\"\" class=\"wp-image-3405\" srcset=\"https:\/\/tena.yoga\/wp-content\/uploads\/2023\/10\/23_10_ritamsirine-1024x576.webp 1024w, https:\/\/tena.yoga\/wp-content\/uploads\/2023\/10\/23_10_ritamsirine-600x338.jpg 600w, https:\/\/tena.yoga\/wp-content\/uploads\/2023\/10\/23_10_ritamsirine-1536x864.webp 1536w, https:\/\/tena.yoga\/wp-content\/uploads\/2023\/10\/23_10_ritamsirine-2048x1152.webp 2048w, https:\/\/tena.yoga\/wp-content\/uploads\/2023\/10\/23_10_ritamsirine.jpg 1920w\" sizes=\"(max-width: 1024px) 100vw, 1024px\" \/><\/a><\/figure>\n\n\n\n<div style=\"height:10px\" aria-hidden=\"true\" class=\"wp-block-spacer\"><\/div>\n\n\n\n<h4 class=\"wp-block-heading\">6. RITAM \u0160IRINE<\/h4>\n\n\n\n<p>Po\u010deli smo jutros s \u0161irokim ritmi\u010dnim razgibavanjem, vidjeti \u0107ete zabavno je.&nbsp;Kroz sat smo vi\u0161e puta pulsirali pokrete tako da ostanemo u jednom ritmi\u010dnom dinami\u010dnom toku. Pro\u0161li smo pozdrave suncu, par asana, naglasili&nbsp;par twistova\u2026&nbsp;Sat je kratak i sladak zato samo &gt; PLAY i yoga je tu.<\/p>\n<\/div>\n\n\n\n<div class=\"wp-block-column is-layout-flow wp-block-column-is-layout-flow\" style=\"flex-basis:2%\"><\/div>\n\n\n\n<div class=\"wp-block-column is-layout-flow wp-block-column-is-layout-flow\" style=\"flex-basis:32%\">\n<figure class=\"wp-block-image size-large\"><a href=\"https:\/\/tena.yoga\/wp-content\/uploads\/2023\/10\/26_10_meditacijadah.jpg\"><img decoding=\"async\" width=\"1024\" height=\"576\" src=\"https:\/\/tena.yoga\/wp-content\/uploads\/2023\/10\/26_10_meditacijadah-1024x576.webp\" alt=\"\" class=\"wp-image-3407\" srcset=\"https:\/\/tena.yoga\/wp-content\/uploads\/2023\/10\/26_10_meditacijadah-1024x576.webp 1024w, https:\/\/tena.yoga\/wp-content\/uploads\/2023\/10\/26_10_meditacijadah-600x338.jpg 600w, https:\/\/tena.yoga\/wp-content\/uploads\/2023\/10\/26_10_meditacijadah-1536x864.webp 1536w, https:\/\/tena.yoga\/wp-content\/uploads\/2023\/10\/26_10_meditacijadah-2048x1152.webp 2048w, https:\/\/tena.yoga\/wp-content\/uploads\/2023\/10\/26_10_meditacijadah.jpg 1920w\" sizes=\"(max-width: 1024px) 100vw, 1024px\" \/><\/a><\/figure>\n\n\n\n<div style=\"height:10px\" aria-hidden=\"true\" class=\"wp-block-spacer\"><\/div>\n\n\n\n<h4 class=\"wp-block-heading\">7. MEDITACIJA NA DAH<\/h4>\n\n\n\n<p>Kada samo sjednemo meditirati promatramo prirodan dah \u0161to je te\u017ee nego kada se kre\u0107emo i di\u0161emo nagla\u0161enije i dublje. Do\u017eivimo na\u0161u praksu yoge kao meditaciju u pokretu u kojoj pa\u017enju vra\u0107amo na dah i osje\u0107aje u tijelu u svakoj asani. Zapo\u010deli smo dana\u0161nji sat s kru\u017enim pokretima koji bude srce i gornji dio le\u0111a te nastavili s redovnim pozdravima suncu i poznatim asanama.&nbsp;U Shavasani smo se ponovo sjetili da medititramo i da smo svijest koja ne osu\u0111uju\u0107e promatra&nbsp;te se nakon prakse digli za kratku sjede\u0107u meditaciju koju mo\u017eete i produ\u017eiti.<\/p>\n<\/div>\n\n\n\n<div class=\"wp-block-column is-layout-flow wp-block-column-is-layout-flow\" style=\"flex-basis:2%\"><\/div>\n\n\n\n<div class=\"wp-block-column is-layout-flow wp-block-column-is-layout-flow\" style=\"flex-basis:32%\">\n<figure class=\"wp-block-image size-large\"><a href=\"https:\/\/tena.yoga\/wp-content\/uploads\/2023\/10\/30_10_pranicnasvjetlost.jpg\"><img decoding=\"async\" width=\"1024\" height=\"576\" src=\"https:\/\/tena.yoga\/wp-content\/uploads\/2023\/10\/30_10_pranicnasvjetlost-1024x576.webp\" alt=\"\" class=\"wp-image-3409\" srcset=\"https:\/\/tena.yoga\/wp-content\/uploads\/2023\/10\/30_10_pranicnasvjetlost-1024x576.webp 1024w, https:\/\/tena.yoga\/wp-content\/uploads\/2023\/10\/30_10_pranicnasvjetlost-600x338.jpg 600w, https:\/\/tena.yoga\/wp-content\/uploads\/2023\/10\/30_10_pranicnasvjetlost-1536x864.webp 1536w, https:\/\/tena.yoga\/wp-content\/uploads\/2023\/10\/30_10_pranicnasvjetlost-2048x1152.webp 2048w, https:\/\/tena.yoga\/wp-content\/uploads\/2023\/10\/30_10_pranicnasvjetlost.jpg 1920w\" sizes=\"(max-width: 1024px) 100vw, 1024px\" \/><\/a><\/figure>\n\n\n\n<div style=\"height:10px\" aria-hidden=\"true\" class=\"wp-block-spacer\"><\/div>\n\n\n\n<h4 class=\"wp-block-heading\">8.&nbsp;<em>PRANI\u010cNA<\/em>&nbsp;<br>SVJETLOST<\/h4>\n\n\n\n<p>Udahom uz zrak u svoje tijelo dovodimo svijest, svjetlo i osmijeh&nbsp;= dovodimo&nbsp;<em>pranu<\/em>. Kako se iste\u017eemo i otvaramo tijelo u razli\u010ditim smjerovima tako&nbsp;<em>prani\u010dna<\/em>&nbsp;pa\u017enja ide do odr\u0111enih organa i duboko u na\u0161a tkiva. To je svima uvijek dostupno ali ako \u010de\u0161\u0107e tako vje\u017ebamo \u2013 radimo yogu i di\u0161emo, postaje sve lak\u0161e i kanali&nbsp;<em>prane<\/em>&nbsp;su proto\u010dniji. Radili smo danas s polo\u017eajima ruku u asanama kako bi otvorili prostor ispod ramena, lopatica i pazuha prema organima. ina\u010de lijepo i ritmi\u010dno kroz pozdrave suncu i asane s&nbsp;<em>Gomukhasanom<\/em>&nbsp;na kraju.<\/p>\n<\/div>\n<\/div>\n\n\n\n<div style=\"height:30px\" aria-hidden=\"true\" class=\"wp-block-spacer\"><\/div>\n\n\n\n<div class=\"wp-block-columns is-layout-flex wp-container-core-columns-is-layout-28f84493 wp-block-columns-is-layout-flex\">\n<div class=\"wp-block-column is-layout-flow wp-block-column-is-layout-flow\" style=\"flex-basis:32%\">\n<figure class=\"wp-block-image size-large\"><a href=\"https:\/\/tena.yoga\/wp-content\/uploads\/2023\/11\/2_11_mirninervi.jpg\"><img decoding=\"async\" width=\"1024\" height=\"576\" src=\"https:\/\/tena.yoga\/wp-content\/uploads\/2023\/11\/2_11_mirninervi-1024x576.webp\" alt=\"\" class=\"wp-image-3417\" srcset=\"https:\/\/tena.yoga\/wp-content\/uploads\/2023\/11\/2_11_mirninervi-1024x576.webp 1024w, https:\/\/tena.yoga\/wp-content\/uploads\/2023\/11\/2_11_mirninervi-600x338.jpg 600w, https:\/\/tena.yoga\/wp-content\/uploads\/2023\/11\/2_11_mirninervi-1536x864.webp 1536w, https:\/\/tena.yoga\/wp-content\/uploads\/2023\/11\/2_11_mirninervi-2048x1152.webp 2048w, https:\/\/tena.yoga\/wp-content\/uploads\/2023\/11\/2_11_mirninervi.jpg 1920w\" sizes=\"(max-width: 1024px) 100vw, 1024px\" \/><\/a><\/figure>\n\n\n\n<div style=\"height:10px\" aria-hidden=\"true\" class=\"wp-block-spacer\"><\/div>\n\n\n\n<h4 class=\"wp-block-heading\">9. ZA MIRNE NERVE<\/h4>\n\n\n\n<p>Smirivanje&nbsp;\u017eiv\u010danog&nbsp;sustava i bu\u0111enje parasimpatikusa jedna je od \u201cnuspojava\u201d yoge, u pozitivnom smislu, naravno. Iako yoga nije pasivna praksa jer radi na snazi i pokretljivosti tijela, u\u010dinak u \u017eiv\u010danom sustavu je parasimpati\u010dki \u2013 donosi nam mir, stabilnost, na\u0161e je vrijeme za nahraniti se, revitalizirati i ozdraviti.&nbsp;Pogotovo kada dodamo duboko, klizno i ritmi\u010dno disanje, time pove\u0107avamo u\u010dinak na parasimpati\u010dki \u017eiv\u010dani sustav.&nbsp;Dana\u0161nji sat kao zaklju\u010dak ovog mjeseca radili smo malo osnovnije pokrete i polo\u017eaje s naglaskom na ritmi\u010dnost daha u pokretu i ja\u010danje mi\u0161i\u0107a baze na\u0161eg tijela \u2013 donje zdjelice i nogu.<\/p>\n<\/div>\n\n\n\n<div class=\"wp-block-column is-layout-flow wp-block-column-is-layout-flow\" style=\"flex-basis:2%\"><\/div>\n\n\n\n<div class=\"wp-block-column is-layout-flow wp-block-column-is-layout-flow\" style=\"flex-basis:32%\">\n<p>Neka probudim svoje srce koje iz ljubavi, kroz pokret i dah daje najbolje od sebe za svaku situaciju i za sve druge ljude. Da imam svoj unutarnji mir, kapacitet strpljenja i ljubavi za sebe i za druge.<\/p>\n<\/div>\n\n\n\n<div class=\"wp-block-column is-layout-flow wp-block-column-is-layout-flow\" style=\"flex-basis:2%\"><\/div>\n\n\n\n<div class=\"wp-block-column is-layout-flow wp-block-column-is-layout-flow\" style=\"flex-basis:32%\">\n<blockquote class=\"wp-block-quote is-layout-flow wp-block-quote-is-layout-flow\">\n<p>Kako postaviti na\u0161 zavjet koji po\u010diva na zdravim temeljima i ispravnoj namjeri za redovnu disciplinu i svakodnevnu praksu?<\/p>\n<\/blockquote>\n\n\n\n<p>Kada imamo odluku da \u0107emo se promijeniti koja proizlazi iz osje\u0107aja da sad nije dobro tako kako je (na primjer \u010desto ljudi idu na dijetu jer nisu zadovoljni svojim navikama) djelujemo iz krivnje i mr\u017enje prema sebi i nepo\u0161tivanja stanja koje je sada tu. Ako radimo yogu zato da ispunimo neku formu ili obavezu vrlo \u0107emo lako upasti u taj&nbsp;<em>mindset<\/em>&nbsp;\u2013 da nije dobro kako je i da moramo \u201cto\u201d odraditi. Ali to nije yoga, nema ljubavi, davanja i veselja. Yogijska motivacija za praksu proizlazi iz posve\u0107enosti i predanosi u srcu.<\/p>\n<\/div>\n<\/div>\n","protected":false},"excerpt":{"rendered":"<p>A healthy routine with regular yoga practice gives us an excellent base for all daily challenges.<\/p>\n","protected":false},"featured_media":3414,"template":"","meta":{"_sitemap_exclude":false,"_sitemap_priority":"","_sitemap_frequency":""},"product_cat":[104,71,67,70],"product_tag":[73],"class_list":{"0":"post-3479","1":"product","2":"type-product","3":"status-publish","4":"has-post-thumbnail","6":"product_cat-online-yoga-en","7":"product_cat-yoga-for-strength","8":"product_cat-yoga-for-the-spine","9":"product_cat-yogic-breathing","10":"product_tag-2023-en","11":"pa_intenzitet-intermediate","13":"first","14":"instock","15":"downloadable","16":"virtual","17":"sold-individually","18":"purchasable","19":"product-type-simple"},"_links":{"self":[{"href":"https:\/\/tena.yoga\/en\/wp-json\/wp\/v2\/product\/3479","targetHints":{"allow":["GET"]}}],"collection":[{"href":"https:\/\/tena.yoga\/en\/wp-json\/wp\/v2\/product"}],"about":[{"href":"https:\/\/tena.yoga\/en\/wp-json\/wp\/v2\/types\/product"}],"wp:featuredmedia":[{"embeddable":true,"href":"https:\/\/tena.yoga\/en\/wp-json\/wp\/v2\/media\/3414"}],"wp:attachment":[{"href":"https:\/\/tena.yoga\/en\/wp-json\/wp\/v2\/media?parent=3479"}],"wp:term":[{"taxonomy":"product_cat","embeddable":true,"href":"https:\/\/tena.yoga\/en\/wp-json\/wp\/v2\/product_cat?post=3479"},{"taxonomy":"product_tag","embeddable":true,"href":"https:\/\/tena.yoga\/en\/wp-json\/wp\/v2\/product_tag?post=3479"}],"curies":[{"name":"wp","href":"https:\/\/api.w.org\/{rel}","templated":true}]}}