{"id":3476,"date":"2023-09-03T09:09:32","date_gmt":"2023-09-03T07:09:32","guid":{"rendered":"https:\/\/tena.yoga\/?post_type=product&#038;p=3476"},"modified":"2025-01-02T21:28:10","modified_gmt":"2025-01-02T20:28:10","slug":"vastness-of-breath","status":"publish","type":"product","link":"https:\/\/tena.yoga\/en\/yoga-classes-package\/vastness-of-breath\/","title":{"rendered":"Vastness of breath"},"content":{"rendered":"\n<div class=\"wp-block-columns is-layout-flex wp-container-core-columns-is-layout-28f84493 wp-block-columns-is-layout-flex\">\n<div class=\"wp-block-column is-layout-flow wp-block-column-is-layout-flow\" style=\"flex-basis:10%\"><\/div>\n\n\n\n<div class=\"wp-block-column is-layout-flow wp-block-column-is-layout-flow\" style=\"flex-basis:80%\">\n<p>The package includes a lecture with an introductory lesson + ten hours of yoga.<\/p>\n\n\n\n<p>In yoga, the breath is the guiding thread, the barometer of our inner state and a means of communication between physical and mental experience. When we are agitated, the breath shortens and becomes incoherent (irregular rhythm), and when we are calm, the breath can be long and even. Since breathing is a function of the autonomic nervous system that we can change at will, it is the most effective and fastest way to self-regulate. The lungs embrace our heart, and the rhythm of breathing directly affects the rhythm of the heart and the entire nervous system. The feeling of emotional tightness is like a narrowed space in the heart; when we release our breathing, the heart moves in a wider, more comfortable space.<\/p>\n\n\n\n<p>We are engaged in enabling greater spaciousness of the breath, metaphorically and literally. We become confident in ourselves, improve communication with our body and self-regulation in order to confidently welcome what life brings us.<\/p>\n\n\n\n<p>Topics covered:<\/p>\n\n\n\n<ul class=\"wp-block-list\">\n<li>increasing lung capacity<\/li>\n\n\n\n<li>work with respiratory muscles<\/li>\n\n\n\n<li>yoga&nbsp;backbend&nbsp;positions<\/li>\n\n\n\n<li>yoga against anxiety<\/li>\n\n\n\n<li>emotional regulation by breathing<\/li>\n\n\n\n<li>yoga breathing<\/li>\n\n\n\n<li>meditation of love<\/li>\n\n\n\n<li>trust and security<\/li>\n\n\n\n<li>breath through the heart space<\/li>\n<\/ul>\n\n\n\n<p>The recordings were made during regular guided online yoga classes. The hours were recorded via the Zoom application in a resolution of up to 720p (oscillations in video quality are possible).<\/p>\n<\/div>\n\n\n\n<div class=\"wp-block-column is-layout-flow wp-block-column-is-layout-flow\" style=\"flex-basis:10%\"><\/div>\n<\/div>\n\n\n\n<h3 class=\"wp-block-heading has-text-align-center\">Sadr\u017eaj paketa snimki<\/h3>\n\n\n\n<div style=\"height:50px\" aria-hidden=\"true\" class=\"wp-block-spacer\"><\/div>\n\n\n\n<div class=\"wp-block-columns is-layout-flex wp-container-core-columns-is-layout-28f84493 wp-block-columns-is-layout-flex\">\n<div class=\"wp-block-column is-layout-flow wp-block-column-is-layout-flow\" style=\"flex-basis:32%\">\n<figure class=\"wp-block-image size-large\"><a href=\"https:\/\/tena.yoga\/wp-content\/uploads\/2023\/08\/2_7_mjeseca_srpnja.jpg\"><img decoding=\"async\" width=\"1024\" height=\"576\" src=\"https:\/\/tena.yoga\/wp-content\/uploads\/2023\/08\/2_7_mjeseca_srpnja-1024x576.webp\" alt=\"\" class=\"wp-image-2980\" srcset=\"https:\/\/tena.yoga\/wp-content\/uploads\/2023\/08\/2_7_mjeseca_srpnja-1024x576.webp 1024w, https:\/\/tena.yoga\/wp-content\/uploads\/2023\/08\/2_7_mjeseca_srpnja-600x338.jpg 600w, https:\/\/tena.yoga\/wp-content\/uploads\/2023\/08\/2_7_mjeseca_srpnja-1536x864.webp 1536w, https:\/\/tena.yoga\/wp-content\/uploads\/2023\/08\/2_7_mjeseca_srpnja-2048x1152.webp 2048w, https:\/\/tena.yoga\/wp-content\/uploads\/2023\/08\/2_7_mjeseca_srpnja.jpg 1920w\" sizes=\"(max-width: 1024px) 100vw, 1024px\" \/><\/a><\/figure>\n\n\n\n<div style=\"height:10px\" aria-hidden=\"true\" class=\"wp-block-spacer\"><\/div>\n\n\n\n<h4 class=\"wp-block-heading\">UVODNO PREDAVANJE I SAT YOGE NA TEMU<\/h4>\n\n\n\n<p>Srce se \u017eeli otvoriti. Srce je mali mozak koji zapravo diktira mozgom i tijelom. Ono ima brojne neurone i neurotransmitere te naj\u0161ire elektro magnetsko polje u na\u0161em tijelu, koje se mo\u017ee mjeriti i osjetiti oko tijela. Mi ne vidimo&nbsp;niti \u010dujemo to polje ali ono komunicira stalno. To je pozadina na\u0161ih socijalnih odnosa i interakcija, privla\u010dnosti i odbojnosti. To je komunikacija koja se doga\u0111a \u201cispod radara\u201d osim ako smo intuitivni toliko da osjetimo \u0161to je tu.<\/p>\n<\/div>\n\n\n\n<div class=\"wp-block-column is-layout-flow wp-block-column-is-layout-flow\" style=\"flex-basis:2%\"><\/div>\n\n\n\n<div class=\"wp-block-column is-layout-flow wp-block-column-is-layout-flow\" style=\"flex-basis:32%\">\n<figure class=\"wp-block-image size-large\"><a href=\"https:\/\/tena.yoga\/wp-content\/uploads\/2023\/08\/4_7_titranje_vatrice.jpg\"><img decoding=\"async\" width=\"1024\" height=\"576\" src=\"https:\/\/tena.yoga\/wp-content\/uploads\/2023\/08\/4_7_titranje_vatrice-1024x576.webp\" alt=\"\" class=\"wp-image-2978\" srcset=\"https:\/\/tena.yoga\/wp-content\/uploads\/2023\/08\/4_7_titranje_vatrice-1024x576.webp 1024w, https:\/\/tena.yoga\/wp-content\/uploads\/2023\/08\/4_7_titranje_vatrice-600x338.jpg 600w, https:\/\/tena.yoga\/wp-content\/uploads\/2023\/08\/4_7_titranje_vatrice-1536x864.webp 1536w, https:\/\/tena.yoga\/wp-content\/uploads\/2023\/08\/4_7_titranje_vatrice-2048x1152.webp 2048w, https:\/\/tena.yoga\/wp-content\/uploads\/2023\/08\/4_7_titranje_vatrice.jpg 1920w\" sizes=\"(max-width: 1024px) 100vw, 1024px\" \/><\/a><\/figure>\n\n\n\n<div style=\"height:10px\" aria-hidden=\"true\" class=\"wp-block-spacer\"><\/div>\n\n\n\n<h4 class=\"wp-block-heading\">1. TITRANJE UNUTARNJE VATRICE<\/h4>\n\n\n\n<p>Prvo jutro da smo zaronili u svoju sr\u017e \u2013 u vatricu srca i titranje unutarnje vjere. Krenuli smo s dahom koji prolazi kroz prsa kao da su transparentna, kao da imamo lagani prostor u srcu. Nakon fokusa na \u201cheart space\u201d krenuli smo s pokretima i varijantom pozdrava suncu koju \u0107emo ovaj mjesec provoditi koja ne zahtijeva puno snage, proto\u010dnija je, a srce ne nit vodilja, a dah nas pokre\u0107e kao vjetrenja\u010du.<\/p>\n<\/div>\n\n\n\n<div class=\"wp-block-column is-layout-flow wp-block-column-is-layout-flow\" style=\"flex-basis:2%\"><\/div>\n\n\n\n<div class=\"wp-block-column is-layout-flow wp-block-column-is-layout-flow\" style=\"flex-basis:32%\">\n<figure class=\"wp-block-image size-large\"><a href=\"https:\/\/tena.yoga\/wp-content\/uploads\/2023\/08\/7_7_ples_srca.jpg\"><img decoding=\"async\" width=\"1024\" height=\"576\" src=\"https:\/\/tena.yoga\/wp-content\/uploads\/2023\/08\/7_7_ples_srca-1024x576.webp\" alt=\"\" class=\"wp-image-2982\" srcset=\"https:\/\/tena.yoga\/wp-content\/uploads\/2023\/08\/7_7_ples_srca-1024x576.webp 1024w, https:\/\/tena.yoga\/wp-content\/uploads\/2023\/08\/7_7_ples_srca-600x338.jpg 600w, https:\/\/tena.yoga\/wp-content\/uploads\/2023\/08\/7_7_ples_srca-1536x864.webp 1536w, https:\/\/tena.yoga\/wp-content\/uploads\/2023\/08\/7_7_ples_srca-2048x1152.webp 2048w, https:\/\/tena.yoga\/wp-content\/uploads\/2023\/08\/7_7_ples_srca.jpg 1920w\" sizes=\"(max-width: 1024px) 100vw, 1024px\" \/><\/a><\/figure>\n\n\n\n<div style=\"height:10px\" aria-hidden=\"true\" class=\"wp-block-spacer\"><\/div>\n\n\n\n<h4 class=\"wp-block-heading\">2. PLES SRCA<\/h4>\n\n\n\n<p>Na\u0161e se srce otvara na upit. Zapovjedi, kritike i \u201cono \u0161to mora\u201d samo zatvaraju srce. Sada je vrijeme da uspostavimo odnos sa sobom u kojem s upitom, nje\u017eno pustimo da se otvorimo a naravno onda i s ljudima u svojoj okolini. Nitko ne voli da mu se zapovijeda, ako \u017eelimo ne\u0161to posti\u0107i mo\u017eemo inteligentno \u2013 pitati, mo\u017ee\u0161 li. I sebe mo\u017eemo pitati, mogu li?&nbsp;Motivacija je sr\u010dana energija.<\/p>\n<\/div>\n<\/div>\n\n\n\n<div style=\"height:30px\" aria-hidden=\"true\" class=\"wp-block-spacer\"><\/div>\n\n\n\n<div class=\"wp-block-columns is-layout-flex wp-container-core-columns-is-layout-28f84493 wp-block-columns-is-layout-flex\">\n<div class=\"wp-block-column is-layout-flow wp-block-column-is-layout-flow\" style=\"flex-basis:32%\">\n<figure class=\"wp-block-image size-large\"><a href=\"https:\/\/tena.yoga\/wp-content\/uploads\/2023\/08\/11_7_koherentniritam.jpg\"><img decoding=\"async\" width=\"1024\" height=\"576\" src=\"https:\/\/tena.yoga\/wp-content\/uploads\/2023\/08\/11_7_koherentniritam-1024x576.webp\" alt=\"\" class=\"wp-image-2984\" srcset=\"https:\/\/tena.yoga\/wp-content\/uploads\/2023\/08\/11_7_koherentniritam-1024x576.webp 1024w, https:\/\/tena.yoga\/wp-content\/uploads\/2023\/08\/11_7_koherentniritam-600x338.jpg 600w, https:\/\/tena.yoga\/wp-content\/uploads\/2023\/08\/11_7_koherentniritam-1536x864.webp 1536w, https:\/\/tena.yoga\/wp-content\/uploads\/2023\/08\/11_7_koherentniritam-2048x1152.webp 2048w, https:\/\/tena.yoga\/wp-content\/uploads\/2023\/08\/11_7_koherentniritam.jpg 1920w\" sizes=\"(max-width: 1024px) 100vw, 1024px\" \/><\/a><\/figure>\n\n\n\n<div style=\"height:10px\" aria-hidden=\"true\" class=\"wp-block-spacer\"><\/div>\n\n\n\n<h4 class=\"wp-block-heading\">3. KOHERENTNI RITAM<\/h4>\n\n\n\n<p>Uravnote\u017een ritam daha uravnote\u017euje skoro sve u na\u0161em tijelu, ritam srca, \u017eiv\u010dani sustav, probavu\u2026 Korisno je znati disati tako da uspostavimo koherenciju u tijelu. Koherencija je red \u2013 uredna geometrija, simetri\u010dna i ritmi\u010dna. Ta ritmi\u010dnost pokreta i daha provela nas je danas kroz cijeli sat. Fino i lagano smo se pokrenuli i razgibali kralje\u017enicu, a pogotovo ramena s polo\u017eajem \u201ckaktus ruke\u201d koji spu\u0161ta ramena i pribli\u017eava lopatice ja\u010daju\u0107i gornji dio le\u0111a.<\/p>\n<\/div>\n\n\n\n<div class=\"wp-block-column is-layout-flow wp-block-column-is-layout-flow\" style=\"flex-basis:2%\"><\/div>\n\n\n\n<div class=\"wp-block-column is-layout-flow wp-block-column-is-layout-flow\" style=\"flex-basis:32%\">\n<figure class=\"wp-block-image size-large\"><a href=\"https:\/\/tena.yoga\/wp-content\/uploads\/2023\/08\/14_7_pranicna_geometrija.jpg\"><img decoding=\"async\" width=\"1024\" height=\"576\" src=\"https:\/\/tena.yoga\/wp-content\/uploads\/2023\/08\/14_7_pranicna_geometrija-1024x576.webp\" alt=\"\" class=\"wp-image-2986\" srcset=\"https:\/\/tena.yoga\/wp-content\/uploads\/2023\/08\/14_7_pranicna_geometrija-1024x576.webp 1024w, https:\/\/tena.yoga\/wp-content\/uploads\/2023\/08\/14_7_pranicna_geometrija-600x338.jpg 600w, https:\/\/tena.yoga\/wp-content\/uploads\/2023\/08\/14_7_pranicna_geometrija-1536x864.webp 1536w, https:\/\/tena.yoga\/wp-content\/uploads\/2023\/08\/14_7_pranicna_geometrija-2048x1152.webp 2048w, https:\/\/tena.yoga\/wp-content\/uploads\/2023\/08\/14_7_pranicna_geometrija.jpg 1920w\" sizes=\"(max-width: 1024px) 100vw, 1024px\" \/><\/a><\/figure>\n\n\n\n<div style=\"height:10px\" aria-hidden=\"true\" class=\"wp-block-spacer\"><\/div>\n\n\n\n<h4 class=\"wp-block-heading\">4. PRANI\u010cNA GEOMETRIJA<\/h4>\n\n\n\n<p>Nastavljamo sa potragom za ugodnom koherencijom. Uravnote\u017eenim ritmom koji&nbsp;<em>Pranu<\/em>&nbsp;u na\u0161em tijelu sla\u017ee u uredan uzorak.&nbsp;Po\u010deli smo s disanjem \u2013 iste du\u017eine udah i izdah te ga spojili s laganim pokretima. Pokreti su se sve vi\u0161e razra\u0111ivali i pove\u010davali a dah i ritam daha ostajali su nit vodilja za svaki zamah. Tako ugodno i bez puno napora proklizimo svojim tijelom kroz yogicu.<\/p>\n<\/div>\n\n\n\n<div class=\"wp-block-column is-layout-flow wp-block-column-is-layout-flow\" style=\"flex-basis:2%\"><\/div>\n\n\n\n<div class=\"wp-block-column is-layout-flow wp-block-column-is-layout-flow\" style=\"flex-basis:32%\">\n<figure class=\"wp-block-image size-large\"><a href=\"https:\/\/tena.yoga\/wp-content\/uploads\/2023\/08\/18_7_pustiti_srca.jpg\"><img decoding=\"async\" width=\"1024\" height=\"576\" src=\"https:\/\/tena.yoga\/wp-content\/uploads\/2023\/08\/18_7_pustiti_srca-1024x576.webp\" alt=\"\" class=\"wp-image-2990\" srcset=\"https:\/\/tena.yoga\/wp-content\/uploads\/2023\/08\/18_7_pustiti_srca-1024x576.webp 1024w, https:\/\/tena.yoga\/wp-content\/uploads\/2023\/08\/18_7_pustiti_srca-600x338.jpg 600w, https:\/\/tena.yoga\/wp-content\/uploads\/2023\/08\/18_7_pustiti_srca-1536x864.webp 1536w, https:\/\/tena.yoga\/wp-content\/uploads\/2023\/08\/18_7_pustiti_srca-2048x1152.webp 2048w, https:\/\/tena.yoga\/wp-content\/uploads\/2023\/08\/18_7_pustiti_srca.jpg 1920w\" sizes=\"(max-width: 1024px) 100vw, 1024px\" \/><\/a><\/figure>\n\n\n\n<div style=\"height:10px\" aria-hidden=\"true\" class=\"wp-block-spacer\"><\/div>\n\n\n\n<h4 class=\"wp-block-heading\">5. PUSTITI IZ SRCA<\/h4>\n\n\n\n<p>Svje\u017eina prisutnosti je uvijek tu, svaki trenutak je novi i mo\u017eemo biti slobodni od pro\u0161losti.<br>Za\u0161to nosimo te\u017einu u srcu, zamjeranja i nejasno\u0107e koje si ne znamo objasniti iz pro\u0161losti? Jer stalno ponavljamo u glavi da su istina, zato trebamo stati i \u201cokrenuti se\u201d prema svojoj pro\u0161losti, oprostiti sebi ili drugima jer tako mo\u017eemo dalje slobodni. To je odnos sa svim pro\u017eivljenim koji mo\u017eemo uvijek bar na kratko ponoviti i otpustiti.<br>Jedra na\u0161ih prsa lagana su kada ne nosimo teret pro\u0161losti.<\/p>\n<\/div>\n<\/div>\n\n\n\n<div style=\"height:30px\" aria-hidden=\"true\" class=\"wp-block-spacer\"><\/div>\n\n\n\n<div class=\"wp-block-columns is-layout-flex wp-container-core-columns-is-layout-28f84493 wp-block-columns-is-layout-flex\">\n<div class=\"wp-block-column is-layout-flow wp-block-column-is-layout-flow\" style=\"flex-basis:32%\">\n<figure class=\"wp-block-image size-large\"><a href=\"https:\/\/tena.yoga\/wp-content\/uploads\/2023\/08\/21_7_prava_vrijednost.jpg\"><img decoding=\"async\" width=\"1024\" height=\"576\" src=\"https:\/\/tena.yoga\/wp-content\/uploads\/2023\/08\/21_7_prava_vrijednost-1024x576.webp\" alt=\"\" class=\"wp-image-2992\" srcset=\"https:\/\/tena.yoga\/wp-content\/uploads\/2023\/08\/21_7_prava_vrijednost-1024x576.webp 1024w, https:\/\/tena.yoga\/wp-content\/uploads\/2023\/08\/21_7_prava_vrijednost-600x338.jpg 600w, https:\/\/tena.yoga\/wp-content\/uploads\/2023\/08\/21_7_prava_vrijednost-1536x864.webp 1536w, https:\/\/tena.yoga\/wp-content\/uploads\/2023\/08\/21_7_prava_vrijednost-2048x1152.webp 2048w, https:\/\/tena.yoga\/wp-content\/uploads\/2023\/08\/21_7_prava_vrijednost.jpg 1920w\" sizes=\"(max-width: 1024px) 100vw, 1024px\" \/><\/a><\/figure>\n\n\n\n<div style=\"height:10px\" aria-hidden=\"true\" class=\"wp-block-spacer\"><\/div>\n\n\n\n<h4 class=\"wp-block-heading\">6. PRAVA VRIJEDNOST<\/h4>\n\n\n\n<p>U dana\u0161njem smo satu nizali kru\u017ene pokrete iz baze&nbsp;<em>downdoga<\/em>&nbsp;\u0161to zna\u010di da smo iz tog polo\u017eaja krenuli i u njemu zavr\u0161ili a izme\u0111u razgibali noge i protegnuli se do&nbsp;<em>tadasane<\/em>. Sat je dosta pokretan i prolazan bez duljih zadr\u017eavanja, radi na otvaranju kukova i vi\u0161e inverzija, nekoliko asana koje ja\u010daju le\u0111a i otvaraju prsa. Pitali smo se opet koja je najve\u0107a vrijednost u koju mo\u017eemo uzeti uto\u010di\u0161te i kojoj vjerujemo da nas inspirira i nosi kroz svakodnevni \u017eivot.<br>Sr\u010dana vjera u tu na\u0161u mogu\u0107nost i praksa da tako postupam moja je najve\u0107a motivacija.<\/p>\n<\/div>\n\n\n\n<div class=\"wp-block-column is-layout-flow wp-block-column-is-layout-flow\" style=\"flex-basis:2%\"><\/div>\n\n\n\n<div class=\"wp-block-column is-layout-flow wp-block-column-is-layout-flow\" style=\"flex-basis:32%\">\n<figure class=\"wp-block-image size-large\"><a href=\"https:\/\/tena.yoga\/wp-content\/uploads\/2023\/08\/25_7_svjezi_vjetric.jpg\"><img decoding=\"async\" width=\"1024\" height=\"576\" src=\"https:\/\/tena.yoga\/wp-content\/uploads\/2023\/08\/25_7_svjezi_vjetric-1024x576.webp\" alt=\"\" class=\"wp-image-2994\" srcset=\"https:\/\/tena.yoga\/wp-content\/uploads\/2023\/08\/25_7_svjezi_vjetric-1024x576.webp 1024w, https:\/\/tena.yoga\/wp-content\/uploads\/2023\/08\/25_7_svjezi_vjetric-600x338.jpg 600w, https:\/\/tena.yoga\/wp-content\/uploads\/2023\/08\/25_7_svjezi_vjetric-1536x864.webp 1536w, https:\/\/tena.yoga\/wp-content\/uploads\/2023\/08\/25_7_svjezi_vjetric-2048x1152.webp 2048w, https:\/\/tena.yoga\/wp-content\/uploads\/2023\/08\/25_7_svjezi_vjetric.jpg 1920w\" sizes=\"(max-width: 1024px) 100vw, 1024px\" \/><\/a><\/figure>\n\n\n\n<div style=\"height:10px\" aria-hidden=\"true\" class=\"wp-block-spacer\"><\/div>\n\n\n\n<h4 class=\"wp-block-heading\">7. SVJE\u017dI VJETRI\u0106<\/h4>\n\n\n\n<p>Svaki trenutak je novi i do sada nikada nije bio tu. Svaki udah uvedemo tu svje\u017einu u sebe i pustimo nepotrebno, staro i te\u0161ko. Tako nastavljamo i s pokretima i polo\u017eajima, da srce ne dr\u017ei nepotrebno mi\u0161ljenja i stavove koji nas zarobljavaju u pro\u0161losti i kompleksima. Disanjem i razgibavanjem \u0161irimo plu\u0107a i pu\u0161tamo. Kroz plu\u0107a cijelo tijelo pu\u0161ta. Naglasili smo va\u017enost produ\u017eivanja prsnog ko\u0161a i prednje linije tijela, kroz nekoliko ratnika 1 s&nbsp;<em>backbendovima<\/em>, ustrasana varijantom i na podu u skakavcima\u2026<\/p>\n<\/div>\n\n\n\n<div class=\"wp-block-column is-layout-flow wp-block-column-is-layout-flow\" style=\"flex-basis:2%\"><\/div>\n\n\n\n<div class=\"wp-block-column is-layout-flow wp-block-column-is-layout-flow\" style=\"flex-basis:32%\">\n<figure class=\"wp-block-image size-large\"><a href=\"https:\/\/tena.yoga\/wp-content\/uploads\/2023\/08\/28_7_uspravno.jpg\"><img decoding=\"async\" width=\"1024\" height=\"576\" src=\"https:\/\/tena.yoga\/wp-content\/uploads\/2023\/08\/28_7_uspravno-1024x576.webp\" alt=\"\" class=\"wp-image-2996\" srcset=\"https:\/\/tena.yoga\/wp-content\/uploads\/2023\/08\/28_7_uspravno-1024x576.webp 1024w, https:\/\/tena.yoga\/wp-content\/uploads\/2023\/08\/28_7_uspravno-600x338.jpg 600w, https:\/\/tena.yoga\/wp-content\/uploads\/2023\/08\/28_7_uspravno-1536x864.webp 1536w, https:\/\/tena.yoga\/wp-content\/uploads\/2023\/08\/28_7_uspravno-2048x1152.webp 2048w, https:\/\/tena.yoga\/wp-content\/uploads\/2023\/08\/28_7_uspravno.jpg 1920w\" sizes=\"(max-width: 1024px) 100vw, 1024px\" \/><\/a><\/figure>\n\n\n\n<div style=\"height:10px\" aria-hidden=\"true\" class=\"wp-block-spacer\"><\/div>\n\n\n\n<h4 class=\"wp-block-heading\">8. USPRAVNO<\/h4>\n\n\n\n<p>Dana\u0161nji sat posvetili smo ja\u010danju le\u0111nih mi\u0161i\u0107a. Kroz nekoliko polo\u017eaja za zagrijavanje u kojima smo ve\u0107 po\u010deli nagla\u0161avati snagu le\u0111a, pokrenuli smo se s ovom lak\u0161em varijantom&nbsp;pozdrava suncu i izgradili nekoliko asana. U asanama smo dr\u017eali ruke u polo\u017eajima za ja\u010danje gornjih le\u0111nih mi\u0161i\u0107a, a kasnije na podu dodali i nekoliko polo\u017eaja za ja\u010danje donjih le\u0111nih mi\u0161i\u0107a. Sveukupno, dobro smo se razgibali i fino istegnuli.<\/p>\n<\/div>\n<\/div>\n\n\n\n<div style=\"height:30px\" aria-hidden=\"true\" class=\"wp-block-spacer\"><\/div>\n\n\n\n<div class=\"wp-block-columns is-layout-flex wp-container-core-columns-is-layout-28f84493 wp-block-columns-is-layout-flex\">\n<div class=\"wp-block-column is-layout-flow wp-block-column-is-layout-flow\" style=\"flex-basis:32%\">\n<figure class=\"wp-block-image size-large\"><a href=\"https:\/\/tena.yoga\/wp-content\/uploads\/2023\/08\/1_8_pranicna_paznja.jpg\"><img decoding=\"async\" width=\"1024\" height=\"576\" src=\"https:\/\/tena.yoga\/wp-content\/uploads\/2023\/08\/1_8_pranicna_paznja-1024x576.webp\" alt=\"\" class=\"wp-image-2998\" srcset=\"https:\/\/tena.yoga\/wp-content\/uploads\/2023\/08\/1_8_pranicna_paznja-1024x576.webp 1024w, https:\/\/tena.yoga\/wp-content\/uploads\/2023\/08\/1_8_pranicna_paznja-600x338.jpg 600w, https:\/\/tena.yoga\/wp-content\/uploads\/2023\/08\/1_8_pranicna_paznja-1536x864.webp 1536w, https:\/\/tena.yoga\/wp-content\/uploads\/2023\/08\/1_8_pranicna_paznja-2048x1152.webp 2048w, https:\/\/tena.yoga\/wp-content\/uploads\/2023\/08\/1_8_pranicna_paznja.jpg 1920w\" sizes=\"(max-width: 1024px) 100vw, 1024px\" \/><\/a><\/figure>\n\n\n\n<div style=\"height:10px\" aria-hidden=\"true\" class=\"wp-block-spacer\"><\/div>\n\n\n\n<h4 class=\"wp-block-heading\">9. PRANI\u010cNA PA\u017dNJA<\/h4>\n\n\n\n<p>Ugodan dah kroz srce, \u201call purpose breathing \u2013&nbsp;meaningful breath\u201d.&nbsp;Dahom dovodimo vrijednost \u017eivota, tamo gdje stavimo svoju pa\u017enju tamo \u0107e do\u0107i&nbsp;<em>Prani\u010dna<\/em>&nbsp;vrijednost. Zato pranayama je tako potentna praksa jer spojimo svoju primarnu energiju, a to je disanje s punom pa\u017enjom, \u010dime dobijemo zdravu usredoto\u010denost i puno&nbsp;<em>Prane<\/em>&nbsp;u tijelu, \u0161to radimo i u toku asana.&nbsp;Disali smo \u0161iroko i otvarali prednju stranu tijela, prostor rebara i prsa.<\/p>\n<\/div>\n\n\n\n<div class=\"wp-block-column is-layout-flow wp-block-column-is-layout-flow\" style=\"flex-basis:2%\"><\/div>\n\n\n\n<div class=\"wp-block-column is-layout-flow wp-block-column-is-layout-flow\" style=\"flex-basis:32%\">\n<figure class=\"wp-block-image size-large\"><a href=\"https:\/\/tena.yoga\/wp-content\/uploads\/2023\/08\/4_8_otvoreno.jpg\"><img decoding=\"async\" width=\"1024\" height=\"576\" src=\"https:\/\/tena.yoga\/wp-content\/uploads\/2023\/08\/4_8_otvoreno-1024x576.webp\" alt=\"\" class=\"wp-image-3000\" srcset=\"https:\/\/tena.yoga\/wp-content\/uploads\/2023\/08\/4_8_otvoreno-1024x576.webp 1024w, https:\/\/tena.yoga\/wp-content\/uploads\/2023\/08\/4_8_otvoreno-600x338.jpg 600w, https:\/\/tena.yoga\/wp-content\/uploads\/2023\/08\/4_8_otvoreno-1536x864.webp 1536w, https:\/\/tena.yoga\/wp-content\/uploads\/2023\/08\/4_8_otvoreno-2048x1152.webp 2048w, https:\/\/tena.yoga\/wp-content\/uploads\/2023\/08\/4_8_otvoreno.jpg 1920w\" sizes=\"(max-width: 1024px) 100vw, 1024px\" \/><\/a><\/figure>\n\n\n\n<div style=\"height:10px\" aria-hidden=\"true\" class=\"wp-block-spacer\"><\/div>\n\n\n\n<h4 class=\"wp-block-heading\">10. OTVORENO<\/h4>\n\n\n\n<p>Danas smo krenuli iz stoje\u0107eg polo\u017eaja, lagano se razgibali da opustimo ramena i popustimo napeti sloj pod ko\u017eom. Nakon toga razgibali smo se s par spinal breath pokreta i bili spremni za pozdrave suncu. Nakon njih pro\u0161li smo par asana u kojima je nagla\u0161eno produ\u017eivanje prednje strane tijela iz baze ratnika 1, iz&nbsp;<em>kapiasane<\/em>&nbsp;i iz&nbsp;<em>ustrasane<\/em>. Probamo osjetiti finu du\u017einu prednje strane i povezanost te linije od prednje strane stra\u017enje noge, preko pupka i trbuha, preko rebara i prsa do brade.<\/p>\n<\/div>\n\n\n\n<div class=\"wp-block-column is-layout-flow wp-block-column-is-layout-flow\" style=\"flex-basis:2%\"><\/div>\n\n\n\n<div class=\"wp-block-column is-layout-flow wp-block-column-is-layout-flow\" style=\"flex-basis:32%\"><\/div>\n<\/div>\n","protected":false},"excerpt":{"rendered":"<p>We expand the breathing space and work on coherent breathing, open the chest and improve posture.<\/p>\n","protected":false},"featured_media":3280,"template":"","meta":{"_sitemap_exclude":false,"_sitemap_priority":"","_sitemap_frequency":""},"product_cat":[63,66,68,104,65,64,70],"product_tag":[73],"class_list":{"0":"post-3476","1":"product","2":"type-product","3":"status-publish","4":"has-post-thumbnail","6":"product_cat-antistress-en","7":"product_cat-meditation","8":"product_cat-mindfulness-en","9":"product_cat-online-yoga-en","10":"product_cat-yoga-for-mental-health","11":"product_cat-yoga-for-shoulders-and-chest","12":"product_cat-yogic-breathing","13":"product_tag-2023-en","14":"pa_intenzitet-light","16":"first","17":"instock","18":"downloadable","19":"virtual","20":"sold-individually","21":"purchasable","22":"product-type-simple"},"_links":{"self":[{"href":"https:\/\/tena.yoga\/en\/wp-json\/wp\/v2\/product\/3476","targetHints":{"allow":["GET"]}}],"collection":[{"href":"https:\/\/tena.yoga\/en\/wp-json\/wp\/v2\/product"}],"about":[{"href":"https:\/\/tena.yoga\/en\/wp-json\/wp\/v2\/types\/product"}],"wp:featuredmedia":[{"embeddable":true,"href":"https:\/\/tena.yoga\/en\/wp-json\/wp\/v2\/media\/3280"}],"wp:attachment":[{"href":"https:\/\/tena.yoga\/en\/wp-json\/wp\/v2\/media?parent=3476"}],"wp:term":[{"taxonomy":"product_cat","embeddable":true,"href":"https:\/\/tena.yoga\/en\/wp-json\/wp\/v2\/product_cat?post=3476"},{"taxonomy":"product_tag","embeddable":true,"href":"https:\/\/tena.yoga\/en\/wp-json\/wp\/v2\/product_tag?post=3476"}],"curies":[{"name":"wp","href":"https:\/\/api.w.org\/{rel}","templated":true}]}}