{"id":3473,"date":"2023-09-03T09:07:08","date_gmt":"2023-09-03T07:07:08","guid":{"rendered":"https:\/\/tena.yoga\/?post_type=product&#038;p=3473"},"modified":"2025-01-02T21:25:34","modified_gmt":"2025-01-02T20:25:34","slug":"breath-of-health","status":"publish","type":"product","link":"https:\/\/tena.yoga\/en\/yoga-classes-package\/breath-of-health\/","title":{"rendered":"Breath of health"},"content":{"rendered":"\n<div class=\"wp-block-columns is-layout-flex wp-container-core-columns-is-layout-28f84493 wp-block-columns-is-layout-flex\">\n<div class=\"wp-block-column is-layout-flow wp-block-column-is-layout-flow\" style=\"flex-basis:10%\"><\/div>\n\n\n\n<div class=\"wp-block-column is-layout-flow wp-block-column-is-layout-flow\" style=\"flex-basis:80%\">\n<p><strong>Paket sadr\u017ei predavanje s uvodnim satom + deset sati yoge.<\/strong><\/p>\n\n\n\n<p>We focus on \u201cpsychic cleansing\u201d with anti-stress yoga. We talk about the causes of stress and its impact on us, and we do techniques with which we can successfully self-regulate. More on the blog:\u00a0A natural path to a stress-free life. In this approach, we use deep abdominal breathing and a breathing method that can regulate the nervous system. We go through a gentle yoga practice with mindful movement and an emphasis on establishing a sense of stability and security in our own body. We regularly meditate mindfulness meditation. This yoga approach helps with stress, panic attacks, insomnia, depression and anxiety. Yoga is a natural remedy for stress and anxiety. More about yoga for mental health on the blog:\u00a0Yoga for mental health<\/p>\n\n\n\n<p>Topics covered:<\/p>\n\n\n\n<ul class=\"wp-block-list\">\n<li>breathing exercises for regulating the nervous system<\/li>\n\n\n\n<li>light yoga practice<\/li>\n\n\n\n<li>working with the psoas and hips<\/li>\n\n\n\n<li>anti-stress yoga<\/li>\n\n\n\n<li>asanas for stability and stretching<\/li>\n\n\n\n<li>mindful yoga<\/li>\n\n\n\n<li>mindfulness meditation<\/li>\n\n\n\n<li>finding peace in an uneasy situation<\/li>\n\n\n\n<li>motivation for every day<\/li>\n<\/ul>\n\n\n\n<div style=\"height:20px\" aria-hidden=\"true\" class=\"wp-block-spacer\"><\/div>\n\n\n\n<p>The recordings were made during regular guided online yoga classes. The hours were recorded via the Zoom application in a resolution of up to 720p (oscillations in video quality are possible).<\/p>\n\n\n\n<div style=\"height:45px\" aria-hidden=\"true\" class=\"wp-block-spacer\"><\/div>\n\n\n\n<figure class=\"wp-block-embed is-type-video is-provider-youtube wp-block-embed-youtube wp-embed-aspect-16-9 wp-has-aspect-ratio\"><div class=\"wp-block-embed__wrapper\">\n<iframe loading=\"lazy\" title=\"Online yoga (50 min) - Osje\u0107aj \u0161irine - antistres yoga @ Bi\u0161evo\" width=\"500\" height=\"281\" src=\"https:\/\/www.youtube.com\/embed\/-pG4Yh0icv0?feature=oembed\" frameborder=\"0\" allow=\"accelerometer; autoplay; clipboard-write; encrypted-media; gyroscope; picture-in-picture; web-share\" referrerpolicy=\"strict-origin-when-cross-origin\" allowfullscreen><\/iframe>\n<\/div><\/figure>\n\n\n\n<div style=\"height:20px\" aria-hidden=\"true\" class=\"wp-block-spacer\"><\/div>\n\n\n\n<h4 class=\"wp-block-heading has-text-align-center\">PROSTOR TIJELA, PROSTOR SVIJESTI<\/h4>\n\n\n\n<p>Kako bi predvidjeli stres i osvjestili gdje smo sada na svojoj skali (od opu\u0161tenosti do stresa) nagla\u0161avamo prostor tijela, osje\u0107aj \u0161irine i mira u kojem se lako vidi po\u010detak bilo kakvog gr\u010da i napetosti koji bi mogli uzrokovati stres. Kre\u0107emo se ugodno i klizno \u0161to nas miluje iznutra ali i daje dovoljno vremena da osjetimo okolinu. Svijest o prostoru oko nas informira autonomni \u017eiv\u010dani sustav da je sve u na\u0161oj okolini ok i da se mo\u017eemo potpuno opustiti. Najbolja za\u0161tita je na\u0161 vlastiti mindfulness \u2013 na\u0161a budnost. Neka danas ostanemo ta opu\u0161tena \u0161irina i vidimo \u0161to se po\u010dinje stvarati i skru\u0107ivati. Naka mo\u017eemo birati na \u0161to \u0107emo reagirati, a \u0161to nije korisno neka lako pu\u0161tamo.<\/p>\n<\/div>\n\n\n\n<div class=\"wp-block-column is-layout-flow wp-block-column-is-layout-flow\" style=\"flex-basis:10%\"><\/div>\n<\/div>\n\n\n\n<h3 class=\"wp-block-heading has-text-align-center\">Sadr\u017eaj paketa snimki<\/h3>\n\n\n\n<div style=\"height:50px\" aria-hidden=\"true\" class=\"wp-block-spacer\"><\/div>\n\n\n\n<div class=\"wp-block-columns is-layout-flex wp-container-core-columns-is-layout-28f84493 wp-block-columns-is-layout-flex\">\n<div class=\"wp-block-column is-layout-flow wp-block-column-is-layout-flow\" style=\"flex-basis:32%\">\n<figure class=\"wp-block-image size-large\"><a href=\"https:\/\/tena.yoga\/wp-content\/uploads\/2023\/05\/TEMA_mjeseca_travanj.jpg\"><img decoding=\"async\" width=\"1024\" height=\"576\" src=\"https:\/\/tena.yoga\/wp-content\/uploads\/2023\/05\/TEMA_mjeseca_travanj-1024x576.webp\" alt=\"\" class=\"wp-image-2704\" srcset=\"https:\/\/tena.yoga\/wp-content\/uploads\/2023\/05\/TEMA_mjeseca_travanj-1024x576.webp 1024w, https:\/\/tena.yoga\/wp-content\/uploads\/2023\/05\/TEMA_mjeseca_travanj-600x338.jpg 600w, https:\/\/tena.yoga\/wp-content\/uploads\/2023\/05\/TEMA_mjeseca_travanj-1536x864.webp 1536w, https:\/\/tena.yoga\/wp-content\/uploads\/2023\/05\/TEMA_mjeseca_travanj-2048x1152.webp 2048w, https:\/\/tena.yoga\/wp-content\/uploads\/2023\/05\/TEMA_mjeseca_travanj.jpg 1920w\" sizes=\"(max-width: 1024px) 100vw, 1024px\" \/><\/a><\/figure>\n\n\n\n<div style=\"height:10px\" aria-hidden=\"true\" class=\"wp-block-spacer\"><\/div>\n\n\n\n<h4 class=\"wp-block-heading\">UVODNO PREDAVANJE I SAT YOGE NA TEMU<\/h4>\n\n\n\n<p>Ova tema je razdjeljena tako da kre\u0107emo po tijelu od dolje prema gore po klju\u010dnim stresnim to\u010dkama. Prvi nam je psoas, onda \u0107emo se pozabaviti dijafragmom, pa ramenima i nakon toga licem. Tako\u0111er krenuti \u0107emo s koherentnim dahom a nakon toga dodati du\u017ei izdah i chandra bhedanu \u2013 mjese\u010dev dah.<\/p>\n<\/div>\n\n\n\n<div class=\"wp-block-column is-layout-flow wp-block-column-is-layout-flow\" style=\"flex-basis:2%\"><\/div>\n\n\n\n<div class=\"wp-block-column is-layout-flow wp-block-column-is-layout-flow\" style=\"flex-basis:32%\">\n<figure class=\"wp-block-image size-large\"><a href=\"https:\/\/tena.yoga\/wp-content\/uploads\/2023\/04\/pocetak_4_4.jpg\"><img decoding=\"async\" width=\"1024\" height=\"576\" src=\"https:\/\/tena.yoga\/wp-content\/uploads\/2023\/04\/pocetak_4_4-1024x576.webp\" alt=\"\" class=\"wp-image-2665\" srcset=\"https:\/\/tena.yoga\/wp-content\/uploads\/2023\/04\/pocetak_4_4-1024x576.webp 1024w, https:\/\/tena.yoga\/wp-content\/uploads\/2023\/04\/pocetak_4_4-600x338.jpg 600w, https:\/\/tena.yoga\/wp-content\/uploads\/2023\/04\/pocetak_4_4-1536x864.webp 1536w, https:\/\/tena.yoga\/wp-content\/uploads\/2023\/04\/pocetak_4_4-2048x1152.webp 2048w, https:\/\/tena.yoga\/wp-content\/uploads\/2023\/04\/pocetak_4_4.jpg 1920w\" sizes=\"(max-width: 1024px) 100vw, 1024px\" \/><\/a><\/figure>\n\n\n\n<div style=\"height:10px\" aria-hidden=\"true\" class=\"wp-block-spacer\"><\/div>\n\n\n\n<h4 class=\"wp-block-heading\">1. PO\u010cETAK<\/h4>\n\n\n\n<p>Radili smo istezanja s trakicom, otvaranja prsa, valovite pokrete i nekoliko asana. Pro\u0161li smo gu\u0161tera koji je malo dublje istezanje psoasa, varijantu nararajasane i \u0161korpion down doga.<br>Fokus je otvoriti prostor predne strane prepone \u2013 spoja noge i zdjelice, to je mjesto ulaska u psoas. Tu smo istezali i dovodili terapijski princip \u2013 osvjestiti, istegnuti, disati i bonus disati s osmijehom.<\/p>\n<\/div>\n\n\n\n<div class=\"wp-block-column is-layout-flow wp-block-column-is-layout-flow\" style=\"flex-basis:2%\"><\/div>\n\n\n\n<div class=\"wp-block-column is-layout-flow wp-block-column-is-layout-flow\" style=\"flex-basis:32%\">\n<figure class=\"wp-block-image size-large\"><a href=\"https:\/\/tena.yoga\/wp-content\/uploads\/2023\/04\/rasprsena_prana_7_4-copy.jpg\"><img decoding=\"async\" width=\"1024\" height=\"576\" src=\"https:\/\/tena.yoga\/wp-content\/uploads\/2023\/04\/rasprsena_prana_7_4-copy-1024x576.webp\" alt=\"\" class=\"wp-image-2667\" srcset=\"https:\/\/tena.yoga\/wp-content\/uploads\/2023\/04\/rasprsena_prana_7_4-copy-1024x576.webp 1024w, https:\/\/tena.yoga\/wp-content\/uploads\/2023\/04\/rasprsena_prana_7_4-copy-600x338.jpg 600w, https:\/\/tena.yoga\/wp-content\/uploads\/2023\/04\/rasprsena_prana_7_4-copy-1536x864.webp 1536w, https:\/\/tena.yoga\/wp-content\/uploads\/2023\/04\/rasprsena_prana_7_4-copy-2048x1152.webp 2048w, https:\/\/tena.yoga\/wp-content\/uploads\/2023\/04\/rasprsena_prana_7_4-copy.jpg 1920w\" sizes=\"(max-width: 1024px) 100vw, 1024px\" \/><\/a><\/figure>\n\n\n\n<div style=\"height:10px\" aria-hidden=\"true\" class=\"wp-block-spacer\"><\/div>\n\n\n\n<h4 class=\"wp-block-heading\">2. RASPR\u0160ENA&nbsp;<em>PRANA<\/em><\/h4>\n\n\n\n<p>U Yogi usredoto\u010dujemo&nbsp;<em>Pranu<\/em>. Raspr\u0161ena prana je razmi\u0161ljanje o puno stvari, puno obaveza, puno toga \u0161to nam odvla\u010di pa\u017enju i stvara stres. Na\u0161 mozak ima kapacitet koliko informacija mo\u017ee od jednom pojmiti a za vi\u0161e od toga osje\u0107amo nervozu. Nastavili smo danas raditi s koherentinm disanjem \u2013 4 takta udah, 4 izdah te kroz asane opet otvaranje prostora prepona i ulazak u psoas.<\/p>\n<\/div>\n<\/div>\n\n\n\n<div style=\"height:30px\" aria-hidden=\"true\" class=\"wp-block-spacer\"><\/div>\n\n\n\n<div class=\"wp-block-columns is-layout-flex wp-container-core-columns-is-layout-28f84493 wp-block-columns-is-layout-flex\">\n<div class=\"wp-block-column is-layout-flow wp-block-column-is-layout-flow\" style=\"flex-basis:32%\">\n<figure class=\"wp-block-image size-large\"><a href=\"https:\/\/tena.yoga\/wp-content\/uploads\/2023\/04\/kapacitet_mira_11_4.jpg\"><img decoding=\"async\" width=\"1024\" height=\"576\" src=\"https:\/\/tena.yoga\/wp-content\/uploads\/2023\/04\/kapacitet_mira_11_4-1024x576.webp\" alt=\"\" class=\"wp-image-2669\" srcset=\"https:\/\/tena.yoga\/wp-content\/uploads\/2023\/04\/kapacitet_mira_11_4-1024x576.webp 1024w, https:\/\/tena.yoga\/wp-content\/uploads\/2023\/04\/kapacitet_mira_11_4-600x338.jpg 600w, https:\/\/tena.yoga\/wp-content\/uploads\/2023\/04\/kapacitet_mira_11_4-1536x864.webp 1536w, https:\/\/tena.yoga\/wp-content\/uploads\/2023\/04\/kapacitet_mira_11_4-2048x1152.webp 2048w, https:\/\/tena.yoga\/wp-content\/uploads\/2023\/04\/kapacitet_mira_11_4.jpg 1920w\" sizes=\"(max-width: 1024px) 100vw, 1024px\" \/><\/a><\/figure>\n\n\n\n<div style=\"height:10px\" aria-hidden=\"true\" class=\"wp-block-spacer\"><\/div>\n\n\n\n<h4 class=\"wp-block-heading\">3. KAPACITET MIRA<\/h4>\n\n\n\n<p>Ne mo\u017eemo znati koliko stresa \u0107e nam donijeti dana\u0161nji dan ali mo\u017eemo se pripremiti da dovedemo kapacitet svojeg mira i otvorenosti za svaku situaciju. Zato ujutro vje\u017ebamo, da na\u0111emo stabilnost i snagu kojom mo\u017eemo do\u010dekati ono \u0161to je pred nama.&nbsp;Nastavili smo s istim polo\u017eajima i temom, otklju\u010davamo psoas ali sada smo povezali i dijafragmu kroz otvaranje prednje strane tijela. Dovodimo svjetlost u tijelo ugodnom energijom kliznih pokreta, a opet nastojimo se fino i duboko istegnuti.<\/p>\n<\/div>\n\n\n\n<div class=\"wp-block-column is-layout-flow wp-block-column-is-layout-flow\" style=\"flex-basis:2%\"><\/div>\n\n\n\n<div class=\"wp-block-column is-layout-flow wp-block-column-is-layout-flow\" style=\"flex-basis:32%\">\n<figure class=\"wp-block-image size-large\"><a href=\"https:\/\/tena.yoga\/wp-content\/uploads\/2023\/04\/reprog_stresa_14_4.jpg\"><img decoding=\"async\" width=\"1024\" height=\"576\" src=\"https:\/\/tena.yoga\/wp-content\/uploads\/2023\/04\/reprog_stresa_14_4-1024x576.webp\" alt=\"\" class=\"wp-image-2671\" srcset=\"https:\/\/tena.yoga\/wp-content\/uploads\/2023\/04\/reprog_stresa_14_4-1024x576.webp 1024w, https:\/\/tena.yoga\/wp-content\/uploads\/2023\/04\/reprog_stresa_14_4-600x338.jpg 600w, https:\/\/tena.yoga\/wp-content\/uploads\/2023\/04\/reprog_stresa_14_4-1536x864.webp 1536w, https:\/\/tena.yoga\/wp-content\/uploads\/2023\/04\/reprog_stresa_14_4-2048x1152.webp 2048w, https:\/\/tena.yoga\/wp-content\/uploads\/2023\/04\/reprog_stresa_14_4.jpg 1920w\" sizes=\"(max-width: 1024px) 100vw, 1024px\" \/><\/a><\/figure>\n\n\n\n<div style=\"height:10px\" aria-hidden=\"true\" class=\"wp-block-spacer\"><\/div>\n\n\n\n<h4 class=\"wp-block-heading\">4. REPROGRAMIRANJE STRESA<\/h4>\n\n\n\n<p>Kvaliteta koherentnog daha \u2013 uravnote\u017eenog ritma koji klizi kao da provla\u010dimo svilu kroz prste miluje na\u0161 \u017eiv\u010dani sustav. Poku\u0161ali smo ga na po\u010detku na\u0107i bez borbe i dodati mu malo produ\u017eeniji izdah. Danas smo radili otvaranje psoasa i prsa prema dijafragmi. Pu\u0161tamo stres koji nakupljamo&nbsp;u \u017eeludcu, nemir i nervozu, sada smo disali kao da direktno dijafragma di\u0161e i otvara taj prostor. Radili smo opciju raja kapotasane koja je dosta duboki polo\u017eaj \u2013 dosta jako otvaranje pa idite polako i obavezno di\u0161ite, imate pod kontrolom svoj stres. I na kraju ustrasanu koja povezuje cijelu prednju stranu.<\/p>\n<\/div>\n\n\n\n<div class=\"wp-block-column is-layout-flow wp-block-column-is-layout-flow\" style=\"flex-basis:2%\"><\/div>\n\n\n\n<div class=\"wp-block-column is-layout-flow wp-block-column-is-layout-flow\" style=\"flex-basis:32%\">\n<figure class=\"wp-block-image size-large\"><a href=\"https:\/\/tena.yoga\/wp-content\/uploads\/2023\/04\/energetska_stabilnost_18_4.jpg\"><img decoding=\"async\" width=\"1024\" height=\"576\" src=\"https:\/\/tena.yoga\/wp-content\/uploads\/2023\/04\/energetska_stabilnost_18_4-1024x576.webp\" alt=\"\" class=\"wp-image-2673\" srcset=\"https:\/\/tena.yoga\/wp-content\/uploads\/2023\/04\/energetska_stabilnost_18_4-1024x576.webp 1024w, https:\/\/tena.yoga\/wp-content\/uploads\/2023\/04\/energetska_stabilnost_18_4-600x338.jpg 600w, https:\/\/tena.yoga\/wp-content\/uploads\/2023\/04\/energetska_stabilnost_18_4-1536x864.webp 1536w, https:\/\/tena.yoga\/wp-content\/uploads\/2023\/04\/energetska_stabilnost_18_4-2048x1152.webp 2048w, https:\/\/tena.yoga\/wp-content\/uploads\/2023\/04\/energetska_stabilnost_18_4.jpg 1920w\" sizes=\"(max-width: 1024px) 100vw, 1024px\" \/><\/a><\/figure>\n\n\n\n<div style=\"height:10px\" aria-hidden=\"true\" class=\"wp-block-spacer\"><\/div>\n\n\n\n<h4 class=\"wp-block-heading\">5. ENERGETSKA STABILNOST<\/h4>\n\n\n\n<p>Upravljanje sa stresom je reprogramiranje na\u010dina funkcioniranja u stresnoj situaciji. Zna\u010di da na\u0161a automatska reakcija bude u boljem balansu kada smo u stresnoj situaciji. Time smo se bavili u prvoj polovici mjeseca. Izazivali smo psoas, otvarali taj dio i cijeli prostor prema dijafragmi i to kroz otklone (koji aktiviraju simpatikus). Oni ubrzavaju srce i dah, mo\u017eda ste sku\u017eili, ali mi ih radimo polkako, sa svjesno\u0161\u0107u&nbsp;i dovoljno daha da ka\u017eemo tijelu, dve je ok.<br>Danas smo nastavili s dijafragmom, mirnom praksom, kliznim dahom i proto\u010dnim pokretom. Uspostavljamo sigurnu&nbsp;energetsku stabilnost.<\/p>\n<\/div>\n<\/div>\n\n\n\n<div style=\"height:30px\" aria-hidden=\"true\" class=\"wp-block-spacer\"><\/div>\n\n\n\n<div class=\"wp-block-columns is-layout-flex wp-container-core-columns-is-layout-28f84493 wp-block-columns-is-layout-flex\">\n<div class=\"wp-block-column is-layout-flow wp-block-column-is-layout-flow\" style=\"flex-basis:32%\">\n<figure class=\"wp-block-image size-large\"><a href=\"https:\/\/tena.yoga\/wp-content\/uploads\/2023\/04\/otvorenost_21_4.jpg\"><img decoding=\"async\" width=\"1024\" height=\"576\" src=\"https:\/\/tena.yoga\/wp-content\/uploads\/2023\/04\/otvorenost_21_4-1024x576.webp\" alt=\"\" class=\"wp-image-2676\" srcset=\"https:\/\/tena.yoga\/wp-content\/uploads\/2023\/04\/otvorenost_21_4-1024x576.webp 1024w, https:\/\/tena.yoga\/wp-content\/uploads\/2023\/04\/otvorenost_21_4-600x338.jpg 600w, https:\/\/tena.yoga\/wp-content\/uploads\/2023\/04\/otvorenost_21_4-1536x864.webp 1536w, https:\/\/tena.yoga\/wp-content\/uploads\/2023\/04\/otvorenost_21_4-2048x1152.webp 2048w, https:\/\/tena.yoga\/wp-content\/uploads\/2023\/04\/otvorenost_21_4.jpg 1920w\" sizes=\"(max-width: 1024px) 100vw, 1024px\" \/><\/a><\/figure>\n\n\n\n<div style=\"height:10px\" aria-hidden=\"true\" class=\"wp-block-spacer\"><\/div>\n\n\n\n<h4 class=\"wp-block-heading\">6. OTVORENOST<\/h4>\n\n\n\n<p>Sva stanja koja mo\u017eemo osjetiti zapravo se svode na gr\u010d ili opu\u0161tenost. Ono \u0161to pomislimo i osjetimo stvara gr\u010d, na primjer osjetimo dosadu, brigu, ljutnju, strah i to se o\u010dituje kao po\u010detak gr\u010da u tijelu. Pa nam to mo\u017ee poslu\u017eiti da ve\u0107 na po\u010detku stvaranja \u201cgr\u010da\u201d mo\u017eemo prepozanti&nbsp;da li nam je to stanje ok ili \u0107emo se opustiti da pro\u0111e. Na\u0161e je tijelo polje te otvorenosti.<\/p>\n<\/div>\n\n\n\n<div class=\"wp-block-column is-layout-flow wp-block-column-is-layout-flow\" style=\"flex-basis:2%\"><\/div>\n\n\n\n<div class=\"wp-block-column is-layout-flow wp-block-column-is-layout-flow\" style=\"flex-basis:32%\">\n<figure class=\"wp-block-image size-large\"><a href=\"https:\/\/tena.yoga\/wp-content\/uploads\/2023\/04\/prostorsvijesti_25_4.jpg\"><img decoding=\"async\" width=\"1024\" height=\"576\" src=\"https:\/\/tena.yoga\/wp-content\/uploads\/2023\/04\/prostorsvijesti_25_4-1024x576.webp\" alt=\"\" class=\"wp-image-2679\" srcset=\"https:\/\/tena.yoga\/wp-content\/uploads\/2023\/04\/prostorsvijesti_25_4-1024x576.webp 1024w, https:\/\/tena.yoga\/wp-content\/uploads\/2023\/04\/prostorsvijesti_25_4-600x338.jpg 600w, https:\/\/tena.yoga\/wp-content\/uploads\/2023\/04\/prostorsvijesti_25_4-1536x864.webp 1536w, https:\/\/tena.yoga\/wp-content\/uploads\/2023\/04\/prostorsvijesti_25_4-2048x1152.webp 2048w, https:\/\/tena.yoga\/wp-content\/uploads\/2023\/04\/prostorsvijesti_25_4.jpg 1920w\" sizes=\"(max-width: 1024px) 100vw, 1024px\" \/><\/a><\/figure>\n\n\n\n<div style=\"height:10px\" aria-hidden=\"true\" class=\"wp-block-spacer\"><\/div>\n\n\n\n<h4 class=\"wp-block-heading\">7. PROSTOR TIJELA, PROSTOR SVIJESTI<\/h4>\n\n\n\n<p>Kako bi predvidjeli stres i nau\u010dili gdje smo sada na svojoj skali stresa nagla\u0161avamo prostor tijela, osje\u0107aj \u0161irine i mira u kojem se lako vidi po\u010detak bilo kakvog gr\u010da i napetosti. Kre\u0107emo se ugodno i klizno \u0161to nas miluje iznutra, a daje i vremena da osjetimo okolinu. Svijesti o prostoru oko&nbsp;nas informira autonomni \u017eiv\u010dani sustav da je sve u na\u0161oj okolini ok i da se mo\u017eemo potpuno opustiti. Najbolja za\u0161tita je na\u0161 vlastiti mindfulness \u2013 na\u0161a budnost.<\/p>\n<\/div>\n\n\n\n<div class=\"wp-block-column is-layout-flow wp-block-column-is-layout-flow\" style=\"flex-basis:2%\"><\/div>\n\n\n\n<div class=\"wp-block-column is-layout-flow wp-block-column-is-layout-flow\" style=\"flex-basis:32%\">\n<figure class=\"wp-block-image size-large\"><a href=\"https:\/\/tena.yoga\/wp-content\/uploads\/2023\/04\/bezgrcabezstresa_28_4.jpg\"><img decoding=\"async\" width=\"1024\" height=\"576\" src=\"https:\/\/tena.yoga\/wp-content\/uploads\/2023\/04\/bezgrcabezstresa_28_4-1024x576.webp\" alt=\"\" class=\"wp-image-2681\" srcset=\"https:\/\/tena.yoga\/wp-content\/uploads\/2023\/04\/bezgrcabezstresa_28_4-1024x576.webp 1024w, https:\/\/tena.yoga\/wp-content\/uploads\/2023\/04\/bezgrcabezstresa_28_4-600x338.jpg 600w, https:\/\/tena.yoga\/wp-content\/uploads\/2023\/04\/bezgrcabezstresa_28_4-1536x864.webp 1536w, https:\/\/tena.yoga\/wp-content\/uploads\/2023\/04\/bezgrcabezstresa_28_4-2048x1152.webp 2048w, https:\/\/tena.yoga\/wp-content\/uploads\/2023\/04\/bezgrcabezstresa_28_4.jpg 1920w\" sizes=\"(max-width: 1024px) 100vw, 1024px\" \/><\/a><\/figure>\n\n\n\n<div style=\"height:10px\" aria-hidden=\"true\" class=\"wp-block-spacer\"><\/div>\n\n\n\n<h4 class=\"wp-block-heading\">8. BEZ GR\u010cA \u2013 BEZ STRESA<\/h4>\n\n\n\n<p>Evo nas na ramenima, jednom od glavnih dijelova&nbsp;tijela koji reagiraju na stres.&nbsp;Podignuta ramena i blago stisnuti zubi dugoro\u010dno vode do napetosti koja ne popu\u0161ta, pa mi\u0161i\u0107i ostaju kruti i lako nastaju glavobolje. Ima ne\u0161to u na\u0161oj psihologiji za\u0161to mislimo da mo\u017eemo glavom dr\u017eati \u201ckontrolu situacije\u201d kao da nam to da vidimo gdje smo daje sigurnost, \u0161to uvelike i je tako u prirodi ali mi u yogi u\u010dimo cijelim svojim tijelom znati gdje smo i osjetiti da nismo u opasnosti pa glavu opu\u0161tamo. Poku\u0161ali smo to u par inverzija.<\/p>\n<\/div>\n<\/div>\n\n\n\n<div style=\"height:30px\" aria-hidden=\"true\" class=\"wp-block-spacer\"><\/div>\n\n\n\n<div class=\"wp-block-columns is-layout-flex wp-container-core-columns-is-layout-28f84493 wp-block-columns-is-layout-flex\">\n<div class=\"wp-block-column is-layout-flow wp-block-column-is-layout-flow\" style=\"flex-basis:32%\">\n<figure class=\"wp-block-image size-large\"><a href=\"https:\/\/tena.yoga\/wp-content\/uploads\/2023\/05\/govor_lica_2_5.jpg\"><img decoding=\"async\" width=\"1024\" height=\"576\" src=\"https:\/\/tena.yoga\/wp-content\/uploads\/2023\/05\/govor_lica_2_5-1024x576.webp\" alt=\"\" class=\"wp-image-2700\" srcset=\"https:\/\/tena.yoga\/wp-content\/uploads\/2023\/05\/govor_lica_2_5-1024x576.webp 1024w, https:\/\/tena.yoga\/wp-content\/uploads\/2023\/05\/govor_lica_2_5-600x338.jpg 600w, https:\/\/tena.yoga\/wp-content\/uploads\/2023\/05\/govor_lica_2_5-1536x864.webp 1536w, https:\/\/tena.yoga\/wp-content\/uploads\/2023\/05\/govor_lica_2_5-2048x1152.webp 2048w, https:\/\/tena.yoga\/wp-content\/uploads\/2023\/05\/govor_lica_2_5.jpg 1920w\" sizes=\"(max-width: 1024px) 100vw, 1024px\" \/><\/a><\/figure>\n\n\n\n<div style=\"height:10px\" aria-hidden=\"true\" class=\"wp-block-spacer\"><\/div>\n\n\n\n<h4 class=\"wp-block-heading\">9. GOVOR LICA<\/h4>\n\n\n\n<p>Govor tijela, a pogotovo govor lica to\u010dnije grimase, izra\u017eavaju \u0161to mislimo i kako se osje\u0107amo. Ako ne\u0161to osje\u0107amo a ne dozvoljavamo si izraziti ta energija ostaje \u201czarobljena\u201d \u2013 neizra\u017eena u nama i stvara stres, unutarnju napetost. Licem mi komuniciramo s drugima \u0161to nam je i bez rije\u010di druga osoba mo\u017ee razumjeti i suosje\u0107ati s nama, podr\u017eati nas. Lice je jedna od najva\u017enijih zona jer je refleksija cijelog tijela, a na\u0161 je \u017eiv\u010dani sustav jako povezan s mi\u0161i\u0107ima lica. Zato kada radimo yogu lica koja uklju\u010duje i rad s mi\u0161i\u0107ima lica kroz grimase i samomasa\u017eu, mi najbr\u017ee mo\u017eemo opustiti cijeli simpatikus.<\/p>\n<\/div>\n\n\n\n<div class=\"wp-block-column is-layout-flow wp-block-column-is-layout-flow\" style=\"flex-basis:2%\"><\/div>\n\n\n\n<div class=\"wp-block-column is-layout-flow wp-block-column-is-layout-flow\" style=\"flex-basis:32%\">\n<figure class=\"wp-block-image size-large\"><a href=\"https:\/\/tena.yoga\/wp-content\/uploads\/2023\/05\/ples_slobode.jpg\"><img decoding=\"async\" width=\"1024\" height=\"576\" src=\"https:\/\/tena.yoga\/wp-content\/uploads\/2023\/05\/ples_slobode-1024x576.webp\" alt=\"\" class=\"wp-image-2702\" srcset=\"https:\/\/tena.yoga\/wp-content\/uploads\/2023\/05\/ples_slobode-1024x576.webp 1024w, https:\/\/tena.yoga\/wp-content\/uploads\/2023\/05\/ples_slobode-600x338.jpg 600w, https:\/\/tena.yoga\/wp-content\/uploads\/2023\/05\/ples_slobode-1536x864.webp 1536w, https:\/\/tena.yoga\/wp-content\/uploads\/2023\/05\/ples_slobode-2048x1152.webp 2048w, https:\/\/tena.yoga\/wp-content\/uploads\/2023\/05\/ples_slobode.jpg 1920w\" sizes=\"(max-width: 1024px) 100vw, 1024px\" \/><\/a><\/figure>\n\n\n\n<div style=\"height:10px\" aria-hidden=\"true\" class=\"wp-block-spacer\"><\/div>\n\n\n\n<h4 class=\"wp-block-heading\">10. PLES SLOBODE<\/h4>\n\n\n\n<p>Kada smo slobodni od uzroka stresa, kada smo na pozitivnoj strani na\u0161e skale, du\u0161a nam ple\u0161e. Prirodno smo sretni kada su uzroci nezadovoljstva odsutni, logi\u010dno, ne?<\/p>\n\n\n\n<p>Danas smo pro\u0161li duboko mirno uravnote\u017eeno disanje ali i Chandra bhedanu \u2013 mjese\u010devo bu\u0161enje, dah kroz lijevu nosnicu koji umiruje \u017eiv\u010dani sustav. Nakon toga pro\u0161li smo par pozdrava suncu i asana s naglaskon&nbsp;na razgibavanje ramenog pojasa i ugodno \u201csklisko\u201d kretanje.<\/p>\n<\/div>\n\n\n\n<div class=\"wp-block-column is-layout-flow wp-block-column-is-layout-flow\" style=\"flex-basis:2%\"><\/div>\n\n\n\n<div class=\"wp-block-column is-layout-flow wp-block-column-is-layout-flow\" style=\"flex-basis:32%\"><\/div>\n<\/div>\n","protected":false},"excerpt":{"rendered":"<p>We do anti-stress yoga and breath work with yoga techniques that help us successfully self-regulate.<\/p>\n","protected":false},"featured_media":3286,"template":"","meta":{"_sitemap_exclude":false,"_sitemap_priority":"","_sitemap_frequency":""},"product_cat":[63,66,104,72,65,70],"product_tag":[73],"class_list":{"0":"post-3473","1":"product","2":"type-product","3":"status-publish","4":"has-post-thumbnail","6":"product_cat-antistress-en","7":"product_cat-meditation","8":"product_cat-online-yoga-en","9":"product_cat-restorative-yoga","10":"product_cat-yoga-for-mental-health","11":"product_cat-yogic-breathing","12":"product_tag-2023-en","13":"pa_intenzitet-light","15":"first","16":"instock","17":"downloadable","18":"virtual","19":"sold-individually","20":"purchasable","21":"product-type-simple"},"_links":{"self":[{"href":"https:\/\/tena.yoga\/en\/wp-json\/wp\/v2\/product\/3473","targetHints":{"allow":["GET"]}}],"collection":[{"href":"https:\/\/tena.yoga\/en\/wp-json\/wp\/v2\/product"}],"about":[{"href":"https:\/\/tena.yoga\/en\/wp-json\/wp\/v2\/types\/product"}],"wp:featuredmedia":[{"embeddable":true,"href":"https:\/\/tena.yoga\/en\/wp-json\/wp\/v2\/media\/3286"}],"wp:attachment":[{"href":"https:\/\/tena.yoga\/en\/wp-json\/wp\/v2\/media?parent=3473"}],"wp:term":[{"taxonomy":"product_cat","embeddable":true,"href":"https:\/\/tena.yoga\/en\/wp-json\/wp\/v2\/product_cat?post=3473"},{"taxonomy":"product_tag","embeddable":true,"href":"https:\/\/tena.yoga\/en\/wp-json\/wp\/v2\/product_tag?post=3473"}],"curies":[{"name":"wp","href":"https:\/\/api.w.org\/{rel}","templated":true}]}}