{"id":14337,"date":"2025-03-11T09:39:07","date_gmt":"2025-03-11T08:39:07","guid":{"rendered":"https:\/\/tena.yoga\/sati-yoge-paket\/poklon-bon\/"},"modified":"2026-03-23T16:59:31","modified_gmt":"2026-03-23T15:59:31","slug":"poklon-bon","status":"publish","type":"product","link":"https:\/\/tena.yoga\/bs\/sati-yoge-paket\/poklon-bon\/","title":{"rendered":"Poklon bon"},"content":{"rendered":"\n<div style=\"height:40px\" aria-hidden=\"true\" class=\"wp-block-spacer\"><\/div>\n\n<h2 class=\"wp-block-heading has-text-align-center\">Izaberi poklon bon<\/h2>\n\n<div style=\"height:20px\" aria-hidden=\"true\" class=\"wp-block-spacer\"><\/div>\n\n<div class=\"wp-block-columns is-layout-flex wp-container-core-columns-is-layout-28f84493 wp-block-columns-is-layout-flex\">\n<div class=\"wp-block-column is-layout-flow wp-block-column-is-layout-flow\" style=\"flex-basis:10%\"><\/div>\n\n\n\n<div class=\"wp-block-column is-layout-flow wp-block-column-is-layout-flow\" style=\"flex-basis:80%\">\n<ul class=\"wp-block-list\">\n<li>Mjese\u010dni paket\u00a0<strong><a href=\"https:\/\/tena.yoga\/online-yoga\/godisnji-program-online-yoge\/\">online yoge<\/a><\/strong><\/li>\n\n\n\n<li>Mjese\u010dni paket <strong><a href=\"https:\/\/tena.yoga\/programi\/online-yoga-za-trudnice\/\" data-type=\"link\" data-id=\"https:\/\/tena.yoga\/programi\/online-yoga-za-trudnice\/\">Yoge za trudnice<\/a><\/strong><\/li>\n\n\n\n<li>Paket po izboru s\u00a0<strong><a href=\"https:\/\/tena.yoga\/yoga-shop\/\">Yoga shopa<\/a><\/strong>\u00a0u vrijednosti od 50 ili 60 eur<\/li>\n\n\n\n<li><strong><a href=\"https:\/\/tena.yoga\/clanstvo\/privatni-sat\/\" data-type=\"link\" data-id=\"https:\/\/tena.yoga\/clanstvo\/privatni-sat\/\">Privatni sat<\/a><\/strong> yoge s konzultacijama<\/li>\n\n\n\n<li>Sudjelovanje na <strong><a href=\"https:\/\/tena.yoga\/programi\/online-mindfulness-tecaj-za-pocetnike\/\" data-type=\"link\" data-id=\"https:\/\/tena.yoga\/programi\/online-mindfulness-tecaj-za-pocetnike\/\">Mindfulness te\u010daju<\/a><\/strong><\/li>\n<\/ul>\n\n\n\n<div style=\"height:10px\" aria-hidden=\"true\" class=\"wp-block-spacer\"><\/div>\n\n\n\n<p><strong>Podari najdra\u017eima najbolji poklon \u2013 motivaciju da krenu vje\u017ebati i da obnove svoju praksu yoge i meditacije.<\/strong>\u00a0Poklon bon za online yogu i meditaciju je divan, prakti\u010dan dar za sve koje \u017eelite obogati najve\u0107om vrijedno\u0161\u0107u \u2013 vlastitim zdravljem i veseljem. Podarite im jedan mjesec na redovnom programu\u00a0<a href=\"https:\/\/tena.yoga\/online-yoga\/\">online yoge<\/a>\u00a0ili paket snimki sati yoge s\u00a0<a href=\"https:\/\/tena.yoga\/yoga-shop\/\">yoga shopa<\/a>. Mo\u017eete im pokloniti <a href=\"https:\/\/tena.yoga\/programi\/online-mindfulness-tecaj-za-pocetnike\/\" data-type=\"link\" data-id=\"https:\/\/tena.yoga\/programi\/online-mindfulness-tecaj-za-pocetnike\/\"><em>Mindfulness<\/em> te\u010daj<\/a> koji redovno organiziram ili privatni sat yoge s konzultacijama.<\/p>\n\n\n\n<p>Razveselite najdra\u017ee s yogom i meditacijom kod mene koju krojim ba\u0161 za vas.<br\/>Javite mi se na info@tena.yoga i slo\u017eit \u0107u Poklon bon s va\u0161im imenima i osobnom porukom koju darujete.<\/p>\n<\/div>\n\n\n\n<div class=\"wp-block-column is-layout-flow wp-block-column-is-layout-flow\" style=\"flex-basis:10%\"><\/div>\n<\/div>\n\n<div style=\"height:30px\" aria-hidden=\"true\" class=\"wp-block-spacer\"><\/div>\n\n<figure class=\"wp-block-gallery has-nested-images columns-4 is-cropped wp-block-gallery-1 is-layout-flex wp-block-gallery-is-layout-flex\">\n<figure class=\"wp-block-image size-large\"><a href=\"https:\/\/tena.yoga\/wp-content\/uploads\/2025\/03\/Poklon_BON_mjesecni_paket_tena-04.webp\"><img decoding=\"async\" width=\"886\" height=\"886\" data-id=\"6732\" src=\"https:\/\/tena.yoga\/wp-content\/uploads\/2025\/03\/Poklon_BON_mjesecni_paket_tena-04.webp\" alt=\"\" class=\"wp-image-6732\" srcset=\"https:\/\/tena.yoga\/wp-content\/uploads\/2025\/03\/Poklon_BON_mjesecni_paket_tena-04.webp 886w, https:\/\/tena.yoga\/wp-content\/uploads\/2025\/03\/Poklon_BON_mjesecni_paket_tena-04-300x300.webp 300w, https:\/\/tena.yoga\/wp-content\/uploads\/2025\/03\/Poklon_BON_mjesecni_paket_tena-04-100x100.webp 100w, https:\/\/tena.yoga\/wp-content\/uploads\/2025\/03\/Poklon_BON_mjesecni_paket_tena-04-600x600.webp 600w, https:\/\/tena.yoga\/wp-content\/uploads\/2025\/03\/Poklon_BON_mjesecni_paket_tena-04-150x150.webp 150w\" sizes=\"(max-width: 886px) 100vw, 886px\" \/><\/a><\/figure>\n\n\n\n<figure class=\"wp-block-image size-large\"><a href=\"https:\/\/tena.yoga\/wp-content\/uploads\/2025\/03\/Poklon_BON_prenatal_yoga-03.webp\"><img decoding=\"async\" width=\"886\" height=\"886\" data-id=\"6730\" src=\"https:\/\/tena.yoga\/wp-content\/uploads\/2025\/03\/Poklon_BON_prenatal_yoga-03.webp\" alt=\"\" class=\"wp-image-6730\" srcset=\"https:\/\/tena.yoga\/wp-content\/uploads\/2025\/03\/Poklon_BON_prenatal_yoga-03.webp 886w, https:\/\/tena.yoga\/wp-content\/uploads\/2025\/03\/Poklon_BON_prenatal_yoga-03-300x300.webp 300w, https:\/\/tena.yoga\/wp-content\/uploads\/2025\/03\/Poklon_BON_prenatal_yoga-03-100x100.webp 100w, https:\/\/tena.yoga\/wp-content\/uploads\/2025\/03\/Poklon_BON_prenatal_yoga-03-600x600.webp 600w, https:\/\/tena.yoga\/wp-content\/uploads\/2025\/03\/Poklon_BON_prenatal_yoga-03-150x150.webp 150w\" sizes=\"(max-width: 886px) 100vw, 886px\" \/><\/a><\/figure>\n\n\n\n<figure class=\"wp-block-image size-large\"><a href=\"https:\/\/tena.yoga\/wp-content\/uploads\/2025\/03\/Poklon_BON_mindfulness_tecaj-05.webp\"><img decoding=\"async\" width=\"886\" height=\"886\" data-id=\"6734\" src=\"https:\/\/tena.yoga\/wp-content\/uploads\/2025\/03\/Poklon_BON_mindfulness_tecaj-05.webp\" alt=\"\" class=\"wp-image-6734\" srcset=\"https:\/\/tena.yoga\/wp-content\/uploads\/2025\/03\/Poklon_BON_mindfulness_tecaj-05.webp 886w, https:\/\/tena.yoga\/wp-content\/uploads\/2025\/03\/Poklon_BON_mindfulness_tecaj-05-300x300.webp 300w, https:\/\/tena.yoga\/wp-content\/uploads\/2025\/03\/Poklon_BON_mindfulness_tecaj-05-100x100.webp 100w, https:\/\/tena.yoga\/wp-content\/uploads\/2025\/03\/Poklon_BON_mindfulness_tecaj-05-600x600.webp 600w, https:\/\/tena.yoga\/wp-content\/uploads\/2025\/03\/Poklon_BON_mindfulness_tecaj-05-150x150.webp 150w\" sizes=\"(max-width: 886px) 100vw, 886px\" \/><\/a><\/figure>\n\n\n\n<figure class=\"wp-block-image size-large\"><a href=\"https:\/\/tena.yoga\/wp-content\/uploads\/2025\/03\/Poklon_BON_privatni_sat_tena-02.webp\"><img decoding=\"async\" width=\"886\" height=\"886\" data-id=\"6728\" src=\"https:\/\/tena.yoga\/wp-content\/uploads\/2025\/03\/Poklon_BON_privatni_sat_tena-02.webp\" alt=\"\" class=\"wp-image-6728\" srcset=\"https:\/\/tena.yoga\/wp-content\/uploads\/2025\/03\/Poklon_BON_privatni_sat_tena-02.webp 886w, https:\/\/tena.yoga\/wp-content\/uploads\/2025\/03\/Poklon_BON_privatni_sat_tena-02-300x300.webp 300w, https:\/\/tena.yoga\/wp-content\/uploads\/2025\/03\/Poklon_BON_privatni_sat_tena-02-100x100.webp 100w, https:\/\/tena.yoga\/wp-content\/uploads\/2025\/03\/Poklon_BON_privatni_sat_tena-02-600x600.webp 600w, https:\/\/tena.yoga\/wp-content\/uploads\/2025\/03\/Poklon_BON_privatni_sat_tena-02-150x150.webp 150w\" sizes=\"(max-width: 886px) 100vw, 886px\" \/><\/a><\/figure>\n<\/figure>\n","protected":false},"excerpt":{"rendered":"<p>Poklon bon za online yogu i meditaciju je prakti\u010dan dar za sve koje \u017eelite obogati vlastitim zdravljem i veseljem.<\/p>\n","protected":false},"featured_media":14328,"template":"","meta":{"_sitemap_exclude":false,"_sitemap_priority":"","_sitemap_frequency":""},"product_cat":[555,556,554],"product_tag":[557],"class_list":{"0":"post-14337","1":"product","2":"type-product","3":"status-publish","4":"has-post-thumbnail","6":"product_cat-mindfulness","7":"product_cat-online-yoga","8":"product_cat-yoga-za-trudnice","9":"product_tag-poklon-bon","11":"first","12":"instock","13":"shipping-taxable","14":"purchasable","15":"product-type-variable"},"_links":{"self":[{"href":"https:\/\/tena.yoga\/bs\/wp-json\/wp\/v2\/product\/14337","targetHints":{"allow":["GET"]}}],"collection":[{"href":"https:\/\/tena.yoga\/bs\/wp-json\/wp\/v2\/product"}],"about":[{"href":"https:\/\/tena.yoga\/bs\/wp-json\/wp\/v2\/types\/product"}],"wp:featuredmedia":[{"embeddable":true,"href":"https:\/\/tena.yoga\/bs\/wp-json\/wp\/v2\/media\/14328"}],"wp:attachment":[{"href":"https:\/\/tena.yoga\/bs\/wp-json\/wp\/v2\/media?parent=14337"}],"wp:term":[{"taxonomy":"product_cat","embeddable":true,"href":"https:\/\/tena.yoga\/bs\/wp-json\/wp\/v2\/product_cat?post=14337"},{"taxonomy":"product_tag","embeddable":true,"href":"https:\/\/tena.yoga\/bs\/wp-json\/wp\/v2\/product_tag?post=14337"}],"curies":[{"name":"wp","href":"https:\/\/api.w.org\/{rel}","templated":true}]}}