{"id":10706,"date":"2022-02-13T09:11:08","date_gmt":"2022-02-13T08:11:08","guid":{"rendered":"https:\/\/tena.yoga\/uvjeti-koristenja\/"},"modified":"2022-02-13T09:11:08","modified_gmt":"2022-02-13T08:11:08","slug":"uvjeti-koristenja","status":"publish","type":"page","link":"https:\/\/tena.yoga\/bs\/uvjeti-koristenja\/","title":{"rendered":"Uvjeti kori\u0161tenja"},"content":{"rendered":"\n<div class=\"wp-block-columns is-layout-flex wp-container-core-columns-is-layout-28f84493 wp-block-columns-is-layout-flex\">\n<div class=\"wp-block-column is-layout-flow wp-block-column-is-layout-flow\" style=\"flex-basis:10%\"><\/div>\n\n\n\n<div class=\"wp-block-column is-layout-flow wp-block-column-is-layout-flow\" style=\"flex-basis:80%\">\n<div style=\"height:50px\" aria-hidden=\"true\" class=\"wp-block-spacer\"><\/div>\n\n\n\n<p><strong>Upisom u moj program yoge prihva\u0107ate sljede\u0107e uvjete: \u00a0<\/strong><\/p>\n\n\n\n<ul class=\"wp-block-list\">\n<li>Razumijete da sati u Tena Yoga programu mogu biti fizi\u010dki i mentalno iscrpljuju\u0107i te potvr\u0111ujete dobrovoljno sudjelujete, na vlastitu odgovornost svjesni rizika od ozljeda. \u00a0 \u00a0<\/li>\n\n\n\n<li>Prihva\u0107ate uvjet da Vi, Va\u0161i srodnici ili pravni zastupnici ne\u0107e tu\u017eiti mene i Tena Yoga program, suradnike ili \u010dlanove zbog bilo kakvih ozljeda, ne\u017eeljenog psihi\u010dkog stanja, izgubljene imovine, o\u0161te\u0107enja imovine ili ne\u017eeljene smrti bez obzira na uzrok. \u00a0<\/li>\n\n\n\n<li>Pristajete i dajete suglasnost da Tena Yoga program prikuplja osobne podatke koji se ti\u010du vas kao \u010dlana: ime i prezime, OIB, adresu, godinu ro\u0111enja i kontaktne podatke. Kako i koliko dugo \u010duvam Va\u0161e podatke opisano je detaljnije na stranici <a href=\"https:\/\/tena.yoga\/bs\/izjava-o-privatnosti\/\" data-type=\"page\" data-id=\"3\">Izjava o privatnosti<\/a>.<\/li>\n\n\n\n<li>Pristajete da se gore navedeni osobni podaci koriste u svrhu evidencije i poslovnih knjiga Tena Yoga programa.\u00a0<\/li>\n\n\n\n<li>Prihva\u0107ate ciljeve i program rada\u00a0te izjavljujete da \u0107ete djelovati u skladu s njima. \u00a0<\/li>\n<\/ul>\n\n\n\n<div style=\"height:20px\" aria-hidden=\"true\" class=\"wp-block-spacer\"><\/div>\n\n\n\n<p><strong>Uvjeti za sudjelovanje u programu&nbsp;Tena Yoga: &nbsp;<\/strong><\/p>\n\n\n\n<ul class=\"wp-block-list\">\n<li>Prije sata nemojte konzumirati alkohol i droge, uzimam pravo da vas izbacim sa sata ako niste u stanju sudjelovati ili ometate rad grupe.\u00a0<\/li>\n\n\n\n<li>Ako imate ozbiljnijih ozljeda ili bolesti, recite mi to prije sata.\u00a0<\/li>\n\n\n\n<li>Za eventualne ozljede i nesre\u0107e ne odgovaram, na satu sudjelujete na vlastitu odgovornost.\u00a0<\/li>\n\n\n\n<li>Ako imate pitanja, pitajte na kraju sata ili pi\u0161ite mailom, za vrijeme sata pratite moje upute.<\/li>\n\n\n\n<li>Po\u0161tujte ti\u0161inu grupe i\u00a0vodstvo.<\/li>\n<\/ul>\n\n\n\n<div style=\"height:20px\" aria-hidden=\"true\" class=\"wp-block-spacer\"><\/div>\n\n\n\n<h2 class=\"wp-block-heading has-text-align-center\">Hvala!<\/h2>\n\n\n\n<p class=\"has-text-align-center\">Vidimo se online, Tena<\/p>\n\n\n\n<div style=\"height:30px\" aria-hidden=\"true\" class=\"wp-block-spacer\"><\/div>\n\n\n<div class=\"wp-block-image\">\n<figure class=\"aligncenter size-large is-resized\"><a href=\"https:\/\/tena.yoga\/wp-content\/uploads\/2023\/03\/transformation_yoga.png\"><img decoding=\"async\" width=\"1024\" height=\"290\" src=\"https:\/\/tena.yoga\/wp-content\/uploads\/2023\/03\/transformation_yoga-1024x290.png\" alt=\"\" class=\"wp-image-2400\" style=\"width:450px;height:undefinedpx\" srcset=\"https:\/\/tena.yoga\/wp-content\/uploads\/2023\/03\/transformation_yoga-1024x290.png 1024w, https:\/\/tena.yoga\/wp-content\/uploads\/2023\/03\/transformation_yoga-600x170.png 600w, https:\/\/tena.yoga\/wp-content\/uploads\/2023\/03\/transformation_yoga-1536x435.png 1536w, https:\/\/tena.yoga\/wp-content\/uploads\/2023\/03\/transformation_yoga.png 1920w\" sizes=\"(max-width: 1024px) 100vw, 1024px\" \/><\/a><\/figure>\n<\/div><\/div>\n\n\n\n<div class=\"wp-block-column is-layout-flow wp-block-column-is-layout-flow\" style=\"flex-basis:10%\"><\/div>\n<\/div>\n","protected":false},"excerpt":{"rendered":"<p>Upisom u moj program yoge prihva\u0107ate sljede\u0107e uvjete: \u00a0 Uvjeti za sudjelovanje u programu&nbsp;Tena Yoga: &nbsp; Hvala! Vidimo se online,<\/p>\n","protected":false},"author":1,"featured_media":0,"parent":0,"menu_order":0,"comment_status":"closed","ping_status":"closed","template":"","meta":{"_sitemap_exclude":false,"_sitemap_priority":"","_sitemap_frequency":"","footnotes":""},"class_list":["post-10706","page","type-page","status-publish","hentry"],"_links":{"self":[{"href":"https:\/\/tena.yoga\/bs\/wp-json\/wp\/v2\/pages\/10706","targetHints":{"allow":["GET"]}}],"collection":[{"href":"https:\/\/tena.yoga\/bs\/wp-json\/wp\/v2\/pages"}],"about":[{"href":"https:\/\/tena.yoga\/bs\/wp-json\/wp\/v2\/types\/page"}],"author":[{"embeddable":true,"href":"https:\/\/tena.yoga\/bs\/wp-json\/wp\/v2\/users\/1"}],"replies":[{"embeddable":true,"href":"https:\/\/tena.yoga\/bs\/wp-json\/wp\/v2\/comments?post=10706"}],"version-history":[{"count":0,"href":"https:\/\/tena.yoga\/bs\/wp-json\/wp\/v2\/pages\/10706\/revisions"}],"wp:attachment":[{"href":"https:\/\/tena.yoga\/bs\/wp-json\/wp\/v2\/media?parent=10706"}],"curies":[{"name":"wp","href":"https:\/\/api.w.org\/{rel}","templated":true}]}}