{"id":10694,"date":"2025-01-09T05:22:03","date_gmt":"2025-01-09T04:22:03","guid":{"rendered":"https:\/\/tena.yoga\/politika-kolacica\/"},"modified":"2025-01-09T05:22:03","modified_gmt":"2025-01-09T04:22:03","slug":"politika-kolacica","status":"publish","type":"page","link":"https:\/\/tena.yoga\/bs\/politika-kolacica\/","title":{"rendered":"Politika kola\u010di\u0107a"},"content":{"rendered":"\n<div style=\"height:50px\" aria-hidden=\"true\" class=\"wp-block-spacer\"><\/div>\n\n\n\n<div class=\"wp-block-columns is-layout-flex wp-container-core-columns-is-layout-28f84493 wp-block-columns-is-layout-flex\">\n<div class=\"wp-block-column is-layout-flow wp-block-column-is-layout-flow\" style=\"flex-basis:15%\"><\/div>\n\n\n\n<div class=\"wp-block-column privatnost-izjava is-layout-flow wp-block-column-is-layout-flow\" style=\"flex-basis:70%\">\n<p>Ova web stranica koristi analiti\u010dke tehnologije.<\/p>\n\n\n\n<p>Kola\u010di\u0107i su male tekstualne datoteke koje sadr\u017ee male koli\u010dine informacija koje se postavljaju na tvoj ure\u0111aj. Tvoj internetski preglednik \u0161alje te kola\u010di\u0107e natrag na web stranicu svaki put kada posjeti\u0161 stranicu, tako da web sjedi\u0161te mo\u017ee prepoznati tvoj ure\u0111aj.<\/p>\n\n\n\n<p>Popis kola\u010di\u0107a koje su trenutno postavljeni na tvom ra\u010dunalu:<\/p>\n\n\n<ul style=\"list-style: none;\"><li>1. wp-wpml_current_language : bs<\/li><\/ul>\n\n\n\n<p><strong>Kola\u010di\u0107 ne\u0107e pristupiti nikakvim informacijama osim podacima koje mi daje\u0161 prilikom posjete ovom web sjedi\u0161tu<\/strong>.<\/p>\n\n\n\n<h3 class=\"wp-block-heading\">Kontakt informacije<\/h3>\n\n\n\n<p><strong>Tena Rebernjak<\/strong> (to sam ja \u2013 autorica ovog mre\u017enog sjedi\u0161ta) odgovorna je za osiguravanje uskla\u0111enosti s relevantnim zakonima o za\u0161titi podataka.<\/p>\n\n\n\n<p>Ako ima\u0161 upit ili nedoumicu, kontaktiraj me putem e-po\u0161te: info@tena.yoga.<\/p>\n<\/div>\n\n\n\n<div class=\"wp-block-column is-layout-flow wp-block-column-is-layout-flow\" style=\"flex-basis:15%\"><\/div>\n<\/div>\n","protected":false},"excerpt":{"rendered":"<p>Ova web stranica koristi analiti\u010dke tehnologije. Kola\u010di\u0107i su male tekstualne datoteke koje sadr\u017ee male koli\u010dine informacija koje se postavljaju na<\/p>\n","protected":false},"author":1,"featured_media":0,"parent":0,"menu_order":0,"comment_status":"closed","ping_status":"closed","template":"","meta":{"_sitemap_exclude":false,"_sitemap_priority":"","_sitemap_frequency":"","footnotes":""},"class_list":["post-10694","page","type-page","status-publish","hentry"],"_links":{"self":[{"href":"https:\/\/tena.yoga\/bs\/wp-json\/wp\/v2\/pages\/10694","targetHints":{"allow":["GET"]}}],"collection":[{"href":"https:\/\/tena.yoga\/bs\/wp-json\/wp\/v2\/pages"}],"about":[{"href":"https:\/\/tena.yoga\/bs\/wp-json\/wp\/v2\/types\/page"}],"author":[{"embeddable":true,"href":"https:\/\/tena.yoga\/bs\/wp-json\/wp\/v2\/users\/1"}],"replies":[{"embeddable":true,"href":"https:\/\/tena.yoga\/bs\/wp-json\/wp\/v2\/comments?post=10694"}],"version-history":[{"count":0,"href":"https:\/\/tena.yoga\/bs\/wp-json\/wp\/v2\/pages\/10694\/revisions"}],"wp:attachment":[{"href":"https:\/\/tena.yoga\/bs\/wp-json\/wp\/v2\/media?parent=10694"}],"curies":[{"name":"wp","href":"https:\/\/api.w.org\/{rel}","templated":true}]}}