{"id":10293,"date":"2021-09-28T10:40:00","date_gmt":"2021-09-28T08:40:00","guid":{"rendered":"https:\/\/tena.yoga\/izjava-o-privatnosti\/"},"modified":"2021-09-28T10:40:00","modified_gmt":"2021-09-28T08:40:00","slug":"izjava-o-privatnosti","status":"publish","type":"page","link":"https:\/\/tena.yoga\/bs\/izjava-o-privatnosti\/","title":{"rendered":"Za\u0161tita privatnosti"},"content":{"rendered":"\n<div style=\"height:50px\" aria-hidden=\"true\" class=\"wp-block-spacer\"><\/div>\n\n\n\n<div class=\"wp-block-columns is-layout-flex wp-container-core-columns-is-layout-28f84493 wp-block-columns-is-layout-flex\">\n<div class=\"wp-block-column is-layout-flow wp-block-column-is-layout-flow\" style=\"flex-basis:15%\"><\/div>\n\n\n\n<div class=\"wp-block-column privatnost-izjava is-layout-flow wp-block-column-is-layout-flow\" style=\"flex-basis:70%\">\n<p><strong>Predana sam za\u0161titi tvoje privatnosti i osobnih podataka i nikada ne\u0107u zloupotrijebiti tvoje povjerenje.<\/strong><\/p>\n\n\n\n<p>Ova Izjava o privatnosti obja\u0161njava:<\/p>\n\n\n\n<ul class=\"wp-block-list\">\n<li>koje informacije se prikupljaju<\/li>\n\n\n\n<li>kako se informacije pohranjuju<\/li>\n\n\n\n<li>kako se informacije koriste<\/li>\n\n\n\n<li>koja prava ima\u0161<\/li>\n\n\n\n<li>kako ostvariti svoja prava<\/li>\n<\/ul>\n\n\n\n<h3 class=\"wp-block-heading\">\u0160to su osobni podaci?<\/h3>\n\n\n\n<p>&#8220;Osobni podaci jesu sve informacije koje se odnose na&nbsp;<strong>pojedinca \u010diji je identitet utvr\u0111en ili se mo\u017ee utvrditi<\/strong>. Razli\u010dite informacije, koje zajedno prikupljene mogu rezultirati utvr\u0111ivanjem identiteta odre\u0111ene osobe, tako\u0111er \u010dine osobne podatke.&#8221;<\/p>\n\n\n\n<p>Vi\u0161e informacija mo\u017ee\u0161 prona\u0107i na <a href=\"https:\/\/ec.europa.eu\/info\/law\/law-topic\/data-protection\/reform\/what-personal-data_hr\" data-type=\"URL\" data-id=\"https:\/\/ec.europa.eu\/info\/law\/law-topic\/data-protection\/reform\/what-personal-data_hr\">ovom linku<\/a>.<\/p>\n\n\n\n<h3 class=\"wp-block-heading\">Koje informacije prikupljam?<\/h3>\n\n\n\n<p>Kad me kontaktira\u0161:<\/p>\n\n\n\n<ul class=\"wp-block-list\">\n<li>Osobni podaci koje daje\u0161 o sebi (na primjer, tvoje ime i podaci za kontakt, npr. e-mail)<\/li>\n\n\n\n<li>Dijeli\u0161 ime i adresu e-po\u0161te kada ostavlja\u0161 komentar na \u010dlanak na blogu ili \u0161alje\u0161 popunjeni kontakt obrazac ili pristupnicu. Ne tra\u017eim nikakve druge detalje. \u0160to \u0107e\u0161 pru\u017eiti ovisi o tebi.<\/li>\n\n\n\n<li>Mo\u017eet\u0161 otkriti podatke o svom poslovanju \u2013 me\u0111utim, to nisu osobni podaci koji se za potrebe GDPR-a odnose samo na osobne podatke pojedinaca<\/li>\n<\/ul>\n\n\n\n<p>Kada me tre\u0107a strana kontaktira u tvoje ime:<\/p>\n\n\n\n<ul class=\"wp-block-list\">\n<li>Osobni podaci koje daje tre\u0107a strana kao \u0161to su tvoje ime, podaci za kontakt i posebne okolnosti.<\/li>\n<\/ul>\n\n\n\n<p>Kada posjeti\u0161 ovo web sjedi\u0161te, ili komunicira\u0161 s ovom web stranicom ili sa mnom putem dru\u0161tvenih medija:<\/p>\n\n\n\n<ul class=\"wp-block-list\">\n<li>Tvoja IP adresa i postavke i izbori pregledavanja;<\/li>\n<\/ul>\n\n\n\n<p>Ako mi povjeri\u0161 da radimo zajedno:<\/p>\n\n\n\n<ul class=\"wp-block-list\">\n<li>Tvoje ime i adresa e-po\u0161te. Tako\u0111er \u0107u te zamoliti za tvoju uobi\u010dajenu po\u0161tansku adresu za moju fakturu. Ovisno o zadatku, mo\u017ee\u0161 otkriti razne druge podatke, ali to \u0107e se razlikovati od klijenta do klijenta i ne\u0107e se odnositi na sve. Ono \u0161to \u0107e\u0161 otkriti je tvoj izbor.<\/li>\n<\/ul>\n\n\n\n<h3 class=\"wp-block-heading\">Kako prikupljam informacije?<\/h3>\n\n\n\n<p>Tvoji osobni podaci mogu se prikupljati iz vi\u0161e izvora. To uklju\u010duje:<\/p>\n\n\n\n<ul class=\"wp-block-list\">\n<li>Kada posjeti\u0161 ovo web sjedi\u0161te, uklju\u010duju\u0107i kori\u0161tenje kola\u010di\u0107a.<\/li>\n\n\n\n<li>Kada kontaktira\u0161 ovo web sjedi\u0161te ili komunicira\u0161 s njim putem e-po\u0161te ili kada komunicira\u0161 putem dru\u0161tvenih medija;<\/li>\n\n\n\n<li>Iz obrazaca koje mo\u017ee\u0161 ispuniti;<\/li>\n\n\n\n<li>Iz javnih izvora podataka (npr. pojedinosti o kontaktima koje si odabrao objaviti na svojoj web stranici ili dru\u0161tvenim medijima)<\/li>\n\n\n\n<li>Od organizacija\/tijela s kojima si povezan, kada mi daju tvoje podatke<\/li>\n<\/ul>\n\n\n\n<h3 class=\"wp-block-heading\">Za\u0161to ih prikupljam?<\/h3>\n\n\n\n<p><strong>Pristanak<\/strong><\/p>\n\n\n\n<ul class=\"wp-block-list\">\n<li>U vezi s a\u017euriranjima vijesti, informacije koje posjedujem temelje se na tome da si dao\/dala svoj pristanak. Na primjer, u vezi s a\u017euriranjima vijesti, dao\/dala si e-po\u0161tu, a zatim potvrdili (suglasili) da se ona treba pohraniti i koristiti kao osnova za obradu <em>feeda<\/em> bloga putem <em>Google Feedburnera<\/em> i slanje e-po\u0161te za a\u017euriranje vijesti.<\/li>\n\n\n\n<li>Ako si dao\/dala privolu za obradu svojih podataka, mo\u017ee\u0161 je povu\u0107i u bilo kojem trenutku.<\/li>\n<\/ul>\n\n\n\n<p><strong>Legitimni interes<\/strong><\/p>\n\n\n\n<ul class=\"wp-block-list\">\n<li>Imam legitimni interes omogu\u0107iti objavu web stranice i razumjeti kako se ona koristi. U vezi s tehni\u010dkim i statisti\u010dkim podacima: prikupljeni podaci uklju\u010duju podatke o tvom kori\u0161tenju ove web stranice, npr. koje stranice posje\u0107uje\u0161 i koliko dugo posje\u0107uje\u0161; koje preglednike koristi\u0161, tvoju IP adresu. Ne prikupljam podatke koji identificiraju bilo koju osobu. Odlu\u010dila sam NE prikupljati demografske podatke putem <em>Google Analyticsa<\/em>.<\/li>\n\n\n\n<li>Tako\u0111er prikupljam informacije zbog legitimnog interesa kako bih osigurala to\u010dne pojedinosti u vezi s javno objavljenim informacijama o tebi. Mo\u017ee\u0161 me kontaktirati da ispravim bilo koju informaciju ili zatra\u017eiti da se ona povu\u010de iz pregleda u bilo kojem trenutku.<\/li>\n<\/ul>\n\n\n\n<p><strong>Ugovorna nu\u017enost<\/strong><\/p>\n\n\n\n<ul class=\"wp-block-list\">\n<li>Podaci koji se odnose na bilo koju poslovnu transakciju proizlaze iz ugovorne nu\u017ede, npr. tako da i ti i ja ispunjavamo obveze navedene u uvjetima dobavlja\u010da ili bilo kojem ugovoru koji mo\u017ee postojati. (Primjeri takvih transakcija obi\u010dno se javljaju jer si \u010duo\/\u010dula za mene putem ove web stranice, a ne zbog ponude na ovoj web stranici)<\/li>\n<\/ul>\n\n\n\n<h3 class=\"wp-block-heading\">Kako koristim tvoje informacije?<\/h3>\n\n\n\n<p>Tvoje podatke obra\u0111ujem kako bih:<\/p>\n\n\n\n<ul class=\"wp-block-list\">\n<li>Zabilje\u017eila svaku korespondenciju ili proizvode koje primim i odgovoriti u skladu s tim;<\/li>\n\n\n\n<li>Slala informacije koje se odnose na a\u017euriranja vijesti;<\/li>\n\n\n\n<li>Sklapala ugovore s korisnicima; i\/ili<\/li>\n\n\n\n<li>Odr\u017eavala odnose s pojedincima i organizacijama i slala poruke s vremena na vrijeme<\/li>\n<\/ul>\n\n\n\n<h3 class=\"wp-block-heading\">Kako \u010duvam tvoje informacije?<\/h3>\n\n\n\n<p>Tvoji osobni podaci pohranjuju se na nekoliko na\u010dina:<\/p>\n\n\n\n<ul class=\"wp-block-list\">\n<li>U papirnatim datotekama pohranjenim na sigurnom;<\/li>\n\n\n\n<li>U softverskim sustavima kojima se upravlja na mom Apple hardveru ili na web-wareu koji pru\u017ea dobavlja\u010d tre\u0107e strane (npr. <em>Google Mail<\/em>)<\/li>\n\n\n\n<li>Ako se registrira\u0161 za primanje a\u017euriranja vijesti, tvoji \u0107e se podaci \u010duvati na sigurnom poslu\u017eitelju, a podaci \u0107e se dijeliti s <em>Mailchimp-om<\/em> samo za automatsku obradu feeda vijesti.<\/li>\n<\/ul>\n\n\n\n<h3 class=\"wp-block-heading\">S kim dijelim tvoje informacije?<\/h3>\n\n\n\n<p>Tvoje podatke mogu podijeliti s tre\u0107im stranama i\/ili dobiti informacije od njih:<\/p>\n\n\n\n<ul class=\"wp-block-list\">\n<li>usluga mog web sjedi\u0161ta u vezi s kori\u0161tenjem obrasca za kontakt i za upravljanje kola\u010di\u0107ima na ovoj web stranici;<\/li>\n\n\n\n<li>statisti\u010dke usluge (<em>Google Analytics<\/em>) s obzirom na razumijevanje &#8216;makro&#8217; razine izvora prometa na web stranici i stranicama koje te najvi\u0161e zanimaju.<\/li>\n\n\n\n<li>Pru\u017eatelji dru\u0161tvenih mre\u017ea npr. <em>Facebook<\/em> i <em>Instagram<\/em> \u2013 za isticanje javnih vijesti<\/li>\n<\/ul>\n\n\n\n<p><strong>Predana sam za\u0161titi tvoje privatnosti.<\/strong><\/p>\n\n\n\n<ul class=\"wp-block-list\">\n<li>Ni pod kojim okolnostima ne iznajmljujem, mijenjam ili dijelim adresu tvoje e-po\u0161tu bez tvog pristanka.<\/li>\n\n\n\n<li>Vrlo povremeno ljudi tra\u017ee da budu u kontaktu s drugom osobom. Umjesto da im dam svoju adresu e-po\u0161te, obavje\u0161tavam ih da \u0107u ti proslijediti njihov zahtjev \u200bi ostaviti tebi da odlu\u010di\u0161 kako \u0107e\u0161 odgovoriti.<\/li>\n<\/ul>\n\n\n\n<h3 class=\"wp-block-heading\">Kako \u0161titim tvoje podatke?<\/h3>\n\n\n\n<p>Sigurnost tvojih podataka shva\u0107am vrlo ozbiljno. Tvojim podacima ne mogu pristupiti tre\u0107e strane osim onih koje pru\u017eaju usluge kao \u0161to je navedeno u nastavku.<\/p>\n\n\n\n<p>Anga\u017eiram renomirane pru\u017eatelje usluga da obra\u0111uju tvoje podatke u moje ime za potrebe korespondencije putem e-po\u0161te, pru\u017eanja web stranica i dru\u0161tvenih medija. Svi su pod obvezom \u010duvanja povjerljivosti, te su zakonski obvezni provoditi odgovaraju\u0107e tehni\u010dke i organizacijske mjere kako bi osigurali sigurnost podataka u skladu s relevantnim zakonodavstvom.<\/p>\n\n\n\n<h3 class=\"wp-block-heading\">Koliko dugo \u010duvam tvoje podatke?<\/h3>\n\n\n\n<p>Ni\u0161ta se ne \u010duva na neodre\u0111eno vrijeme. Tvoji osobni podaci su pod nadzorom.<\/p>\n\n\n\n<ul class=\"wp-block-list\">\n<li>Dopisivanje: povremeno bri\u0161em kontakte i povezane e-poruke.<\/li>\n\n\n\n<li>Kontakt obrazac: Ako komentar na blogu nije objavljen ili je poslani obrazac besmislen, oni se bri\u0161u.<\/li>\n\n\n\n<li>Osobni podaci i poslovna korespondencija u svezi svih poslovnih ugovora koji uklju\u010duju pla\u0107anje \u010duvaju se najmanje \u0161est godina nakon zavr\u0161etka porezne godine.<\/li>\n<\/ul>\n\n\n\n<h3 class=\"wp-block-heading\">Koja  prava ima\u0161 u odnosu na svoje podatke?<\/h3>\n\n\n\n<p>\u200bImate odre\u0111ena prava u vezi sa svojim osobnim podacima. Oni su:<\/p>\n\n\n\n<ol class=\"wp-block-list\">\n<li>Pravo na dobivanje potvrde da obra\u0111ujemo tvoje osobne podatke (pogledajte postupak zahtjeva za pristup subjektu);<\/li>\n\n\n\n<li>Pravo na pristup tvojim podacima (vidi postupak Zahtjev za pristup subjektu);<\/li>\n\n\n\n<li>Pravo na ispravak svojih osobnih podataka ako su nepotpuni ili neto\u010dni;<\/li>\n\n\n\n<li>Pravo na uklanjanje ili brisanje tvojih osobnih podataka u odre\u0111enim okolnostima, na primjer kada ste povukli privolu za njihovu obradu, a ja nemam drugu osnovu za njihovu obradu;<\/li>\n\n\n\n<li>Pravo na ograni\u010davanje obrade tvojih osobnih podataka u odre\u0111enim okolnostima;<\/li>\n\n\n\n<li>Pravo na prigovor na odre\u0111enu obradu uklju\u010duju\u0107i pravo na prigovor kada obra\u0111ujem tvoje podatke na temelju svog legitimnog interesa;<\/li>\n\n\n\n<li>Ako ste dali privolu za obradu, pravo na povla\u010denje privole za obradu tvojih podataka (bez utjecaja na zakonitost obrade na temelju privole prije njenog povla\u010denja); i<\/li>\n\n\n\n<li>Pravo zahtijevati od mene da ti ne \u0161aljem marketin\u0161ku  e-po\u0161tu.<\/li>\n<\/ol>\n\n\n\n<p>Napominjem da gore navedena prava nisu apsolutna, a zahtjevi se mogu odbiti ako vrijede iznimke.<\/p>\n\n\n\n<h3 class=\"wp-block-heading\">Kako radim s uslugama tre\u0107ih strana<\/h3>\n\n\n\n<h4 class=\"wp-block-heading\">Kontakt obrasci<\/h4>\n\n\n\n<p>Kori\u0161tenje obrazaca: e-mail adrese mogu se prikupljati putem ove web stranice \u2013 pomo\u0107u obrasca za kontakt.<\/p>\n\n\n\n<ul class=\"wp-block-list\">\n<li>Koriste se SAMO za korespondenciju koja se odnosi na stranicu na kojoj se \u0161alje\u0161 svoju adresu e-po\u0161te \u2013 s prijedlogom ili upitom.<\/li>\n\n\n\n<li>E-poruke poslane putem obrazaca automatski se proslje\u0111uju meni na odre\u0111enu adresu e-po\u0161te. Koristim <em>Google Mail<\/em> za dopisivanje.<\/li>\n<\/ul>\n\n\n\n<h4 class=\"wp-block-heading\">Adrese e-po\u0161te<\/h4>\n\n\n\n<p>Moja Politika privatnosti u vezi s e-mail adresama je jednostavna. Poveznice u nastavku odnose se na Pravila privatnosti usluga koje koristim kada mi daje\u0161 svoju e-po\u0161tu.<br>\u200b<br>Moja Politika privatnosti u vezi s e-mail adresama je jednostavna.<\/p>\n\n\n\n<ul class=\"wp-block-list\">\n<li>Tvoji osobni podaci \u010duvaju se na sigurnom i sigurnom.<\/li>\n\n\n\n<li>Tvoja adresa e-po\u0161te se uvijek koristi samo u svrhu za koju si pristao\/la da je koristi\u0161,<\/li>\n\n\n\n<li>Adrese e-po\u0161te nikada ne\u0107u proslijediti nikome drugome (ALI pogledajte dolje) ili bilo kojoj drugoj organizaciji.<\/li>\n\n\n\n<li>u nastavku pogledaj kako se tvoji osobni podaci obra\u0111uju putem ovog web sjedi\u0161ta<\/li>\n<\/ul>\n\n\n\n<p>To zna\u010di da tvoji osobni podaci i adresa e-po\u0161te nikada ne\u0107e biti prodani, iznajmljeni ili iznajmljeni bilo kojoj drugoj strani.<\/p>\n\n\n\n<p>Marketing: Ne\u0107u te kontaktirati u marketin\u0161ke svrhe ili da ti promoviram nove obavijesti na web sjedi\u0161tu. Za to koristim dru\u0161tvene mre\u017ee kao \u0161to su <em>Facebook<\/em> i <em>Instagram<\/em>. Mo\u017eete odabrati ho\u0107ete li koristiti dru\u0161tvene mre\u017ee ili ne.<\/p>\n\n\n\n<h4 class=\"wp-block-heading\"><em>Google Mail<\/em> kontakti<\/h4>\n\n\n\n<p>Pohranjujem adrese e-po\u0161te osobnih kontakata koji su mi pisali<\/p>\n\n\n\n<ul class=\"wp-block-list\">\n<li>na <em>Google Mail<\/em> kontaktima \u2013 jer to je usluga e-po\u0161te koju koristim.<\/li>\n<\/ul>\n\n\n\n<p>Ako ne \u017eeli\u0161 da se tvoja e-po\u0161ta pohrani (a samo treba\u0161 re\u0107i), izbrisat \u0107u e-po\u0161tu nakon \u0161to ti ju po\u0161aljem. To \u0107e zna\u010diti da te ne\u0107u prepoznati ako ponovno pi\u0161e\u0161 izravno na moju adresu e-po\u0161te i ne\u0107u se sje\u0107ati bilo kakve prethodne povijesti ili prethodne korespondencije. Rutinski bri\u0161em e-poruke od ljudi koje ne poznajem gdje predlo\u017eena korespondencija nema svrhe.<\/p>\n\n\n\n<h4 class=\"wp-block-heading\">Tehni\u010dki\/statisti\u010dki podaci<\/h4>\n\n\n\n<p>Tako\u0111er si siguran\/sigurna u privatnost u vezi s podacima prikupljenim u statisti\u010dke svrhe \u2013 me\u0111utim, u tom pogledu ovisim o politici privatnosti tre\u0107ih strana.<\/p>\n\n\n\n<p>Sve statisti\u010dke podatke prikupljene putem ove stranice u po\u010detku prikupljaju, pohranjuju i analiziraju tre\u0107e strane.<\/p>\n\n\n\n<p>\u200bKola\u010di\u0107i bilje\u017ee informacije o lokaciji tvog IP pru\u017eatelja usluga, tehni\u010dke podatke o tvom ra\u010dunalu i podatke o tome koje stranice gleda\u0161 na ovom web sjedi\u0161tu i kako im se pristupalo. Ne govore ni meni ni sakuplja\u010dima statisti\u010dkih podataka tko je ta osoba niti bilo \u0161to drugo o osobi koja gleda stranicu.<\/p>\n\n\n\n<p>Podaci o kola\u010di\u0107ima poma\u017eu mi shvatiti koje su stranice najpopularnije i kako je netko do\u0161ao na stranicu, npr. s yoga foruma ili putem pretra\u017eivanja na <em>Google-u<\/em>. Tako\u0111er mi omogu\u0107uje da znam koji format ve\u0107ina ljudi koristi za pregledavanje stranica \u0161to poma\u017ee kod problema s dizajnom i pristupa\u010dno\u0161\u0107u (na primjer \u2013 pristupanje web stranici putem mobilnih ure\u0111aja postaje puno popularnije \u0161to me tjera da provjerim kako stranica izgleda u mobilnom prikazu )<\/p>\n\n\n\n<p>Sve podatke prikupljene putem ove stranice u po\u010detku prikupljaju, pohranjuju i analiziraju tre\u0107e strane. U nastavku pogledaj vi\u0161e pojedinosti o prikupljanju tehni\u010dkih\/statisti\u010dkih podataka<\/p>\n\n\n\n<p><em>Google Analytics<\/em> pohranjuje podatke o:<\/p>\n\n\n\n<ul class=\"wp-block-list\">\n<li>stranicama koje posje\u0107uje\u0161 na ovom web sjedi\u0161tu i koliko dugo provodi\u0161 na svakoj stranici<\/li>\n\n\n\n<li>kako si do\u0161ao\/la do stranice<\/li>\n\n\n\n<li>na \u0161to klikne\u0161 dok posje\u0107uje\u0161 stranice<\/li>\n\n\n\n<li>lokacija koja generira posjet (u \u0161irem smislu, npr. grad)<\/li>\n\n\n\n<li>tvoji osobni podaci (npr. tvoje ime ili adresa) se ne pohranjuju tako da se ti podaci ne mogu koristiti za identifikaciju tko ste. <em>Google-u<\/em> tako\u0111er nije dopu\u0161teno koristiti ili dijeliti analiti\u010dke podatke.<\/li>\n<\/ul>\n\n\n\n<p>Mogu preuzeti neke podatke na svoje ra\u010dunalo. Svi prikupljeni podaci su anonimni i prikupljaju se isklju\u010divo u statisti\u010dke svrhe, radi pobolj\u0161anja ponu\u0111ene usluge i ne koriste se ni na koji na\u010din za identifikaciju pojedinaca.<\/p>\n\n\n\n<h3 class=\"wp-block-heading\">Kontakt informacije<\/h3>\n\n\n\n<p><strong>Tena Rebernjak<\/strong> (to sam ja \u2013 autorica ove web stranice) odgovorna je za osiguravanje uskla\u0111enosti s relevantnim zakonima o za\u0161titi podataka.<\/p>\n\n\n\n<p>Ako ima\u0161 upit ili nedoumicu, kontaktiraj me putem e-po\u0161te: info@tena.yoga.<\/p>\n<\/div>\n\n\n\n<div class=\"wp-block-column is-layout-flow wp-block-column-is-layout-flow\" style=\"flex-basis:15%\"><\/div>\n<\/div>\n","protected":false},"excerpt":{"rendered":"<p>Predana sam za\u0161titi tvoje privatnosti i osobnih podataka i nikada ne\u0107u zloupotrijebiti tvoje povjerenje. Ova Izjava o privatnosti obja\u0161njava: \u0160to<\/p>\n","protected":false},"author":1,"featured_media":0,"parent":0,"menu_order":0,"comment_status":"closed","ping_status":"closed","template":"","meta":{"_sitemap_exclude":false,"_sitemap_priority":"","_sitemap_frequency":"","footnotes":""},"class_list":["post-10293","page","type-page","status-publish","hentry"],"_links":{"self":[{"href":"https:\/\/tena.yoga\/bs\/wp-json\/wp\/v2\/pages\/10293","targetHints":{"allow":["GET"]}}],"collection":[{"href":"https:\/\/tena.yoga\/bs\/wp-json\/wp\/v2\/pages"}],"about":[{"href":"https:\/\/tena.yoga\/bs\/wp-json\/wp\/v2\/types\/page"}],"author":[{"embeddable":true,"href":"https:\/\/tena.yoga\/bs\/wp-json\/wp\/v2\/users\/1"}],"replies":[{"embeddable":true,"href":"https:\/\/tena.yoga\/bs\/wp-json\/wp\/v2\/comments?post=10293"}],"version-history":[{"count":0,"href":"https:\/\/tena.yoga\/bs\/wp-json\/wp\/v2\/pages\/10293\/revisions"}],"wp:attachment":[{"href":"https:\/\/tena.yoga\/bs\/wp-json\/wp\/v2\/media?parent=10293"}],"curies":[{"name":"wp","href":"https:\/\/api.w.org\/{rel}","templated":true}]}}