{"id":10257,"date":"2021-10-31T10:39:13","date_gmt":"2021-10-31T09:39:13","guid":{"rendered":"https:\/\/tena.yoga\/raspored-online-yoge\/"},"modified":"2026-04-02T08:58:06","modified_gmt":"2026-04-02T06:58:06","slug":"raspored-online-joge","status":"publish","type":"page","link":"https:\/\/tena.yoga\/bs\/raspored-online-joge\/","title":{"rendered":"Raspored online joge"},"content":{"rendered":"\n<div style=\"height:40px\" aria-hidden=\"true\" class=\"wp-block-spacer\"><\/div>\n\n\n\n<p class=\"has-text-align-center\">Uvodna radionica u <a href=\"https:\/\/tena.yoga\/bs\/online-yoga\/godisnji-program-online-joge\/\" data-type=\"link\" data-id=\"https:\/\/tena.yoga\/online-yoga\/godisnji-program-online-yoge\/\">temu mjeseca<\/a> online yoge je <strong>prvu subotu u mjesecu<\/strong>. Redovni sati <a href=\"https:\/\/tena.yoga\/bs\/programi\/jutarnja-online-yoga\/\" data-type=\"link\" data-id=\"https:\/\/tena.yoga\/programi\/jutarnja-online-yoga\/\">jutarnje yoge<\/a> odra\u017eavaju se <strong>ponedjeljkom i srijedom<\/strong> od 8 h i traju <strong>40 minuta<\/strong>. \u010casovi <a href=\"https:\/\/tena.yoga\/bs\/programi\/mindful-slow-flow-yoga\/\">Mindful slow flow yoge<\/a> odr\u017eavaju se <strong>dva petka u mjesecu<\/strong> od 10 h te traju <strong>40 minuta<\/strong>. Live chat dru\u017eenje je <strong>posljednji \u010detvrtak u mjesecu<\/strong>. Termine online sati yoge za teku\u0107i mjesec mo\u017ee\u0161 preuzeti i u <a onclick=\"window.print()\" href=\"#\">PDF formatu<\/a>.<\/p>\n\n\n\n<p class=\"has-text-align-center\">Snimke sati proteklih mjeseci dostupne su u <a href=\"https:\/\/tena.yoga\/bs\/joga-shop\/\" data-type=\"page\" data-id=\"3484\">Yoga <em>shopu<\/em><\/a>. <\/p>\n\n\n\n<div class=\"wp-block-columns is-layout-flex wp-container-core-columns-is-layout-28f84493 wp-block-columns-is-layout-flex\">\n<div class=\"wp-block-column is-layout-flow wp-block-column-is-layout-flow\" style=\"flex-basis:15%\"><\/div>\n\n\n\n<div class=\"wp-block-column is-layout-flow wp-block-column-is-layout-flow\" style=\"flex-basis:70%\"><\/div>\n\n\n\n<div class=\"wp-block-column is-layout-flow wp-block-column-is-layout-flow\" style=\"flex-basis:15%\"><\/div>\n<\/div>\n\n\n\n<section class=\"text-center\" style=\" padding-top: .5rem;    padding-bottom: 20px;\">\n        <div id=\"calendar\"><\/div>\n      <\/section>\n\n\n\n<p class=\"has-text-align-right text-uppercase has-cyan-bluish-gray-color has-text-color\" style=\"font-size:11px\">* Raspored je slo\u017een za dva mjeseca unaprijed.<\/p>\n\n\n\n<div style=\"height:50px\" aria-hidden=\"true\" class=\"wp-block-spacer\"><\/div>\n","protected":false},"excerpt":{"rendered":"<p>Uvodna radionica u temu mjeseca online yoge je prvu subotu u mjesecu. Redovni sati jutarnje yoge odra\u017eavaju se ponedjeljkom i<\/p>\n","protected":false},"author":1,"featured_media":0,"parent":0,"menu_order":0,"comment_status":"closed","ping_status":"closed","template":"","meta":{"_sitemap_exclude":false,"_sitemap_priority":"","_sitemap_frequency":"","footnotes":""},"class_list":["post-10257","page","type-page","status-publish","hentry"],"_links":{"self":[{"href":"https:\/\/tena.yoga\/bs\/wp-json\/wp\/v2\/pages\/10257","targetHints":{"allow":["GET"]}}],"collection":[{"href":"https:\/\/tena.yoga\/bs\/wp-json\/wp\/v2\/pages"}],"about":[{"href":"https:\/\/tena.yoga\/bs\/wp-json\/wp\/v2\/types\/page"}],"author":[{"embeddable":true,"href":"https:\/\/tena.yoga\/bs\/wp-json\/wp\/v2\/users\/1"}],"replies":[{"embeddable":true,"href":"https:\/\/tena.yoga\/bs\/wp-json\/wp\/v2\/comments?post=10257"}],"version-history":[{"count":5,"href":"https:\/\/tena.yoga\/bs\/wp-json\/wp\/v2\/pages\/10257\/revisions"}],"predecessor-version":[{"id":16774,"href":"https:\/\/tena.yoga\/bs\/wp-json\/wp\/v2\/pages\/10257\/revisions\/16774"}],"wp:attachment":[{"href":"https:\/\/tena.yoga\/bs\/wp-json\/wp\/v2\/media?parent=10257"}],"curies":[{"name":"wp","href":"https:\/\/api.w.org\/{rel}","templated":true}]}}