{"id":10192,"date":"2021-12-19T18:36:11","date_gmt":"2021-12-19T17:36:11","guid":{"rendered":"https:\/\/tena.yoga\/pridruzi-se\/"},"modified":"2026-03-23T16:59:36","modified_gmt":"2026-03-23T15:59:36","slug":"pridruzi-se","status":"publish","type":"page","link":"https:\/\/tena.yoga\/bs\/pridruzi-se\/","title":{"rendered":"Pridru\u017ei se"},"content":{"rendered":"\n<div class=\"wp-block-columns is-layout-flex wp-container-core-columns-is-layout-28f84493 wp-block-columns-is-layout-flex\">\n<div class=\"wp-block-column is-layout-flow wp-block-column-is-layout-flow\" style=\"flex-basis:10%\"><\/div>\n\n\n\n<div class=\"wp-block-column is-layout-flow wp-block-column-is-layout-flow\" style=\"flex-basis:80%\">\n<div style=\"height:20px\" aria-hidden=\"true\" class=\"wp-block-spacer\"><\/div>\n\n\n\n<p>Za upis na online yogu ispuni\u00a0upisnicu\u00a0te podmiri \u010dlanarinu. Javit \u0107u ti se\u00a0da se upoznamo i porazgovaramo o praksi, tvojem dosada\u0161njem iskustvu, potrebama, namjeri i motivaciji za yogu i meditaciju.<\/p>\n\n\n\n<p>Temu mjeseca prona\u0111i na stranici <a href=\"https:\/\/tena.yoga\/online-yoga\/godisnji-program-online-yoge\/\" data-type=\"link\" data-id=\"https:\/\/tena.yoga\/online-yoga\/godisnji-program-online-yoge\/\">Godi\u0161nji plan rada<\/a>, a informacije o programu na stranici <a href=\"https:\/\/tena.yoga\/online-yoga\/\" data-type=\"page\" data-id=\"10\">online yoga<\/a>. <br\/>Za sudjelovanje na online satima u\u017eivo potrebno je prethodno preuzeti <a href=\"https:\/\/zoom.us\/download\" data-type=\"link\" data-id=\"https:\/\/zoom.us\/download\" target=\"_blank\" rel=\"noreferrer noopener\">Zoom aplikaciju<\/a>.<\/p>\n\n\n\n<blockquote class=\"wp-block-quote is-layout-flow wp-block-quote-is-layout-flow\">\n<p>Pridru\u017ei se bilo kad neovisno o dosada\u0161njem iskustvu i prakticiraj originalnu, tehni\u010dki jasnu, zabavnu, rasplesanu, terapijsku, <em>mindful<\/em> yogu.<\/p>\n<\/blockquote>\n<\/div>\n\n\n\n<div class=\"wp-block-column is-layout-flow wp-block-column-is-layout-flow\" style=\"flex-basis:10%\"><\/div>\n<\/div>\n\n<div style=\"height:10px\" aria-hidden=\"true\" class=\"wp-block-spacer\"><\/div>\n\n<div class=\"wp-block-button aligncenter is-style-outline\"><a class=\"btn-clanstvo wp-block-button__link\" href=\"#\" data-toggle=\"modal\" data-subject=\"Online yoga\" data-target=\"#postModalclanstvo\">UPISNICA<\/a><\/div>\n\n<div style=\"height:20px\" aria-hidden=\"true\" class=\"wp-block-spacer\"><\/div>\n","protected":false},"excerpt":{"rendered":"<p>Za upis na online yogu ispuni\u00a0upisnicu\u00a0te podmiri \u010dlanarinu. Javit \u0107u ti se\u00a0da se upoznamo i porazgovaramo o praksi, tvojem dosada\u0161njem<\/p>\n","protected":false},"author":1,"featured_media":0,"parent":0,"menu_order":0,"comment_status":"closed","ping_status":"closed","template":"","meta":{"_sitemap_exclude":false,"_sitemap_priority":"","_sitemap_frequency":"","footnotes":""},"class_list":["post-10192","page","type-page","status-publish","hentry"],"_links":{"self":[{"href":"https:\/\/tena.yoga\/bs\/wp-json\/wp\/v2\/pages\/10192","targetHints":{"allow":["GET"]}}],"collection":[{"href":"https:\/\/tena.yoga\/bs\/wp-json\/wp\/v2\/pages"}],"about":[{"href":"https:\/\/tena.yoga\/bs\/wp-json\/wp\/v2\/types\/page"}],"author":[{"embeddable":true,"href":"https:\/\/tena.yoga\/bs\/wp-json\/wp\/v2\/users\/1"}],"replies":[{"embeddable":true,"href":"https:\/\/tena.yoga\/bs\/wp-json\/wp\/v2\/comments?post=10192"}],"version-history":[{"count":2,"href":"https:\/\/tena.yoga\/bs\/wp-json\/wp\/v2\/pages\/10192\/revisions"}],"predecessor-version":[{"id":15350,"href":"https:\/\/tena.yoga\/bs\/wp-json\/wp\/v2\/pages\/10192\/revisions\/15350"}],"wp:attachment":[{"href":"https:\/\/tena.yoga\/bs\/wp-json\/wp\/v2\/media?parent=10192"}],"curies":[{"name":"wp","href":"https:\/\/api.w.org\/{rel}","templated":true}]}}